{"id":4346,"date":"2026-02-08T20:14:34","date_gmt":"2026-02-08T19:14:34","guid":{"rendered":"https:\/\/schubart-gymnasium.eu\/?page_id=4346"},"modified":"2026-02-08T20:14:35","modified_gmt":"2026-02-08T19:14:35","slug":"potenzialtest-2026","status":"publish","type":"page","link":"https:\/\/schubart-gymnasium.eu\/index.php\/potenzialtest-2026\/","title":{"rendered":"Potenzialtest 2026"},"content":{"rendered":"\n<p>Das Anmeldeformular f\u00fcr die Teilnahme am Potenzialtest wird \u00fcber die Grundschule zur Verf\u00fcgung gestellt. Mit diesem Formular k\u00f6nnen Die Sch\u00fclerinnen und Sch\u00fcler vom 7. bis zum 11. Februar 2026 am Schubart-Gymnasium angemeldet werden. Das Anmeldeformular muss das Dienstsiegel der Grundschule tragen.<\/p>\n\n\n\n<p>Die Anmeldung kann in einem Briefumschlag in den Briefkasten am Haupteingang unserer Schule eingeworfen oder pers\u00f6nlich von Montag bis Mittwoch zwischen 8:00 und 14:00 Uhr im Sekretariat abgegeben werden.<\/p>\n\n\n\n<p>Der Potenzialtest dauert 60 Minuten und startet landesweit einheitlich um 09:00 Uhr. Er findet an folgenden Terminen statt:<\/p>\n\n\n\n<ul class=\"wp-block-list\">\n<li><strong>Haupttermin: Dienstag, 24. Februar 2026<\/strong><\/li>\n\n\n\n<li><strong>Nachtermin: Dienstag, 3. M\u00e4rz 2026<\/strong><\/li>\n<\/ul>\n\n\n\n<p>Um den Grundsch\u00fclerinnen und -sch\u00fclern ein m\u00f6glichst entspanntes Ankommen an der Schule zu erm\u00f6glichen, sollten sie bereits gegen 08:30 Uhr am Schubart-Gymnasium ankommen.&nbsp;<\/p>\n\n\n\n<p>Voraussichtlich gegen 10:20 Uhr k\u00f6nnen die Kinder wieder abgeholt werden. Bis dahin k\u00f6nnen die begleitenden Eltern sich gerne in unserem Sch\u00fclercaf\u00e9 aufhalten.<\/p>\n\n\n\n<p>Wird ohne wichtigen Grund nicht am Haupttermin des Potenzialtests teilgenommen, kann kein Nachtermin in Anspruch&nbsp;genommen werden.&nbsp;<\/p>\n\n\n\n<p>Als wichtiger Grund gilt insbesondere eine krankheitsbedingte Pr\u00fcfungsbeeintr\u00e4chtigung. In diesem Fall legen Sie bitte ein \u00e4rztlichen Zeugnis vor, das eine konkrete Beschreibung dieser Beeintr\u00e4chtigung beinhaltet.<\/p>\n\n\n\n<p>Sollte ein Kind mit wichtigem Grund, also z.B. krankheitsbedingt nicht am Haupttermin teilnehmen k\u00f6nnen, ist die Teilnahme am Nachtermin vorgesehen.&nbsp;<\/p>\n\n\n\n<p>Sollte auch der Nachtermin nicht wahrnehmen genommen werden (k\u00f6nnen), wird es keinen \u201eNach-Nach-Termin\u201c geben. In diesem Fall kann der Zugang zum Gymnasium \u00fcber den Potenzialtest nicht erreicht werden.<\/p>\n\n\n\n<p>Sollte ein Kind Anspruch auf einen Nachteilsausgleich haben, &nbsp;muss dies \u00fcber das Anmeldeformular im Vorfeld von der Grundschule bescheinigt&nbsp;und vor Beginn des Potenzialtests vorgelegt werden.<\/p>\n\n\n\n<p>Hinweise zur Verwendung eines W\u00f6rterbuchs:<\/p>\n\n\n\n<p>Die Regelungen zum zweisprachigen W\u00f6rterbuch gelten ab der Ver\u00f6ffentlichung der Sprachbildungsverordnung&nbsp;vom 1. Dezember 2025 bei neuzugewanderten Sch\u00fclerinnen und Sch\u00fclern in den ersten f\u00fcnf Jahren nach erstmaligem Eintritt in das deutsche Schulsystem. Ein zweisprachiges W\u00f6rterbuch darf in diesem Fall verwendet werden.<\/p>\n","protected":false},"excerpt":{"rendered":"<p>Das Anmeldeformular f\u00fcr die Teilnahme am Potenzialtest wird \u00fcber die Grundschule zur Verf\u00fcgung gestellt. Mit diesem Formular k\u00f6nnen Die Sch\u00fclerinnen und Sch\u00fcler vom 7. bis zum 11. Februar 2026 am Schubart-Gymnasium angemeldet werden. Das Anmeldeformular muss das Dienstsiegel der Grundschule tragen. Die Anmeldung kann in einem Briefumschlag in den Briefkasten am Haupteingang unserer Schule eingeworfen [&hellip;]<\/p>\n","protected":false},"author":1,"featured_media":0,"parent":0,"menu_order":0,"comment_status":"closed","ping_status":"closed","template":"","meta":{"footnotes":""},"class_list":["post-4346","page","type-page","status-publish","hentry"],"_links":{"self":[{"href":"https:\/\/schubart-gymnasium.eu\/index.php\/wp-json\/wp\/v2\/pages\/4346","targetHints":{"allow":["GET"]}}],"collection":[{"href":"https:\/\/schubart-gymnasium.eu\/index.php\/wp-json\/wp\/v2\/pages"}],"about":[{"href":"https:\/\/schubart-gymnasium.eu\/index.php\/wp-json\/wp\/v2\/types\/page"}],"author":[{"embeddable":true,"href":"https:\/\/schubart-gymnasium.eu\/index.php\/wp-json\/wp\/v2\/users\/1"}],"replies":[{"embeddable":true,"href":"https:\/\/schubart-gymnasium.eu\/index.php\/wp-json\/wp\/v2\/comments?post=4346"}],"version-history":[{"count":1,"href":"https:\/\/schubart-gymnasium.eu\/index.php\/wp-json\/wp\/v2\/pages\/4346\/revisions"}],"predecessor-version":[{"id":4347,"href":"https:\/\/schubart-gymnasium.eu\/index.php\/wp-json\/wp\/v2\/pages\/4346\/revisions\/4347"}],"wp:attachment":[{"href":"https:\/\/schubart-gymnasium.eu\/index.php\/wp-json\/wp\/v2\/media?parent=4346"}],"curies":[{"name":"wp","href":"https:\/\/api.w.org\/{rel}","templated":true}]}}