{"id":4202,"date":"2025-12-15T08:58:27","date_gmt":"2025-12-15T07:58:27","guid":{"rendered":"https:\/\/schubart-gymnasium.eu\/?page_id=4202"},"modified":"2026-01-21T09:32:41","modified_gmt":"2026-01-21T08:32:41","slug":"theater-ag-2","status":"publish","type":"page","link":"https:\/\/schubart-gymnasium.eu\/index.php\/startseite\/angebote\/ags\/theater-ag-2\/","title":{"rendered":"Theater-AG"},"content":{"rendered":"\n<div class=\"wp-block-columns is-layout-flex wp-container-core-columns-is-layout-9d6595d7 wp-block-columns-is-layout-flex\">\n<div class=\"wp-block-column is-layout-flow wp-block-column-is-layout-flow\" style=\"flex-basis:75%\">\n<p>\u201e<em>Alle K\u00fcnste (also auch das Theater) tragen bei zur gr\u00f6\u00dften aller K\u00fcnste, der Lebenskunst.\u201c<\/em><\/p>\n\n\n\n<p><em>Bertolt Brecht<\/em><\/p>\n\n\n\n<p><strong>Warum \u00fcberhaupt Theater spielen?<\/strong><\/p>\n\n\n\n<p>Das Theater ist ebenso vielf\u00e4ltig, bunt und experimentierfreudig, wie es die Menschen selbst sind. Die Theater-AG am SGU versteht sich als kreativer (Frei-)Raum <strong>f\u00fcr Sch\u00fcler*innen ab Klasse 5 bis JS2<\/strong>, in dem Spielfreude, kreative Ausdrucksformen und die Entdeckung der eigenen sch\u00f6pferischen M\u00f6glichkeiten im Mittelpunkt stehen sollen. Neben K\u00f6rperarbeit, szenischem Spiel, Tanz, Pantomime, Schattentheater, Improvisation, die spielerisch in kleinen Warm-Ups erprobt werden, steht im Mittelpunkt die Erarbeitung eines gemeinsamen St\u00fcckes, an dem die Sch\u00fcler*innen gestaltend durch eigene Schreibprodukte, den Bau des B\u00fchnenbildes, Maske(n) und Kost\u00fcmen mitwirken. Im Fokus steht dabei nicht der Einzelne, sondern das Ensemble als Ganzes, weshalb Teamgeist, Offenheit und gegenseitige Wertsch\u00e4tzung zentral f\u00fcr gelingende Theaterarbeit sind. Wer also Lust hat, sich auf eine spannende Reise zu begeben, auf der man sich selbst meist ganz neu entdecken kann, ist herzlich eingeladen, dem Ensemble beizutreten.<\/p>\n\n\n\n<p><strong>Wann?<\/strong><\/p>\n\n\n\n<p><strong>Mittwochs: 8.\/9. Stunde (Klasse 5-9), 10.\/11. Stunde (Klasse 10-JS2)<\/strong><\/p>\n\n\n\n<p><strong>Wo?<\/strong><\/p>\n\n\n\n<p><strong>Raum 135<\/strong><\/p>\n\n\n\n<p><strong>Wer?<\/strong><\/p>\n\n\n\n<p><strong>Frau Egghart<\/strong><\/p>\n\n\n\n<p><strong>Laufende Projekte:<\/strong><\/p>\n\n\n\n<p>Unter-\/Mittelstufe: \u201eDer kleine Prinz\u201c (Antoine de Saint-Exup\u00e9ry)<\/p>\n\n\n\n<p>Oberstufe: Collage aus geschriebenen Texten von Sch\u00fcler*innen zu Themen wie: Identit\u00e4t, Angst, Liebe, Zukunft, Erwartungsdruck, Mut<\/p>\n\n\n\n<div class=\"wp-block-columns is-layout-flex wp-container-core-columns-is-layout-9d6595d7 wp-block-columns-is-layout-flex\">\n<div class=\"wp-block-column is-layout-flow wp-block-column-is-layout-flow\">\n<figure class=\"wp-block-image size-large\"><img loading=\"lazy\" decoding=\"async\" width=\"724\" height=\"1024\" src=\"https:\/\/schubart-gymnasium.eu\/wp-content\/uploads\/2025\/12\/Sartre-flyer-001-724x1024.jpg\" alt=\"Theater AG Flyer Geschlossene Gesellschaft von Sartre\" class=\"wp-image-4203\" srcset=\"https:\/\/schubart-gymnasium.eu\/wp-content\/uploads\/2025\/12\/Sartre-flyer-001-724x1024.jpg 724w, https:\/\/schubart-gymnasium.eu\/wp-content\/uploads\/2025\/12\/Sartre-flyer-001-212x300.jpg 212w, https:\/\/schubart-gymnasium.eu\/wp-content\/uploads\/2025\/12\/Sartre-flyer-001-768x1087.jpg 768w, https:\/\/schubart-gymnasium.eu\/wp-content\/uploads\/2025\/12\/Sartre-flyer-001-1085x1536.jpg 1085w, https:\/\/schubart-gymnasium.eu\/wp-content\/uploads\/2025\/12\/Sartre-flyer-001.jpg 1190w\" sizes=\"auto, (max-width: 724px) 100vw, 724px\" \/><\/figure>\n<\/div>\n\n\n\n<div class=\"wp-block-column is-layout-flow wp-block-column-is-layout-flow\">\n<figure class=\"wp-block-image size-large\"><img loading=\"lazy\" decoding=\"async\" width=\"728\" height=\"1024\" src=\"https:\/\/schubart-gymnasium.eu\/wp-content\/uploads\/2025\/12\/Besuch-dAD-Poster-3-001-728x1024.jpg\" alt=\"Theater AG Flyer Der Besuch der alten Dame\" class=\"wp-image-4204\" srcset=\"https:\/\/schubart-gymnasium.eu\/wp-content\/uploads\/2025\/12\/Besuch-dAD-Poster-3-001-728x1024.jpg 728w, https:\/\/schubart-gymnasium.eu\/wp-content\/uploads\/2025\/12\/Besuch-dAD-Poster-3-001-213x300.jpg 213w, https:\/\/schubart-gymnasium.eu\/wp-content\/uploads\/2025\/12\/Besuch-dAD-Poster-3-001-768x1080.jpg 768w, https:\/\/schubart-gymnasium.eu\/wp-content\/uploads\/2025\/12\/Besuch-dAD-Poster-3-001-1093x1536.jpg 1093w, https:\/\/schubart-gymnasium.eu\/wp-content\/uploads\/2025\/12\/Besuch-dAD-Poster-3-001-1457x2048.jpg 1457w, https:\/\/schubart-gymnasium.eu\/wp-content\/uploads\/2025\/12\/Besuch-dAD-Poster-3-001.jpg 1718w\" sizes=\"auto, (max-width: 728px) 100vw, 728px\" \/><\/figure>\n<\/div>\n<\/div>\n<\/div>\n\n\n\n<div class=\"wp-block-column is-layout-flow wp-block-column-is-layout-flow\" style=\"flex-basis:25%\">\n<figure data-wp-context=\"{&quot;imageId&quot;:&quot;69e2bbbba57f3&quot;}\" data-wp-interactive=\"core\/image\" data-wp-key=\"69e2bbbba57f3\" class=\"wp-block-image size-large wp-lightbox-container\"><img loading=\"lazy\" decoding=\"async\" width=\"724\" height=\"1024\" data-wp-class--hide=\"state.isContentHidden\" data-wp-class--show=\"state.isContentVisible\" data-wp-init=\"callbacks.setButtonStyles\" data-wp-on--click=\"actions.showLightbox\" data-wp-on--load=\"callbacks.setButtonStyles\" data-wp-on-window--resize=\"callbacks.setButtonStyles\" src=\"https:\/\/schubart-gymnasium.eu\/wp-content\/uploads\/2026\/01\/IMG_4285-scaled-724x1024.jpeg\" alt=\"Theater-AG\" class=\"wp-image-4304\" srcset=\"https:\/\/schubart-gymnasium.eu\/wp-content\/uploads\/2026\/01\/IMG_4285-scaled-724x1024.jpeg 724w, https:\/\/schubart-gymnasium.eu\/wp-content\/uploads\/2026\/01\/IMG_4285-scaled-212x300.jpeg 212w, https:\/\/schubart-gymnasium.eu\/wp-content\/uploads\/2026\/01\/IMG_4285-768x1086.jpeg 768w, https:\/\/schubart-gymnasium.eu\/wp-content\/uploads\/2026\/01\/IMG_4285-scaled-1086x1536.jpeg 1086w, https:\/\/schubart-gymnasium.eu\/wp-content\/uploads\/2026\/01\/IMG_4285-scaled-1448x2048.jpeg 1448w, https:\/\/schubart-gymnasium.eu\/wp-content\/uploads\/2026\/01\/IMG_4285-scaled.jpeg 1810w\" sizes=\"auto, (max-width: 724px) 100vw, 724px\" \/><button\n\t\t\tclass=\"lightbox-trigger\"\n\t\t\ttype=\"button\"\n\t\t\taria-haspopup=\"dialog\"\n\t\t\taria-label=\"Vergr\u00f6\u00dfern\"\n\t\t\tdata-wp-init=\"callbacks.initTriggerButton\"\n\t\t\tdata-wp-on--click=\"actions.showLightbox\"\n\t\t\tdata-wp-style--right=\"state.imageButtonRight\"\n\t\t\tdata-wp-style--top=\"state.imageButtonTop\"\n\t\t>\n\t\t\t<svg xmlns=\"http:\/\/www.w3.org\/2000\/svg\" width=\"12\" height=\"12\" fill=\"none\" viewBox=\"0 0 12 12\">\n\t\t\t\t<path fill=\"#fff\" d=\"M2 0a2 2 0 0 0-2 2v2h1.5V2a.5.5 0 0 1 .5-.5h2V0H2Zm2 10.5H2a.5.5 0 0 1-.5-.5V8H0v2a2 2 0 0 0 2 2h2v-1.5ZM8 12v-1.5h2a.5.5 0 0 0 .5-.5V8H12v2a2 2 0 0 1-2 2H8Zm2-12a2 2 0 0 1 2 2v2h-1.5V2a.5.5 0 0 0-.5-.5H8V0h2Z\" \/>\n\t\t\t<\/svg>\n\t\t<\/button><\/figure>\n<\/div>\n<\/div>\n\n\n\n<p><\/p>\n","protected":false},"excerpt":{"rendered":"<p>\u201eAlle K\u00fcnste (also auch das Theater) tragen bei zur gr\u00f6\u00dften aller K\u00fcnste, der Lebenskunst.\u201c Bertolt Brecht Warum \u00fcberhaupt Theater spielen? Das Theater ist ebenso vielf\u00e4ltig, bunt und experimentierfreudig, wie es die Menschen selbst sind. Die Theater-AG am SGU versteht sich als kreativer (Frei-)Raum f\u00fcr Sch\u00fcler*innen ab Klasse 5 bis JS2, in dem Spielfreude, kreative Ausdrucksformen [&hellip;]<\/p>\n","protected":false},"author":1,"featured_media":0,"parent":238,"menu_order":0,"comment_status":"closed","ping_status":"closed","template":"","meta":{"footnotes":""},"class_list":["post-4202","page","type-page","status-publish","hentry"],"_links":{"self":[{"href":"https:\/\/schubart-gymnasium.eu\/index.php\/wp-json\/wp\/v2\/pages\/4202","targetHints":{"allow":["GET"]}}],"collection":[{"href":"https:\/\/schubart-gymnasium.eu\/index.php\/wp-json\/wp\/v2\/pages"}],"about":[{"href":"https:\/\/schubart-gymnasium.eu\/index.php\/wp-json\/wp\/v2\/types\/page"}],"author":[{"embeddable":true,"href":"https:\/\/schubart-gymnasium.eu\/index.php\/wp-json\/wp\/v2\/users\/1"}],"replies":[{"embeddable":true,"href":"https:\/\/schubart-gymnasium.eu\/index.php\/wp-json\/wp\/v2\/comments?post=4202"}],"version-history":[{"count":3,"href":"https:\/\/schubart-gymnasium.eu\/index.php\/wp-json\/wp\/v2\/pages\/4202\/revisions"}],"predecessor-version":[{"id":4317,"href":"https:\/\/schubart-gymnasium.eu\/index.php\/wp-json\/wp\/v2\/pages\/4202\/revisions\/4317"}],"up":[{"embeddable":true,"href":"https:\/\/schubart-gymnasium.eu\/index.php\/wp-json\/wp\/v2\/pages\/238"}],"wp:attachment":[{"href":"https:\/\/schubart-gymnasium.eu\/index.php\/wp-json\/wp\/v2\/media?parent=4202"}],"curies":[{"name":"wp","href":"https:\/\/api.w.org\/{rel}","templated":true}]}}