{"id":4154,"date":"2025-11-29T11:10:36","date_gmt":"2025-11-29T10:10:36","guid":{"rendered":"https:\/\/schubart-gymnasium.eu\/?page_id=4154"},"modified":"2026-01-21T09:28:00","modified_gmt":"2026-01-21T08:28:00","slug":"astronomie-ag-2","status":"publish","type":"page","link":"https:\/\/schubart-gymnasium.eu\/index.php\/startseite\/angebote\/ags\/astronomie-ag-2\/","title":{"rendered":"Astronomie-AG"},"content":{"rendered":"\n<div class=\"wp-block-columns is-layout-flex wp-container-core-columns-is-layout-9d6595d7 wp-block-columns-is-layout-flex\">\n<div class=\"wp-block-column is-layout-flow wp-block-column-is-layout-flow\" style=\"flex-basis:75%\">\n<p>Der Blick in den Himmel faszinierte die Menschen wohl schon immer. Wir k\u00f6nnen nur spekulieren, wie es ganz ganz fr\u00fcher war. Bei den Griechen und R\u00f6mern war der Himmel der Sitz der G\u00f6tter und die Namen vieler Sternbilder leiten sich aus dieser Zeit ab.<\/p>\n\n\n\n<p>In der Montag-Gruppe lernen wir die Sternbilder nach und nach kennen. In der Winterzeit wird es fr\u00fch dunkel und wir k\u00f6nnen am echten Himmel \u00fcberpr\u00fcfen, was wir tags\u00fcber in der AG gelernt haben. Immer wieder ist es erstaunlich, wie gro\u00df etwa der gro\u00dfe Wagen und die Cassiopeia in Wirklichkeit sind im Vergleich zu den kleinen Fotos aus dem Unterricht.<\/p>\n\n\n\n<p>In der Mittwoch-Gruppe geht es technisch zu. Zur Zeit werden eine \u00e4quatoriale Teleskop-Nachf\u00fchrung und ein Planetenmodell gebaut.<\/p>\n\n\n\n<p>Einige SGU-Sch\u00fcler arbeiten freitags im Sch\u00fclerforschungszentrum SFZ-Ulm an astronomischen Themen. Hier geht es um eine AllskyKamera mit einem Wolkenerkenner, einen remote-f\u00e4higen Verschluss des gro\u00dfen Kuppelteleskopes und eine Wettermessstation.<\/p>\n<\/div>\n\n\n\n<div class=\"wp-block-column is-layout-flow wp-block-column-is-layout-flow\" style=\"flex-basis:25%\">\n<figure data-wp-context=\"{&quot;imageId&quot;:&quot;69fc8c799ab4c&quot;}\" data-wp-interactive=\"core\/image\" data-wp-key=\"69fc8c799ab4c\" class=\"wp-block-image size-large wp-lightbox-container\"><img loading=\"lazy\" decoding=\"async\" width=\"724\" height=\"1024\" data-wp-class--hide=\"state.isContentHidden\" data-wp-class--show=\"state.isContentVisible\" data-wp-init=\"callbacks.setButtonStyles\" data-wp-on--click=\"actions.showLightbox\" data-wp-on--load=\"callbacks.setButtonStyles\" data-wp-on-window--resize=\"callbacks.setButtonStyles\" src=\"https:\/\/schubart-gymnasium.eu\/wp-content\/uploads\/2026\/01\/IMG_4283-scaled-724x1024.jpeg\" alt=\"Astronomie-AG\" class=\"wp-image-4287\" srcset=\"https:\/\/schubart-gymnasium.eu\/wp-content\/uploads\/2026\/01\/IMG_4283-scaled-724x1024.jpeg 724w, https:\/\/schubart-gymnasium.eu\/wp-content\/uploads\/2026\/01\/IMG_4283-scaled-212x300.jpeg 212w, https:\/\/schubart-gymnasium.eu\/wp-content\/uploads\/2026\/01\/IMG_4283-768x1086.jpeg 768w, https:\/\/schubart-gymnasium.eu\/wp-content\/uploads\/2026\/01\/IMG_4283-scaled-1086x1536.jpeg 1086w, https:\/\/schubart-gymnasium.eu\/wp-content\/uploads\/2026\/01\/IMG_4283-scaled-1448x2048.jpeg 1448w, https:\/\/schubart-gymnasium.eu\/wp-content\/uploads\/2026\/01\/IMG_4283-scaled.jpeg 1810w\" sizes=\"auto, (max-width: 724px) 100vw, 724px\" \/><button\n\t\t\tclass=\"lightbox-trigger\"\n\t\t\ttype=\"button\"\n\t\t\taria-haspopup=\"dialog\"\n\t\t\taria-label=\"Vergr\u00f6\u00dfern\"\n\t\t\tdata-wp-init=\"callbacks.initTriggerButton\"\n\t\t\tdata-wp-on--click=\"actions.showLightbox\"\n\t\t\tdata-wp-style--right=\"state.imageButtonRight\"\n\t\t\tdata-wp-style--top=\"state.imageButtonTop\"\n\t\t>\n\t\t\t<svg xmlns=\"http:\/\/www.w3.org\/2000\/svg\" width=\"12\" height=\"12\" fill=\"none\" viewBox=\"0 0 12 12\">\n\t\t\t\t<path fill=\"#fff\" d=\"M2 0a2 2 0 0 0-2 2v2h1.5V2a.5.5 0 0 1 .5-.5h2V0H2Zm2 10.5H2a.5.5 0 0 1-.5-.5V8H0v2a2 2 0 0 0 2 2h2v-1.5ZM8 12v-1.5h2a.5.5 0 0 0 .5-.5V8H12v2a2 2 0 0 1-2 2H8Zm2-12a2 2 0 0 1 2 2v2h-1.5V2a.5.5 0 0 0-.5-.5H8V0h2Z\" \/>\n\t\t\t<\/svg>\n\t\t<\/button><\/figure>\n<\/div>\n<\/div>\n","protected":false},"excerpt":{"rendered":"<p>Der Blick in den Himmel faszinierte die Menschen wohl schon immer. Wir k\u00f6nnen nur spekulieren, wie es ganz ganz fr\u00fcher war. Bei den Griechen und R\u00f6mern war der Himmel der Sitz der G\u00f6tter und die Namen vieler Sternbilder leiten sich aus dieser Zeit ab. In der Montag-Gruppe lernen wir die Sternbilder nach und nach kennen. [&hellip;]<\/p>\n","protected":false},"author":1,"featured_media":0,"parent":238,"menu_order":0,"comment_status":"closed","ping_status":"closed","template":"","meta":{"footnotes":""},"class_list":["post-4154","page","type-page","status-publish","hentry"],"_links":{"self":[{"href":"https:\/\/schubart-gymnasium.eu\/index.php\/wp-json\/wp\/v2\/pages\/4154","targetHints":{"allow":["GET"]}}],"collection":[{"href":"https:\/\/schubart-gymnasium.eu\/index.php\/wp-json\/wp\/v2\/pages"}],"about":[{"href":"https:\/\/schubart-gymnasium.eu\/index.php\/wp-json\/wp\/v2\/types\/page"}],"author":[{"embeddable":true,"href":"https:\/\/schubart-gymnasium.eu\/index.php\/wp-json\/wp\/v2\/users\/1"}],"replies":[{"embeddable":true,"href":"https:\/\/schubart-gymnasium.eu\/index.php\/wp-json\/wp\/v2\/comments?post=4154"}],"version-history":[{"count":4,"href":"https:\/\/schubart-gymnasium.eu\/index.php\/wp-json\/wp\/v2\/pages\/4154\/revisions"}],"predecessor-version":[{"id":4307,"href":"https:\/\/schubart-gymnasium.eu\/index.php\/wp-json\/wp\/v2\/pages\/4154\/revisions\/4307"}],"up":[{"embeddable":true,"href":"https:\/\/schubart-gymnasium.eu\/index.php\/wp-json\/wp\/v2\/pages\/238"}],"wp:attachment":[{"href":"https:\/\/schubart-gymnasium.eu\/index.php\/wp-json\/wp\/v2\/media?parent=4154"}],"curies":[{"name":"wp","href":"https:\/\/api.w.org\/{rel}","templated":true}]}}