{"id":3754,"date":"2025-07-09T08:43:36","date_gmt":"2025-07-09T06:43:36","guid":{"rendered":"https:\/\/schubart-gymnasium.eu\/?page_id=3754"},"modified":"2025-12-03T13:47:55","modified_gmt":"2025-12-03T12:47:55","slug":"klasse-5-informationen","status":"publish","type":"page","link":"https:\/\/schubart-gymnasium.eu\/index.php\/klasse-5-informationen\/","title":{"rendered":"Wichtige Informationen und Downloads"},"content":{"rendered":"<style>#sp-ea-3929 .spcollapsing { height: 0; overflow: hidden; transition-property: height;transition-duration: 300ms;}#sp-ea-3929.sp-easy-accordion>.sp-ea-single {margin-bottom: 10px; border: 1px solid #e2e2e2; }#sp-ea-3929.sp-easy-accordion>.sp-ea-single>.ea-header a {color: #444;}#sp-ea-3929.sp-easy-accordion>.sp-ea-single>.sp-collapse>.ea-body {background: #fff; color: #444;}#sp-ea-3929.sp-easy-accordion>.sp-ea-single {background: #eee;}#sp-ea-3929.sp-easy-accordion>.sp-ea-single>.ea-header a .ea-expand-icon { float: left; color: #444;font-size: 16px;}<\/style><div id=\"sp_easy_accordion-1759912383\"><div id=\"sp-ea-3929\" class=\"sp-ea-one sp-easy-accordion\" data-ea-active=\"ea-click\" data-ea-mode=\"vertical\" data-preloader=\"\" data-scroll-active-item=\"\" data-offset-to-scroll=\"0\"><div class=\"ea-card ea-expand sp-ea-single\"><h3 class=\"ea-header\"><a class=\"collapsed\" id=\"ea-header-39290\" role=\"button\" data-sptoggle=\"spcollapse\" data-sptarget=\"#collapse39290\" aria-controls=\"collapse39290\" href=\"#\" aria-expanded=\"true\" tabindex=\"0\"><i aria-hidden=\"true\" role=\"presentation\" class=\"ea-expand-icon eap-icon-ea-expand-minus\"><\/i> Allgemein<\/a><\/h3><div class=\"sp-collapse spcollapse collapsed show\" id=\"collapse39290\" data-parent=\"#sp-ea-3929\" role=\"region\" aria-labelledby=\"ea-header-39290\"> <div class=\"ea-body\"><p><\/p><ul class=\"wp-block-list\"><\/ul><ul><li><a href=\"https:\/\/schubart-gymnasium.eu\/wp-content\/uploads\/2025\/09\/2._Informationen_zum_Schulleben-fuer-2025-26.pdf\" target=\"_blank\" rel=\"noopener\">Informationen zum Schulleben<\/a><\/li><li><a href=\"https:\/\/schubart-gymnasium.eu\/wp-content\/uploads\/2025\/07\/Hausordnung.pdf\" target=\"_blank\" rel=\"noopener\">Hausordnung<\/a><\/li><li><a href=\"https:\/\/schubart-gymnasium.eu\/wp-content\/uploads\/2025\/07\/Aufsichts-und-Pausenregelung.pdf\" target=\"_blank\" rel=\"noopener\">Aufsichts- und Pausenregelung<\/a><\/li><li><a href=\"https:\/\/schubart-gymnasium.eu\/wp-content\/uploads\/2025\/07\/Pausen-Aussenbereiche.pdf\" target=\"_blank\" rel=\"noopener\">Pausen-Au\u00dfenbereiche<\/a><\/li><li><a href=\"https:\/\/schubart-gymnasium.eu\/wp-content\/uploads\/2025\/07\/Schul-und-radwegeplan.pdf\" target=\"_blank\" rel=\"noopener\">Schul- und Radwegeplan<\/a><\/li><li><a href=\"https:\/\/schubart-gymnasium.eu\/wp-content\/uploads\/2025\/07\/Informationen-des-Sekretariats.pdf\" target=\"_blank\" rel=\"noopener\">Informationen des Sekretariats<\/a><\/li><li><a href=\"https:\/\/schubart-gymnasium.eu\/wp-content\/uploads\/2025\/07\/Entschuldigungsregelung-ab-2.5.25.pdf\" target=\"_blank\" rel=\"noopener\">Entschuldigungsregelung<\/a><\/li><li><a href=\"https:\/\/schubart-gymnasium.eu\/index.php\/beurlaubungsverfahren\/\" target=\"_blank\" rel=\"noopener\">Beurlaubungsverfahren<\/a><\/li><li><a href=\"https:\/\/schubart-gymnasium.eu\/wp-content\/uploads\/2025\/04\/Elternbrief-Schuelermonatskarten-SJ-2025-2026.pdf\" target=\"_blank\" rel=\"noopener\">Informationen zur Sch\u00fclerbef\u00f6rderung \u2013 Stand: 21.01.2025<\/a><\/li><li><a href=\"https:\/\/www.astradirect.de\" target=\"_blank\" rel=\"noopener\">Schlie\u00dff\u00e4cher: AstraDirect<\/a><\/li><li><a href=\"https:\/\/sgu.ulm.schule\/wp-content\/uploads\/2021\/08\/2019-01-17_Datenschutzerklaerung-bei-Schulanmeldungen.pdf\" target=\"_blank\" rel=\"noopener\">Informationen zur Datenverarbeitung bei Schulanmeldung<\/a><\/li><li><a href=\"https:\/\/schubart-gymnasium.eu\/wp-content\/uploads\/2025\/02\/Einwilligung-EU-DSGVO.pdf\" target=\"_blank\" rel=\"noopener\">Einwilligung EU-DSGVO<\/a><\/li><li>Einwilligungen IServ<ul><li><a href=\"https:\/\/schubart-gymnasium.eu\/wp-content\/uploads\/2025\/11\/IServ-Einwilligung-der-SchuelerIn-in-die-Benutzerordnung-fuer-die-Nutzung-von-IServ-am-Schubart.pdf\" target=\"_blank\" rel=\"noopener\">IServ Einwilligung Sch\u00fclerinnen und Sch\u00fcler<\/a><\/li><li><a href=\"https:\/\/schubart-gymnasium.eu\/wp-content\/uploads\/2025\/11\/IServ-Einwilligung-der-Eltern-in-die-Benutzerordnung-fuer-die-Nutzung-von-IServ-am-Schubart.pdf\" target=\"_blank\" rel=\"noopener\">IServ Einwilligung Eltern<\/a><\/li><li><a href=\"https:\/\/schubart-gymnasium.eu\/wp-content\/uploads\/2025\/11\/IServ_Einwilligung_DSGVO_Video.pdf\" target=\"_blank\" rel=\"noopener\">IServ Einwilligung DSGVO Video<\/a><\/li><\/ul><\/li><li><a href=\"https:\/\/schubart-gymnasium.eu\/wp-content\/uploads\/2023\/09\/UKBW_Infoblatt_Schuelerinnen_und_Schueler_2023.pdf\" target=\"_blank\" rel=\"noopener\">Infoblatt der Unfallkasse f\u00fcr Sch\u00fclerinnen und Sch\u00fcler<\/a><\/li><li><a href=\"https:\/\/schubart-gymnasium.eu\/wp-content\/uploads\/2024\/09\/Antrag-auf-Wechsel-von-Religion-zu-Ethik_Vorlage.pdf\" target=\"_blank\" rel=\"noopener\">Antrag auf Wechsel von Religion zu Ethik<\/a><\/li><li><a href=\"https:\/\/schubart-gymnasium.eu\/wp-content\/uploads\/2023\/09\/Aufnahmeantrag-2023-ab-Kl.6.pdf\" target=\"_blank\" rel=\"noopener\">Aufnahmeantrag ab Klasse 6<\/a><\/li><li><a href=\"https:\/\/schubart-gymnasium.eu\/wp-content\/uploads\/2025\/11\/Abmeldung-vom-SGU.pdf\" target=\"_blank\" rel=\"noopener\">Abmeldung vom SGU<\/a><\/li><li><a href=\"https:\/\/schubart-gymnasium.eu\/wp-content\/uploads\/2024\/10\/Schulkalender_25-26.pdf\" target=\"_blank\" rel=\"noopener\">Schulkalender SJ 2025\/26<\/a><\/li><li><a href=\"https:\/\/schubart-gymnasium.eu\/wp-content\/uploads\/2026\/01\/Schulkalender_26-27.pdf\" target=\"_blank\" rel=\"noopener\">Schulkalender SJ 2026\/27<\/a><\/li><\/ul><p><\/p><p><\/p><\/div><\/div><\/div><div class=\"ea-card sp-ea-single\"><h3 class=\"ea-header\"><a class=\"collapsed\" id=\"ea-header-39291\" role=\"button\" data-sptoggle=\"spcollapse\" data-sptarget=\"#collapse39291\" aria-controls=\"collapse39291\" href=\"#\" aria-expanded=\"false\" tabindex=\"0\"><i aria-hidden=\"true\" role=\"presentation\" class=\"ea-expand-icon eap-icon-ea-expand-plus\"><\/i> Mensa<\/a><\/h3><div class=\"sp-collapse spcollapse \" id=\"collapse39291\" data-parent=\"#sp-ea-3929\" role=\"region\" aria-labelledby=\"ea-header-39291\"> <div class=\"ea-body\"><p><\/p><ul><li><a href=\"https:\/\/schubart-gymnasium.eu\/wp-content\/uploads\/2026\/03\/2026_02_24_Schubart_GY_Elternschreiben_SJ_26_27.pdf\" target=\"_blank\" rel=\"noopener\">Informationen zur iNetMenue-Anmeldung<\/a><\/li><li><a href=\"https:\/\/schubartgym-ulm.inetmenue.de\/\" target=\"_blank\" rel=\"noopener\">Abholung neue iNetMenue-Chips: Nach Anmeldung zum iNetMenue k\u00f6nnen die Chips i.d.R. am Folgetag im Sekretariat abgeholt werden<\/a><\/li><li><a href=\"https:\/\/schubart-gymnasium.eu\/wp-content\/uploads\/2025\/07\/Informationen-zur-Mensa.pdf\" target=\"_blank\" rel=\"noopener\">Informationen zur Mensa<\/a><\/li><li><a href=\"https:\/\/schubart-gymnasium.eu\/wp-content\/uploads\/2024\/09\/2024.08.08-Elterninformationsschreiben-zur-Preiserhoehung-zum-SJ-24-25.pdf\" target=\"_blank\" rel=\"noopener\">Elterninformation zur Preiserh\u00f6hung zum SJ 24-25<\/a><\/li><li><a href=\"https:\/\/schubartgym-ulm.inetmenue.de\/\" target=\"_blank\" rel=\"noopener\">R\u00fcckgabe der alten WebMen\u00fc-Chips: bis zum 31.12.2025 im Sekretariat m\u00f6glich<\/a><\/li><li><a href=\"https:\/\/schubart-gymnasium.eu\/wp-content\/uploads\/2025\/09\/Snack_Angebot_Mensa_0925.pdf\" target=\"_blank\" rel=\"noopener\">Snack-Angebot der Mensa<\/a><\/li><\/ul><p><\/p><\/div><\/div><\/div><div class=\"ea-card sp-ea-single\"><h3 class=\"ea-header\"><a class=\"collapsed\" id=\"ea-header-39292\" role=\"button\" data-sptoggle=\"spcollapse\" data-sptarget=\"#collapse39292\" aria-controls=\"collapse39292\" href=\"#\" aria-expanded=\"false\" tabindex=\"0\"><i aria-hidden=\"true\" role=\"presentation\" class=\"ea-expand-icon eap-icon-ea-expand-plus\"><\/i> SGU digital<\/a><\/h3><div class=\"sp-collapse spcollapse \" id=\"collapse39292\" data-parent=\"#sp-ea-3929\" role=\"region\" aria-labelledby=\"ea-header-39292\"> <div class=\"ea-body\"><ul><li><a href=\"https:\/\/schubart-ulm.de\/\" target=\"_blank\" rel=\"noopener\">IServ<\/a><\/li><li><a href=\"https:\/\/borys.webuntis.com\/WebUntis\/?school=Schubart+Gym+Ulm#\/basic\/login\" target=\"_blank\" rel=\"noopener\">WebUntis<\/a><\/li><li><a href=\"https:\/\/moodle.schubart-ulm.de\/\" target=\"_blank\" rel=\"noopener\">Moodle<\/a><\/li><li><a href=\"https:\/\/schubart-gymnasium.eu\/index.php\/das-sgu-bei-instagram\/\" target=\"_blank\" rel=\"noopener\">Instagram<\/a><\/li><\/ul><\/div><\/div><\/div><\/div><\/div>\n","protected":false},"excerpt":{"rendered":"","protected":false},"author":1,"featured_media":0,"parent":0,"menu_order":0,"comment_status":"closed","ping_status":"closed","template":"","meta":{"footnotes":""},"class_list":["post-3754","page","type-page","status-publish","hentry"],"_links":{"self":[{"href":"https:\/\/schubart-gymnasium.eu\/index.php\/wp-json\/wp\/v2\/pages\/3754","targetHints":{"allow":["GET"]}}],"collection":[{"href":"https:\/\/schubart-gymnasium.eu\/index.php\/wp-json\/wp\/v2\/pages"}],"about":[{"href":"https:\/\/schubart-gymnasium.eu\/index.php\/wp-json\/wp\/v2\/types\/page"}],"author":[{"embeddable":true,"href":"https:\/\/schubart-gymnasium.eu\/index.php\/wp-json\/wp\/v2\/users\/1"}],"replies":[{"embeddable":true,"href":"https:\/\/schubart-gymnasium.eu\/index.php\/wp-json\/wp\/v2\/comments?post=3754"}],"version-history":[{"count":5,"href":"https:\/\/schubart-gymnasium.eu\/index.php\/wp-json\/wp\/v2\/pages\/3754\/revisions"}],"predecessor-version":[{"id":4177,"href":"https:\/\/schubart-gymnasium.eu\/index.php\/wp-json\/wp\/v2\/pages\/3754\/revisions\/4177"}],"wp:attachment":[{"href":"https:\/\/schubart-gymnasium.eu\/index.php\/wp-json\/wp\/v2\/media?parent=3754"}],"curies":[{"name":"wp","href":"https:\/\/api.w.org\/{rel}","templated":true}]}}