{"id":3688,"date":"2025-03-21T11:40:00","date_gmt":"2025-03-21T10:40:00","guid":{"rendered":"https:\/\/schubart-gymnasium.eu\/?page_id=3688"},"modified":"2025-10-07T11:52:34","modified_gmt":"2025-10-07T09:52:34","slug":"informationen-zum-entschuldigungsverfahren","status":"publish","type":"page","link":"https:\/\/schubart-gymnasium.eu\/index.php\/informationen-zum-entschuldigungsverfahren\/","title":{"rendered":"Informationen zum Entschuldigungsverfahren"},"content":{"rendered":"\n<h2 class=\"wp-block-heading\">Verhinderung der Teilnahme Schulbesuchsverordnung BW \u00a72<\/h2>\n\n\n\n<p>(1) Ist ein Sch\u00fcler aus zwingenden Gr\u00fcnden (z. B. Krankheit) am Schulbesuch nach \u00a7&nbsp;1 Absatz&nbsp;1 verhindert, ist dies der Schule unter Angabe des Grundes und der voraussichtlichen Dauer der Verhinderung <strong>unverz\u00fcglich<\/strong> mitzuteilen (Entschuldigungspflicht).<\/p>\n\n\n\n<p>Das Vorliegen des zwingenden Grundes ist bei begr\u00fcndeten Zweifeln auf Verlangen glaubhaft zu machen.<\/p>\n\n\n\n<p>Entschuldigungspflichtig sind f\u00fcr minderj\u00e4hrige Sch\u00fcler die Erziehungsberechtigten und diejenigen, denen Erziehung oder Pflege eines Kindes anvertraut ist, vollj\u00e4hrige Sch\u00fcler f\u00fcr sich selbst.<\/p>\n\n\n\n<p>Die Entschuldigungspflicht ist sp\u00e4testens <strong>am zweiten Tag<\/strong> der Verhinderung m\u00fcndlich, fernm\u00fcndlich, elektronisch oder schriftlich zu erf\u00fcllen. Im Falle elektronischer oder fernm\u00fcndlicher Verst\u00e4ndigung der Schule kann der oder die Entschuldigungspflichtige aufgefordert werden, unverz\u00fcglich eine schriftliche Mitteilung \u00fcber die Verhinderung nachzureichen.<\/p>\n\n\n\n<p><strong>Wir bevorzugen die Krankmeldung \u00fcber das Modul &#8222;Abwesenheiten&#8220; in IServ. <\/strong><\/p>\n\n\n\n<p>Voraussetzung ist ein Elternaccount und zugeordnete Kinder. Bei Problemen mit dem Elternaccount wenden Sie sich bitte an &#8222;support@schubart-ulm.de&#8220;. <\/p>\n\n\n\n<p><\/p>\n","protected":false},"excerpt":{"rendered":"<p>Verhinderung der Teilnahme Schulbesuchsverordnung BW \u00a72 (1) Ist ein Sch\u00fcler aus zwingenden Gr\u00fcnden (z. B. Krankheit) am Schulbesuch nach \u00a7&nbsp;1 Absatz&nbsp;1 verhindert, ist dies der Schule unter Angabe des Grundes und der voraussichtlichen Dauer der Verhinderung unverz\u00fcglich mitzuteilen (Entschuldigungspflicht). Das Vorliegen des zwingenden Grundes ist bei begr\u00fcndeten Zweifeln auf Verlangen glaubhaft zu machen. Entschuldigungspflichtig sind [&hellip;]<\/p>\n","protected":false},"author":1,"featured_media":0,"parent":0,"menu_order":0,"comment_status":"closed","ping_status":"closed","template":"","meta":{"footnotes":""},"class_list":["post-3688","page","type-page","status-publish","hentry"],"_links":{"self":[{"href":"https:\/\/schubart-gymnasium.eu\/index.php\/wp-json\/wp\/v2\/pages\/3688","targetHints":{"allow":["GET"]}}],"collection":[{"href":"https:\/\/schubart-gymnasium.eu\/index.php\/wp-json\/wp\/v2\/pages"}],"about":[{"href":"https:\/\/schubart-gymnasium.eu\/index.php\/wp-json\/wp\/v2\/types\/page"}],"author":[{"embeddable":true,"href":"https:\/\/schubart-gymnasium.eu\/index.php\/wp-json\/wp\/v2\/users\/1"}],"replies":[{"embeddable":true,"href":"https:\/\/schubart-gymnasium.eu\/index.php\/wp-json\/wp\/v2\/comments?post=3688"}],"version-history":[{"count":3,"href":"https:\/\/schubart-gymnasium.eu\/index.php\/wp-json\/wp\/v2\/pages\/3688\/revisions"}],"predecessor-version":[{"id":3915,"href":"https:\/\/schubart-gymnasium.eu\/index.php\/wp-json\/wp\/v2\/pages\/3688\/revisions\/3915"}],"wp:attachment":[{"href":"https:\/\/schubart-gymnasium.eu\/index.php\/wp-json\/wp\/v2\/media?parent=3688"}],"curies":[{"name":"wp","href":"https:\/\/api.w.org\/{rel}","templated":true}]}}