{"id":363,"date":"2020-02-12T14:46:42","date_gmt":"2020-02-12T13:46:42","guid":{"rendered":"http:\/\/10.22.21.125\/?page_id=363"},"modified":"2026-01-21T09:31:35","modified_gmt":"2026-01-21T08:31:35","slug":"gogreen-ag","status":"publish","type":"page","link":"https:\/\/schubart-gymnasium.eu\/index.php\/startseite\/angebote\/ags\/gogreen-ag\/","title":{"rendered":"GoGreen AG"},"content":{"rendered":"\n<div class=\"wp-block-columns is-layout-flex wp-container-core-columns-is-layout-9d6595d7 wp-block-columns-is-layout-flex\">\n<div class=\"wp-block-column is-layout-flow wp-block-column-is-layout-flow\" style=\"flex-basis:75%\">\n<h2 class=\"wp-block-heading\">Auf in den Botanischen Garten<\/h2>\n\n\n\n<p>Die Go Green AG macht sich auf den Weg zum n\u00e4chsten Teil des Projekts: wie versorgen wir die Pflanzen nun optimal? Am besten schauen wir erstmal was die Profis machen! Deshalb geht es ab in den Botanischen Garten in Ulm. Dort werden exotische Pflanzen in gro\u00dfem Stil ihren Bed\u00fcrfnissen gerecht gepflegt. Ob Regenwald oder ganz normale Zimmerpflanzen, hier wird mit modernster Technik jeder Lebensraum m\u00f6glich gemacht. So durften wir sowohl vor als auch hinter die Kulissen blicken. Wie schade, dass wir nicht einfach einen kompletten Keller in der Schule f\u00fcr Wassertanks belegen k\u00f6nnen wie dort! Auch wenn wir ein solches System nat\u00fcrlich nicht komplett \u00fcbernehmen k\u00f6nnen war der Aufenthalt sehr inspirierend. Vielen Dank an das gro\u00dfartige Team im Botanischen Garten f\u00fcr die tolle Betreuung! Wir kommen bestimmt wieder!<\/p>\n\n\n<div class=\"wp-block-image\">\n<figure class=\"aligncenter size-large\"><img loading=\"lazy\" decoding=\"async\" width=\"1024\" height=\"768\" src=\"https:\/\/sgu.ulm.schule\/wp-content\/uploads\/2021\/09\/GoGreen-AG-im-Botanischen-Garten_s-1024x768.jpg\" alt=\"\" class=\"wp-image-1612\" srcset=\"https:\/\/schubart-gymnasium.eu\/wp-content\/uploads\/2021\/09\/GoGreen-AG-im-Botanischen-Garten_s-1024x768.jpg 1024w, https:\/\/schubart-gymnasium.eu\/wp-content\/uploads\/2021\/09\/GoGreen-AG-im-Botanischen-Garten_s-300x225.jpg 300w, https:\/\/schubart-gymnasium.eu\/wp-content\/uploads\/2021\/09\/GoGreen-AG-im-Botanischen-Garten_s-768x576.jpg 768w, https:\/\/schubart-gymnasium.eu\/wp-content\/uploads\/2021\/09\/GoGreen-AG-im-Botanischen-Garten_s.jpg 1500w\" sizes=\"auto, (max-width: 1024px) 100vw, 1024px\" \/><\/figure>\n<\/div>\n\n\n<h2 class=\"wp-block-heading\">NASA-Pflanzen im Schubart-Gymnasium<\/h2>\n\n\n\n<p>Die GoGreen-AG begann ihre praktische Arbeit mit einer \nInternetrecherche: Die NASA stellte schon 1989 umfangreiche \nUntersuchungen an, welche Pflanzen in einer Raumstation zur Verbesserung\n der Luftqualit\u00e4t beitragen k\u00f6nnen. Das Ergebnis war \u00fcberraschend: Die \nNASA empfiehlt keine Exoten, sondern \u201eeinfache\u201c Pflanzen wie etwa die \nGr\u00fcnlilie, den Efeu oder Crysanthemen. Das Foto zeigt die Mitglieder der\n AG beim Auspflanzen kleiner Setzlinge, die in den Biologie-R\u00e4umen \nangezogen werden und sp\u00e4ter in einem Klassenzimmer aufgestellt werden.<br><br>\n\tDemn\u00e4chst werden wir mit professionellen Raumluftmessger\u00e4ten \nuntersuchen, ob sich die Luft in diesem Raum wirklich verbessert. Die \nGer\u00e4te werden uns von der Firma Systronik leihweise zur Verf\u00fcgung \ngestellt, vielen Dank daf\u00fcr.<\/p>\n\n\n\n<p>Inzwischen gingen von Eltern zahlreiche Pflanzenspenden ein, die in \neinem anderen Schulraum aufgestellt werden. Hier wird ebenfalls die \nRaumluft gemessen, so dass wir einen direkten Vergleich zwischen den \n\u201eNASA-Pflanzen\u201c und \u201enormalen\u201c Pflanzen haben.<\/p>\n\n\n<div class=\"wp-block-image is-style-default\">\n<figure class=\"aligncenter size-large\"><img loading=\"lazy\" decoding=\"async\" width=\"908\" height=\"1024\" src=\"https:\/\/sgu.ulm.schule\/wp-content\/uploads\/2021\/09\/affb79c3-a643-4b6b-b57a-baf9931f5b6d_0-908x1024.jpg\" alt=\"\" class=\"wp-image-1613\" srcset=\"https:\/\/schubart-gymnasium.eu\/wp-content\/uploads\/2021\/09\/affb79c3-a643-4b6b-b57a-baf9931f5b6d_0-908x1024.jpg 908w, https:\/\/schubart-gymnasium.eu\/wp-content\/uploads\/2021\/09\/affb79c3-a643-4b6b-b57a-baf9931f5b6d_0-266x300.jpg 266w, https:\/\/schubart-gymnasium.eu\/wp-content\/uploads\/2021\/09\/affb79c3-a643-4b6b-b57a-baf9931f5b6d_0-768x866.jpg 768w, https:\/\/schubart-gymnasium.eu\/wp-content\/uploads\/2021\/09\/affb79c3-a643-4b6b-b57a-baf9931f5b6d_0-1362x1536.jpg 1362w, https:\/\/schubart-gymnasium.eu\/wp-content\/uploads\/2021\/09\/affb79c3-a643-4b6b-b57a-baf9931f5b6d_0.jpg 1773w\" sizes=\"auto, (max-width: 908px) 100vw, 908px\" \/><\/figure>\n<\/div><\/div>\n\n\n\n<div class=\"wp-block-column is-layout-flow wp-block-column-is-layout-flow\" style=\"flex-basis:25%\">\n<figure data-wp-context=\"{&quot;imageId&quot;:&quot;69e2bb685edb8&quot;}\" data-wp-interactive=\"core\/image\" data-wp-key=\"69e2bb685edb8\" class=\"wp-block-image size-large wp-lightbox-container\"><img loading=\"lazy\" decoding=\"async\" width=\"712\" height=\"1024\" data-wp-class--hide=\"state.isContentHidden\" data-wp-class--show=\"state.isContentVisible\" data-wp-init=\"callbacks.setButtonStyles\" data-wp-on--click=\"actions.showLightbox\" data-wp-on--load=\"callbacks.setButtonStyles\" data-wp-on-window--resize=\"callbacks.setButtonStyles\" src=\"https:\/\/schubart-gymnasium.eu\/wp-content\/uploads\/2026\/01\/IMG_4288-712x1024.jpeg\" alt=\"GoGreen-AG\" class=\"wp-image-4295\" srcset=\"https:\/\/schubart-gymnasium.eu\/wp-content\/uploads\/2026\/01\/IMG_4288-712x1024.jpeg 712w, https:\/\/schubart-gymnasium.eu\/wp-content\/uploads\/2026\/01\/IMG_4288-208x300.jpeg 208w, https:\/\/schubart-gymnasium.eu\/wp-content\/uploads\/2026\/01\/IMG_4288-768x1105.jpeg 768w, https:\/\/schubart-gymnasium.eu\/wp-content\/uploads\/2026\/01\/IMG_4288-1067x1536.jpeg 1067w, https:\/\/schubart-gymnasium.eu\/wp-content\/uploads\/2026\/01\/IMG_4288-1423x2048.jpeg 1423w, https:\/\/schubart-gymnasium.eu\/wp-content\/uploads\/2026\/01\/IMG_4288.jpeg 1640w\" sizes=\"auto, (max-width: 712px) 100vw, 712px\" \/><button\n\t\t\tclass=\"lightbox-trigger\"\n\t\t\ttype=\"button\"\n\t\t\taria-haspopup=\"dialog\"\n\t\t\taria-label=\"Vergr\u00f6\u00dfern\"\n\t\t\tdata-wp-init=\"callbacks.initTriggerButton\"\n\t\t\tdata-wp-on--click=\"actions.showLightbox\"\n\t\t\tdata-wp-style--right=\"state.imageButtonRight\"\n\t\t\tdata-wp-style--top=\"state.imageButtonTop\"\n\t\t>\n\t\t\t<svg xmlns=\"http:\/\/www.w3.org\/2000\/svg\" width=\"12\" height=\"12\" fill=\"none\" viewBox=\"0 0 12 12\">\n\t\t\t\t<path fill=\"#fff\" d=\"M2 0a2 2 0 0 0-2 2v2h1.5V2a.5.5 0 0 1 .5-.5h2V0H2Zm2 10.5H2a.5.5 0 0 1-.5-.5V8H0v2a2 2 0 0 0 2 2h2v-1.5ZM8 12v-1.5h2a.5.5 0 0 0 .5-.5V8H12v2a2 2 0 0 1-2 2H8Zm2-12a2 2 0 0 1 2 2v2h-1.5V2a.5.5 0 0 0-.5-.5H8V0h2Z\" \/>\n\t\t\t<\/svg>\n\t\t<\/button><\/figure>\n<\/div>\n<\/div>\n","protected":false},"excerpt":{"rendered":"<p>Auf in den Botanischen Garten Die Go Green AG macht sich auf den Weg zum n\u00e4chsten Teil des Projekts: wie versorgen wir die Pflanzen nun optimal? Am besten schauen wir erstmal was die Profis machen! Deshalb geht es ab in den Botanischen Garten in Ulm. Dort werden exotische Pflanzen in gro\u00dfem Stil ihren Bed\u00fcrfnissen gerecht [&hellip;]<\/p>\n","protected":false},"author":1,"featured_media":0,"parent":238,"menu_order":0,"comment_status":"closed","ping_status":"closed","template":"","meta":{"footnotes":""},"class_list":["post-363","page","type-page","status-publish","hentry"],"_links":{"self":[{"href":"https:\/\/schubart-gymnasium.eu\/index.php\/wp-json\/wp\/v2\/pages\/363","targetHints":{"allow":["GET"]}}],"collection":[{"href":"https:\/\/schubart-gymnasium.eu\/index.php\/wp-json\/wp\/v2\/pages"}],"about":[{"href":"https:\/\/schubart-gymnasium.eu\/index.php\/wp-json\/wp\/v2\/types\/page"}],"author":[{"embeddable":true,"href":"https:\/\/schubart-gymnasium.eu\/index.php\/wp-json\/wp\/v2\/users\/1"}],"replies":[{"embeddable":true,"href":"https:\/\/schubart-gymnasium.eu\/index.php\/wp-json\/wp\/v2\/comments?post=363"}],"version-history":[{"count":5,"href":"https:\/\/schubart-gymnasium.eu\/index.php\/wp-json\/wp\/v2\/pages\/363\/revisions"}],"predecessor-version":[{"id":4313,"href":"https:\/\/schubart-gymnasium.eu\/index.php\/wp-json\/wp\/v2\/pages\/363\/revisions\/4313"}],"up":[{"embeddable":true,"href":"https:\/\/schubart-gymnasium.eu\/index.php\/wp-json\/wp\/v2\/pages\/238"}],"wp:attachment":[{"href":"https:\/\/schubart-gymnasium.eu\/index.php\/wp-json\/wp\/v2\/media?parent=363"}],"curies":[{"name":"wp","href":"https:\/\/api.w.org\/{rel}","templated":true}]}}