{"id":3493,"date":"2024-11-13T08:08:53","date_gmt":"2024-11-13T07:08:53","guid":{"rendered":"https:\/\/schubart-gymnasium.eu\/?page_id=3493"},"modified":"2026-01-26T09:01:48","modified_gmt":"2026-01-26T08:01:48","slug":"astronomische-fuehrungen-am-schubart-gymnasium","status":"publish","type":"page","link":"https:\/\/schubart-gymnasium.eu\/index.php\/astronomische-fuehrungen-am-schubart-gymnasium\/","title":{"rendered":"Astronomische F\u00fchrungen am Schubart-Gymnasium"},"content":{"rendered":"\n<p>Der Abend wird in Zusammenarbeit mit der Astronomischen Arbeitsgruppe Ulm (AAU) veranstaltet und&nbsp;beginnt mit einem kurzen Vortrag zu einem astronomischen Thema. Im Anschluss zeigen wir Ihnen die Ausstattung der Schule, angefangen von einem Jugend-forscht-Beitrag (Goto-Teleskop) \u00fcber ein Smart-Teleskop bis hin zum gro\u00dfen Spiegelteleskop in der Kuppel. Dabei erfahren Sie einige Details aus der astronomischen Praxis und bei guten Wetterverh\u00e4ltnissen besteht die M\u00f6glichkeit, mit unserem Instrumentarium interessante Objekte am Sternenhimmel zu beobachten.<\/p>\n\n\n\n<p>Die Veranstaltung findet bei jedem Wetter statt. Absagen sind allerdings bei Krankheitsf\u00e4llen oder aus anderen wichtigen Anl\u00e4ssen m\u00f6glich. In diesem Fall werden Sie sp\u00e4testens am Nachmittag des Beobachtungstages per Email informiert.<\/p>\n\n\n\n<p class=\"has-vivid-red-color has-text-color has-link-color wp-elements-a3bf18b135634d9398c943907837d697\"><strong>Wir nutzen inzwischen den gro\u00dfen Musiksaal der Schule f\u00fcr die Vortr\u00e4ge, sodass keine Anmeldung mehr notwendig ist.<\/strong><\/p>\n\n\n\n<h3 class=\"wp-block-heading\"><strong>F\u00fchrungstermine und Themen der Vortr\u00e4ge (jeweils 19:00 \u2013 ca. 21:30 Uhr, \u00c4nderungen vorbehalten)<\/strong><\/h3>\n\n\n\n<ul class=\"wp-block-list\">\n<li>30. Januar 2026: <strong>Prof. Dr. Marti:<\/strong> <strong>Satellitenteleskope<\/strong><\/li>\n\n\n\n<li>27. Februar 2026: <strong>Dr. Sebastian Daemgen:<\/strong> <strong>Was macht eigentlich ein Berufsastronom?<\/strong><\/li>\n\n\n\n<li>20. M\u00e4rz 2026:&nbsp;<strong>Stefan Str\u00f6bele:<\/strong> <strong>Die Europ\u00e4ische S\u00fcdsternwarte ESO und das ELT (Extremely Large Telescope)<\/strong><\/li>\n\n\n\n<li>17. April 2026:&nbsp;<strong>Robert Pudlo:<\/strong> <strong>Eine Sternwarte in Namibia<\/strong><\/li>\n<\/ul>\n\n\n\n<p>Sollten Sie eine Frage haben, so k\u00f6nnen Sie sich gerne bei <a href=\"mailto:g.daeges@schubart-ulm.de\"><strong>Herrn D\u00e4ges<\/strong><\/a> melden.<\/p>\n\n\n\n<p><\/p>\n\n\n\n<p><\/p>\n","protected":false},"excerpt":{"rendered":"<p>Der Abend wird in Zusammenarbeit mit der Astronomischen Arbeitsgruppe Ulm (AAU) veranstaltet und&nbsp;beginnt mit einem kurzen Vortrag zu einem astronomischen Thema. Im Anschluss zeigen wir Ihnen die Ausstattung der Schule, angefangen von einem Jugend-forscht-Beitrag (Goto-Teleskop) \u00fcber ein Smart-Teleskop bis hin zum gro\u00dfen Spiegelteleskop in der Kuppel. Dabei erfahren Sie einige Details aus der astronomischen Praxis [&hellip;]<\/p>\n","protected":false},"author":1,"featured_media":0,"parent":0,"menu_order":0,"comment_status":"closed","ping_status":"closed","template":"","meta":{"footnotes":""},"class_list":["post-3493","page","type-page","status-publish","hentry"],"_links":{"self":[{"href":"https:\/\/schubart-gymnasium.eu\/index.php\/wp-json\/wp\/v2\/pages\/3493","targetHints":{"allow":["GET"]}}],"collection":[{"href":"https:\/\/schubart-gymnasium.eu\/index.php\/wp-json\/wp\/v2\/pages"}],"about":[{"href":"https:\/\/schubart-gymnasium.eu\/index.php\/wp-json\/wp\/v2\/types\/page"}],"author":[{"embeddable":true,"href":"https:\/\/schubart-gymnasium.eu\/index.php\/wp-json\/wp\/v2\/users\/1"}],"replies":[{"embeddable":true,"href":"https:\/\/schubart-gymnasium.eu\/index.php\/wp-json\/wp\/v2\/comments?post=3493"}],"version-history":[{"count":18,"href":"https:\/\/schubart-gymnasium.eu\/index.php\/wp-json\/wp\/v2\/pages\/3493\/revisions"}],"predecessor-version":[{"id":4322,"href":"https:\/\/schubart-gymnasium.eu\/index.php\/wp-json\/wp\/v2\/pages\/3493\/revisions\/4322"}],"wp:attachment":[{"href":"https:\/\/schubart-gymnasium.eu\/index.php\/wp-json\/wp\/v2\/media?parent=3493"}],"curies":[{"name":"wp","href":"https:\/\/api.w.org\/{rel}","templated":true}]}}