{"id":3457,"date":"2024-10-23T08:09:03","date_gmt":"2024-10-23T06:09:03","guid":{"rendered":"https:\/\/schubart-gymnasium.eu\/?page_id=3457"},"modified":"2026-01-21T09:27:22","modified_gmt":"2026-01-21T08:27:22","slug":"acker-ag","status":"publish","type":"page","link":"https:\/\/schubart-gymnasium.eu\/index.php\/startseite\/angebote\/ags\/acker-ag\/","title":{"rendered":"Acker-AG"},"content":{"rendered":"\n<div class=\"wp-block-columns is-layout-flex wp-container-core-columns-is-layout-9d6595d7 wp-block-columns-is-layout-flex\">\n<div class=\"wp-block-column is-layout-flow wp-block-column-is-layout-flow\" style=\"flex-basis:75%\">\n<p>Die Acker-AG bewirtschaftet den schuleigenen Acker in der N\u00e4he von M\u00e4hringen.<\/p>\n\n\n\n<p>Gemeinsam k\u00fcmmern wir uns um Aussaat, Vorzucht, Pflanzung, Pflege und Ernte der Pflanzen. Obstb\u00e4ume werden geschnitten, Unkraut gej\u00e4tet und im Fr\u00fchling werden Himbeeren genossen.<\/p>\n\n\n\n<p>Du bist gerne drau\u00dfen und m\u00f6chtest hautnah erleben, wo unser Gem\u00fcse herkommt?<br>Dann schau vorbei!<\/p>\n\n\n\n<p>Herr Schuster und Herr Morath sind Deine Ansprechpartner.<\/p>\n<\/div>\n\n\n\n<div class=\"wp-block-column is-layout-flow wp-block-column-is-layout-flow\" style=\"flex-basis:25%\"><div class=\"wp-block-image\">\n<figure data-wp-context=\"{&quot;imageId&quot;:&quot;69fc8db64bf47&quot;}\" data-wp-interactive=\"core\/image\" data-wp-key=\"69fc8db64bf47\" class=\"aligncenter size-large wp-lightbox-container\"><img loading=\"lazy\" decoding=\"async\" width=\"712\" height=\"1024\" data-wp-class--hide=\"state.isContentHidden\" data-wp-class--show=\"state.isContentVisible\" data-wp-init=\"callbacks.setButtonStyles\" data-wp-on--click=\"actions.showLightbox\" data-wp-on--load=\"callbacks.setButtonStyles\" data-wp-on-window--resize=\"callbacks.setButtonStyles\" src=\"https:\/\/schubart-gymnasium.eu\/wp-content\/uploads\/2026\/01\/IMG_4284-712x1024.jpeg\" alt=\"Acker-AG\" class=\"wp-image-4284\" style=\"aspect-ratio:0.6952999877929688;object-fit:cover\" srcset=\"https:\/\/schubart-gymnasium.eu\/wp-content\/uploads\/2026\/01\/IMG_4284-712x1024.jpeg 712w, https:\/\/schubart-gymnasium.eu\/wp-content\/uploads\/2026\/01\/IMG_4284-208x300.jpeg 208w, https:\/\/schubart-gymnasium.eu\/wp-content\/uploads\/2026\/01\/IMG_4284-768x1105.jpeg 768w, https:\/\/schubart-gymnasium.eu\/wp-content\/uploads\/2026\/01\/IMG_4284-1067x1536.jpeg 1067w, https:\/\/schubart-gymnasium.eu\/wp-content\/uploads\/2026\/01\/IMG_4284-1423x2048.jpeg 1423w, https:\/\/schubart-gymnasium.eu\/wp-content\/uploads\/2026\/01\/IMG_4284.jpeg 1640w\" sizes=\"auto, (max-width: 712px) 100vw, 712px\" \/><button\n\t\t\tclass=\"lightbox-trigger\"\n\t\t\ttype=\"button\"\n\t\t\taria-haspopup=\"dialog\"\n\t\t\taria-label=\"Vergr\u00f6\u00dfern\"\n\t\t\tdata-wp-init=\"callbacks.initTriggerButton\"\n\t\t\tdata-wp-on--click=\"actions.showLightbox\"\n\t\t\tdata-wp-style--right=\"state.imageButtonRight\"\n\t\t\tdata-wp-style--top=\"state.imageButtonTop\"\n\t\t>\n\t\t\t<svg xmlns=\"http:\/\/www.w3.org\/2000\/svg\" width=\"12\" height=\"12\" fill=\"none\" viewBox=\"0 0 12 12\">\n\t\t\t\t<path fill=\"#fff\" d=\"M2 0a2 2 0 0 0-2 2v2h1.5V2a.5.5 0 0 1 .5-.5h2V0H2Zm2 10.5H2a.5.5 0 0 1-.5-.5V8H0v2a2 2 0 0 0 2 2h2v-1.5ZM8 12v-1.5h2a.5.5 0 0 0 .5-.5V8H12v2a2 2 0 0 1-2 2H8Zm2-12a2 2 0 0 1 2 2v2h-1.5V2a.5.5 0 0 0-.5-.5H8V0h2Z\" \/>\n\t\t\t<\/svg>\n\t\t<\/button><\/figure>\n<\/div><\/div>\n<\/div>\n\n\n\n<p><\/p>\n","protected":false},"excerpt":{"rendered":"<p>Die Acker-AG bewirtschaftet den schuleigenen Acker in der N\u00e4he von M\u00e4hringen. Gemeinsam k\u00fcmmern wir uns um Aussaat, Vorzucht, Pflanzung, Pflege und Ernte der Pflanzen. Obstb\u00e4ume werden geschnitten, Unkraut gej\u00e4tet und im Fr\u00fchling werden Himbeeren genossen. Du bist gerne drau\u00dfen und m\u00f6chtest hautnah erleben, wo unser Gem\u00fcse herkommt?Dann schau vorbei! Herr Schuster und Herr Morath sind [&hellip;]<\/p>\n","protected":false},"author":1,"featured_media":0,"parent":238,"menu_order":0,"comment_status":"closed","ping_status":"closed","template":"","meta":{"footnotes":""},"class_list":["post-3457","page","type-page","status-publish","hentry"],"_links":{"self":[{"href":"https:\/\/schubart-gymnasium.eu\/index.php\/wp-json\/wp\/v2\/pages\/3457","targetHints":{"allow":["GET"]}}],"collection":[{"href":"https:\/\/schubart-gymnasium.eu\/index.php\/wp-json\/wp\/v2\/pages"}],"about":[{"href":"https:\/\/schubart-gymnasium.eu\/index.php\/wp-json\/wp\/v2\/types\/page"}],"author":[{"embeddable":true,"href":"https:\/\/schubart-gymnasium.eu\/index.php\/wp-json\/wp\/v2\/users\/1"}],"replies":[{"embeddable":true,"href":"https:\/\/schubart-gymnasium.eu\/index.php\/wp-json\/wp\/v2\/comments?post=3457"}],"version-history":[{"count":10,"href":"https:\/\/schubart-gymnasium.eu\/index.php\/wp-json\/wp\/v2\/pages\/3457\/revisions"}],"predecessor-version":[{"id":4306,"href":"https:\/\/schubart-gymnasium.eu\/index.php\/wp-json\/wp\/v2\/pages\/3457\/revisions\/4306"}],"up":[{"embeddable":true,"href":"https:\/\/schubart-gymnasium.eu\/index.php\/wp-json\/wp\/v2\/pages\/238"}],"wp:attachment":[{"href":"https:\/\/schubart-gymnasium.eu\/index.php\/wp-json\/wp\/v2\/media?parent=3457"}],"curies":[{"name":"wp","href":"https:\/\/api.w.org\/{rel}","templated":true}]}}