{"id":341,"date":"2020-02-12T14:37:58","date_gmt":"2020-02-12T13:37:58","guid":{"rendered":"http:\/\/10.22.21.125\/?page_id=341"},"modified":"2026-01-21T09:32:27","modified_gmt":"2026-01-21T08:32:27","slug":"technik-ag","status":"publish","type":"page","link":"https:\/\/schubart-gymnasium.eu\/index.php\/startseite\/angebote\/ags\/technik-ag\/","title":{"rendered":"Technik-AG"},"content":{"rendered":"\n<div class=\"wp-block-columns is-layout-flex wp-container-core-columns-is-layout-9d6595d7 wp-block-columns-is-layout-flex\">\n<div class=\"wp-block-column is-layout-flow wp-block-column-is-layout-flow\" style=\"flex-basis:75%\">\n<p>Mit der Corona-Pandemie endete die Zeit der MFJA-AG (&#8222;M\u00e4dchen forschen &#8211; Jungs auch&#8220;). Wir konnten auf erlebnisreiche Jahre zur\u00fcckblicken mit vielen Sch\u00fclerinnen und Sch\u00fclern, sch\u00f6nen Projekten und zahlreichen Preisen beim Jugend forscht- und Sch\u00fcler experimentieren-Wettbewerb. Die AG war zeitweise so gro\u00df, dass wir in drei R\u00e4umen arbeiteten, betreut von zwei Lehrkr\u00e4ften und einigen \u00e4lteren Sch\u00fclerinenn und Sch\u00fclern. Ein besonderer H\u00f6hepunkt war, als wir mit einem vollbesetzten Reisebus zu einem mikromakro-Meeting in der Europa-Park nach Rust fuhren und die B\u00fchne f\u00fcllten, als wir einige unserer Projekte pr\u00e4sentieren durften.<\/p>\n\n\n\n<p>W\u00e4hrend der Pandemie bestand die AG aus sehr wenigen, aber hochmotovierten Sch\u00fclerinnen und Sch\u00fclern. Wir bauten die CO2-Sensoren selber, die in allen Klassenr\u00e4umen aufgeh\u00e4ngt wurden und pr\u00e4sentierten unsere Untersuchungen beim Jugend-forscht-Wettbewerb.<\/p>\n\n\n\n<p>Ab 2023 stand die Arbeit unter dem Motto &#8222;Wir machen die Schule gr\u00fcn&#8220;. Die &#8222;Sommerpflanzenretter&#8220; entwickelten ein System, mit dem die Pflanzen unseres Grow-Roomes die langen Sommerferien \u00fcberstehen konnten und wurden daf\u00fcr mit einem Regionalsieg beim Sch\u00fcler-experimentieren-Wettbewerb belohnt.<\/p>\n\n\n\n<p>Im Schuljahr 2025-26 gibt es eine Technik-AG f\u00fcr die Klassen 5 &#8211; 7, in der das Experimentieren und Konstruieren mit Lego-Mindstorms im Mittelpunkt steht. Eine kleine Gruppe k\u00fcmmert sich um Python-Programmierung an Raspberrys.<\/p>\n<\/div>\n\n\n\n<div class=\"wp-block-column is-layout-flow wp-block-column-is-layout-flow\" style=\"flex-basis:25%\">\n<figure data-wp-context=\"{&quot;imageId&quot;:&quot;69fc8e610a5c2&quot;}\" data-wp-interactive=\"core\/image\" data-wp-key=\"69fc8e610a5c2\" class=\"wp-block-image size-large wp-lightbox-container\"><img loading=\"lazy\" decoding=\"async\" width=\"712\" height=\"1024\" data-wp-class--hide=\"state.isContentHidden\" data-wp-class--show=\"state.isContentVisible\" data-wp-init=\"callbacks.setButtonStyles\" data-wp-on--click=\"actions.showLightbox\" data-wp-on--load=\"callbacks.setButtonStyles\" data-wp-on-window--resize=\"callbacks.setButtonStyles\" src=\"https:\/\/schubart-gymnasium.eu\/wp-content\/uploads\/2026\/01\/IMG_4286-712x1024.jpeg\" alt=\"Technik-AG\" class=\"wp-image-4300\" srcset=\"https:\/\/schubart-gymnasium.eu\/wp-content\/uploads\/2026\/01\/IMG_4286-712x1024.jpeg 712w, https:\/\/schubart-gymnasium.eu\/wp-content\/uploads\/2026\/01\/IMG_4286-208x300.jpeg 208w, https:\/\/schubart-gymnasium.eu\/wp-content\/uploads\/2026\/01\/IMG_4286-768x1105.jpeg 768w, https:\/\/schubart-gymnasium.eu\/wp-content\/uploads\/2026\/01\/IMG_4286-1067x1536.jpeg 1067w, https:\/\/schubart-gymnasium.eu\/wp-content\/uploads\/2026\/01\/IMG_4286-1423x2048.jpeg 1423w, https:\/\/schubart-gymnasium.eu\/wp-content\/uploads\/2026\/01\/IMG_4286.jpeg 1640w\" sizes=\"auto, (max-width: 712px) 100vw, 712px\" \/><button\n\t\t\tclass=\"lightbox-trigger\"\n\t\t\ttype=\"button\"\n\t\t\taria-haspopup=\"dialog\"\n\t\t\taria-label=\"Vergr\u00f6\u00dfern\"\n\t\t\tdata-wp-init=\"callbacks.initTriggerButton\"\n\t\t\tdata-wp-on--click=\"actions.showLightbox\"\n\t\t\tdata-wp-style--right=\"state.imageButtonRight\"\n\t\t\tdata-wp-style--top=\"state.imageButtonTop\"\n\t\t>\n\t\t\t<svg xmlns=\"http:\/\/www.w3.org\/2000\/svg\" width=\"12\" height=\"12\" fill=\"none\" viewBox=\"0 0 12 12\">\n\t\t\t\t<path fill=\"#fff\" d=\"M2 0a2 2 0 0 0-2 2v2h1.5V2a.5.5 0 0 1 .5-.5h2V0H2Zm2 10.5H2a.5.5 0 0 1-.5-.5V8H0v2a2 2 0 0 0 2 2h2v-1.5ZM8 12v-1.5h2a.5.5 0 0 0 .5-.5V8H12v2a2 2 0 0 1-2 2H8Zm2-12a2 2 0 0 1 2 2v2h-1.5V2a.5.5 0 0 0-.5-.5H8V0h2Z\" \/>\n\t\t\t<\/svg>\n\t\t<\/button><\/figure>\n\n\n\n<h3 class=\"wp-block-heading\">Artikel zur AG<\/h3>\n\n\n\n<div class=\"startseite-aktuelles-liste\"><div class=\"listing-item\"><a class=\"title\" href=\"https:\/\/schubart-gymnasium.eu\/index.php\/2021\/09\/01\/jugend-forscht-ergebnisse-2020\/\">Jugend forscht &#8211; Ergebnisse 2020<\/a><\/div><div class=\"listing-item\"><a class=\"title\" href=\"https:\/\/schubart-gymnasium.eu\/index.php\/2021\/09\/01\/schubart-schueler-sind-morgenmacher\/\">Schubart-Sch\u00fcler sind \u201eMorgenmacher\u201c<\/a><\/div><div class=\"listing-item\"><a class=\"title\" href=\"https:\/\/schubart-gymnasium.eu\/index.php\/2021\/09\/01\/jugend-forscht-beitraege\/\">Jugend-forscht-Beitr\u00e4ge<\/a><\/div><\/div>\n<\/div>\n<\/div>\n","protected":false},"excerpt":{"rendered":"<p>Mit der Corona-Pandemie endete die Zeit der MFJA-AG (&#8222;M\u00e4dchen forschen &#8211; Jungs auch&#8220;). Wir konnten auf erlebnisreiche Jahre zur\u00fcckblicken mit vielen Sch\u00fclerinnen und Sch\u00fclern, sch\u00f6nen Projekten und zahlreichen Preisen beim Jugend forscht- und Sch\u00fcler experimentieren-Wettbewerb. Die AG war zeitweise so gro\u00df, dass wir in drei R\u00e4umen arbeiteten, betreut von zwei Lehrkr\u00e4ften und einigen \u00e4lteren Sch\u00fclerinenn [&hellip;]<\/p>\n","protected":false},"author":1,"featured_media":0,"parent":238,"menu_order":0,"comment_status":"closed","ping_status":"closed","template":"","meta":{"footnotes":""},"class_list":["post-341","page","type-page","status-publish","hentry"],"_links":{"self":[{"href":"https:\/\/schubart-gymnasium.eu\/index.php\/wp-json\/wp\/v2\/pages\/341","targetHints":{"allow":["GET"]}}],"collection":[{"href":"https:\/\/schubart-gymnasium.eu\/index.php\/wp-json\/wp\/v2\/pages"}],"about":[{"href":"https:\/\/schubart-gymnasium.eu\/index.php\/wp-json\/wp\/v2\/types\/page"}],"author":[{"embeddable":true,"href":"https:\/\/schubart-gymnasium.eu\/index.php\/wp-json\/wp\/v2\/users\/1"}],"replies":[{"embeddable":true,"href":"https:\/\/schubart-gymnasium.eu\/index.php\/wp-json\/wp\/v2\/comments?post=341"}],"version-history":[{"count":15,"href":"https:\/\/schubart-gymnasium.eu\/index.php\/wp-json\/wp\/v2\/pages\/341\/revisions"}],"predecessor-version":[{"id":4316,"href":"https:\/\/schubart-gymnasium.eu\/index.php\/wp-json\/wp\/v2\/pages\/341\/revisions\/4316"}],"up":[{"embeddable":true,"href":"https:\/\/schubart-gymnasium.eu\/index.php\/wp-json\/wp\/v2\/pages\/238"}],"wp:attachment":[{"href":"https:\/\/schubart-gymnasium.eu\/index.php\/wp-json\/wp\/v2\/media?parent=341"}],"curies":[{"name":"wp","href":"https:\/\/api.w.org\/{rel}","templated":true}]}}