{"id":3339,"date":"2024-07-08T09:53:46","date_gmt":"2024-07-08T07:53:46","guid":{"rendered":"https:\/\/schubart-gymnasium.eu\/?page_id=3339"},"modified":"2024-07-08T09:53:47","modified_gmt":"2024-07-08T07:53:47","slug":"datenschutzerklaerung-2","status":"publish","type":"page","link":"https:\/\/schubart-gymnasium.eu\/index.php\/datenschutzerklaerung-2\/","title":{"rendered":"Datenschutzerkl\u00e4rung"},"content":{"rendered":"\n<h2 class=\"wp-block-heading\">1. Verantwortliche \/ Datenschutzbeauftragter<\/h2>\n\n\n\n<p>1.1 Verantwortliche gem. Art. 4 Abs. 7 der EU-Datenschutz-Grundverordnung (EU-DSGVO) ist Martina<br>Lutz, Schubart-Gymnasium Ulm, Innere Wallstra\u00dfe 30, 89077 Ulm (s. a. Impressum).<\/p>\n\n\n\n<p>1.2 Unsere Datenschutzbeauftragte, Frau Petra Pyschik, erreichen Sie<br>unter: <a href=\"mailto:petra.pyschik@rpt.bwl.de\">petra.pyschik@rpt.bwl.de<\/a><\/p>\n\n\n\n<h2 class=\"wp-block-heading\">2. Information \u00fcber die Erhebung personenbezogener Daten, Speicherdauer<\/h2>\n\n\n\n<p>Im Folgenden informieren wir \u00fcber die Erhebung personenbezogener Daten bei Nutzung unserer<br>Website. Personenbezogene Daten sind alle Daten, die auf Sie pers\u00f6nlich beziehbar sind, z. B. Name,<br>Adresse, E-Mail-Adressen, Nutzerverhalten.<\/p>\n\n\n\n<p>2.1 Bei Ihrer Kontaktaufnahme mit uns per E-Mail werden die von Ihnen mitgeteilten Daten (Ihre E-Mail-<br>Adresse, ggf. Ihr Name und Ihre Telefonnummer) von uns gespeichert, um Ihre Fragen zu beantworten.<br>Die in diesem Zusammenhang anfallenden Daten l\u00f6schen wir, nachdem die Speicherung nicht mehr<br>erforderlich ist oder schr\u00e4nken die Verarbeitung ein, falls gesetzliche Aufbewahrungspflichten bestehen.<\/p>\n\n\n\n<p>2.2 Falls wir f\u00fcr einzelne Funktionen unseres Angebots auf beauftragte Dienstleister zur\u00fcckgreifen oder<br>Ihre Daten f\u00fcr werbliche Zwecke nutzen m\u00f6chten, werden wir Sie untenstehend im Detail \u00fcber die<br>jeweiligen Vorg\u00e4nge informieren. Dabei nennen wir auch die festgelegten Kriterien der Speicherdauer.<\/p>\n\n\n\n<h2 class=\"wp-block-heading\">3. Ihre Rechte<\/h2>\n\n\n\n<p>3.1 Hinsichtlich der Sie betreffenden personenbezogenen Daten haben Sie gegen\u00fcber uns folgende<br>Rechte:<\/p>\n\n\n\n<p>Recht auf Auskunft,<\/p>\n\n\n\n<p>Recht auf Berichtigung oder L\u00f6schung,<\/p>\n\n\n\n<p>Recht auf Einschr\u00e4nkung der Verarbeitung,<\/p>\n\n\n\n<p>Recht auf Widerspruch gegen die Verarbeitung,<\/p>\n\n\n\n<p>Recht auf Daten\u00fcbertragbarkeit.<\/p>\n\n\n\n<p>3.2 Sie haben zudem das Recht, sich bei einer Datenschutz-Aufsichtsbeh\u00f6rde \u00fcber die Verarbeitung<br>Ihrer personenbezogenen Daten durch uns zu beschweren, z. B. beim Landesbeauftragten f\u00fcr<br>Datenschutz und Informationsfreiheit (LfDI), K\u00f6nigstrasse 10a, 70173 Stuttgart (<a href=\"http:\/\/www.baden- wuerttemberg.datenschutz.de\">www.baden-<br>wuerttemberg.datenschutz.de<\/a>).<\/p>\n\n\n\n<p>3.3 Werden personenbezogene Daten an ein Drittland oder an eine internationale Organisation<br>\u00fcbermittelt, so haben Sie das Recht, \u00fcber die geeigneten Garantien gem\u00e4\u00df Art. 46 EU-DSGVO im<br>Zusammenhang mit der \u00dcbermittlung unterrichtet zu werden<\/p>\n\n\n\n<h2 class=\"wp-block-heading\">4. Erhebung und Zweck personenbezogener Daten beim Besuch unserer Website<\/h2>\n\n\n\n<p>4.1 Bei der blo\u00df informatorischen Nutzung der Website, also wenn Sie sich nicht registrieren oder uns<br>anderweitig Informationen \u00fcbermitteln, werden nur die personenbezogenen Daten erhoben, die Ihr<br>Browser an unseren Server \u00fcbermittelt. Wenn Sie unsere Website betrachten m\u00f6chten, werden folgende<br>Daten erhoben, die technisch erforderlich sind, um Ihnen unsere Website anzeigen und die notwendige<br>Stabilit\u00e4t sowie Sicherheit gew\u00e4hrleisten zu k\u00f6nnen (Rechtsgrundlage ist Art. 6 Abs. 1 S. 1 lit. f EU-<br>DSGVO):<\/p>\n\n\n\n<p>IP-Adresse<\/p>\n\n\n\n<p>Datum und Uhrzeit der Anfrage<\/p>\n\n\n\n<p>Zeitzonendifferenz zur Greenwich Mean Time (GMT)<\/p>\n\n\n\n<p>Inhalt der Anforderung (konkrete Seite)<\/p>\n\n\n\n<p>Zugriffsstatus\/HTTP-Statuscode<\/p>\n\n\n\n<p>jeweils \u00fcbertragene Datenmenge<\/p>\n\n\n\n<p>Website, von der die Anforderung kommt<\/p>\n\n\n\n<p>Browser<\/p>\n\n\n\n<p>Betriebssystem und dessen Oberfl\u00e4che<\/p>\n\n\n\n<p>Sprache und Version der Browsersoftware.<\/p>\n\n\n\n<p>4.2 Zus\u00e4tzlich zu den zuvor genannten Daten werden bei Ihrer Nutzung unserer Website Cookies auf<br>Ihrem Rechner gespeichert. Bei Cookies handelt es sich um kleine Textdateien, die auf Ihrer Festplatte<br>dem von Ihnen verwendeten Browser zugeordnet gespeichert werden und durch welche der Stelle, die<br>den Cookie setzt (hier durch uns), bestimmte Informationen zuflie\u00dfen. Cookies k\u00f6nnen keine<br>Programme ausf\u00fchren oder Viren auf Ihren Computer \u00fcbertragen. Sie dienen dazu, das Internetangebot<br>insgesamt nutzerfreundlicher und effektiver zu machen.<\/p>\n\n\n\n<p>4.3 Einsatz von Cookies:<br>Diese Website nutzt zeitlich begrenzte (transiente) Cookies, deren Umfang und Funktionsweise im<br>Folgenden erl\u00e4utert wird:<\/p>\n\n\n\n<p>Transiente Cookies werden automatisiert gel\u00f6scht, wenn Sie den Browser schlie\u00dfen. Dazu z\u00e4hlen<br>insbesondere die Session-Cookies. Diese speichern eine sogenannte Session-ID, mit welcher sich<br>verschiedene Anfragen Ihres Browsers der gemeinsamen Sitzung zuordnen lassen. Dadurch kann Ihr<br>Rechner wiedererkannt werden, wenn Sie auf unsere Website zur\u00fcckkehren. Die Session-Cookies<br>werden gel\u00f6scht, wenn Sie sich ausloggen oder den Browser schlie\u00dfen.<\/p>\n\n\n\n<p>Sie k\u00f6nnen Ihre Browser-Einstellung entsprechend Ihren W\u00fcnschen konfigurieren und z. B. die<br>Annahme von Third-Party-Cookies oder allen Cookies ablehnen. Wir weisen Sie darauf hin, dass Sie<br>dann eventuell nicht alle Funktionen dieser Website nutzen k\u00f6nnen.<\/p>\n","protected":false},"excerpt":{"rendered":"<p>1. Verantwortliche \/ Datenschutzbeauftragter 1.1 Verantwortliche gem. Art. 4 Abs. 7 der EU-Datenschutz-Grundverordnung (EU-DSGVO) ist MartinaLutz, Schubart-Gymnasium Ulm, Innere Wallstra\u00dfe 30, 89077 Ulm (s. a. Impressum). 1.2 Unsere Datenschutzbeauftragte, Frau Petra Pyschik, erreichen Sieunter: petra.pyschik@rpt.bwl.de 2. Information \u00fcber die Erhebung personenbezogener Daten, Speicherdauer Im Folgenden informieren wir \u00fcber die Erhebung personenbezogener Daten bei Nutzung unsererWebsite. [&hellip;]<\/p>\n","protected":false},"author":1,"featured_media":0,"parent":0,"menu_order":0,"comment_status":"closed","ping_status":"closed","template":"","meta":{"footnotes":""},"class_list":["post-3339","page","type-page","status-publish","hentry"],"_links":{"self":[{"href":"https:\/\/schubart-gymnasium.eu\/index.php\/wp-json\/wp\/v2\/pages\/3339","targetHints":{"allow":["GET"]}}],"collection":[{"href":"https:\/\/schubart-gymnasium.eu\/index.php\/wp-json\/wp\/v2\/pages"}],"about":[{"href":"https:\/\/schubart-gymnasium.eu\/index.php\/wp-json\/wp\/v2\/types\/page"}],"author":[{"embeddable":true,"href":"https:\/\/schubart-gymnasium.eu\/index.php\/wp-json\/wp\/v2\/users\/1"}],"replies":[{"embeddable":true,"href":"https:\/\/schubart-gymnasium.eu\/index.php\/wp-json\/wp\/v2\/comments?post=3339"}],"version-history":[{"count":2,"href":"https:\/\/schubart-gymnasium.eu\/index.php\/wp-json\/wp\/v2\/pages\/3339\/revisions"}],"predecessor-version":[{"id":3341,"href":"https:\/\/schubart-gymnasium.eu\/index.php\/wp-json\/wp\/v2\/pages\/3339\/revisions\/3341"}],"wp:attachment":[{"href":"https:\/\/schubart-gymnasium.eu\/index.php\/wp-json\/wp\/v2\/media?parent=3339"}],"curies":[{"name":"wp","href":"https:\/\/api.w.org\/{rel}","templated":true}]}}