{"id":3313,"date":"2024-06-25T10:18:21","date_gmt":"2024-06-25T08:18:21","guid":{"rendered":"https:\/\/schubart-gymnasium.eu\/?page_id=3313"},"modified":"2024-07-03T11:53:00","modified_gmt":"2024-07-03T09:53:00","slug":"beurlaubungsverfahren","status":"publish","type":"page","link":"https:\/\/schubart-gymnasium.eu\/index.php\/beurlaubungsverfahren\/","title":{"rendered":"Beurlaubungsverfahren"},"content":{"rendered":"\n<div class=\"wp-block-columns is-layout-flex wp-container-core-columns-is-layout-9d6595d7 wp-block-columns-is-layout-flex\">\n<div class=\"wp-block-column is-layout-flow wp-block-column-is-layout-flow\" style=\"flex-basis:66.7%\">\n<p>Eine Beurlaubung ist nur in begr\u00fcndeten Ausnahmef\u00e4llen gem\u00e4\u00df der Schulbesuchsverordnung \u00a7 4 m\u00f6glich.<\/p>\n\n\n\n<p><strong>Urlaubsreisen sind kein Grund f\u00fcr eine Beurlaubung<\/strong>, auch nicht an sogenannten Br\u00fcckentagen oder direkt im Anschluss an Ferien.<\/p>\n\n\n\n<h3 class=\"wp-block-heading\">Entscheidungszust\u00e4ndigkeit:<\/h3>\n\n\n\n<ul class=\"wp-block-list\">\n<li>Eine Beurlaubung von <strong>bis zu zwei Tagen<\/strong> muss rechtzeitig (mindestens drei Tage vorher) pers\u00f6nlich bei der <strong>Klassenlehrkraft \/ Tutorenlehrkraft<\/strong> beantragt werden.<\/li>\n\n\n\n<li>Eine Beurlaubung von <strong>mehr als zwei Tagen<\/strong> und alle Beurlaubungen im <strong>direkten Anschluss an Ferien<\/strong> m\u00fcssen rechtzeitig (eine Woche vorher), begr\u00fcndet und pers\u00f6nlich bei der <strong>Schulleitung<\/strong> beantragt werden.<\/li>\n<\/ul>\n<\/div>\n\n\n\n<div class=\"wp-block-column is-layout-flow wp-block-column-is-layout-flow\" style=\"flex-basis:33.3%\">\n<h2 class=\"wp-block-heading\">Downloads<\/h2>\n\n\n\n<p><strong><a href=\"https:\/\/schubart-gymnasium.eu\/wp-content\/uploads\/2024\/07\/Antrag-auf-Beurlaubung_Vorlage.pdf\" target=\"_blank\" rel=\"noreferrer noopener\">Antrag auf Beurlaubung<\/a><\/strong><\/p>\n<\/div>\n<\/div>\n","protected":false},"excerpt":{"rendered":"<p>Eine Beurlaubung ist nur in begr\u00fcndeten Ausnahmef\u00e4llen gem\u00e4\u00df der Schulbesuchsverordnung \u00a7 4 m\u00f6glich. Urlaubsreisen sind kein Grund f\u00fcr eine Beurlaubung, auch nicht an sogenannten Br\u00fcckentagen oder direkt im Anschluss an Ferien. Entscheidungszust\u00e4ndigkeit: Downloads Antrag auf Beurlaubung<\/p>\n","protected":false},"author":1,"featured_media":0,"parent":0,"menu_order":0,"comment_status":"closed","ping_status":"closed","template":"","meta":{"footnotes":""},"class_list":["post-3313","page","type-page","status-publish","hentry"],"_links":{"self":[{"href":"https:\/\/schubart-gymnasium.eu\/index.php\/wp-json\/wp\/v2\/pages\/3313","targetHints":{"allow":["GET"]}}],"collection":[{"href":"https:\/\/schubart-gymnasium.eu\/index.php\/wp-json\/wp\/v2\/pages"}],"about":[{"href":"https:\/\/schubart-gymnasium.eu\/index.php\/wp-json\/wp\/v2\/types\/page"}],"author":[{"embeddable":true,"href":"https:\/\/schubart-gymnasium.eu\/index.php\/wp-json\/wp\/v2\/users\/1"}],"replies":[{"embeddable":true,"href":"https:\/\/schubart-gymnasium.eu\/index.php\/wp-json\/wp\/v2\/comments?post=3313"}],"version-history":[{"count":5,"href":"https:\/\/schubart-gymnasium.eu\/index.php\/wp-json\/wp\/v2\/pages\/3313\/revisions"}],"predecessor-version":[{"id":3333,"href":"https:\/\/schubart-gymnasium.eu\/index.php\/wp-json\/wp\/v2\/pages\/3313\/revisions\/3333"}],"wp:attachment":[{"href":"https:\/\/schubart-gymnasium.eu\/index.php\/wp-json\/wp\/v2\/media?parent=3313"}],"curies":[{"name":"wp","href":"https:\/\/api.w.org\/{rel}","templated":true}]}}