{"id":3283,"date":"2024-05-02T09:42:28","date_gmt":"2024-05-02T07:42:28","guid":{"rendered":"https:\/\/schubart-gymnasium.eu\/?page_id=3283"},"modified":"2024-05-02T09:42:29","modified_gmt":"2024-05-02T07:42:29","slug":"kreatives-schreiben","status":"publish","type":"page","link":"https:\/\/schubart-gymnasium.eu\/index.php\/startseite\/angebote\/ags\/kreatives-schreiben\/","title":{"rendered":"Kreatives Schreiben"},"content":{"rendered":"\n<p>Wer? <em>Sch\u00fcler:innen Klasse 5-7<\/em><\/p>\n\n\n\n<p>Wann? <em>mittwochs 8.\/9. Stunde<\/em><\/p>\n\n\n\n<p>Wo? <em>Raum 214<\/em><\/p>\n\n\n\n<p>Du denkst dir gerne Geschichten aus?<\/p>\n\n\n\n<p>Du schreibst gerne?<br>Du liest gerne und willst erfahren, wie Schriftsteller ihre B\u00fccher verfassen?<\/p>\n\n\n\n<p>&#8230; Dann komm in die AG <strong>Kreatives Schreiben!<\/strong><\/p>\n\n\n\n<p>Wir schreiben Geschichten und Gedichte. Die Themen bestimmen wir gemeinsam. Wir erproben Methoden wie Schreibspiele, Fantasiereisen, Assoziieren und Clustern. Dabei bleiben wir aber nicht nur im Klassen-zimmer, sondern gehen auch raus und sammeln drau\u00dfen Ideen f\u00fcr neue Geschichten. Au\u00dferdem \u00fcberlegen wir, wie man Spannung aufbauen kann oder eine interessante Figur erschafft. Wir erforschen, wie Romanautoren ihre Leser fesseln, lernen Regeln kennen und brechen und finden unsere eigene Sprache.<\/p>\n\n\n\n<p>Wann immer in der Schule etwas los ist, z. B. beim Herbstfest oder beim Adventsmarkt, pr\u00e4sentieren wir unsere Texte mit Lesungen vor Publikum.<\/p>\n","protected":false},"excerpt":{"rendered":"<p>Wer? Sch\u00fcler:innen Klasse 5-7 Wann? mittwochs 8.\/9. Stunde Wo? Raum 214 Du denkst dir gerne Geschichten aus? Du schreibst gerne?Du liest gerne und willst erfahren, wie Schriftsteller ihre B\u00fccher verfassen? &#8230; Dann komm in die AG Kreatives Schreiben! Wir schreiben Geschichten und Gedichte. Die Themen bestimmen wir gemeinsam. Wir erproben Methoden wie Schreibspiele, Fantasiereisen, Assoziieren [&hellip;]<\/p>\n","protected":false},"author":1,"featured_media":0,"parent":238,"menu_order":0,"comment_status":"closed","ping_status":"closed","template":"","meta":{"footnotes":""},"class_list":["post-3283","page","type-page","status-publish","hentry"],"_links":{"self":[{"href":"https:\/\/schubart-gymnasium.eu\/index.php\/wp-json\/wp\/v2\/pages\/3283","targetHints":{"allow":["GET"]}}],"collection":[{"href":"https:\/\/schubart-gymnasium.eu\/index.php\/wp-json\/wp\/v2\/pages"}],"about":[{"href":"https:\/\/schubart-gymnasium.eu\/index.php\/wp-json\/wp\/v2\/types\/page"}],"author":[{"embeddable":true,"href":"https:\/\/schubart-gymnasium.eu\/index.php\/wp-json\/wp\/v2\/users\/1"}],"replies":[{"embeddable":true,"href":"https:\/\/schubart-gymnasium.eu\/index.php\/wp-json\/wp\/v2\/comments?post=3283"}],"version-history":[{"count":1,"href":"https:\/\/schubart-gymnasium.eu\/index.php\/wp-json\/wp\/v2\/pages\/3283\/revisions"}],"predecessor-version":[{"id":3284,"href":"https:\/\/schubart-gymnasium.eu\/index.php\/wp-json\/wp\/v2\/pages\/3283\/revisions\/3284"}],"up":[{"embeddable":true,"href":"https:\/\/schubart-gymnasium.eu\/index.php\/wp-json\/wp\/v2\/pages\/238"}],"wp:attachment":[{"href":"https:\/\/schubart-gymnasium.eu\/index.php\/wp-json\/wp\/v2\/media?parent=3283"}],"curies":[{"name":"wp","href":"https:\/\/api.w.org\/{rel}","templated":true}]}}