{"id":304,"date":"2020-02-12T14:22:33","date_gmt":"2020-02-12T13:22:33","guid":{"rendered":"http:\/\/10.22.21.125\/?page_id=304"},"modified":"2026-01-21T09:32:11","modified_gmt":"2026-01-21T08:32:11","slug":"big-band","status":"publish","type":"page","link":"https:\/\/schubart-gymnasium.eu\/index.php\/startseite\/angebote\/ags\/big-band\/","title":{"rendered":"Musik AGs"},"content":{"rendered":"\n<div class=\"wp-block-columns is-layout-flex wp-container-core-columns-is-layout-9d6595d7 wp-block-columns-is-layout-flex\">\n<div class=\"wp-block-column is-layout-flow wp-block-column-is-layout-flow\" style=\"flex-basis:25%\"><\/div>\n\n\n\n<div class=\"wp-block-column is-layout-flow wp-block-column-is-layout-flow\" style=\"flex-basis:75%\">\n<figure class=\"wp-block-embed is-type-video is-provider-vimeo wp-block-embed-vimeo wp-embed-aspect-16-9 wp-has-aspect-ratio\"><div class=\"wp-block-embed__wrapper\">\n<iframe loading=\"lazy\" title=\"Musik AGs\" src=\"https:\/\/player.vimeo.com\/video\/513914164?dnt=1&amp;app_id=122963\" width=\"640\" height=\"360\" frameborder=\"0\" allow=\"autoplay; fullscreen; picture-in-picture; clipboard-write; encrypted-media; web-share\" referrerpolicy=\"strict-origin-when-cross-origin\"><\/iframe>\n<\/div><\/figure>\n<\/div>\n\n\n\n<div class=\"wp-block-column is-layout-flow wp-block-column-is-layout-flow\" style=\"flex-basis:25%\">\n<figure data-wp-context=\"{&quot;imageId&quot;:&quot;69e99dc0ccc7e&quot;}\" data-wp-interactive=\"core\/image\" data-wp-key=\"69e99dc0ccc7e\" class=\"wp-block-image size-large wp-lightbox-container\"><img loading=\"lazy\" decoding=\"async\" width=\"712\" height=\"1024\" data-wp-class--hide=\"state.isContentHidden\" data-wp-class--show=\"state.isContentVisible\" data-wp-init=\"callbacks.setButtonStyles\" data-wp-on--click=\"actions.showLightbox\" data-wp-on--load=\"callbacks.setButtonStyles\" data-wp-on-window--resize=\"callbacks.setButtonStyles\" src=\"https:\/\/schubart-gymnasium.eu\/wp-content\/uploads\/2026\/01\/IMG_4281-712x1024.jpeg\" alt=\"Musik-AGs\" class=\"wp-image-4297\" srcset=\"https:\/\/schubart-gymnasium.eu\/wp-content\/uploads\/2026\/01\/IMG_4281-712x1024.jpeg 712w, https:\/\/schubart-gymnasium.eu\/wp-content\/uploads\/2026\/01\/IMG_4281-208x300.jpeg 208w, https:\/\/schubart-gymnasium.eu\/wp-content\/uploads\/2026\/01\/IMG_4281-768x1105.jpeg 768w, https:\/\/schubart-gymnasium.eu\/wp-content\/uploads\/2026\/01\/IMG_4281-1067x1536.jpeg 1067w, https:\/\/schubart-gymnasium.eu\/wp-content\/uploads\/2026\/01\/IMG_4281-1423x2048.jpeg 1423w, https:\/\/schubart-gymnasium.eu\/wp-content\/uploads\/2026\/01\/IMG_4281.jpeg 1640w\" sizes=\"auto, (max-width: 712px) 100vw, 712px\" \/><button\n\t\t\tclass=\"lightbox-trigger\"\n\t\t\ttype=\"button\"\n\t\t\taria-haspopup=\"dialog\"\n\t\t\taria-label=\"Vergr\u00f6\u00dfern\"\n\t\t\tdata-wp-init=\"callbacks.initTriggerButton\"\n\t\t\tdata-wp-on--click=\"actions.showLightbox\"\n\t\t\tdata-wp-style--right=\"state.imageButtonRight\"\n\t\t\tdata-wp-style--top=\"state.imageButtonTop\"\n\t\t>\n\t\t\t<svg xmlns=\"http:\/\/www.w3.org\/2000\/svg\" width=\"12\" height=\"12\" fill=\"none\" viewBox=\"0 0 12 12\">\n\t\t\t\t<path fill=\"#fff\" d=\"M2 0a2 2 0 0 0-2 2v2h1.5V2a.5.5 0 0 1 .5-.5h2V0H2Zm2 10.5H2a.5.5 0 0 1-.5-.5V8H0v2a2 2 0 0 0 2 2h2v-1.5ZM8 12v-1.5h2a.5.5 0 0 0 .5-.5V8H12v2a2 2 0 0 1-2 2H8Zm2-12a2 2 0 0 1 2 2v2h-1.5V2a.5.5 0 0 0-.5-.5H8V0h2Z\" \/>\n\t\t\t<\/svg>\n\t\t<\/button><\/figure>\n\n\n\n<h3 class=\"wp-block-heading\" id=\"artikel-zur-ag\">Artikel zur AG<\/h3>\n\n\n\n<div class=\"startseite-aktuelles-liste\"><div class=\"listing-item\"><a class=\"title\" href=\"https:\/\/schubart-gymnasium.eu\/index.php\/2021\/09\/01\/jazz-more-collecitve-zu-gast-am-schubart-gymnasium\/\">&#8222;Jazz &#038; More Collecitve&#8220; zu Gast am Schubart-Gymnasium<\/a><\/div><div class=\"listing-item\"><a class=\"title\" href=\"https:\/\/schubart-gymnasium.eu\/index.php\/2021\/09\/01\/schubart-big-band-beim-schuelerjazzfestival-in-stuttgart\/\">Schubart Big-Band beim Sch\u00fclerjazzfestival in Stuttgart<\/a><\/div><div class=\"listing-item\"><a class=\"title\" href=\"https:\/\/schubart-gymnasium.eu\/index.php\/2021\/09\/01\/bigband-live\/\">BigBand Live<\/a><\/div><\/div>\n<\/div>\n<\/div>\n\n\n<style>#sp-ea-1606 .spcollapsing { height: 0; overflow: hidden; transition-property: height;transition-duration: 500ms;}#sp-ea-1606.sp-easy-accordion>.sp-ea-single {margin-bottom: 10px; border: 1px solid #e2e2e2; }#sp-ea-1606.sp-easy-accordion>.sp-ea-single>.ea-header a {color: #444;}#sp-ea-1606.sp-easy-accordion>.sp-ea-single>.sp-collapse>.ea-body {background: #fff; color: #444;}#sp-ea-1606.sp-easy-accordion>.sp-ea-single {background: #eee;}#sp-ea-1606.sp-easy-accordion>.sp-ea-single>.ea-header a .ea-expand-icon { float: left; color: #444;font-size: 16px;}<\/style><div id=\"sp_easy_accordion-1776917952\"><div id=\"sp-ea-1606\" class=\"sp-ea-one sp-easy-accordion\" data-ea-active=\"ea-click\" data-ea-mode=\"vertical\" data-preloader=\"\" data-scroll-active-item=\"\" data-offset-to-scroll=\"0\"><div class=\"ea-card sp-ea-single\"><h3 class=\"ea-header\"><a class=\"collapsed\" id=\"ea-header-16060\" role=\"button\" data-sptoggle=\"spcollapse\" data-sptarget=\"#collapse16060\" aria-controls=\"collapse16060\" href=\"#\" aria-expanded=\"false\" tabindex=\"0\"><i aria-hidden=\"true\" role=\"presentation\" class=\"ea-expand-icon eap-icon-ea-expand-plus\"><\/i> Nachwuchsorchester<\/a><\/h3><div class=\"sp-collapse spcollapse spcollapse\" id=\"collapse16060\" data-parent=\"#sp-ea-1606\" role=\"region\" aria-labelledby=\"ea-header-16060\"> <div class=\"ea-body\"><p class=\"wichtig\"><strong>Klasse 5 bis 7<\/strong><br \/><strong>Freitag, 12:05 bis 13:30 Uhr Raum 108m<br \/>Leitung: Herr Anger<\/strong><\/p><p>Im Nachwuchsorchester machen die Sch\u00fcler ihre erste Erfahrungen im orchestralen Zusammenspiel. Die Sch\u00fcler haben Spa\u00df am gemeinsamen Musizierien, lernen aber auch sich zu konzentrieren, sich der Gruppe unterzuordnen oder aber auch mal solistisch im Vordergrund zu stehen. Mitmachen kann jeder, der auf einem klassischen Orchesterinstrument Unterricht erh\u00e4lt. Kinder, die Klavier, Keyboard, Blockfl\u00f6te oder Gitarre spielen, k\u00f6nnen leider nicht mitmachen. Diese Instrumente werden im t\u00e4glichen Musikunterricht integriert.<\/p><p>Neben dem traditionellen Jahres- und Weihnachtskonzert kommt es zusammen mit dem Unterstufenchor in unregelm\u00e4\u00dfigen Abst\u00e4nden zu Musical-Auff\u00fchrungen, die gro\u00dfen Anklang finden. Zur Zeit sind ungef\u00e4hr 45 Sch\u00fcler im Nachwuchsorchester.<\/p><\/div><\/div><\/div><div class=\"ea-card sp-ea-single\"><h3 class=\"ea-header\"><a class=\"collapsed\" id=\"ea-header-16061\" role=\"button\" data-sptoggle=\"spcollapse\" data-sptarget=\"#collapse16061\" aria-controls=\"collapse16061\" href=\"#\" aria-expanded=\"false\" tabindex=\"0\"><i aria-hidden=\"true\" role=\"presentation\" class=\"ea-expand-icon eap-icon-ea-expand-plus\"><\/i> Gro\u00dfes Orchester<\/a><\/h3><div class=\"sp-collapse spcollapse spcollapse\" id=\"collapse16061\" data-parent=\"#sp-ea-1606\" role=\"region\" aria-labelledby=\"ea-header-16061\"> <div class=\"ea-body\"><p class=\"wichtig\"><strong>Klasse 8 bis JS2<\/strong><br \/><strong>Freitag, 13:30 bis 15:00 Uhr Raum 108m,<\/strong><br \/><strong>Leitung: Herr Anger<\/strong><\/p><p>Im Gro\u00dfen Orchester werden die Erfahrungen aus dem Nachwuchsorchester vertieft und verfeinert. Eine Auswahl der St\u00fccke zeigt die Breite des Repertoires: Gershwin: <em>An American in Paris<\/em>, Beethoven: <em>Finalsatz 5. Sinfonie<\/em>, C. Aguilera: <em>Beautiful<\/em>, F. Schubert: <em>\"Die Unvollendete\"<\/em>. Im Gro\u00dfen Orchester sind z. Zt. ungef\u00e4hr 65 Sch\u00fclerInnen.<\/p><p>Einmal im Jahr fahren Orchester, Chor und Big Band auf eine 4-t\u00e4gige Probenphase. Dabei wird intensiv am Jahresprogramm geprobt. Es werden zus\u00e4tzlich die klassen\u00fcbergreifenden Kontakte zwischen den Sch\u00fclern vertieft, die einen wichtigen Beitrag zu einem angenehmen Schulklima darstellen.<\/p><\/div><\/div><\/div><div class=\"ea-card sp-ea-single\"><h3 class=\"ea-header\"><a class=\"collapsed\" id=\"ea-header-16062\" role=\"button\" data-sptoggle=\"spcollapse\" data-sptarget=\"#collapse16062\" aria-controls=\"collapse16062\" href=\"#\" aria-expanded=\"false\" tabindex=\"0\"><i aria-hidden=\"true\" role=\"presentation\" class=\"ea-expand-icon eap-icon-ea-expand-plus\"><\/i> Unterstufenchor<\/a><\/h3><div class=\"sp-collapse spcollapse spcollapse\" id=\"collapse16062\" data-parent=\"#sp-ea-1606\" role=\"region\" aria-labelledby=\"ea-header-16062\"> <div class=\"ea-body\"><p class=\"wichtig\"><strong>Klasse 5 bis 7<\/strong><br \/><strong>Freitag, 12:05 bis 13:00 Uhr Raum 109m<br \/>Leitung: Frau Jahn<\/strong><\/p><p>Im Unterstufenchor lernen die Sch\u00fcler neben vielen Liedern den richtigen Umgang mit ihrer Stimme (Atmung, Artikulation...). Neben dem traditionellen Jahres- und Weihnachtskonzert kommt es zusammen mit dem Nachwuchsorchester in unregelm\u00e4\u00dfigen Abst\u00e4nden zu Musical-Auff\u00fchrungen, die gro\u00dfen Anklang finden.<\/p><\/div><\/div><\/div><div class=\"ea-card sp-ea-single\"><h3 class=\"ea-header\"><a class=\"collapsed\" id=\"ea-header-16063\" role=\"button\" data-sptoggle=\"spcollapse\" data-sptarget=\"#collapse16063\" aria-controls=\"collapse16063\" href=\"#\" aria-expanded=\"false\" tabindex=\"0\"><i aria-hidden=\"true\" role=\"presentation\" class=\"ea-expand-icon eap-icon-ea-expand-plus\"><\/i> Mittel- und Oberstufenchor<\/a><\/h3><div class=\"sp-collapse spcollapse spcollapse\" id=\"collapse16063\" data-parent=\"#sp-ea-1606\" role=\"region\" aria-labelledby=\"ea-header-16063\"> <div class=\"ea-body\"><p class=\"wichtig\"><strong>Klasse 8 bis JS2<\/strong><br \/><strong>13:00 bis 14:45 Uhr Raum 109m<br \/>Leitung: Frau Dinkelaker<\/strong><\/p><p>Neben den Auftritten bei den schulischen Konzerten ist der Mittel- und Oberstufenchor auch immer wieder bei Konzerten au\u00dferhalb der Schule zu h\u00f6ren. Z.B. wirkte der Chor 2015 mit \"Carmina Burana\" beim 125-j\u00e4hrigen M\u00fcnsterturmjubil\u00e4um mit!<\/p><\/div><\/div><\/div><div class=\"ea-card sp-ea-single\"><h3 class=\"ea-header\"><a class=\"collapsed\" id=\"ea-header-16064\" role=\"button\" data-sptoggle=\"spcollapse\" data-sptarget=\"#collapse16064\" aria-controls=\"collapse16064\" href=\"#\" aria-expanded=\"false\" tabindex=\"0\"><i aria-hidden=\"true\" role=\"presentation\" class=\"ea-expand-icon eap-icon-ea-expand-plus\"><\/i> Big Band<\/a><\/h3><div class=\"sp-collapse spcollapse spcollapse\" id=\"collapse16064\" data-parent=\"#sp-ea-1606\" role=\"region\" aria-labelledby=\"ea-header-16064\"> <div class=\"ea-body\"><p><img loading=\"lazy\" decoding=\"async\" class=\"alignnone size-full wp-image-1609\" src=\"https:\/\/sgu.ulm.schule\/wp-content\/uploads\/2021\/09\/201812-SGU-BigBand_neu.jpg\" alt=\"\" width=\"1200\" height=\"650\" srcset=\"https:\/\/schubart-gymnasium.eu\/wp-content\/uploads\/2021\/09\/201812-SGU-BigBand_neu.jpg 1200w, https:\/\/schubart-gymnasium.eu\/wp-content\/uploads\/2021\/09\/201812-SGU-BigBand_neu-300x163.jpg 300w, https:\/\/schubart-gymnasium.eu\/wp-content\/uploads\/2021\/09\/201812-SGU-BigBand_neu-1024x555.jpg 1024w, https:\/\/schubart-gymnasium.eu\/wp-content\/uploads\/2021\/09\/201812-SGU-BigBand_neu-768x416.jpg 768w\" sizes=\"auto, (max-width: 1200px) 100vw, 1200px\" \/><\/p><p class=\"wichtig\"><strong>Klasse 8 bis JS2 \/ Teilnahme abh\u00e4ngig vom Spielk\u00f6nnen<\/strong><br \/><strong>Mittwoch, 13:45 bis 15:15 Uhr Raum 108m<br \/>Leitung: Herr Anger<\/strong><\/p><h3 class=\"greentext\"><strong>Zielgruppe<\/strong><\/h3><p>Instrumentalisten: Saxophon, Trompete, Posaune (verst\u00e4rkt von Tenorhorn und Bariton), Gitarre, Bass, Klavier, Schlagzeug, Percussion und Solo-Gesang<\/p><h3 class=\"greentext\"><strong>Inhalte<\/strong><\/h3><p>Das Repertoire, das wir erarbeiten, umfasst stilistisch Rock-Jazz, Latin, Blues, Funk und Swing in einfachen bis schwierigeren Arrangements, auch mit Solo-Gesang. Die Big Band spielt vor allem bei schulischen Festen (z.B. das Herbstfest, der SGU-Ball) oder dem traditionellen Jahreskonzert im Kornhaus Ulm.<\/p><p>Dar\u00fcber hinaus ist die Big Band bei au\u00dferschulischen Veranstaltungen, wie zuletzt bei der Bildungsmesse 2016 oder der Einweihung der neuen Ortsmitte in Jungingen, gefragt und beteiligt sich an schul\u00fcbergreifenden Workshops wie dem Sch\u00fclerjazzfestival in Stuttgar (s.u.)<\/p><p>Mehrfach schon haben Joo Kraus (Echopreistr\u00e4ger Jazz 2012) sowie Musiker der SWR Big Band\u00a0 mit unseren Spielern w\u00e4hrend der Probenphase gearbeitet.<\/p><p>2014 wurde ein Workshop mit einem Dozenten im Proben- und Aufnahmeraum der SWR Big Band in Stuttgart abgehalten.<\/p><p>2016 waren wir Teilnehmer bei den Sch\u00fclerjazztagen in Stuttgart. Dabei gab es Workshops mit namhaften Big-Band Musikern und ein Abschlusskonzert in der Musikhochschule Stuttgart.<\/p><p>Einmal im Jahr finden Probetage au\u00dferhalb der Schule statt. Die Teilnahme ist verbindlich.<\/p><\/div><\/div><\/div><\/div><\/div>\n","protected":false},"excerpt":{"rendered":"<p>Artikel zur AG<\/p>\n","protected":false},"author":1,"featured_media":0,"parent":238,"menu_order":0,"comment_status":"closed","ping_status":"closed","template":"","meta":{"footnotes":""},"class_list":["post-304","page","type-page","status-publish","hentry"],"_links":{"self":[{"href":"https:\/\/schubart-gymnasium.eu\/index.php\/wp-json\/wp\/v2\/pages\/304","targetHints":{"allow":["GET"]}}],"collection":[{"href":"https:\/\/schubart-gymnasium.eu\/index.php\/wp-json\/wp\/v2\/pages"}],"about":[{"href":"https:\/\/schubart-gymnasium.eu\/index.php\/wp-json\/wp\/v2\/types\/page"}],"author":[{"embeddable":true,"href":"https:\/\/schubart-gymnasium.eu\/index.php\/wp-json\/wp\/v2\/users\/1"}],"replies":[{"embeddable":true,"href":"https:\/\/schubart-gymnasium.eu\/index.php\/wp-json\/wp\/v2\/comments?post=304"}],"version-history":[{"count":10,"href":"https:\/\/schubart-gymnasium.eu\/index.php\/wp-json\/wp\/v2\/pages\/304\/revisions"}],"predecessor-version":[{"id":4315,"href":"https:\/\/schubart-gymnasium.eu\/index.php\/wp-json\/wp\/v2\/pages\/304\/revisions\/4315"}],"up":[{"embeddable":true,"href":"https:\/\/schubart-gymnasium.eu\/index.php\/wp-json\/wp\/v2\/pages\/238"}],"wp:attachment":[{"href":"https:\/\/schubart-gymnasium.eu\/index.php\/wp-json\/wp\/v2\/media?parent=304"}],"curies":[{"name":"wp","href":"https:\/\/api.w.org\/{rel}","templated":true}]}}