{"id":2974,"date":"2023-10-28T13:03:40","date_gmt":"2023-10-28T11:03:40","guid":{"rendered":"https:\/\/schubart-gymnasium.eu\/?page_id=2974"},"modified":"2026-01-21T09:29:33","modified_gmt":"2026-01-21T08:29:33","slug":"gestaltungs-ag","status":"publish","type":"page","link":"https:\/\/schubart-gymnasium.eu\/index.php\/startseite\/angebote\/ags\/gestaltungs-ag\/","title":{"rendered":"Gestaltungs-AG"},"content":{"rendered":"\n<div class=\"wp-block-columns is-layout-flex wp-container-core-columns-is-layout-9d6595d7 wp-block-columns-is-layout-flex\">\n<div class=\"wp-block-column is-layout-flow wp-block-column-is-layout-flow\" style=\"flex-basis:75%\">\n<p>Hast du Lust dein kreatives Potential zu erforschen? Dich k\u00fcnstlerisch auszutoben? Neue gestalterische F\u00e4higkeiten zu entdecken?<\/p>\n\n\n\n<p><strong>Dann bist du in der Gestaltungs-AG genau richtig!<\/strong><\/p>\n\n\n\n<p>Hier findest du den Raum, die Zeit und die Materialien eigenen Projekten nachzugehen, aber auch gemeinsam mit anderen Kreativlingen Projekte umzusetzen. Das k\u00f6nnen Ausstellungen sein, Schulhausversch\u00f6nerungen, Plakatgestaltungen, B\u00fchnenbildbau, Performances usw.<\/p>\n\n\n\n<p><strong>Bring deine Ideen ein!<\/strong><\/p>\n\n\n\n<p>Angedacht sind auch Besuche im Maker-Space der Stadt Ulm und diverse kleine Exkursionen, die zur Inspiration anregen.<\/p>\n\n\n\n<p>Die AG soll eine offene Werkstatt sein f\u00fcr alle kunstbegeisterten Sch\u00fclys von der 5. Klasse bis zur JS2.<br>F\u00fcr Snacks wird gesorgt sein \ud83d\ude09<\/p>\n\n\n\n<p><strong>Termine:<br>Dienstags, 15:15 &#8211; 17:00 Uhr<\/strong><\/p>\n\n\n\n<p><strong>Ort: Hausmeisterhaus (beim Sternwartenturm)<\/strong><\/p>\n<\/div>\n\n\n\n<div class=\"wp-block-column is-layout-flow wp-block-column-is-layout-flow\" style=\"flex-basis:25%\">\n<figure data-wp-context=\"{&quot;imageId&quot;:&quot;69e1c04492d3b&quot;}\" data-wp-interactive=\"core\/image\" data-wp-key=\"69e1c04492d3b\" class=\"wp-block-image size-large wp-lightbox-container\"><img loading=\"lazy\" decoding=\"async\" width=\"712\" height=\"1024\" data-wp-class--hide=\"state.isContentHidden\" data-wp-class--show=\"state.isContentVisible\" data-wp-init=\"callbacks.setButtonStyles\" data-wp-on--click=\"actions.showLightbox\" data-wp-on--load=\"callbacks.setButtonStyles\" data-wp-on-window--resize=\"callbacks.setButtonStyles\" src=\"https:\/\/schubart-gymnasium.eu\/wp-content\/uploads\/2026\/01\/IMG_4287-712x1024.jpeg\" alt=\"Gestaltungs-AG\" class=\"wp-image-4293\" srcset=\"https:\/\/schubart-gymnasium.eu\/wp-content\/uploads\/2026\/01\/IMG_4287-712x1024.jpeg 712w, https:\/\/schubart-gymnasium.eu\/wp-content\/uploads\/2026\/01\/IMG_4287-208x300.jpeg 208w, https:\/\/schubart-gymnasium.eu\/wp-content\/uploads\/2026\/01\/IMG_4287-768x1105.jpeg 768w, https:\/\/schubart-gymnasium.eu\/wp-content\/uploads\/2026\/01\/IMG_4287-1067x1536.jpeg 1067w, https:\/\/schubart-gymnasium.eu\/wp-content\/uploads\/2026\/01\/IMG_4287-1423x2048.jpeg 1423w, https:\/\/schubart-gymnasium.eu\/wp-content\/uploads\/2026\/01\/IMG_4287.jpeg 1640w\" sizes=\"auto, (max-width: 712px) 100vw, 712px\" \/><button\n\t\t\tclass=\"lightbox-trigger\"\n\t\t\ttype=\"button\"\n\t\t\taria-haspopup=\"dialog\"\n\t\t\taria-label=\"Vergr\u00f6\u00dfern\"\n\t\t\tdata-wp-init=\"callbacks.initTriggerButton\"\n\t\t\tdata-wp-on--click=\"actions.showLightbox\"\n\t\t\tdata-wp-style--right=\"state.imageButtonRight\"\n\t\t\tdata-wp-style--top=\"state.imageButtonTop\"\n\t\t>\n\t\t\t<svg xmlns=\"http:\/\/www.w3.org\/2000\/svg\" width=\"12\" height=\"12\" fill=\"none\" viewBox=\"0 0 12 12\">\n\t\t\t\t<path fill=\"#fff\" d=\"M2 0a2 2 0 0 0-2 2v2h1.5V2a.5.5 0 0 1 .5-.5h2V0H2Zm2 10.5H2a.5.5 0 0 1-.5-.5V8H0v2a2 2 0 0 0 2 2h2v-1.5ZM8 12v-1.5h2a.5.5 0 0 0 .5-.5V8H12v2a2 2 0 0 1-2 2H8Zm2-12a2 2 0 0 1 2 2v2h-1.5V2a.5.5 0 0 0-.5-.5H8V0h2Z\" \/>\n\t\t\t<\/svg>\n\t\t<\/button><\/figure>\n<\/div>\n<\/div>\n","protected":false},"excerpt":{"rendered":"<p>Hast du Lust dein kreatives Potential zu erforschen? Dich k\u00fcnstlerisch auszutoben? Neue gestalterische F\u00e4higkeiten zu entdecken? Dann bist du in der Gestaltungs-AG genau richtig! Hier findest du den Raum, die Zeit und die Materialien eigenen Projekten nachzugehen, aber auch gemeinsam mit anderen Kreativlingen Projekte umzusetzen. Das k\u00f6nnen Ausstellungen sein, Schulhausversch\u00f6nerungen, Plakatgestaltungen, B\u00fchnenbildbau, Performances usw. Bring [&hellip;]<\/p>\n","protected":false},"author":1,"featured_media":0,"parent":238,"menu_order":0,"comment_status":"closed","ping_status":"closed","template":"","meta":{"footnotes":""},"class_list":["post-2974","page","type-page","status-publish","hentry"],"_links":{"self":[{"href":"https:\/\/schubart-gymnasium.eu\/index.php\/wp-json\/wp\/v2\/pages\/2974","targetHints":{"allow":["GET"]}}],"collection":[{"href":"https:\/\/schubart-gymnasium.eu\/index.php\/wp-json\/wp\/v2\/pages"}],"about":[{"href":"https:\/\/schubart-gymnasium.eu\/index.php\/wp-json\/wp\/v2\/types\/page"}],"author":[{"embeddable":true,"href":"https:\/\/schubart-gymnasium.eu\/index.php\/wp-json\/wp\/v2\/users\/1"}],"replies":[{"embeddable":true,"href":"https:\/\/schubart-gymnasium.eu\/index.php\/wp-json\/wp\/v2\/comments?post=2974"}],"version-history":[{"count":9,"href":"https:\/\/schubart-gymnasium.eu\/index.php\/wp-json\/wp\/v2\/pages\/2974\/revisions"}],"predecessor-version":[{"id":4311,"href":"https:\/\/schubart-gymnasium.eu\/index.php\/wp-json\/wp\/v2\/pages\/2974\/revisions\/4311"}],"up":[{"embeddable":true,"href":"https:\/\/schubart-gymnasium.eu\/index.php\/wp-json\/wp\/v2\/pages\/238"}],"wp:attachment":[{"href":"https:\/\/schubart-gymnasium.eu\/index.php\/wp-json\/wp\/v2\/media?parent=2974"}],"curies":[{"name":"wp","href":"https:\/\/api.w.org\/{rel}","templated":true}]}}