{"id":287,"date":"2020-02-12T14:15:36","date_gmt":"2020-02-12T13:15:36","guid":{"rendered":"http:\/\/10.22.21.125\/?page_id=287"},"modified":"2025-11-29T11:06:11","modified_gmt":"2025-11-29T10:06:11","slug":"schulsozialarbeit","status":"publish","type":"page","link":"https:\/\/schubart-gymnasium.eu\/index.php\/startseite\/wir\/schulsozialarbeit\/","title":{"rendered":"Schulsozialarbeit"},"content":{"rendered":"\n<figure class=\"wp-block-image size-large is-resized\"><img loading=\"lazy\" decoding=\"async\" width=\"773\" height=\"1031\" src=\"https:\/\/schubart-gymnasium.eu\/wp-content\/uploads\/2023\/02\/Dziubaty-edited.jpg\" alt=\"\" class=\"wp-image-2545\" style=\"width:384px\" srcset=\"https:\/\/schubart-gymnasium.eu\/wp-content\/uploads\/2023\/02\/Dziubaty-edited.jpg 773w, https:\/\/schubart-gymnasium.eu\/wp-content\/uploads\/2023\/02\/Dziubaty-edited-225x300.jpg 225w, https:\/\/schubart-gymnasium.eu\/wp-content\/uploads\/2023\/02\/Dziubaty-edited-768x1024.jpg 768w\" sizes=\"auto, (max-width: 773px) 100vw, 773px\" \/><\/figure>\n\n\n\n<h2 class=\"wp-block-heading\"><strong>Susann Dziubaty<\/strong><\/h2>\n\n\n\n<h3 class=\"wp-block-heading\"><strong>Kontakt<\/strong><\/h3>\n\n\n\n<p>Oberlin e. V. Ulm<\/p>\n\n\n\n<p><strong>Susann Dziubaty<\/strong><br>Tel. (0731) 1618111<br>E-Mail <a href=\"mailto:s.dziubaty@oberlin-ulm.org\" target=\"_blank\" rel=\"noreferrer noopener\">s.dziubaty@oberlin-ulm.org<\/a><\/p>\n\n\n\n<p><strong>Erreichbar<\/strong><br>Montag bis Donnerstag<\/p>\n\n\n\n<h3 class=\"wp-block-heading\"><strong>Raum<\/strong><\/h3>\n\n\n\n<p><strong>318<\/strong><\/p>\n\n\n\n<p>Schulsozialarbeit ist als erg\u00e4nzendes und begleitendes Angebot im Schulalltag gedacht. Im Vordergrund steht die Pr\u00e4vention, Klasseneinheiten, Trainings, Sch\u00fclergespr\u00e4che, Streitschlichtung, Elternberatung und Lehrerberatung. Nat\u00fcrlich ist die Schulsozialarbeit auch Gespr\u00e4chspartner in Konfliktgespr\u00e4chen und vernetzt sich mit Kooperationspartnern vor Ort.<\/p>\n\n\n\n<p>Schulsozialarbeit ist ein freiwilliges Angebot, dass auf Vertraulichkeit beruht und Zeit braucht. Zurzeit arbeite ich gerne mit Klemmbausteinen, weil diese u.a. die Kreativit\u00e4t und das Zusammenarbeiten f\u00f6rdern. Falls noch jemand gro\u00dfe Klemmbausteine in orange und hellblau \u00fcbrig hat, kann diese gerne im B\u00fcro 318 abgeben.<\/p>\n\n\n\n<figure class=\"wp-block-image size-large is-resized\"><img loading=\"lazy\" decoding=\"async\" width=\"1024\" height=\"614\" src=\"https:\/\/schubart-gymnasium.eu\/wp-content\/uploads\/2023\/01\/Collage_ganz-1024x614.jpg\" alt=\"\" class=\"wp-image-2543\" style=\"width:768px;height:461px\" srcset=\"https:\/\/schubart-gymnasium.eu\/wp-content\/uploads\/2023\/01\/Collage_ganz-1024x614.jpg 1024w, https:\/\/schubart-gymnasium.eu\/wp-content\/uploads\/2023\/01\/Collage_ganz-300x180.jpg 300w, https:\/\/schubart-gymnasium.eu\/wp-content\/uploads\/2023\/01\/Collage_ganz-768x461.jpg 768w, https:\/\/schubart-gymnasium.eu\/wp-content\/uploads\/2023\/01\/Collage_ganz-1536x921.jpg 1536w, https:\/\/schubart-gymnasium.eu\/wp-content\/uploads\/2023\/01\/Collage_ganz.jpg 1602w\" sizes=\"auto, (max-width: 1024px) 100vw, 1024px\" \/><\/figure>\n","protected":false},"excerpt":{"rendered":"<p>Susann Dziubaty Kontakt Oberlin e. V. Ulm Susann DziubatyTel. (0731) 1618111E-Mail s.dziubaty@oberlin-ulm.org ErreichbarMontag bis Donnerstag Raum 318 Schulsozialarbeit ist als erg\u00e4nzendes und begleitendes Angebot im Schulalltag gedacht. Im Vordergrund steht die Pr\u00e4vention, Klasseneinheiten, Trainings, Sch\u00fclergespr\u00e4che, Streitschlichtung, Elternberatung und Lehrerberatung. Nat\u00fcrlich ist die Schulsozialarbeit auch Gespr\u00e4chspartner in Konfliktgespr\u00e4chen und vernetzt sich mit Kooperationspartnern vor Ort. Schulsozialarbeit [&hellip;]<\/p>\n","protected":false},"author":1,"featured_media":0,"parent":191,"menu_order":80,"comment_status":"closed","ping_status":"closed","template":"","meta":{"footnotes":""},"class_list":["post-287","page","type-page","status-publish","hentry"],"_links":{"self":[{"href":"https:\/\/schubart-gymnasium.eu\/index.php\/wp-json\/wp\/v2\/pages\/287","targetHints":{"allow":["GET"]}}],"collection":[{"href":"https:\/\/schubart-gymnasium.eu\/index.php\/wp-json\/wp\/v2\/pages"}],"about":[{"href":"https:\/\/schubart-gymnasium.eu\/index.php\/wp-json\/wp\/v2\/types\/page"}],"author":[{"embeddable":true,"href":"https:\/\/schubart-gymnasium.eu\/index.php\/wp-json\/wp\/v2\/users\/1"}],"replies":[{"embeddable":true,"href":"https:\/\/schubart-gymnasium.eu\/index.php\/wp-json\/wp\/v2\/comments?post=287"}],"version-history":[{"count":14,"href":"https:\/\/schubart-gymnasium.eu\/index.php\/wp-json\/wp\/v2\/pages\/287\/revisions"}],"predecessor-version":[{"id":4146,"href":"https:\/\/schubart-gymnasium.eu\/index.php\/wp-json\/wp\/v2\/pages\/287\/revisions\/4146"}],"up":[{"embeddable":true,"href":"https:\/\/schubart-gymnasium.eu\/index.php\/wp-json\/wp\/v2\/pages\/191"}],"wp:attachment":[{"href":"https:\/\/schubart-gymnasium.eu\/index.php\/wp-json\/wp\/v2\/media?parent=287"}],"curies":[{"name":"wp","href":"https:\/\/api.w.org\/{rel}","templated":true}]}}