{"id":285,"date":"2020-02-12T14:15:14","date_gmt":"2020-02-12T13:15:14","guid":{"rendered":"http:\/\/10.22.21.125\/?page_id=285"},"modified":"2021-08-30T11:06:15","modified_gmt":"2021-08-30T09:06:15","slug":"landesschulbeirat","status":"publish","type":"page","link":"https:\/\/schubart-gymnasium.eu\/index.php\/startseite\/wir\/landesschulbeirat\/","title":{"rendered":"Landesschulbeirat"},"content":{"rendered":"\n<p>Der\n Landesschulbeirat ber\u00e4t das Kultusministerium bei der Vorbereitung \ngrunds\u00e4tzlicher Ma\u00dfnahmen auf dem Gebiet des Schulwesens. Er ist \nberechtigt, dem Kultusministerium Vorschl\u00e4ge und Anregungen zu \nunterbreiten. Dem Landesschulbeirat geh\u00f6ren an Vertreterinnen und \nVertreter der Eltern, der Lehrer, der f\u00fcr die Berufserziehung der \nSch\u00fcler Mitverantwortlichen, der Sch\u00fcler, der kommunalen Landesverb\u00e4nde,\n der Kirchen und anerkannten Religionsgemeinschaften, der Arbeitgeber- \nund Arbeitnehmerverb\u00e4nde sowie Personen, die durch ihre Erfahrung in \nBildungs- und Erziehungsfragen die Arbeit des Beirats besonders zu \nf\u00f6rdern verm\u00f6gen.<\/p>\n\n\n\n<p><a href=\"https:\/\/lsb-bw.de\/\">Den Internetauftritt des Landesschulbeirats finden sie hier.<\/a><\/p>\n","protected":false},"excerpt":{"rendered":"<p>Der Landesschulbeirat ber\u00e4t das Kultusministerium bei der Vorbereitung grunds\u00e4tzlicher Ma\u00dfnahmen auf dem Gebiet des Schulwesens. Er ist berechtigt, dem Kultusministerium Vorschl\u00e4ge und Anregungen zu unterbreiten. Dem Landesschulbeirat geh\u00f6ren an Vertreterinnen und Vertreter der Eltern, der Lehrer, der f\u00fcr die Berufserziehung der Sch\u00fcler Mitverantwortlichen, der Sch\u00fcler, der kommunalen Landesverb\u00e4nde, der Kirchen und anerkannten Religionsgemeinschaften, der Arbeitgeber- [&hellip;]<\/p>\n","protected":false},"author":1,"featured_media":0,"parent":191,"menu_order":70,"comment_status":"closed","ping_status":"closed","template":"","meta":{"footnotes":""},"class_list":["post-285","page","type-page","status-publish","hentry"],"_links":{"self":[{"href":"https:\/\/schubart-gymnasium.eu\/index.php\/wp-json\/wp\/v2\/pages\/285","targetHints":{"allow":["GET"]}}],"collection":[{"href":"https:\/\/schubart-gymnasium.eu\/index.php\/wp-json\/wp\/v2\/pages"}],"about":[{"href":"https:\/\/schubart-gymnasium.eu\/index.php\/wp-json\/wp\/v2\/types\/page"}],"author":[{"embeddable":true,"href":"https:\/\/schubart-gymnasium.eu\/index.php\/wp-json\/wp\/v2\/users\/1"}],"replies":[{"embeddable":true,"href":"https:\/\/schubart-gymnasium.eu\/index.php\/wp-json\/wp\/v2\/comments?post=285"}],"version-history":[{"count":3,"href":"https:\/\/schubart-gymnasium.eu\/index.php\/wp-json\/wp\/v2\/pages\/285\/revisions"}],"predecessor-version":[{"id":589,"href":"https:\/\/schubart-gymnasium.eu\/index.php\/wp-json\/wp\/v2\/pages\/285\/revisions\/589"}],"up":[{"embeddable":true,"href":"https:\/\/schubart-gymnasium.eu\/index.php\/wp-json\/wp\/v2\/pages\/191"}],"wp:attachment":[{"href":"https:\/\/schubart-gymnasium.eu\/index.php\/wp-json\/wp\/v2\/media?parent=285"}],"curies":[{"name":"wp","href":"https:\/\/api.w.org\/{rel}","templated":true}]}}