{"id":283,"date":"2020-02-12T14:14:44","date_gmt":"2020-02-12T13:14:44","guid":{"rendered":"http:\/\/10.22.21.125\/?page_id=283"},"modified":"2021-08-30T11:06:10","modified_gmt":"2021-08-30T09:06:10","slug":"schulkonferenz","status":"publish","type":"page","link":"https:\/\/schubart-gymnasium.eu\/index.php\/startseite\/wir\/schulkonferenz\/","title":{"rendered":"Schulkonferenz"},"content":{"rendered":"\n<p>Die Schulkonferenz ist das gemeinsame Organ der Schule. Sie hat die \nAufgabe, das Zusammenwirken von Schulleitung, Lehrern, Eltern und \nSch\u00fclern zu f\u00f6rdern, bei Meinungsverschiedenheiten zu vermitteln sowie \n\u00fcber Angelegenheiten, die f\u00fcr die Schule von wesentlicher Bedeutung \nsind, zu beraten und zu beschlie\u00dfen.<\/p>\n","protected":false},"excerpt":{"rendered":"<p>Die Schulkonferenz ist das gemeinsame Organ der Schule. Sie hat die Aufgabe, das Zusammenwirken von Schulleitung, Lehrern, Eltern und Sch\u00fclern zu f\u00f6rdern, bei Meinungsverschiedenheiten zu vermitteln sowie \u00fcber Angelegenheiten, die f\u00fcr die Schule von wesentlicher Bedeutung sind, zu beraten und zu beschlie\u00dfen.<\/p>\n","protected":false},"author":1,"featured_media":0,"parent":191,"menu_order":60,"comment_status":"closed","ping_status":"closed","template":"","meta":{"footnotes":""},"class_list":["post-283","page","type-page","status-publish","hentry"],"_links":{"self":[{"href":"https:\/\/schubart-gymnasium.eu\/index.php\/wp-json\/wp\/v2\/pages\/283","targetHints":{"allow":["GET"]}}],"collection":[{"href":"https:\/\/schubart-gymnasium.eu\/index.php\/wp-json\/wp\/v2\/pages"}],"about":[{"href":"https:\/\/schubart-gymnasium.eu\/index.php\/wp-json\/wp\/v2\/types\/page"}],"author":[{"embeddable":true,"href":"https:\/\/schubart-gymnasium.eu\/index.php\/wp-json\/wp\/v2\/users\/1"}],"replies":[{"embeddable":true,"href":"https:\/\/schubart-gymnasium.eu\/index.php\/wp-json\/wp\/v2\/comments?post=283"}],"version-history":[{"count":4,"href":"https:\/\/schubart-gymnasium.eu\/index.php\/wp-json\/wp\/v2\/pages\/283\/revisions"}],"predecessor-version":[{"id":358,"href":"https:\/\/schubart-gymnasium.eu\/index.php\/wp-json\/wp\/v2\/pages\/283\/revisions\/358"}],"up":[{"embeddable":true,"href":"https:\/\/schubart-gymnasium.eu\/index.php\/wp-json\/wp\/v2\/pages\/191"}],"wp:attachment":[{"href":"https:\/\/schubart-gymnasium.eu\/index.php\/wp-json\/wp\/v2\/media?parent=283"}],"curies":[{"name":"wp","href":"https:\/\/api.w.org\/{rel}","templated":true}]}}