{"id":281,"date":"2020-02-12T14:14:10","date_gmt":"2020-02-12T13:14:10","guid":{"rendered":"http:\/\/10.22.21.125\/?page_id=281"},"modified":"2025-11-29T10:52:44","modified_gmt":"2025-11-29T09:52:44","slug":"elternbeirat","status":"publish","type":"page","link":"https:\/\/schubart-gymnasium.eu\/index.php\/startseite\/wir\/elternbeirat\/","title":{"rendered":"Elternbeirat"},"content":{"rendered":"\n<div class=\"wp-block-columns is-layout-flex wp-container-core-columns-is-layout-9d6595d7 wp-block-columns-is-layout-flex\">\n<div class=\"wp-block-column is-layout-flow wp-block-column-is-layout-flow\" style=\"flex-basis:80%\">\n<p>Der Elternbeirat ist die Vertretung der Eltern der Sch\u00fcler einer Schule. Er besteht aus den gew\u00e4hlten Elternvertretern aller Klassen und Jahrgangsstufen. Ihm obliegt es, das Interesse und die Verantwortung der Eltern  f\u00fcr die Aufgaben der Erziehung zu wahren und zu pflegen, der  Elternschaft Gelegenheit zur Information und Aussprache zu geben,  W\u00fcnsche, Anregungen und Vorschl\u00e4ge der Eltern zu beraten und der Schule  zu unterbreiten, an der Verbesserung der inneren und \u00e4u\u00dferen  Schulverh\u00e4ltnisse mitzuarbeiten und das Verst\u00e4ndnis der \u00d6ffentlichkeit  f\u00fcr die Erziehungs- und Bildungsarbeit der Schule zu st\u00e4rken.<\/p>\n\n\n\n<p>In jedem Schuljahr kommt der Elternbeirat zu mindestens zwei Sitzungen zusammen.<\/p>\n\n\n\n<p>E-Mail: <strong><a href=\"mailto:elternbeirat@schubart-ulm.de\">elternbeirat@schubart-ulm.de<\/a><\/strong><\/p>\n\n\n\n<h3 class=\"wp-block-heading\" id=\"schuljahr-2021-22\">Schuljahr 2024\/25<\/h3>\n\n\n\n<h4 class=\"wp-block-heading\" id=\"vorsitz\">Vorsitz:<\/h4>\n\n\n\n<p>J\u00f6rg N\u00e4dele<\/p>\n\n\n\n<h4 class=\"wp-block-heading\" id=\"stellvertretung\">Stellvertretung:<\/h4>\n\n\n\n<p>Birgit Dreisbach<br>Nalan Schmidt<\/p>\n\n\n\n<h4 class=\"wp-block-heading\" id=\"mitglieder-der-schulkonferenz\">Mitglieder der Schulkonferenz:<\/h4>\n\n\n\n<p>J\u00f6rg N\u00e4dele<br>Nalan Schmidt<br>Ann Kristin Domh\u00f6ver<br>Dr. Alke-Yvonne Capell<\/p>\n\n\n\n<h4 class=\"wp-block-heading\" id=\"stellvertretende-mitglieder-der-schulkonferenz\">Stellvertretende Mitglieder der Schulkonferenz:<\/h4>\n\n\n\n<p>Maria Edelmann<br>Rabiye Ba\u015flig-\u00c7i\u00e7ek<br>Dr. Maria-Verena Kohnle<\/p>\n\n\n\n<h2 class=\"wp-block-heading\" id=\"gesamtelternbeirat-geb-ulm\">Gesamtelternbeirat (GEB Ulm)<\/h2>\n\n\n\n<p>Die Schulelternbeir\u00e4te alle Ulmer Schulen organisieren sich im GEB. Hier werden \u00fcberwiegend ortsspezifische Belange behandelt und die Zusammenarbeit mit dem Schultr\u00e4ger (Stadt Ulm) gepflegt. Webseite: <a href=\"https:\/\/www.gebulm.de\/\">https:\/\/www.gebulm.de\/<\/a><\/p>\n\n\n\n<h2 class=\"wp-block-heading\" id=\"landeselternbeirat\">Landeselternbeirat<\/h2>\n\n\n\n<p>Der aus gew\u00e4hlten Vertreterinnen und Vertretern der Eltern bestehende Landeselternbeirat ber\u00e4t das Kultusministerium in allgemeinen Fragen des Erziehungs- und Unterrichtswesens und kann ihm Vorschl\u00e4ge und Anregungen unterbreiten. Aktuelle Informationen zum Landeselternbeirat finden sich auf dem Internetauftritt des <a href=\"http:\/\/www.leb-bw.de\/\" target=\"_blank\" rel=\"noreferrer noopener\">Landeselternbeirat<\/a>.<\/p>\n<\/div>\n\n\n\n<div class=\"wp-block-column is-layout-flow wp-block-column-is-layout-flow\" style=\"flex-basis:20%\">\n<h4 class=\"wp-block-heading\" id=\"downloads\">Downloads<\/h4>\n\n\n\n<div class=\"wp-block-file\"><a id=\"wp-block-file--media-a6507cea-1a0c-4b39-bd99-cfd86f80cfaf\" href=\"https:\/\/sgu.ulm.schule\/wp-content\/uploads\/2021\/09\/Elterninfo_Elternvertreter_2020_2021_KMBW.pdf\" target=\"_blank\" rel=\"noreferrer noopener\">Elterninfo (Kultusministerium)<\/a><\/div>\n\n\n\n<div class=\"wp-block-file\"><a id=\"wp-block-file--media-85bd0c3d-8359-4626-8666-42e78ab6d670\" href=\"https:\/\/sgu.ulm.schule\/wp-content\/uploads\/2021\/09\/GeschaeftsordnungEBSchubart_20180607.pdf\" target=\"_blank\" rel=\"noreferrer noopener\">Gesch\u00e4ftsordnung EB SGU<\/a><\/div>\n<\/div>\n<\/div>\n\n\n\n<p><\/p>\n","protected":false},"excerpt":{"rendered":"<p>Der Elternbeirat ist die Vertretung der Eltern der Sch\u00fcler einer Schule. Er besteht aus den gew\u00e4hlten Elternvertretern aller Klassen und Jahrgangsstufen. Ihm obliegt es, das Interesse und die Verantwortung der Eltern f\u00fcr die Aufgaben der Erziehung zu wahren und zu pflegen, der Elternschaft Gelegenheit zur Information und Aussprache zu geben, W\u00fcnsche, Anregungen und Vorschl\u00e4ge der [&hellip;]<\/p>\n","protected":false},"author":1,"featured_media":0,"parent":191,"menu_order":50,"comment_status":"closed","ping_status":"closed","template":"","meta":{"footnotes":""},"class_list":["post-281","page","type-page","status-publish","hentry"],"_links":{"self":[{"href":"https:\/\/schubart-gymnasium.eu\/index.php\/wp-json\/wp\/v2\/pages\/281","targetHints":{"allow":["GET"]}}],"collection":[{"href":"https:\/\/schubart-gymnasium.eu\/index.php\/wp-json\/wp\/v2\/pages"}],"about":[{"href":"https:\/\/schubart-gymnasium.eu\/index.php\/wp-json\/wp\/v2\/types\/page"}],"author":[{"embeddable":true,"href":"https:\/\/schubart-gymnasium.eu\/index.php\/wp-json\/wp\/v2\/users\/1"}],"replies":[{"embeddable":true,"href":"https:\/\/schubart-gymnasium.eu\/index.php\/wp-json\/wp\/v2\/comments?post=281"}],"version-history":[{"count":13,"href":"https:\/\/schubart-gymnasium.eu\/index.php\/wp-json\/wp\/v2\/pages\/281\/revisions"}],"predecessor-version":[{"id":4139,"href":"https:\/\/schubart-gymnasium.eu\/index.php\/wp-json\/wp\/v2\/pages\/281\/revisions\/4139"}],"up":[{"embeddable":true,"href":"https:\/\/schubart-gymnasium.eu\/index.php\/wp-json\/wp\/v2\/pages\/191"}],"wp:attachment":[{"href":"https:\/\/schubart-gymnasium.eu\/index.php\/wp-json\/wp\/v2\/media?parent=281"}],"curies":[{"name":"wp","href":"https:\/\/api.w.org\/{rel}","templated":true}]}}