{"id":253,"date":"2020-02-12T14:13:12","date_gmt":"2020-02-12T13:13:12","guid":{"rendered":"http:\/\/10.22.21.125\/?page_id=253"},"modified":"2025-11-19T08:09:59","modified_gmt":"2025-11-19T07:09:59","slug":"smv","status":"publish","type":"page","link":"https:\/\/schubart-gymnasium.eu\/index.php\/startseite\/wir\/smv\/","title":{"rendered":"SMV"},"content":{"rendered":"\n<h3 class=\"wp-block-heading\"><a rel=\"noreferrer noopener\" href=\"http:\/\/www.smv-schubart.de\/\" target=\"_blank\">Hier geht&#8217;s zur Website der SMV&#8230;<\/a><\/h3>\n\n\n\n<p><strong>Jetzt Neu! Die SMV-Sprechstunde jeden Donnerstag in der 1. Pause im SMV-Zimmer! Kommt vorbei wenn ihr Anregungen oder W\u00fcnsche habt oder euch in der SMV engagieren wollt.<\/strong><\/p>\n\n\n\n<p>Unsere SMV setzt sich aus den Klassen- und Kurssprecher*innen, den Referent*innen, den Sch\u00fclersprecher*innen und den Verbindungslehrkr\u00e4ften zusammen. Au\u00dferdem werden zwei Vertreter*innen und drei Stellvertreter*innen in die Schulkonferenz gew\u00e4hlt. Dort vertreten sie die Meinungen aller Sch\u00fcler*innen. Der 1. Sch\u00fclersprecher ist automatisch in der Schulkonferenz. Um finanzielle Arbeiten und die Protokolle k\u00fcmmern sich eine SMV-Kassenwart*in, eine Kassenpr\u00fcfung und eine Schriftf\u00fchrer*in.<\/p>\n\n\n\n<p>Verbindungslehrkr\u00e4fte im Schuljahr 2025\/26<\/p>\n\n\n\n<ul class=\"wp-block-list\">\n<li>Herr Hurst<\/li>\n\n\n\n<li>Herr Laurer<\/li>\n<\/ul>\n\n\n\n<p>Die Sch\u00fclersprecher im Schuljahr 2025\/26<\/p>\n\n\n\n<ul class=\"wp-block-list\">\n<li>Sicheng Zhang<\/li>\n\n\n\n<li>Levi Mitsevich<\/li>\n\n\n\n<li>Henry Faschon<\/li>\n<\/ul>\n\n\n\n<p>Wann immer Fragen an die SMV auftauchen, so k\u00f6nnen diese in den Pausen im SMV-Zimmer, \u00fcber unseren SMV-Instagram Account (schubart_united)&nbsp;oder \u00fcber die E-Mail Adresse: <a href=\"mailto:schuelersprecher@smv-schubart.de\" target=\"_blank\" rel=\"noreferrer noopener\">schuelersprecher@smv-schubart.de<\/a> den Sch\u00fclersprecher*innen gestellt werden. Bei Problemen k\u00f6nnen Sch\u00fcler*innen sich an ihre Klassen- oder Kurssprecher*innen, die Sch\u00fclersprecher*innen oder die Verbindungslehrkr\u00e4fte wenden. Auch Anregungen k\u00f6nnen hier eingereicht und dann in einer SMV-Sitzung diskutiert werden.<\/p>\n","protected":false},"excerpt":{"rendered":"<p>Hier geht&#8217;s zur Website der SMV&#8230; Jetzt Neu! Die SMV-Sprechstunde jeden Donnerstag in der 1. Pause im SMV-Zimmer! Kommt vorbei wenn ihr Anregungen oder W\u00fcnsche habt oder euch in der SMV engagieren wollt. Unsere SMV setzt sich aus den Klassen- und Kurssprecher*innen, den Referent*innen, den Sch\u00fclersprecher*innen und den Verbindungslehrkr\u00e4ften zusammen. Au\u00dferdem werden zwei Vertreter*innen und [&hellip;]<\/p>\n","protected":false},"author":1,"featured_media":0,"parent":191,"menu_order":40,"comment_status":"closed","ping_status":"closed","template":"","meta":{"footnotes":""},"class_list":["post-253","page","type-page","status-publish","hentry"],"_links":{"self":[{"href":"https:\/\/schubart-gymnasium.eu\/index.php\/wp-json\/wp\/v2\/pages\/253","targetHints":{"allow":["GET"]}}],"collection":[{"href":"https:\/\/schubart-gymnasium.eu\/index.php\/wp-json\/wp\/v2\/pages"}],"about":[{"href":"https:\/\/schubart-gymnasium.eu\/index.php\/wp-json\/wp\/v2\/types\/page"}],"author":[{"embeddable":true,"href":"https:\/\/schubart-gymnasium.eu\/index.php\/wp-json\/wp\/v2\/users\/1"}],"replies":[{"embeddable":true,"href":"https:\/\/schubart-gymnasium.eu\/index.php\/wp-json\/wp\/v2\/comments?post=253"}],"version-history":[{"count":14,"href":"https:\/\/schubart-gymnasium.eu\/index.php\/wp-json\/wp\/v2\/pages\/253\/revisions"}],"predecessor-version":[{"id":4011,"href":"https:\/\/schubart-gymnasium.eu\/index.php\/wp-json\/wp\/v2\/pages\/253\/revisions\/4011"}],"up":[{"embeddable":true,"href":"https:\/\/schubart-gymnasium.eu\/index.php\/wp-json\/wp\/v2\/pages\/191"}],"wp:attachment":[{"href":"https:\/\/schubart-gymnasium.eu\/index.php\/wp-json\/wp\/v2\/media?parent=253"}],"curies":[{"name":"wp","href":"https:\/\/api.w.org\/{rel}","templated":true}]}}