{"id":250,"date":"2020-02-12T14:12:30","date_gmt":"2020-02-12T13:12:30","guid":{"rendered":"http:\/\/10.22.21.125\/?page_id=250"},"modified":"2026-03-09T08:05:32","modified_gmt":"2026-03-09T07:05:32","slug":"mensa","status":"publish","type":"page","link":"https:\/\/schubart-gymnasium.eu\/index.php\/startseite\/angebote\/mensa\/","title":{"rendered":"Mensa"},"content":{"rendered":"\n<h3 class=\"wp-block-heading has-text-align-center info-banner\"><a href=\"https:\/\/schubart-gymnasium.eu\/wp-content\/uploads\/2025\/11\/SGU_Elternschreiben-Restabwicklung-WebMenue-bis-31.12.25.pdf\" target=\"_blank\" rel=\"noreferrer noopener\">Infobrief Restabwicklung WebMen\u00fc zum 31.12.2025<\/a><\/h3>\n\n\n\n<h3 class=\"wp-block-heading has-text-align-center info-banner\"><a href=\"https:\/\/schubart-gymnasium.eu\/wp-content\/uploads\/2025\/11\/Pfand_Rueckueberweisung-bis-31.12.2025.pdf\" data-type=\"attachment\" data-id=\"3956\" target=\"_blank\" rel=\"noreferrer noopener\">Pfand R\u00fcck\u00fcberweisung aus WebMen\u00fc<\/a><\/h3>\n\n\n\n<h3 class=\"wp-block-heading has-text-align-center info-banner\"><a href=\"https:\/\/schubart-gymnasium.eu\/wp-content\/uploads\/2026\/03\/2026_02_24_Schubart_GY_Elternschreiben_SJ_26_27.pdf\" target=\"_blank\" rel=\"noreferrer noopener\">Informationen zur iNetMenue-Anmeldung<\/a><\/h3>\n\n\n\n<h3 class=\"wp-block-heading has-text-align-center info-banner\"><a href=\"https:\/\/schubartgym-ulm.inetmenue.de\" target=\"_blank\" rel=\"noreferrer noopener\">Abholung neue iNetMenue-Chips: Nach Anmeldung zum iNetMenue k\u00f6nnen die Chips i.d.R. am Folgetag im Sekretariat abgeholt werden<\/a><\/h3>\n\n\n\n<h3 class=\"wp-block-heading has-text-align-center info-banner\"><a href=\"https:\/\/schubart-gymnasium.eu\/wp-content\/uploads\/2025\/07\/Informationen-zur-Mensa.pdf\" target=\"_blank\" rel=\"noreferrer noopener\">Informationen zur Mensa<\/a><\/h3>\n\n\n\n<h3 class=\"wp-block-heading has-text-align-center info-banner\"><a href=\"https:\/\/schubart-gymnasium.eu\/wp-content\/uploads\/2024\/09\/2024.08.08-Elterninformationsschreiben-zur-Preiserhoehung-zum-SJ-24-25.pdf\" target=\"_blank\" rel=\"noreferrer noopener\">Elterninformation zur Preiserh\u00f6hung zum SJ 24-25<\/a><\/h3>\n\n\n\n<h3 class=\"wp-block-heading has-text-align-center info-banner\"><a href=\"https:\/\/schubartgym-ulm.inetmenue.de\" target=\"_blank\" rel=\"noreferrer noopener\">R\u00fcckgabe der alten WebMen\u00fc-Chips: im Sekretariat m\u00f6glich<\/a><\/h3>\n\n\n\n<h3 class=\"wp-block-heading has-text-align-center info-banner\"><a href=\"https:\/\/schubart-gymnasium.eu\/wp-content\/uploads\/2025\/09\/Snack_Angebot_Mensa_0925.pdf\" target=\"_blank\" rel=\"noreferrer noopener\">Snack-Angebot der Mensa<\/a><\/h3>\n\n\n<div class=\"wp-block-image\">\n<figure class=\"aligncenter size-large\"><img loading=\"lazy\" decoding=\"async\" width=\"800\" height=\"535\" src=\"http:\/\/info.sgu.ul.bw.schule.de\/wp-content\/uploads\/2020\/02\/mensa-1.jpg\" alt=\"Mensa des SGU\" class=\"wp-image-292\" srcset=\"https:\/\/schubart-gymnasium.eu\/wp-content\/uploads\/2020\/02\/mensa-1.jpg 800w, https:\/\/schubart-gymnasium.eu\/wp-content\/uploads\/2020\/02\/mensa-1-300x201.jpg 300w, https:\/\/schubart-gymnasium.eu\/wp-content\/uploads\/2020\/02\/mensa-1-768x514.jpg 768w\" sizes=\"auto, (max-width: 800px) 100vw, 800px\" \/><figcaption class=\"wp-element-caption\">Die Mensa in der alten Schwimmhalle des Schubart-Gymnasium Ulm.<\/figcaption><\/figure>\n<\/div>","protected":false},"excerpt":{"rendered":"<p>Infobrief Restabwicklung WebMen\u00fc zum 31.12.2025 Pfand R\u00fcck\u00fcberweisung aus WebMen\u00fc Informationen zur iNetMenue-Anmeldung Abholung neue iNetMenue-Chips: Nach Anmeldung zum iNetMenue k\u00f6nnen die Chips i.d.R. am Folgetag im Sekretariat abgeholt werden Informationen zur Mensa Elterninformation zur Preiserh\u00f6hung zum SJ 24-25 R\u00fcckgabe der alten WebMen\u00fc-Chips: im Sekretariat m\u00f6glich Snack-Angebot der Mensa<\/p>\n","protected":false},"author":1,"featured_media":0,"parent":234,"menu_order":10,"comment_status":"closed","ping_status":"closed","template":"","meta":{"footnotes":""},"class_list":["post-250","page","type-page","status-publish","hentry"],"_links":{"self":[{"href":"https:\/\/schubart-gymnasium.eu\/index.php\/wp-json\/wp\/v2\/pages\/250","targetHints":{"allow":["GET"]}}],"collection":[{"href":"https:\/\/schubart-gymnasium.eu\/index.php\/wp-json\/wp\/v2\/pages"}],"about":[{"href":"https:\/\/schubart-gymnasium.eu\/index.php\/wp-json\/wp\/v2\/types\/page"}],"author":[{"embeddable":true,"href":"https:\/\/schubart-gymnasium.eu\/index.php\/wp-json\/wp\/v2\/users\/1"}],"replies":[{"embeddable":true,"href":"https:\/\/schubart-gymnasium.eu\/index.php\/wp-json\/wp\/v2\/comments?post=250"}],"version-history":[{"count":29,"href":"https:\/\/schubart-gymnasium.eu\/index.php\/wp-json\/wp\/v2\/pages\/250\/revisions"}],"predecessor-version":[{"id":4367,"href":"https:\/\/schubart-gymnasium.eu\/index.php\/wp-json\/wp\/v2\/pages\/250\/revisions\/4367"}],"up":[{"embeddable":true,"href":"https:\/\/schubart-gymnasium.eu\/index.php\/wp-json\/wp\/v2\/pages\/234"}],"wp:attachment":[{"href":"https:\/\/schubart-gymnasium.eu\/index.php\/wp-json\/wp\/v2\/media?parent=250"}],"curies":[{"name":"wp","href":"https:\/\/api.w.org\/{rel}","templated":true}]}}