{"id":245,"date":"2020-02-12T14:12:03","date_gmt":"2020-02-12T13:12:03","guid":{"rendered":"http:\/\/10.22.21.125\/?page_id=245"},"modified":"2026-01-14T08:57:23","modified_gmt":"2026-01-14T07:57:23","slug":"sekretariat","status":"publish","type":"page","link":"https:\/\/schubart-gymnasium.eu\/index.php\/startseite\/wir\/sekretariat\/","title":{"rendered":"Sekretariat"},"content":{"rendered":"\n<div class=\"wp-block-columns is-layout-flex wp-container-core-columns-is-layout-9d6595d7 wp-block-columns-is-layout-flex\">\n<div class=\"wp-block-column is-layout-flow wp-block-column-is-layout-flow\">\n<h2 class=\"wp-block-heading has-text-align-left\">Frau Sannwald<\/h2>\n\n\n\n<p class=\"has-text-align-left\"><img loading=\"lazy\" decoding=\"async\" width=\"150\" height=\"150\" class=\"wp-image-1197\" style=\"width: 150px;\" src=\"https:\/\/sgu.ulm.schule\/wp-content\/uploads\/2021\/08\/Sannwald.png\" alt=\"\" srcset=\"https:\/\/schubart-gymnasium.eu\/wp-content\/uploads\/2021\/08\/Sannwald.png 512w, https:\/\/schubart-gymnasium.eu\/wp-content\/uploads\/2021\/08\/Sannwald-300x300.png 300w, https:\/\/schubart-gymnasium.eu\/wp-content\/uploads\/2021\/08\/Sannwald-150x150.png 150w\" sizes=\"auto, (max-width: 150px) 100vw, 150px\" \/> <\/p>\n\n\n\n<p><strong>Kontakt<\/strong><\/p>\n\n\n\n<p>Tel. <a href=\"tel:(0731) 161-3692\">(0731) 161-3692<\/a><br>Fax. <a href=\"tel:(0731) 161-1659\">(0731) 161-1659<\/a><br>E-Mail <a href=\"mailto:schubart-gym@ulm.de\">schubart-gym@ulm.de<\/a><\/p>\n\n\n\n<p><strong>Erreichbar<\/strong><br>Montag bis Donnerstag:<br>7.00 &#8211; 15.00 Uhr<br><br>Freitag:<br>7.00 bis 12.00 Uhr.<\/p>\n<\/div>\n\n\n\n<div class=\"wp-block-column is-layout-flow wp-block-column-is-layout-flow\">\n<h2 class=\"wp-block-heading has-text-align-left\">Frau Witzler<\/h2>\n\n\n\n<p class=\"has-text-align-left\"> <img loading=\"lazy\" decoding=\"async\" width=\"126\" height=\"170\" class=\"wp-image-2375\" style=\"width: 126px;\" src=\"https:\/\/schubart-gymnasium.eu\/wp-content\/uploads\/2022\/11\/Fr_Witzler.jpg\" alt=\"\" srcset=\"https:\/\/schubart-gymnasium.eu\/wp-content\/uploads\/2022\/11\/Fr_Witzler.jpg 654w, https:\/\/schubart-gymnasium.eu\/wp-content\/uploads\/2022\/11\/Fr_Witzler-223x300.jpg 223w\" sizes=\"auto, (max-width: 126px) 100vw, 126px\" \/><\/p>\n\n\n\n<p><strong>Kontakt<\/strong><\/p>\n\n\n\n<p>Tel. <a href=\"tel:(0731) 161-3691\">(0731) 161-3691<\/a><br>Fax. <a href=\"tel:(0731) 161-1659\">(0731) 161-1659<\/a><br>E-Mail <a href=\"mailto:schubart-gym@ulm.de\">schubart-gym@ulm.de<\/a><\/p>\n\n\n\n<p><strong>Erreichbar<\/strong><br>Dienstag bis Freitag:<br>8.30 &#8211; 11.30 Uhr<\/p>\n<\/div>\n\n\n\n<div class=\"wp-block-column is-layout-flow wp-block-column-is-layout-flow\">\n<h2 class=\"wp-block-heading\">Wichtige Informationen<\/h2>\n\n\n\n<p class=\"has-text-align-left\"><strong><a href=\"https:\/\/schubart-gymnasium.eu\/wp-content\/uploads\/2025\/12\/Aufnahmeantrag-2026_2027-Klasse-5.pdf\" data-type=\"attachment\" data-id=\"4222\" target=\"_blank\" rel=\"noreferrer noopener\">Aufnahmeantrag Klasse 5<\/a><\/strong><\/p>\n\n\n\n<p class=\"has-text-align-left\"><strong><a href=\"https:\/\/schubart-gymnasium.eu\/wp-content\/uploads\/2023\/09\/Aufnahmeantrag-2023-ab-Kl.6.pdf\">Aufnahmeantrag ab Klasse 6<\/a><\/strong><\/p>\n\n\n\n<p><strong><a href=\"https:\/\/schubart-gymnasium.eu\/wp-content\/uploads\/2026\/01\/Flyer-2026_NEU_.pdf\" data-type=\"attachment\" data-id=\"4223\" target=\"_blank\" rel=\"noreferrer noopener\">Elterninformationen neue Klasse 5<\/a><\/strong> (Infoflyer)<\/p>\n\n\n\n<p class=\"has-text-align-left\"><a href=\"https:\/\/sgu.ulm.schule\/wp-content\/uploads\/2021\/08\/2019-01-17_Datenschutzerklaerung-bei-Schulanmeldungen.pdf\" target=\"_blank\" rel=\"noreferrer noopener\"><strong>Informationen zur Datenverarbeitung bei Schulanmeldung<\/strong><\/a><\/p>\n\n\n\n<p><a href=\"https:\/\/schubart-gymnasium.eu\/wp-content\/uploads\/2025\/02\/Einwilligung-EU-DSGVO.pdf\" target=\"_blank\" rel=\"noreferrer noopener\">Einwilligung EU-DSGVO<\/a><\/p>\n\n\n\n<p class=\"has-text-align-left\"><a href=\"https:\/\/schubart-gymnasium.eu\/wp-content\/uploads\/2025\/04\/Elternbrief-Schuelermonatskarten-SJ-2025-2026.pdf\" target=\"_blank\" rel=\"noreferrer noopener\">Informationen zur Sch\u00fclerbef\u00f6rderung &#8211; Stand: 21.01.2025<\/a><\/p>\n\n\n\n<p class=\"has-text-align-left\"><strong><a href=\"https:\/\/schubart-gymnasium.eu\/index.php\/informationen-zum-entschuldigungsverfahren\/\" target=\"_blank\" rel=\"noreferrer noopener\">Entschuldigungsregelung<\/a><\/strong><\/p>\n\n\n\n<p><a href=\"https:\/\/schubart-gymnasium.eu\/index.php\/beurlaubungsverfahren\/\" data-type=\"page\" data-id=\"3313\"><strong>Beurlaubungsverfahren<\/strong><\/a><\/p>\n\n\n\n<p><a href=\"https:\/\/schubart-gymnasium.eu\/wp-content\/uploads\/2023\/09\/UKBW_Infoblatt_Schuelerinnen_und_Schueler_2023.pdf\"><strong>Infoblatt der Unfallkasse f\u00fcr Sch\u00fclerinnen und Sch\u00fcler<\/strong><\/a><\/p>\n\n\n\n<p><strong><a href=\"https:\/\/schubart-gymnasium.eu\/wp-content\/uploads\/2024\/10\/Schulkalender_25-26.pdf\" target=\"_blank\" rel=\"noreferrer noopener\">Schulkalender SJ 2025\/26<\/a><\/strong><\/p>\n\n\n\n<p><strong><a href=\"https:\/\/schubart-gymnasium.eu\/wp-content\/uploads\/2026\/01\/Schulkalender_26-27.pdf\" target=\"_blank\" rel=\"noreferrer noopener\">Schulkalender SJ 2026\/27<\/a><\/strong><\/p>\n\n\n\n<p><a href=\"https:\/\/schubart-gymnasium.eu\/wp-content\/uploads\/2024\/09\/Antrag-auf-Wechsel-von-Religion-zu-Ethik_Vorlage.pdf\" data-type=\"attachment\" data-id=\"3233\" target=\"_blank\" rel=\"noreferrer noopener\"><strong>Antrag auf Wechsel von Religion zu Ethik<\/strong><\/a><\/p>\n\n\n\n<p><strong><a href=\"https:\/\/schubart-gymnasium.eu\/wp-content\/uploads\/2025\/11\/Abmeldung-vom-SGU.pdf\" data-type=\"link\" data-id=\"https:\/\/schubart-gymnasium.eu\/wp-content\/uploads\/2023\/10\/Abmeldung-Vordruck.pdf\" target=\"_blank\" rel=\"noreferrer noopener\">Abmeldung vom SGU<\/a><\/strong><\/p>\n<\/div>\n<\/div>\n\n\n\n<p><\/p>\n","protected":false},"excerpt":{"rendered":"<p>Frau Sannwald Kontakt Tel. (0731) 161-3692Fax. (0731) 161-1659E-Mail schubart-gym@ulm.de ErreichbarMontag bis Donnerstag:7.00 &#8211; 15.00 Uhr Freitag:7.00 bis 12.00 Uhr. Frau Witzler Kontakt Tel. (0731) 161-3691Fax. (0731) 161-1659E-Mail schubart-gym@ulm.de ErreichbarDienstag bis Freitag:8.30 &#8211; 11.30 Uhr Wichtige Informationen Aufnahmeantrag Klasse 5 Aufnahmeantrag ab Klasse 6 Elterninformationen neue Klasse 5 (Infoflyer) Informationen zur Datenverarbeitung bei Schulanmeldung Einwilligung EU-DSGVO [&hellip;]<\/p>\n","protected":false},"author":1,"featured_media":0,"parent":191,"menu_order":20,"comment_status":"closed","ping_status":"closed","template":"","meta":{"footnotes":""},"class_list":["post-245","page","type-page","status-publish","hentry"],"_links":{"self":[{"href":"https:\/\/schubart-gymnasium.eu\/index.php\/wp-json\/wp\/v2\/pages\/245","targetHints":{"allow":["GET"]}}],"collection":[{"href":"https:\/\/schubart-gymnasium.eu\/index.php\/wp-json\/wp\/v2\/pages"}],"about":[{"href":"https:\/\/schubart-gymnasium.eu\/index.php\/wp-json\/wp\/v2\/types\/page"}],"author":[{"embeddable":true,"href":"https:\/\/schubart-gymnasium.eu\/index.php\/wp-json\/wp\/v2\/users\/1"}],"replies":[{"embeddable":true,"href":"https:\/\/schubart-gymnasium.eu\/index.php\/wp-json\/wp\/v2\/comments?post=245"}],"version-history":[{"count":78,"href":"https:\/\/schubart-gymnasium.eu\/index.php\/wp-json\/wp\/v2\/pages\/245\/revisions"}],"predecessor-version":[{"id":4259,"href":"https:\/\/schubart-gymnasium.eu\/index.php\/wp-json\/wp\/v2\/pages\/245\/revisions\/4259"}],"up":[{"embeddable":true,"href":"https:\/\/schubart-gymnasium.eu\/index.php\/wp-json\/wp\/v2\/pages\/191"}],"wp:attachment":[{"href":"https:\/\/schubart-gymnasium.eu\/index.php\/wp-json\/wp\/v2\/media?parent=245"}],"curies":[{"name":"wp","href":"https:\/\/api.w.org\/{rel}","templated":true}]}}