{"id":2429,"date":"2022-12-21T09:44:24","date_gmt":"2022-12-21T08:44:24","guid":{"rendered":"https:\/\/schubart-gymnasium.eu\/?page_id=2429"},"modified":"2025-11-11T10:29:16","modified_gmt":"2025-11-11T09:29:16","slug":"leitplanken-zur-digitalen-kommunikation","status":"publish","type":"page","link":"https:\/\/schubart-gymnasium.eu\/index.php\/startseite\/schule\/leitplanken-zur-digitalen-kommunikation\/","title":{"rendered":"Leitplanken zur digitalen Kommunikation"},"content":{"rendered":"<style>#sp-ea-3921 .spcollapsing { height: 0; overflow: hidden; transition-property: height;transition-duration: 300ms;}#sp-ea-3921.sp-easy-accordion>.sp-ea-single {margin-bottom: 10px; border: 1px solid #e2e2e2; }#sp-ea-3921.sp-easy-accordion>.sp-ea-single>.ea-header a {color: #444;}#sp-ea-3921.sp-easy-accordion>.sp-ea-single>.sp-collapse>.ea-body {background: #fff; color: #444;}#sp-ea-3921.sp-easy-accordion>.sp-ea-single {background: #eee;}#sp-ea-3921.sp-easy-accordion>.sp-ea-single>.ea-header a .ea-expand-icon { float: left; color: #444;font-size: 16px;}<\/style><div id=\"sp_easy_accordion-1759833033\"><div id=\"sp-ea-3921\" class=\"sp-ea-one sp-easy-accordion\" data-ea-active=\"ea-click\" data-ea-mode=\"vertical\" data-preloader=\"\" data-scroll-active-item=\"\" data-offset-to-scroll=\"0\"><div class=\"ea-card ea-expand sp-ea-single\"><h3 class=\"ea-header\"><a class=\"collapsed\" id=\"ea-header-39210\" role=\"button\" data-sptoggle=\"spcollapse\" data-sptarget=\"#collapse39210\" aria-controls=\"collapse39210\" href=\"#\" aria-expanded=\"true\" tabindex=\"0\"><i aria-hidden=\"true\" role=\"presentation\" class=\"ea-expand-icon eap-icon-ea-expand-minus\"><\/i> Homepage<\/a><\/h3><div class=\"sp-collapse spcollapse collapsed show\" id=\"collapse39210\" data-parent=\"#sp-ea-3921\" role=\"region\" aria-labelledby=\"ea-header-39210\"> <div class=\"ea-body\"><p>\u00dcber die Homepage informiert und pr\u00e4sentiert sich das Schubart-Gymnasium nach au\u00dfen in die \u00d6ffentlichkeit.<br \/>F\u00fcr diese ist die Homepage erste Anlaufstelle f\u00fcr grunds\u00e4tzliche und aktuelle Informationen \u00fcber unsere Schule.<\/p><\/div><\/div><\/div><div class=\"ea-card sp-ea-single\"><h3 class=\"ea-header\"><a class=\"collapsed\" id=\"ea-header-39211\" role=\"button\" data-sptoggle=\"spcollapse\" data-sptarget=\"#collapse39211\" aria-controls=\"collapse39211\" href=\"#\" aria-expanded=\"false\" tabindex=\"0\"><i aria-hidden=\"true\" role=\"presentation\" class=\"ea-expand-icon eap-icon-ea-expand-plus\"><\/i> Kommunikation per E-Mai<\/a><\/h3><div class=\"sp-collapse spcollapse \" id=\"collapse39211\" data-parent=\"#sp-ea-3921\" role=\"region\" aria-labelledby=\"ea-header-39211\"> <div class=\"ea-body\"><p>\u00dcber E-Mail werden l\u00e4ngere Aspekte, die kein pers\u00f6nliches Gespr\u00e4ch erfordern, ausgetauscht sowie alles, was abgespeichert werden soll.<br \/>Die Betreff-Zeile zeigt kurz und pr\u00e4gnant den Inhalt der Mail an. Grunds\u00e4tzlich wird erwartet, dass auf eine E-Mail reagiert wird. Wir bedanken uns f\u00fcr R\u00fcckmeldungen oder Antwortschreiben. Die Beantwortung einer E-Mail kann i. d. R.<br \/>bis zu drei Schultagen in Anspruch nehmen.<br \/>Die Nutzung der Dienstmail (at)schubart-ulm.de ist als Teil unserer Arbeit am Schubart-Gymnasium verpflichtend. Lehrkr\u00e4fte pr\u00fcfen daher an jedem Schultag ihren Maileingang.<\/p><\/div><\/div><\/div><div class=\"ea-card sp-ea-single\"><h3 class=\"ea-header\"><a class=\"collapsed\" id=\"ea-header-39212\" role=\"button\" data-sptoggle=\"spcollapse\" data-sptarget=\"#collapse39212\" aria-controls=\"collapse39212\" href=\"#\" aria-expanded=\"false\" tabindex=\"0\"><i aria-hidden=\"true\" role=\"presentation\" class=\"ea-expand-icon eap-icon-ea-expand-plus\"><\/i> Kommunikation per Messenger (IServ)<\/a><\/h3><div class=\"sp-collapse spcollapse \" id=\"collapse39212\" data-parent=\"#sp-ea-3921\" role=\"region\" aria-labelledby=\"ea-header-39212\"> <div class=\"ea-body\"><p>Der IServ-Messenger dient dem dringenden, zielgerichteten und kurzfristigen Austausch zwischen verschiedenen Gruppen, z. B. Mitteilungsbuch des Kollegiums, Ank\u00fcndigungen an die Schulgemeinschaft, Klassen, Lerngruppen, SMV,<br \/>Fachschaften usw. Das Mitteilungsbuch dient vorrangig der Mitteilung relevanter Aspekte, die das ganze Kollegium betreffen.<br \/>Auch f\u00fcr wichtige kurzfristige Hinweise von der Schulleitung und\/oder dem Vertretungsplaner-Team wird der Messenger genutzt.<br \/>Der Messenger ist ausdr\u00fccklich nicht f\u00fcr die Kommunikation zwischen Lehrkr\u00e4ften und Eltern gedacht.<br \/>Lehrkr\u00e4fte bestimmen \u00fcber die Kommunikation mit Sch\u00fclerinnen und Sch\u00fclern. SuS k\u00f6nnen LuL in den Klassenchats um das \u00d6ffnen eines privaten messenger-Kanals bitten.<br \/>Jede Kommunikation auf Sch\u00fclerseite ist f\u00fcr die jeweilige Lehrkraft einsehbar, Kommunikation der SuS untereinander ist ohne Einblick der Lehrkraft technisch nicht m\u00f6glich.<br \/>Dieser Messenger ist kein Kanal f\u00fcr spontane, informelle \u00c4u\u00dferungen und\/oder Kommentare und i. d. R. nur zu \u00fcblichen Arbeitszeiten (werktags 7:00 - 18:00 Uhr) zu bedienen und nicht gleichzusetzen mit den Gepflogenheiten der privaten Nutzung \u00fcber WhatsApp usw.<br \/>Eine Ausnahme w\u00e4re z. B.: Wegen Krankheit kann eine f\u00fcr Montagmorgen geplante GFS nicht gehalten werden. Dann kann die betreffende Lehrkraft selbstverst\u00e4ndlich auch am Sonntag kurz informiert werden.<br \/>Die Nutzung des Messenger unterliegt der allgemeinen Handy-Regelung am Schubart-Gymnasium.<br \/>Auf den Messenger kann auch \u00fcber einen PC\/Laptop zugegriffen werden.<\/p><\/div><\/div><\/div><div class=\"ea-card sp-ea-single\"><h3 class=\"ea-header\"><a class=\"collapsed\" id=\"ea-header-39213\" role=\"button\" data-sptoggle=\"spcollapse\" data-sptarget=\"#collapse39213\" aria-controls=\"collapse39213\" href=\"#\" aria-expanded=\"false\" tabindex=\"0\"><i aria-hidden=\"true\" role=\"presentation\" class=\"ea-expand-icon eap-icon-ea-expand-plus\"><\/i> Stunden- und Vertretungsplan digital<\/a><\/h3><div class=\"sp-collapse spcollapse \" id=\"collapse39213\" data-parent=\"#sp-ea-3921\" role=\"region\" aria-labelledby=\"ea-header-39213\"> <div class=\"ea-body\"><p>Innerhalb der Schule sind die Informationen zu Vertretungen und Stundenplan\u00e4nderungen auf dem Display im Foyer ma\u00dfgeblich.<br \/>Sch\u00fclerinnen und Sch\u00fcler pr\u00fcfen den Stundenplan auf m\u00f6gliche \u00c4nderungen t\u00e4glich bis 17 Uhr.<br \/>Die Nutzung der WebUntis-App f\u00fcr den Stundenplan ist ein freiwilliges, zus\u00e4tzliches Angebot. F\u00fcr die Nutzung der App sind die Handy-Regelungen am Schubart zu beachten. Der Stundenplan wird ebenso \u00fcber IServ angezeigt - leider ist dieses Angebot optisch nicht so ansprechend aufbereitet. IServ arbeitet an einem angepassten Modul.<\/p><\/div><\/div><\/div><div class=\"ea-card sp-ea-single\"><h3 class=\"ea-header\"><a class=\"collapsed\" id=\"ea-header-39214\" role=\"button\" data-sptoggle=\"spcollapse\" data-sptarget=\"#collapse39214\" aria-controls=\"collapse39214\" href=\"#\" aria-expanded=\"false\" tabindex=\"0\"><i aria-hidden=\"true\" role=\"presentation\" class=\"ea-expand-icon eap-icon-ea-expand-plus\"><\/i> Krankmeldungen und Entschuldigungen<\/a><\/h3><div class=\"sp-collapse spcollapse \" id=\"collapse39214\" data-parent=\"#sp-ea-3921\" role=\"region\" aria-labelledby=\"ea-header-39214\"> <div class=\"ea-body\"><p>Krankmeldungen werden nach M\u00f6glichkeit sofort \u00fcber die online-Krankmeldung per IServ gemeldet. Geben Sie an, wie lange Ihr Kind voraussichtlich krank sein wird - wir freuen uns wenn die Genesung fr\u00fcher eintritt. Dauerts l\u00e4nger, melden Sie bitte erneut eine Abwesenheit. Der Status \"unentschuldigt\" in der IServ-App zeigt an, dass Ihre Krankmeldung\/ Bitte um Entschuldigung eingegangen, aber noch nicht durch die zust\u00e4ndige Lehrkraft bearbeitet worden ist.<br \/>Mit der Onlinekrankmeldung kann sofort eine unterschriebene schriftliche Entschuldigung mit eingereicht werden. Der Text der Onlinekrankmeldung alleine kann seit Feb. 2025 als Entschuldigung akzeptiert werden.<br \/>Die verbindlichen Fristen f\u00fcr Entschuldigungen sind Eltern, Sch\u00fclern und Lehrkr\u00e4ften bekannt und \u00fcber unsere Homepage abrufbar.<br \/>Beurlaubungsantr\u00e4ge m\u00fcssen immer rechtzeitig vor der Fehlzeit eingereicht werden. Dies gen\u00fcgt formlos per mail oder Schreiben.<\/p><\/div><\/div><\/div><div class=\"ea-card sp-ea-single\"><h3 class=\"ea-header\"><a class=\"collapsed\" id=\"ea-header-39215\" role=\"button\" data-sptoggle=\"spcollapse\" data-sptarget=\"#collapse39215\" aria-controls=\"collapse39215\" href=\"#\" aria-expanded=\"false\" tabindex=\"0\"><i aria-hidden=\"true\" role=\"presentation\" class=\"ea-expand-icon eap-icon-ea-expand-plus\"><\/i> Kommunikation allgemein<\/a><\/h3><div class=\"sp-collapse spcollapse \" id=\"collapse39215\" data-parent=\"#sp-ea-3921\" role=\"region\" aria-labelledby=\"ea-header-39215\"> <div class=\"ea-body\"><p>Die Nutzung von WhatsApp oder anderen nicht DSGVO-konformen Messenger-Diensten ist im schulischen Kontext nicht gestattet.<br \/>Komplexe Themen (Noten, Versetzung, pers\u00f6nliche Problemlagen usw.) werden impers\u00f6nlichen Gespr\u00e4ch nach einer Terminvereinbarung besprochen.<br \/>Weniger komplexe Themen, die \u00fcber pure Information hinausgehen und einenAustausch erfordern, werden nach M\u00f6glichkeit ebenfalls im pers\u00f6nlichen Gespr\u00e4ch z.B. im Klassenzimmer, im Lehrerzimmer, im Rektorat oder per Telefongespr\u00e4ch ausgetauscht.<\/p><\/div><\/div><\/div><\/div><\/div>\n\n\n\n<p><\/p>\n","protected":false},"excerpt":{"rendered":"","protected":false},"author":1,"featured_media":0,"parent":192,"menu_order":77,"comment_status":"closed","ping_status":"closed","template":"","meta":{"footnotes":""},"class_list":["post-2429","page","type-page","status-publish","hentry"],"_links":{"self":[{"href":"https:\/\/schubart-gymnasium.eu\/index.php\/wp-json\/wp\/v2\/pages\/2429","targetHints":{"allow":["GET"]}}],"collection":[{"href":"https:\/\/schubart-gymnasium.eu\/index.php\/wp-json\/wp\/v2\/pages"}],"about":[{"href":"https:\/\/schubart-gymnasium.eu\/index.php\/wp-json\/wp\/v2\/types\/page"}],"author":[{"embeddable":true,"href":"https:\/\/schubart-gymnasium.eu\/index.php\/wp-json\/wp\/v2\/users\/1"}],"replies":[{"embeddable":true,"href":"https:\/\/schubart-gymnasium.eu\/index.php\/wp-json\/wp\/v2\/comments?post=2429"}],"version-history":[{"count":2,"href":"https:\/\/schubart-gymnasium.eu\/index.php\/wp-json\/wp\/v2\/pages\/2429\/revisions"}],"predecessor-version":[{"id":3965,"href":"https:\/\/schubart-gymnasium.eu\/index.php\/wp-json\/wp\/v2\/pages\/2429\/revisions\/3965"}],"up":[{"embeddable":true,"href":"https:\/\/schubart-gymnasium.eu\/index.php\/wp-json\/wp\/v2\/pages\/192"}],"wp:attachment":[{"href":"https:\/\/schubart-gymnasium.eu\/index.php\/wp-json\/wp\/v2\/media?parent=2429"}],"curies":[{"name":"wp","href":"https:\/\/api.w.org\/{rel}","templated":true}]}}