{"id":241,"date":"2020-02-12T14:10:57","date_gmt":"2020-02-12T13:10:57","guid":{"rendered":"http:\/\/10.22.21.125\/?page_id=241"},"modified":"2025-09-12T13:51:46","modified_gmt":"2025-09-12T11:51:46","slug":"hausaufgabenbetreuung","status":"publish","type":"page","link":"https:\/\/schubart-gymnasium.eu\/index.php\/startseite\/angebote\/hausaufgabenbetreuung\/","title":{"rendered":"Hausaufgabenbetreuung Schuljahr 25-26"},"content":{"rendered":"\n<p>Liebe Eltern,<br>im Schuljahr 25\/26 wird wieder Hausaufgabenbetreuung f\u00fcr die Jahrg\u00e4nge f\u00fcnf, sechs<br>und sieben angeboten.<br>Eckdaten:<\/p>\n\n\n\n<ul class=\"wp-block-list\">\n<li>Zeit: Montag, Dienstag, Mittwoch, Donnerstag von 13:45 Uhr bis 15:15 Uhr<\/li>\n\n\n\n<li>Ort: Raum 411<\/li>\n\n\n\n<li>Betreuung: es werden eine Lehrkraft und ein bis zwei betreuende<br>Oberstufensch\u00fclerinnen oder -sch\u00fcler anwesend sein.<\/li>\n\n\n\n<li>Ablauf: Es besteht Anwesenheitspflicht. Es sollen Hausaufgaben und andere<br>schulische Aufgaben erledigt werden. Sollten an einem Tag zu wenig<br>Hausaufgaben vorhanden sein, wird es ein Sport- und Spielangebot geben.<\/li>\n\n\n\n<li>Startzeitpunkt: Montag, 13.10.2025<\/li>\n\n\n\n<li>Anmeldung: Sie k\u00f6nnen Ihr Kind an jedem Tag der Hausaufgabenbetreuung<br>anmelden, je nach Bedarf und Nachmittagsunterricht. Die Anmeldung ist<br>verbindlich, ein Fehlen bei der Hausaufgabenbetreuung muss entschuldigt<br>werden (\u00fcber die Klassenlehrkraft). Zum Halbjahr kann abgemeldet oder neu<br>angemeldet werden. Sie k\u00f6nnen Ihr Kind jeden Tag bis 14:30 Uhr oder bis 15:15<br>Uhr anmelden.<\/li>\n\n\n\n<li>Die Anmeldung erfolgt \u00fcber E-Mail. Bitte geben Sie an:\n<ul class=\"wp-block-list\">\n<li>Name und Klasse des Kindes<\/li>\n\n\n\n<li>Tage und Zeiten, an denen es an der HA-Betreuung teilnehmen soll.<\/li>\n\n\n\n<li><em>Z.B.: Mia Musterfrau, 5d, montags bis 14:30 Uhr, mittwochs bis 15:15 Uhr<\/em><\/li>\n\n\n\n<li>Schreiben Sie die Mail <strong>bis zum 02.10.25<\/strong> an:<br><a href=\"mailto:hausaufgabenbetreuung@schubart-ulm.de\">hausaufgabenbetreuung@schubart-ulm.de<\/a><\/li>\n<\/ul>\n<\/li>\n<\/ul>\n\n\n\n<p>Die Hausaufgabenbetreuung stellt eine Strukturierungshilfe f\u00fcr Sch\u00fclerinnen und<br>Sch\u00fcler dar, die Schwierigkeiten haben, sich selbst zu organisieren und\/oder deren<br>Eltern am Nachmittag nicht zu Hause sind.<\/p>\n\n\n\n<p><strong>Die Betreuung wird nur bei ausreichenden Anmeldezahlen angeboten.<\/strong><\/p>\n\n\n\n<p>Lydia Peters, Schubart-Gymnasium Ulm<\/p>\n\n\n\n<p><\/p>\n","protected":false},"excerpt":{"rendered":"<p>Liebe Eltern,im Schuljahr 25\/26 wird wieder Hausaufgabenbetreuung f\u00fcr die Jahrg\u00e4nge f\u00fcnf, sechsund sieben angeboten.Eckdaten: Die Hausaufgabenbetreuung stellt eine Strukturierungshilfe f\u00fcr Sch\u00fclerinnen undSch\u00fcler dar, die Schwierigkeiten haben, sich selbst zu organisieren und\/oder derenEltern am Nachmittag nicht zu Hause sind. Die Betreuung wird nur bei ausreichenden Anmeldezahlen angeboten. Lydia Peters, Schubart-Gymnasium Ulm<\/p>\n","protected":false},"author":1,"featured_media":0,"parent":234,"menu_order":40,"comment_status":"closed","ping_status":"closed","template":"","meta":{"footnotes":""},"class_list":["post-241","page","type-page","status-publish","hentry"],"_links":{"self":[{"href":"https:\/\/schubart-gymnasium.eu\/index.php\/wp-json\/wp\/v2\/pages\/241","targetHints":{"allow":["GET"]}}],"collection":[{"href":"https:\/\/schubart-gymnasium.eu\/index.php\/wp-json\/wp\/v2\/pages"}],"about":[{"href":"https:\/\/schubart-gymnasium.eu\/index.php\/wp-json\/wp\/v2\/types\/page"}],"author":[{"embeddable":true,"href":"https:\/\/schubart-gymnasium.eu\/index.php\/wp-json\/wp\/v2\/users\/1"}],"replies":[{"embeddable":true,"href":"https:\/\/schubart-gymnasium.eu\/index.php\/wp-json\/wp\/v2\/comments?post=241"}],"version-history":[{"count":15,"href":"https:\/\/schubart-gymnasium.eu\/index.php\/wp-json\/wp\/v2\/pages\/241\/revisions"}],"predecessor-version":[{"id":3867,"href":"https:\/\/schubart-gymnasium.eu\/index.php\/wp-json\/wp\/v2\/pages\/241\/revisions\/3867"}],"up":[{"embeddable":true,"href":"https:\/\/schubart-gymnasium.eu\/index.php\/wp-json\/wp\/v2\/pages\/234"}],"wp:attachment":[{"href":"https:\/\/schubart-gymnasium.eu\/index.php\/wp-json\/wp\/v2\/media?parent=241"}],"curies":[{"name":"wp","href":"https:\/\/api.w.org\/{rel}","templated":true}]}}