{"id":239,"date":"2020-02-12T14:10:41","date_gmt":"2020-02-12T13:10:41","guid":{"rendered":"http:\/\/10.22.21.125\/?page_id=239"},"modified":"2023-09-06T13:22:50","modified_gmt":"2023-09-06T11:22:50","slug":"hausordnung","status":"publish","type":"page","link":"https:\/\/schubart-gymnasium.eu\/index.php\/startseite\/schule\/hausordnung\/","title":{"rendered":"Hausordnung"},"content":{"rendered":"\n<p>Diese Hausordnung soll ein gedeihliches Miteinander aller am Schulleben Beteiligten f\u00f6rdern. Sie soll vor Gefahren sch\u00fctzen, eine erfolgreiche Arbeit erm\u00f6glichen und die Einrichtungen der Schule erhalten. Grundlagen unseres Zusammenlebens sind gegen-seitige Achtung und Respekt.<\/p>\n\n\n\n<ol class=\"wp-block-list\">\n<li>Alle helfen mit, dass das Schulgeb\u00e4ude ordentlich aussieht und nichts beschmutzt oder besch\u00e4digt wird. Sch\u00fcler*innen d\u00fcrfen sich nicht ohne die Aufsicht einer Lehrkraft in Fachr\u00e4umen aufhalten. Diese werden nach jeder Stunde abgeschlossen, die \u00fcbrigen Klassenr\u00e4ume nach der zweiten und vierten Unterrichtsstunde sowie nach Unterrichtsende. In allen Unterrichtsr\u00e4umen wird nach dem t\u00e4glichen Unterrichtsschluss aufgestuhlt und gekehrt. Festgestellte Sch\u00e4den oder Verschmutzungen werden unverz\u00fcglich der Fach- bzw. Klassenlehrkraft gemeldet.<\/li>\n\n\n\n<li>Niemand darf durch sein Verhalten auf dem Schulgel\u00e4nde und im Schulgeb\u00e4ude den Unterricht st\u00f6ren oder andere bel\u00e4stigen oder gef\u00e4hrden. Insbesondere ist im Winter das Schneeballwerfen verboten.<\/li>\n\n\n\n<li>Im Schulgeb\u00e4ude und auf dem Schulgel\u00e4nde sind Mobiltelefone und sonstige digitale Speichermedien, die nicht zu Unterrichtszwecken verwendet werden, auszuschalten. Das Foyer im Erdgeschoss ist der Bereich, in dem von Sch\u00fclerinnen und Sch\u00fclern das Handy genutzt werden darf.<\/li>\n\n\n\n<li>Alle Sch\u00fcler*innen haben nach R\u00fccksprache mit einer Lehrkraft die M\u00f6glichkeit, in dringenden F\u00e4llen Angeh\u00f6rige \u00fcber ihr Handy (Telefonat oder Kurznachricht) zu informieren.<\/li>\n\n\n\n<li>Es ist untersagt, ohne Einverst\u00e4ndnis in der Schule Fotos, Ton- und Filmaufnahmen mit dem Handy und\/oder sonstigen digitalen Speichermedien zu machen, diese Aufnahmen auszutauschen bzw. weiter zu verbreiten. Dies stellt eine Verletzung des Pers\u00f6nlichkeitsrechtes dar und kann zum vor\u00fcbergehenden Einzug des Ger\u00e4tes oder gar zur Anzeige bei der Polizei gebracht werden. Wir alle respektieren immer die W\u00fcrde des anderen, insbesondere bei der Nutzung sozialer Medien.<\/li>\n\n\n\n<li>Beim Gongzeichen m\u00fcssen die Sch\u00fclerinnen vor bzw. in ihren Unterrichtsr\u00e4umen sein. Kommt eine Lehrkraft nicht rechtzeitig zum Unterricht, meldet dies die\/der Klassensprecherin nach 5 Minuten (Lehrerzimmer, Stundenplanzimmer, Sekretariat).<\/li>\n\n\n\n<li>In den gro\u00dfen Pausen verlassen die Sch\u00fcler*innen die Unterrichtsr\u00e4ume und halten sich in den Pausenbereichen auf (siehe Plan Schulgel\u00e4nde\/erweiterter Pausenbereich).<\/li>\n\n\n\n<li>Kaugummikauen und Rauchen sind auf dem Schulgel\u00e4nde verboten, ebenso das Mitf\u00fchren bzw. Konsumieren von alkoholischen Getr\u00e4nken. Ausnahmen bed\u00fcrfen der Genehmigung durch die Schulleitung.<\/li>\n\n\n\n<li>Sch\u00fclerinnen, die das Schulgel\u00e4nde verlassen, unterliegen nicht der Aufsicht der Schule.<\/li>\n\n\n\n<li>Jeder Unfall auf dem Schulgel\u00e4nde muss unverz\u00fcglich im Sekretariat gemeldet werden. Bei Alarm sind die Alarmpl\u00e4ne einzuhalten.<\/li>\n\n\n\n<li>Gr\u00f6\u00dfere Geldbetr\u00e4ge oder Wertgegenst\u00e4nde sollen nicht in die Schule mitgebracht werden. F\u00fcr abhanden gekommene oder besch\u00e4digte Gegenst\u00e4nde haften weder die Schule noch die Stadt Ulm.<\/li>\n\n\n\n<li>Fahrr\u00e4der, andere Fahrzeuge und Pkw (vormittags nur mit g\u00fcltiger Parkerlaubnis) sollen ausschlie\u00dflich auf den daf\u00fcr vorgesehenen Pl\u00e4tzen abgestellt wer-den. Die Eing\u00e4nge m\u00fcssen als Fluchtwege frei bleiben.<\/li>\n<\/ol>\n\n\n\n<p>Weitere Einzelheiten sind in der Aufsichts- und Pausenregelung am SGU dokumentiert.<\/p>\n\n\n\n<p>G\u00fcltig ab November 2022<\/p>\n","protected":false},"excerpt":{"rendered":"<p>Diese Hausordnung soll ein gedeihliches Miteinander aller am Schulleben Beteiligten f\u00f6rdern. Sie soll vor Gefahren sch\u00fctzen, eine erfolgreiche Arbeit erm\u00f6glichen und die Einrichtungen der Schule erhalten. Grundlagen unseres Zusammenlebens sind gegen-seitige Achtung und Respekt. Weitere Einzelheiten sind in der Aufsichts- und Pausenregelung am SGU dokumentiert. G\u00fcltig ab November 2022<\/p>\n","protected":false},"author":1,"featured_media":0,"parent":192,"menu_order":90,"comment_status":"closed","ping_status":"closed","template":"","meta":{"footnotes":""},"class_list":["post-239","page","type-page","status-publish","hentry"],"_links":{"self":[{"href":"https:\/\/schubart-gymnasium.eu\/index.php\/wp-json\/wp\/v2\/pages\/239","targetHints":{"allow":["GET"]}}],"collection":[{"href":"https:\/\/schubart-gymnasium.eu\/index.php\/wp-json\/wp\/v2\/pages"}],"about":[{"href":"https:\/\/schubart-gymnasium.eu\/index.php\/wp-json\/wp\/v2\/types\/page"}],"author":[{"embeddable":true,"href":"https:\/\/schubart-gymnasium.eu\/index.php\/wp-json\/wp\/v2\/users\/1"}],"replies":[{"embeddable":true,"href":"https:\/\/schubart-gymnasium.eu\/index.php\/wp-json\/wp\/v2\/comments?post=239"}],"version-history":[{"count":3,"href":"https:\/\/schubart-gymnasium.eu\/index.php\/wp-json\/wp\/v2\/pages\/239\/revisions"}],"predecessor-version":[{"id":2820,"href":"https:\/\/schubart-gymnasium.eu\/index.php\/wp-json\/wp\/v2\/pages\/239\/revisions\/2820"}],"up":[{"embeddable":true,"href":"https:\/\/schubart-gymnasium.eu\/index.php\/wp-json\/wp\/v2\/pages\/192"}],"wp:attachment":[{"href":"https:\/\/schubart-gymnasium.eu\/index.php\/wp-json\/wp\/v2\/media?parent=239"}],"curies":[{"name":"wp","href":"https:\/\/api.w.org\/{rel}","templated":true}]}}