{"id":228,"date":"2020-02-12T14:09:23","date_gmt":"2020-02-12T13:09:23","guid":{"rendered":"http:\/\/10.22.21.125\/?page_id=228"},"modified":"2025-12-15T08:52:09","modified_gmt":"2025-12-15T07:52:09","slug":"praevention","status":"publish","type":"page","link":"https:\/\/schubart-gymnasium.eu\/index.php\/startseite\/unterricht\/praevention\/","title":{"rendered":"Pr\u00e4vention"},"content":{"rendered":"\n<p>Im Rahmen der Pr\u00e4ventionsarbeit am Schubart-Gymnasium wird Folgendes angeboten:<\/p>\n\n\n\n<h3 class=\"wp-block-heading\">M\u00f6gliche Elternabende<\/h3>\n\n\n\n<ul class=\"wp-block-list\">\n<li>Mediengefahren<\/li>\n\n\n\n<li>Suchterkrankungen<\/li>\n<\/ul>\n\n\n\n<h3 class=\"wp-block-heading\">Sch\u00fclerveranstaltungen<\/h3>\n\n\n\n<p>Klasse 5 \u2013 Medien<br>Klasse 6 \u2013 Gewaltpr\u00e4vention, Sparda Surf Day: Sicherheit im Internet , Katastrophenschutztag<br>Klasse 7 \u2013 Medien \u2013 Social Media<br>Klasse 8 \u2013 Drogen und Sichterkrankungen<br>Klasse 9 \u2013 Zivilcourage<br>Klasse 10 \u2013 Pr\u00e4vention vor sexualisierter Gewalt<br>JS1 \u2013 Fahrsicherheit f\u00fcr Fahranf\u00e4nger<\/p>\n\n\n\n<p>Besonderheiten: Kooperationspartner sind: Polizei Ulm, Caritas, Drogenhilfe und Universit\u00e4t Ulm Im Laufe des Schuljahres findet ein &#8222;Blaulichttag&#8220; zum Thema Katastrophenschutz und Bev\u00f6lkerungsschutz in Zusammenarbeit mit Rettungsdiensten und Hilfsorganisationen statt. Das Schubart ist Teil der IMPROVA Studie der Uni Ulm \u00a0&#8211; Thema: F\u00f6rderung der psychischen Gesundheit von Jugendlichen in Europa \u00a0(Link: <a href=\"http:\/\/improva-project.eu\" target=\"_blank\" rel=\"noreferrer noopener\">improva-project.eu<\/a>)<\/p>\n","protected":false},"excerpt":{"rendered":"<p>Im Rahmen der Pr\u00e4ventionsarbeit am Schubart-Gymnasium wird Folgendes angeboten: M\u00f6gliche Elternabende Sch\u00fclerveranstaltungen Klasse 5 \u2013 MedienKlasse 6 \u2013 Gewaltpr\u00e4vention, Sparda Surf Day: Sicherheit im Internet , KatastrophenschutztagKlasse 7 \u2013 Medien \u2013 Social MediaKlasse 8 \u2013 Drogen und SichterkrankungenKlasse 9 \u2013 ZivilcourageKlasse 10 \u2013 Pr\u00e4vention vor sexualisierter GewaltJS1 \u2013 Fahrsicherheit f\u00fcr Fahranf\u00e4nger Besonderheiten: Kooperationspartner sind: Polizei [&hellip;]<\/p>\n","protected":false},"author":1,"featured_media":0,"parent":205,"menu_order":60,"comment_status":"closed","ping_status":"closed","template":"","meta":{"footnotes":""},"class_list":["post-228","page","type-page","status-publish","hentry"],"_links":{"self":[{"href":"https:\/\/schubart-gymnasium.eu\/index.php\/wp-json\/wp\/v2\/pages\/228","targetHints":{"allow":["GET"]}}],"collection":[{"href":"https:\/\/schubart-gymnasium.eu\/index.php\/wp-json\/wp\/v2\/pages"}],"about":[{"href":"https:\/\/schubart-gymnasium.eu\/index.php\/wp-json\/wp\/v2\/types\/page"}],"author":[{"embeddable":true,"href":"https:\/\/schubart-gymnasium.eu\/index.php\/wp-json\/wp\/v2\/users\/1"}],"replies":[{"embeddable":true,"href":"https:\/\/schubart-gymnasium.eu\/index.php\/wp-json\/wp\/v2\/comments?post=228"}],"version-history":[{"count":7,"href":"https:\/\/schubart-gymnasium.eu\/index.php\/wp-json\/wp\/v2\/pages\/228\/revisions"}],"predecessor-version":[{"id":4201,"href":"https:\/\/schubart-gymnasium.eu\/index.php\/wp-json\/wp\/v2\/pages\/228\/revisions\/4201"}],"up":[{"embeddable":true,"href":"https:\/\/schubart-gymnasium.eu\/index.php\/wp-json\/wp\/v2\/pages\/205"}],"wp:attachment":[{"href":"https:\/\/schubart-gymnasium.eu\/index.php\/wp-json\/wp\/v2\/media?parent=228"}],"curies":[{"name":"wp","href":"https:\/\/api.w.org\/{rel}","templated":true}]}}