{"id":225,"date":"2020-02-12T14:09:05","date_gmt":"2020-02-12T13:09:05","guid":{"rendered":"http:\/\/10.22.21.125\/?page_id=225"},"modified":"2025-10-07T12:06:06","modified_gmt":"2025-10-07T10:06:06","slug":"bogy","status":"publish","type":"page","link":"https:\/\/schubart-gymnasium.eu\/index.php\/startseite\/unterricht\/bogy\/","title":{"rendered":"BOGY"},"content":{"rendered":"\n<p>Hinter der Abk\u00fcrzung <strong>BOGY <\/strong>verbirgt sich die <strong>Berufs- und Studienorientierung am Gymnasium<\/strong>. Diese Orientierung hin zum sp\u00e4teren Beruf begreifen wir als einen wichtigen <strong>Prozess<\/strong>, der sich \u00fcber Jahre hinweg zieht.<\/p>\n\n\n\n<p>Um die Sch\u00fclerinnen und Sch\u00fcler unserer Schule auf diesem Weg zu unterst\u00fctzen, bieten wir bis zum Abitur immer wieder M\u00f6glichkeiten an, sich mit dem Thema Berufswahl auseinanderzusetzen.<\/p>\n\n\n\n<p>Dabei verfolgen wir folgenden Dreischritt: Information &#8211; Durchf\u00fchrung &#8211; Reflexion.<\/p>\n\n\n\n<p>Da es mittlerweile eine Vielzahl von Studien- und Ausbildungsoptionen gibt, arbeiten wir eng mit der <a rel=\"noreferrer noopener\" href=\"https:\/\/www.arbeitsagentur.de\/vor-ort\/ulm\/berufsberatung-vor-dem-erwerbsleben\" target=\"_blank\">Arbeitsagentur in Ulm<\/a> zusammen. Unsere dortige Ansprechpartnerin, Frau Walker, die konkret f\u00fcr unsere Sch\u00fclerinnen und Sch\u00fcler zust\u00e4ndig ist, empf\u00e4ngt im BIZ (Berufsinformationszentrum) Sch\u00fclergruppen und informiert sie \u00fcber die Studien- und Ausbildungsm\u00f6glichkeiten. Dar\u00fcber hinaus kommt sie regelm\u00e4\u00dfig (alle ein bis zwei Monate) zu uns an die Schule und bietet Kurz-Sprechzeiten an, in denen die Sch\u00fclerinnen und Sch\u00fcler aktuelle Fragen zur Berufs- und Studienwahl mit ihr besprechen k\u00f6nnen.<\/p>\n\n\n\n<h3 class=\"wp-block-heading\">Sprechzeiten im Schuljahr 2025\/26:<\/h3>\n\n\n\n<p>Di, 11.11.2025<br>Fr, 05.12.2025<br>Di, 13.01.2026<br>Di, 24.02.2026<br>Di, 24.03.2026<br>Fr, 24.04.2026<br>Di, 16.06.2026<br>Di,&nbsp;21.07.2026<\/p>\n\n\n\n<p>Die Anmeldung erfolgt jeweils \u00fcber die Aushangliste am SMV-Brett in der Aula.<\/p>\n\n\n\n<p>Schulinterne Ansprechpartner: Hr. Gnahm\/ Fr. Koch<\/p>\n\n\n\n<p>Au\u00dferdem ist Frau Walker online unter <a href=\"mailto:ulm.berufsberatung@arbeitsagentur.de\"><strong>ulm.berufsberatung@arbeitsagentur.de<\/strong><\/a> zu erreichen. Auf diesem Wege k\u00f6nnen auch telefonische Beratungen vereinbart werden.<\/p>\n\n\n\n<a href=\"https:\/\/www.arbeitsagentur.de\/vor-ort\/ulm\/berufsberatung-vor-dem-erwerbsleben\/schubart-gymnasium?pk_campaign=schulwebsite\" title=\"Informationen zur Studien- und Schulberatung an Ihrer Schule finden Sie hier. Sie gelangen auf das Angebot der Bundesagentur f\u00fcr Arbeit\"><img decoding=\"async\" src=\"https:\/\/web.arbeitsagentur.de\/cms-dezentrale-dst-redaktion-prod-media\/prodddst\/s3fs-public\/styles\/webp\/public\/2023-05\/schulbanner-bundesagentur-fuer-arbeit.jpg.webp\" alt=\"Informationen zur Studien- und Schulberatung an Ihrer Schule finden Sie hier. informieren sie sich auf der Seite der Bundesagentur f\u00fcr Arbeit\" width=\"100%\" height=\"auto\"><\/a>\n\n\n\n<h2 class=\"wp-block-heading\"><strong>Hier ein kurzer \u00dcberblick \u00fcber BOGY<\/strong><\/h2>\n\n\n\n<h3 class=\"wp-block-heading\">Angebote f\u00fcr alle Klassen<\/h3>\n\n\n\n<ul class=\"wp-block-list\">\n<li>Boys- \/ Girls-Day: Do, 23.04.2026<\/li>\n<\/ul>\n\n\n\n<h3 class=\"wp-block-heading\">Klasse 8-10<\/h3>\n\n\n\n<ul class=\"wp-block-list\">\n<li>Schulfach WBS (Wirtschaft, Berufs- und Studienorientierung)<\/li>\n<\/ul>\n\n\n\n<h3 class=\"wp-block-heading\"><strong>Klasse 9<\/strong><\/h3>\n\n\n\n<ul class=\"wp-block-list\">\n<li>Bewerbertraining: Do, 09.07. &#8211; Di, 14.07.2026 (jew. 8.30-12.50 Uhr)<\/li>\n<\/ul>\n\n\n\n<h3 class=\"wp-block-heading\"><strong>Klasse 10<\/strong><\/h3>\n\n\n\n<ul class=\"wp-block-list\">\n<li>BIZ &#8211; Besuch (Frau Walker)<br><br>BIZ-Termine im Schuljahr 2025\/26 (jew. 8.00-12.30 Uhr):<br>Mo, 24.11.&nbsp; Klasse 10&nbsp;c<br>Do, 27.11.&nbsp;&nbsp; Klasse 10&nbsp;b<br>Fr, 28.11.&nbsp; Klasse 10&nbsp;a<br>Di, 09.12.&nbsp; Klasse 10 d<\/li>\n<\/ul>\n\n\n\n<ul class=\"wp-block-list\">\n<li>Durchf\u00fchrung der Berufserkundungswoche (BOGY-Praktikum) vom 23.-27.03.2026<br><strong><a href=\"https:\/\/schubart-gymnasium.eu\/wp-content\/uploads\/2025\/09\/BOGY-Meldung-Erkundungsstelle-2025-26.pdf\" target=\"_blank\" rel=\"noreferrer noopener\">Meldeformular f\u00fcr die Praktikumsstelle<\/a><\/strong><\/li>\n\n\n\n<li>Erstellen eines Praktikumsberichts (Reflexion)<\/li>\n<\/ul>\n\n\n\n<h3 class=\"wp-block-heading\"><strong>JS 1<\/strong><\/h3>\n\n\n\n<ul class=\"wp-block-list\">\n<li>Seminartag im BIZ am Di, 14.10.2025 (8.00-12.30 Uhr) (Frau Walker)<\/li>\n\n\n\n<li>BEST-Training (freiwillig): Mi, 05.11., und Fr, 14.11.2025<\/li>\n\n\n\n<li>Bildungsmesse vocatium (freiwillig): Di\/Mi, 14.\/15.07.2026<\/li>\n\n\n\n<li>Studienbotschafter des Landes-Baden-W\u00fcrttemberg (freiwillig): Juli 2026<\/li>\n<\/ul>\n\n\n\n<h3 class=\"wp-block-heading\"><strong>JS 2<\/strong><\/h3>\n\n\n\n<ul class=\"wp-block-list\">\n<li>landesweiter Hochschulinfomationstag (immer am Bu\u00df- und Bettag)<\/li>\n<\/ul>\n\n\n\n<p><a href=\"https:\/\/www.arbeitsagentur.de\/bildung\/studium\/welche-ausbildung-welches-studium-passt\" target=\"_blank\" rel=\"noreferrer noopener\">Selbsterkundungstool der Bundesagentur f\u00fcr Arbeit<\/a><\/p>\n\n\n\n<p><a href=\"http:\/\/www.osa-portal.de\/\" target=\"_blank\" rel=\"noreferrer noopener\">OSA-Portal<\/a> (\u00dcbersicht deutschsprachiger Online-Self-Assessments zur Studienorientierung)<\/p>\n\n\n\n<p>Orientierungstest des Landes Baden-W\u00fcrttemberg<\/p>\n\n\n\n<p><a href=\"https:\/\/www.was-studiere-ich.de\/\" target=\"_blank\" rel=\"noreferrer noopener\">Orientierungstest<\/a><\/p>\n\n\n\n<p><a href=\"https:\/\/www.pocketguide.uni-konstanz.de\/ergebnisse-orientierungstest\/#\/\" target=\"_blank\" rel=\"noreferrer noopener\">Test-Guide zur Auswertung der Orientierungstests<\/a><\/p>\n","protected":false},"excerpt":{"rendered":"<p>Hinter der Abk\u00fcrzung BOGY verbirgt sich die Berufs- und Studienorientierung am Gymnasium. Diese Orientierung hin zum sp\u00e4teren Beruf begreifen wir als einen wichtigen Prozess, der sich \u00fcber Jahre hinweg zieht. Um die Sch\u00fclerinnen und Sch\u00fcler unserer Schule auf diesem Weg zu unterst\u00fctzen, bieten wir bis zum Abitur immer wieder M\u00f6glichkeiten an, sich mit dem Thema [&hellip;]<\/p>\n","protected":false},"author":1,"featured_media":0,"parent":205,"menu_order":50,"comment_status":"closed","ping_status":"closed","template":"","meta":{"footnotes":""},"class_list":["post-225","page","type-page","status-publish","hentry"],"_links":{"self":[{"href":"https:\/\/schubart-gymnasium.eu\/index.php\/wp-json\/wp\/v2\/pages\/225","targetHints":{"allow":["GET"]}}],"collection":[{"href":"https:\/\/schubart-gymnasium.eu\/index.php\/wp-json\/wp\/v2\/pages"}],"about":[{"href":"https:\/\/schubart-gymnasium.eu\/index.php\/wp-json\/wp\/v2\/types\/page"}],"author":[{"embeddable":true,"href":"https:\/\/schubart-gymnasium.eu\/index.php\/wp-json\/wp\/v2\/users\/1"}],"replies":[{"embeddable":true,"href":"https:\/\/schubart-gymnasium.eu\/index.php\/wp-json\/wp\/v2\/comments?post=225"}],"version-history":[{"count":34,"href":"https:\/\/schubart-gymnasium.eu\/index.php\/wp-json\/wp\/v2\/pages\/225\/revisions"}],"predecessor-version":[{"id":3920,"href":"https:\/\/schubart-gymnasium.eu\/index.php\/wp-json\/wp\/v2\/pages\/225\/revisions\/3920"}],"up":[{"embeddable":true,"href":"https:\/\/schubart-gymnasium.eu\/index.php\/wp-json\/wp\/v2\/pages\/205"}],"wp:attachment":[{"href":"https:\/\/schubart-gymnasium.eu\/index.php\/wp-json\/wp\/v2\/media?parent=225"}],"curies":[{"name":"wp","href":"https:\/\/api.w.org\/{rel}","templated":true}]}}