{"id":215,"date":"2020-02-12T14:07:29","date_gmt":"2020-02-12T13:07:29","guid":{"rendered":"http:\/\/10.22.21.125\/?page_id=215"},"modified":"2023-12-04T11:56:52","modified_gmt":"2023-12-04T10:56:52","slug":"kursstufe","status":"publish","type":"page","link":"https:\/\/schubart-gymnasium.eu\/index.php\/startseite\/unterricht\/kursstufe\/","title":{"rendered":"Kursstufe"},"content":{"rendered":"\n<div class=\"wp-block-columns is-layout-flex wp-container-core-columns-is-layout-9d6595d7 wp-block-columns-is-layout-flex\">\n<div class=\"wp-block-column is-layout-flow wp-block-column-is-layout-flow\" style=\"flex-basis:80%\"><style>#sp-ea-1415 .spcollapsing { height: 0; overflow: hidden; transition-property: height;transition-duration: 500ms;}#sp-ea-1415.sp-easy-accordion>.sp-ea-single {margin-bottom: 10px; border: 1px solid #e2e2e2; }#sp-ea-1415.sp-easy-accordion>.sp-ea-single>.ea-header a {color: #444;}#sp-ea-1415.sp-easy-accordion>.sp-ea-single>.sp-collapse>.ea-body {background: #fff; color: #444;}#sp-ea-1415.sp-easy-accordion>.sp-ea-single {background: #eee;}#sp-ea-1415.sp-easy-accordion>.sp-ea-single>.ea-header a .ea-expand-icon { float: left; color: #444;font-size: 16px;}<\/style><div id=\"sp_easy_accordion-1701687426\"><div id=\"sp-ea-1415\" class=\"sp-ea-one sp-easy-accordion\" data-ea-active=\"ea-click\" data-ea-mode=\"vertical\" data-preloader=\"\" data-scroll-active-item=\"\" data-offset-to-scroll=\"0\"><div class=\"ea-card sp-ea-single\"><h3 class=\"ea-header\"><a class=\"collapsed\" id=\"ea-header-14150\" role=\"button\" data-sptoggle=\"spcollapse\" data-sptarget=\"#collapse14150\" aria-controls=\"collapse14150\" href=\"#\" aria-expanded=\"false\" tabindex=\"0\"><i aria-hidden=\"true\" role=\"presentation\" class=\"ea-expand-icon eap-icon-ea-expand-plus\"><\/i> Informationen zum Abitur<\/a><\/h3><div class=\"sp-collapse spcollapse spcollapse\" id=\"collapse14150\" data-parent=\"#sp-ea-1415\" role=\"region\" aria-labelledby=\"ea-header-14150\"> <div class=\"ea-body\"><p>Wer von erster Hand \u00fcber alle Regelungen des schriftlichen und m\u00fcndlichen Abiturs informiert werden m\u00f6chte sollte sich auf der<a href=\"http:\/\/www.km-bw.de\/,Lde\/Startseite\/Schule\/Abitur+und+Oberstufe\" target=\"_blank\" rel=\"noopener noreferrer\"> Homepage des Ministeriums f\u00fcr Kultus, Jugend und Sport Baden-W\u00fcrttemberg<\/a> umsehen. Dort findet man Downloads wie den Terminplan zum Abitur, den Leitfaden und die Schwerpunktthemen des schriftlichen Abiturs und vieles mehr.<\/p><h3 class=\"greentext\"><strong>Neue Oberstufe 2021<\/strong><\/h3><p><a href=\"https:\/\/www.km-bw.de\/,Lde\/Startseite\/Schule\/Neue+Oberstufe+21\" target=\"_blank\" rel=\"noopener noreferrer\">Das Kultusministerium informiert \u00fcber die neue Oberstufe 21.<\/a><\/p><h3 class=\"greentext\">Abiturtermine<\/h3><p>Die Abiturtermine sind auf der Homepage des Kultusministeriums zu finden: <a href=\"http:\/\/www.km-bw.de\/,Lde\/Startseite\/Schule\/Abitur_BW\" target=\"_blank\" rel=\"noopener noreferrer\">Link zu den aktuellen Abiturterminen<\/a>.<\/p><h3 class=\"greentext\">Leitfaden<\/h3><p>Unter den <a href=\"http:\/\/www.km-bw.de\/,Lde\/Startseite\/Service\/Publikationen\" target=\"_blank\" rel=\"noopener noreferrer\">Publikationen des Kultusministeriums BW steht der Leitfaden zum Download<\/a> zur Verf\u00fcgung.<\/p><\/div><\/div><\/div><div class=\"ea-card sp-ea-single\"><h3 class=\"ea-header\"><a class=\"collapsed\" id=\"ea-header-14151\" role=\"button\" data-sptoggle=\"spcollapse\" data-sptarget=\"#collapse14151\" aria-controls=\"collapse14151\" href=\"#\" aria-expanded=\"false\" tabindex=\"0\"><i aria-hidden=\"true\" role=\"presentation\" class=\"ea-expand-icon eap-icon-ea-expand-plus\"><\/i> Studieninformationen<\/a><\/h3><div class=\"sp-collapse spcollapse spcollapse\" id=\"collapse14151\" data-parent=\"#sp-ea-1415\" role=\"region\" aria-labelledby=\"ea-header-14151\"> <div class=\"ea-body\"><p class=\"header2\">Das Ministerium f\u00fcr Wissenschaft, Forschung und Kunst in Baden-W\u00fcrttemberg bietet mit ihrer Internetseite <a href=\"http:\/\/studieninfo-bw.de\/\" target=\"_blank\" rel=\"noopener noreferrer\">studieninfo-bw.de<\/a> vielf\u00e4ltige Informations- und Orientierungsm\u00f6glichkeiten f\u00fcr Abiturienten. Ziel ist es die k\u00fcnftigen Studierenden gut zu informieren, damit sie eine fundierte Entscheidung f\u00fcr ihr Studienfach treffen k\u00f6nnen.<\/p><\/div><\/div><\/div><div class=\"ea-card sp-ea-single\"><h3 class=\"ea-header\"><a class=\"collapsed\" id=\"ea-header-14152\" role=\"button\" data-sptoggle=\"spcollapse\" data-sptarget=\"#collapse14152\" aria-controls=\"collapse14152\" href=\"#\" aria-expanded=\"false\" tabindex=\"0\"><i aria-hidden=\"true\" role=\"presentation\" class=\"ea-expand-icon eap-icon-ea-expand-plus\"><\/i> Was ist der Orts-NC?<\/a><\/h3><div class=\"sp-collapse spcollapse spcollapse\" id=\"collapse14152\" data-parent=\"#sp-ea-1415\" role=\"region\" aria-labelledby=\"ea-header-14152\"> <div class=\"ea-body\"><p class=\"header2\">Unwissenheit \u00fcber die Vergabe von Studienpl\u00e4tzen verhindert bei Abiturienten vielfach das Wunschstudium. Wenn Abiturienten sich f\u00fcr einen zulassungsbeschr\u00e4nkten Studienplatz bewerben, m\u00fcssen sie sich, abh\u00e4ngig vom Studiengang, entweder \u00fcber die Zentrale Vergabestelle f\u00fcr Studienpl\u00e4tze (ZVS) anmelden oder sich mit den Aufnahmebedingungen der jeweiligen Hochschule herum\u00e4rgern. J\u00e4hrlich bleiben durch das Vergabe-\u200bChaos deshalb viele zulassungsbeschr\u00e4nkte Erstsemesterpl\u00e4tze unbesetzt. Oft h\u00e4ngt dies mit Fehlinformationen zum Vergabeprozess von Studieng\u00e4ngen zusammen.<\/p><p>\u201eMit meinen Abi-\u200bNoten habe ich sowieso keine Chance auf einen Studienplatz, der mich wirklich interessiert!\"<\/p><p>Diese Fehleinsch\u00e4tzung ist unter Abiturienten weit verbreitet. Abiturienten, die so denken, verpassen vielfach ihre Chance auf einen Wunschstudienplatz. Was es mit dem Orts-\u200bNC bzw. Uni-\u200bNC an deutschen Hochschulen wirklich auf sich hat, ist unter Sch\u00fclern h\u00e4ufig unbekannt. Folglich wird irrt\u00fcmlicher Weise angenommen, dass der eigene Notendurchschnitt f\u00fcr eine chancenreiche Bewerbung nicht ausreicht.<\/p><p>Ein Orts-\u200bNC an einer Universit\u00e4t bedeutet lediglich, dass die Kapazit\u00e4t des betreffenden Studienganges begrenzt ist. Der Orts-\u200bNC ist also kein Zulassungskriterium. Beim Auswahlverfahren f\u00fcr einen Studiengang wird anhand von Zulassungskriterien (z.\u200bB. Notendurchschnitt, Tests, Auswahlgespr\u00e4che) ein Ranking aller eingehenden Bewerbungen gebildet. Bei einem Studienangebot mit einer Kapazit\u00e4t von 100 Pl\u00e4tzen erhalten dann die 100 erstplatzierten Bewerber eine Zusage. Erfahrungsgem\u00e4\u00df nimmt aber nur ein Teil dieser Bewerber den ihnen angebotenen Studienplatz auch wirklich an. Denn viele Abiturienten bewerben sich gleichzeitig an verschiedenen Hochschulen und haben somit meist mehrere Zusagen in der Tasche. Dadurch werden wieder viele Studienpl\u00e4tze frei, die dann in einem ggf. mehrstufigen Nachr\u00fcckverfahren verteilt werden. Zudem werden einige freie Studienpl\u00e4tze manchmal auch verlost, wobei die Durchschnittsnote dann keine Rolle mehr spielt. Alle zun\u00e4chst abgelehnten Bewerber haben also durchaus gute Chancen, doch noch einen Studienplatz zu bekommen!<\/p><p>Jeder sollte sich daher unbedingt f\u00fcr sein Wunschstudium bewerben und hartn\u00e4ckig sein!<\/p><p>Ausf\u00fchrliche Infos zum Orts-\u200bNC an deutschen Universit\u00e4ten wurden von der Martin-\u200bLuther-\u200bUniversit\u00e4t Halle-\u200bWittenberg zusammengestellt unter <a href=\"http:\/\/www.uni-halle.de\/ortsnc\/\" target=\"_blank\" rel=\"noopener noreferrer\">www.\u200buni-\u200bhalle.\u200bde\/ortsnc<\/a><\/p><\/div><\/div><\/div><div class=\"ea-card sp-ea-single\"><h3 class=\"ea-header\"><a class=\"collapsed\" id=\"ea-header-14153\" role=\"button\" data-sptoggle=\"spcollapse\" data-sptarget=\"#collapse14153\" aria-controls=\"collapse14153\" href=\"#\" aria-expanded=\"false\" tabindex=\"0\"><i aria-hidden=\"true\" role=\"presentation\" class=\"ea-expand-icon eap-icon-ea-expand-plus\"><\/i> MINT-Kolleg Baden-W\u00fcrttemberg<\/a><\/h3><div class=\"sp-collapse spcollapse spcollapse\" id=\"collapse14153\" data-parent=\"#sp-ea-1415\" role=\"region\" aria-labelledby=\"ea-header-14153\"> <div class=\"ea-body\"><p class=\"header2\">Das <a href=\"http:\/\/www.mint-kolleg.de\/\" target=\"_blank\" rel=\"noopener noreferrer\">MINT-Kolleg<\/a> ist eine Einrichtung zur Verbesserung der fachlichen Kenntnisse in der \u00dcbergangsphase von der Schule bis ins Fachstudium in den MINT-F\u00e4chern (Mathematik, Informatik, Naturwissenschaften, Technik). Dieses kann sowohl studienvorbereitend als auch studienbegleitend in den ersten zwei Fachsemestern absolviert werden. Ein Einstieg zum Sommersemester ist ebenfalls m\u00f6glich.<\/p><p>Ziele des Studienvorbereitungsprogramms des MINT-Kollegs sind die Vermittlung von fachlichen Grundlagen in den MINT-Studienf\u00e4chern sowie die individuelle Optimierung der Studieneingangsphase.<\/p><\/div><\/div><\/div><div class=\"ea-card sp-ea-single\"><h3 class=\"ea-header\"><a class=\"collapsed\" id=\"ea-header-14154\" role=\"button\" data-sptoggle=\"spcollapse\" data-sptarget=\"#collapse14154\" aria-controls=\"collapse14154\" href=\"#\" aria-expanded=\"false\" tabindex=\"0\"><i aria-hidden=\"true\" role=\"presentation\" class=\"ea-expand-icon eap-icon-ea-expand-plus\"><\/i> Oberstufenberatung<\/a><\/h3><div class=\"sp-collapse spcollapse spcollapse\" id=\"collapse14154\" data-parent=\"#sp-ea-1415\" role=\"region\" aria-labelledby=\"ea-header-14154\"> <div class=\"ea-body\"><p class=\"header2\"><a href=\"https:\/\/schubart-gymnasium.eu\/index.php\/startseite\/angebote\/oberstufenberatung\/\">Hierf\u00fcr haben wir einen eigenen Bereich eingerichtet.<\/a><\/p><\/div><\/div><\/div><\/div><\/div>\n<\/div>\n\n\n\n<div class=\"wp-block-column is-layout-flow wp-block-column-is-layout-flow\" style=\"flex-basis:20%\">\n<h3 class=\"wp-block-heading has-text-align-left\">Wichtige Downloads<\/h3>\n\n\n\n<p class=\"has-text-align-left\"><a href=\"https:\/\/sgu.ulm.schule\/wp-content\/uploads\/2021\/08\/Antrag-auf-Beurlaubung.pdf\" target=\"_blank\" rel=\"noreferrer noopener\">Antrag auf Beurlaubung<\/a><\/p>\n\n\n\n<p class=\"has-text-align-left\"><a rel=\"noreferrer noopener\" href=\"https:\/\/sgu.ulm.schule\/wp-content\/uploads\/2021\/08\/Internationales-Abitur-und-bilinguales-Zertifikat.pdf\" target=\"_blank\">Internationales Abitur und bilinguales Zertifikat<\/a><\/p>\n<\/div>\n<\/div>\n","protected":false},"excerpt":{"rendered":"<p>Wichtige Downloads Antrag auf Beurlaubung Internationales Abitur und bilinguales Zertifikat<\/p>\n","protected":false},"author":1,"featured_media":0,"parent":205,"menu_order":30,"comment_status":"closed","ping_status":"closed","template":"","meta":{"footnotes":""},"class_list":["post-215","page","type-page","status-publish","hentry"],"_links":{"self":[{"href":"https:\/\/schubart-gymnasium.eu\/index.php\/wp-json\/wp\/v2\/pages\/215","targetHints":{"allow":["GET"]}}],"collection":[{"href":"https:\/\/schubart-gymnasium.eu\/index.php\/wp-json\/wp\/v2\/pages"}],"about":[{"href":"https:\/\/schubart-gymnasium.eu\/index.php\/wp-json\/wp\/v2\/types\/page"}],"author":[{"embeddable":true,"href":"https:\/\/schubart-gymnasium.eu\/index.php\/wp-json\/wp\/v2\/users\/1"}],"replies":[{"embeddable":true,"href":"https:\/\/schubart-gymnasium.eu\/index.php\/wp-json\/wp\/v2\/comments?post=215"}],"version-history":[{"count":21,"href":"https:\/\/schubart-gymnasium.eu\/index.php\/wp-json\/wp\/v2\/pages\/215\/revisions"}],"predecessor-version":[{"id":3052,"href":"https:\/\/schubart-gymnasium.eu\/index.php\/wp-json\/wp\/v2\/pages\/215\/revisions\/3052"}],"up":[{"embeddable":true,"href":"https:\/\/schubart-gymnasium.eu\/index.php\/wp-json\/wp\/v2\/pages\/205"}],"wp:attachment":[{"href":"https:\/\/schubart-gymnasium.eu\/index.php\/wp-json\/wp\/v2\/media?parent=215"}],"curies":[{"name":"wp","href":"https:\/\/api.w.org\/{rel}","templated":true}]}}