{"id":213,"date":"2020-02-12T14:07:49","date_gmt":"2020-02-12T13:07:49","guid":{"rendered":"http:\/\/10.22.21.125\/?page_id=213"},"modified":"2021-08-30T11:25:55","modified_gmt":"2021-08-30T09:25:55","slug":"schliessfaecher","status":"publish","type":"page","link":"https:\/\/schubart-gymnasium.eu\/index.php\/startseite\/angebote\/schliessfaecher\/","title":{"rendered":"Schlie\u00dff\u00e4cher"},"content":{"rendered":"\n<p>F\u00fcr ihre Kinder k\u00f6nnen Sie ein Schlie\u00dffach anmieten. Diese befinden sich  im Keller von Bau IV. N\u00e4here Informationen finden sie auf der Hompage  des Anbieters <a href=\"http:\/\/astradirekt.de\">AstraDirect<\/a>. Dort k\u00f6nnen Sie alle Aufgaben rund um die Schlie\u00df\u00e4cher direkt online erledigen.<\/p>\n","protected":false},"excerpt":{"rendered":"<p>F\u00fcr ihre Kinder k\u00f6nnen Sie ein Schlie\u00dffach anmieten. Diese befinden sich im Keller von Bau IV. N\u00e4here Informationen finden sie auf der Hompage des Anbieters AstraDirect. Dort k\u00f6nnen Sie alle Aufgaben rund um die Schlie\u00df\u00e4cher direkt online erledigen.<\/p>\n","protected":false},"author":1,"featured_media":0,"parent":234,"menu_order":20,"comment_status":"closed","ping_status":"closed","template":"","meta":{"footnotes":""},"class_list":["post-213","page","type-page","status-publish","hentry"],"_links":{"self":[{"href":"https:\/\/schubart-gymnasium.eu\/index.php\/wp-json\/wp\/v2\/pages\/213","targetHints":{"allow":["GET"]}}],"collection":[{"href":"https:\/\/schubart-gymnasium.eu\/index.php\/wp-json\/wp\/v2\/pages"}],"about":[{"href":"https:\/\/schubart-gymnasium.eu\/index.php\/wp-json\/wp\/v2\/types\/page"}],"author":[{"embeddable":true,"href":"https:\/\/schubart-gymnasium.eu\/index.php\/wp-json\/wp\/v2\/users\/1"}],"replies":[{"embeddable":true,"href":"https:\/\/schubart-gymnasium.eu\/index.php\/wp-json\/wp\/v2\/comments?post=213"}],"version-history":[{"count":3,"href":"https:\/\/schubart-gymnasium.eu\/index.php\/wp-json\/wp\/v2\/pages\/213\/revisions"}],"predecessor-version":[{"id":1298,"href":"https:\/\/schubart-gymnasium.eu\/index.php\/wp-json\/wp\/v2\/pages\/213\/revisions\/1298"}],"up":[{"embeddable":true,"href":"https:\/\/schubart-gymnasium.eu\/index.php\/wp-json\/wp\/v2\/pages\/234"}],"wp:attachment":[{"href":"https:\/\/schubart-gymnasium.eu\/index.php\/wp-json\/wp\/v2\/media?parent=213"}],"curies":[{"name":"wp","href":"https:\/\/api.w.org\/{rel}","templated":true}]}}