{"id":209,"date":"2020-02-12T14:06:43","date_gmt":"2020-02-12T13:06:43","guid":{"rendered":"http:\/\/10.22.21.125\/?page_id=209"},"modified":"2023-04-21T13:22:46","modified_gmt":"2023-04-21T11:22:46","slug":"faecher","status":"publish","type":"page","link":"https:\/\/schubart-gymnasium.eu\/index.php\/startseite\/unterricht\/faecher\/","title":{"rendered":"F\u00e4cher"},"content":{"rendered":"\n\n<!-- Page-list plugin v.5.9 wordpress.org\/plugins\/page-list\/ -->\n<ul class=\"page-list subpages-page-list \">\n<li class=\"page_item page-item-1521\"><a href=\"https:\/\/schubart-gymnasium.eu\/index.php\/startseite\/unterricht\/faecher\/mathematik\/\">Mathematik<\/a><\/li>\n<li class=\"page_item page-item-1535\"><a href=\"https:\/\/schubart-gymnasium.eu\/index.php\/startseite\/unterricht\/faecher\/deutsch\/\">Deutsch<\/a><\/li>\n<li class=\"page_item page-item-1539\"><a href=\"https:\/\/schubart-gymnasium.eu\/index.php\/startseite\/unterricht\/faecher\/physik\/\">Physik<\/a><\/li>\n<li class=\"page_item page-item-1542\"><a href=\"https:\/\/schubart-gymnasium.eu\/index.php\/startseite\/unterricht\/faecher\/chemie\/\">Chemie<\/a><\/li>\n<li class=\"page_item page-item-1550\"><a href=\"https:\/\/schubart-gymnasium.eu\/index.php\/startseite\/unterricht\/faecher\/biologie\/\">Biologie<\/a><\/li>\n<li class=\"page_item page-item-1553\"><a href=\"https:\/\/schubart-gymnasium.eu\/index.php\/startseite\/unterricht\/faecher\/englisch\/\">Englisch<\/a><\/li>\n<li class=\"page_item page-item-1557\"><a href=\"https:\/\/schubart-gymnasium.eu\/index.php\/startseite\/unterricht\/faecher\/ethik\/\">Ethik<\/a><\/li>\n<li class=\"page_item page-item-1560\"><a href=\"https:\/\/schubart-gymnasium.eu\/index.php\/startseite\/unterricht\/faecher\/franzoesisch\/\">Franz\u00f6sisch<\/a><\/li>\n<li class=\"page_item page-item-1563\"><a href=\"https:\/\/schubart-gymnasium.eu\/index.php\/startseite\/unterricht\/faecher\/gemeinschaftskunde\/\">Gemeinschaftskunde<\/a><\/li>\n<li class=\"page_item page-item-1567\"><a href=\"https:\/\/schubart-gymnasium.eu\/index.php\/startseite\/unterricht\/faecher\/geografie\/\">Geografie<\/a><\/li>\n<li class=\"page_item page-item-1570\"><a href=\"https:\/\/schubart-gymnasium.eu\/index.php\/startseite\/unterricht\/faecher\/geschichte\/\">Geschichte<\/a><\/li>\n<li class=\"page_item page-item-1573\"><a href=\"https:\/\/schubart-gymnasium.eu\/index.php\/startseite\/unterricht\/faecher\/informatik\/\">Informatik<\/a><\/li>\n<li class=\"page_item page-item-1577\"><a href=\"https:\/\/schubart-gymnasium.eu\/index.php\/startseite\/unterricht\/faecher\/italienisch\/\">Italienisch<\/a><\/li>\n<li class=\"page_item page-item-1580\"><a href=\"https:\/\/schubart-gymnasium.eu\/index.php\/startseite\/unterricht\/faecher\/kunst\/\">Kunst<\/a><\/li>\n<li class=\"page_item page-item-1583\"><a href=\"https:\/\/schubart-gymnasium.eu\/index.php\/startseite\/unterricht\/faecher\/latein\/\">Latein<\/a><\/li>\n<li class=\"page_item page-item-1587\"><a href=\"https:\/\/schubart-gymnasium.eu\/index.php\/startseite\/unterricht\/faecher\/musik\/\">Musik<\/a><\/li>\n<li class=\"page_item page-item-1590\"><a href=\"https:\/\/schubart-gymnasium.eu\/index.php\/startseite\/unterricht\/faecher\/nwt\/\">NWT<\/a><\/li>\n<li class=\"page_item page-item-1593\"><a href=\"https:\/\/schubart-gymnasium.eu\/index.php\/startseite\/unterricht\/faecher\/psychologie\/\">Psychologie<\/a><\/li>\n<li class=\"page_item page-item-1596\"><a href=\"https:\/\/schubart-gymnasium.eu\/index.php\/startseite\/unterricht\/faecher\/religion\/\">Religion<\/a><\/li>\n<li class=\"page_item page-item-1599\"><a href=\"https:\/\/schubart-gymnasium.eu\/index.php\/startseite\/unterricht\/faecher\/sport\/\">Sport<\/a><\/li>\n<li class=\"page_item page-item-1603\"><a href=\"https:\/\/schubart-gymnasium.eu\/index.php\/startseite\/unterricht\/faecher\/wirtschaft\/\">Wirtschaft<\/a><\/li>\n\n<\/ul>\n\n\n\n<p>Die Fachschaften des Schubart-Gymnasiums haben f\u00fcr Sie Informationen zu verschiedenen Themen zusammengetragen.<\/p>\n\n\n\n<p>Der<a rel=\"noreferrer noopener\" href=\"http:\/\/www.bildungsplaene-bw.de\/,Lde\/Startseite\" target=\"_blank\"> Bildungsplan 2016<\/a> kann direkt beim Kultusministerium eingesehen werden. Die <a rel=\"noreferrer noopener\" href=\"http:\/\/www.bildungsplaene-bw.de\/,Lde\/Startseite\/BP2016BW_ALLG\/BP2016BW_ALLG_GYM\" target=\"_blank\">einzelnen Bildungspl\u00e4ne f\u00fcr die F\u00e4cher<\/a> sind auf derselben Seite zu finden.<\/p>\n","protected":false},"excerpt":{"rendered":"<p>Die Fachschaften des Schubart-Gymnasiums haben f\u00fcr Sie Informationen zu verschiedenen Themen zusammengetragen. Der Bildungsplan 2016 kann direkt beim Kultusministerium eingesehen werden. Die einzelnen Bildungspl\u00e4ne f\u00fcr die F\u00e4cher sind auf derselben Seite zu finden.<\/p>\n","protected":false},"author":1,"featured_media":0,"parent":205,"menu_order":10,"comment_status":"closed","ping_status":"closed","template":"","meta":{"footnotes":""},"class_list":["post-209","page","type-page","status-publish","hentry"],"_links":{"self":[{"href":"https:\/\/schubart-gymnasium.eu\/index.php\/wp-json\/wp\/v2\/pages\/209","targetHints":{"allow":["GET"]}}],"collection":[{"href":"https:\/\/schubart-gymnasium.eu\/index.php\/wp-json\/wp\/v2\/pages"}],"about":[{"href":"https:\/\/schubart-gymnasium.eu\/index.php\/wp-json\/wp\/v2\/types\/page"}],"author":[{"embeddable":true,"href":"https:\/\/schubart-gymnasium.eu\/index.php\/wp-json\/wp\/v2\/users\/1"}],"replies":[{"embeddable":true,"href":"https:\/\/schubart-gymnasium.eu\/index.php\/wp-json\/wp\/v2\/comments?post=209"}],"version-history":[{"count":16,"href":"https:\/\/schubart-gymnasium.eu\/index.php\/wp-json\/wp\/v2\/pages\/209\/revisions"}],"predecessor-version":[{"id":2661,"href":"https:\/\/schubart-gymnasium.eu\/index.php\/wp-json\/wp\/v2\/pages\/209\/revisions\/2661"}],"up":[{"embeddable":true,"href":"https:\/\/schubart-gymnasium.eu\/index.php\/wp-json\/wp\/v2\/pages\/205"}],"wp:attachment":[{"href":"https:\/\/schubart-gymnasium.eu\/index.php\/wp-json\/wp\/v2\/media?parent=209"}],"curies":[{"name":"wp","href":"https:\/\/api.w.org\/{rel}","templated":true}]}}