{"id":2085,"date":"2022-02-06T15:38:33","date_gmt":"2022-02-06T14:38:33","guid":{"rendered":"https:\/\/info.sgu.ul.bw.schule.de\/?page_id=2085"},"modified":"2022-02-09T11:32:42","modified_gmt":"2022-02-09T10:32:42","slug":"foerderkonzept-lernen-mit-rueckenwind","status":"publish","type":"page","link":"https:\/\/schubart-gymnasium.eu\/index.php\/startseite\/angebote\/foerderkonzept-lernen-mit-rueckenwind\/","title":{"rendered":"F\u00f6rderkonzept \u201eLernen mit R\u00fcckenwind\u201c"},"content":{"rendered":"\n<div class=\"wp-block-columns is-layout-flex wp-container-core-columns-is-layout-9d6595d7 wp-block-columns-is-layout-flex\">\n<div class=\"wp-block-column is-layout-flow wp-block-column-is-layout-flow\" style=\"flex-basis:70%\">\n<p>Sehr geehrte Erziehungsberechtigte,<br>liebe Sch\u00fclerinnen und Sch\u00fcler,<\/p>\n\n\n\n<p>Kinder und Jugendliche sind von den Auswirkungen der Corona-Pandemie in besonderer Weise betroffen. Bei Sch\u00fclerinnen und Sch\u00fclern haben sich durch die Schulschlie\u00dfungen zum Teil erhebliche Lernr\u00fcckst\u00e4nde ergeben. Um den entstandenen Lernl\u00fccken rasch entgegenzuwirken, sollen die betroffenen Sch\u00fclerinnen und Sch\u00fcler bestm\u00f6glich unterst\u00fctzt werden. Unser Ziel ist es, ihnen eine erfolgreiche Fortsetzung des Bildungsweges zu erm\u00f6glichen. Baden-W\u00fcrttemberg hat dazu zu Beginn des Schuljahres 2021\/2022 das auf zwei Jahre angelegte F\u00f6rderprogramm \u201eLernen mit R\u00fcckenwind\u201c gestartet. <strong>Die Teilnahme ist freiwillig.<\/strong><\/p>\n\n\n\n<p>Sch\u00fclerinnen und Sch\u00fcler werden durch das F\u00f6rderprogramm \u201eLernen mit R\u00fcckenwind\u201c unterst\u00fctzt, indem sowohl ihre fachlichen als auch ihre sozial-emotionalen Kompetenzen gest\u00e4rkt und weiterentwickelt werden. Pandemiebedingt entstandene Lernr\u00fcckst\u00e4nde sollen ausgeglichen werden.<\/p>\n\n\n\n<p>Die Sch\u00fclerinnen und Sch\u00fcler sollen eine m\u00f6glichst passgenaue und zugleich zielorientierte Unterst\u00fctzung erhalten. F\u00f6rderschwerpunkte werden hierbei auf die Bew\u00e4ltigung der Lernr\u00fcckst\u00e4nde in den F\u00e4chern Deutsch, Mathematik und Englisch gelegt.<\/p>\n\n\n\n<p>Das Angebot umfasst einen <strong>Bildungsgutschein<\/strong>, der bei unseren externen <strong>Kooperationspartnern <\/strong>eingel\u00f6st werden kann. F\u00fcr die nominierten Sch\u00fclerinnen und Sch\u00fcler bietet das SGU zudem in den F\u00e4chern Mathematik, Englisch und Deutsch <strong>schulinterne F\u00f6rderkonzepte<\/strong> an. Die Liste der aufgef\u00fchrten Kooperationspartner sowie die inhaltlichen Zielsetzungen zu den schulintern konzipierten F\u00f6rderm\u00f6glichkeiten entnehmen Sie dem an die Erziehungsberechtigten ausgegebenen Schreiben.<\/p>\n<\/div>\n\n\n\n<div class=\"wp-block-column is-layout-flow wp-block-column-is-layout-flow\" style=\"flex-basis:30%\">\n<p><a rel=\"noreferrer noopener\" href=\"https:\/\/moodle.sgu.ul.bw.schule.de\/moodle\/course\/view.php?id=1464\" target=\"_blank\">Weitere Informationen zum Projekt &#8222;Lernen mit R\u00fcckenwind&#8220; finden Sie \u00fcber diesen Link bei Moodle.<\/a><\/p>\n<\/div>\n<\/div>\n","protected":false},"excerpt":{"rendered":"<p>Sehr geehrte Erziehungsberechtigte,liebe Sch\u00fclerinnen und Sch\u00fcler, Kinder und Jugendliche sind von den Auswirkungen der Corona-Pandemie in besonderer Weise betroffen. Bei Sch\u00fclerinnen und Sch\u00fclern haben sich durch die Schulschlie\u00dfungen zum Teil erhebliche Lernr\u00fcckst\u00e4nde ergeben. Um den entstandenen Lernl\u00fccken rasch entgegenzuwirken, sollen die betroffenen Sch\u00fclerinnen und Sch\u00fcler bestm\u00f6glich unterst\u00fctzt werden. Unser Ziel ist es, ihnen eine erfolgreiche [&hellip;]<\/p>\n","protected":false},"author":1,"featured_media":0,"parent":234,"menu_order":5,"comment_status":"closed","ping_status":"closed","template":"","meta":{"footnotes":""},"class_list":["post-2085","page","type-page","status-publish","hentry"],"_links":{"self":[{"href":"https:\/\/schubart-gymnasium.eu\/index.php\/wp-json\/wp\/v2\/pages\/2085","targetHints":{"allow":["GET"]}}],"collection":[{"href":"https:\/\/schubart-gymnasium.eu\/index.php\/wp-json\/wp\/v2\/pages"}],"about":[{"href":"https:\/\/schubart-gymnasium.eu\/index.php\/wp-json\/wp\/v2\/types\/page"}],"author":[{"embeddable":true,"href":"https:\/\/schubart-gymnasium.eu\/index.php\/wp-json\/wp\/v2\/users\/1"}],"replies":[{"embeddable":true,"href":"https:\/\/schubart-gymnasium.eu\/index.php\/wp-json\/wp\/v2\/comments?post=2085"}],"version-history":[{"count":3,"href":"https:\/\/schubart-gymnasium.eu\/index.php\/wp-json\/wp\/v2\/pages\/2085\/revisions"}],"predecessor-version":[{"id":2102,"href":"https:\/\/schubart-gymnasium.eu\/index.php\/wp-json\/wp\/v2\/pages\/2085\/revisions\/2102"}],"up":[{"embeddable":true,"href":"https:\/\/schubart-gymnasium.eu\/index.php\/wp-json\/wp\/v2\/pages\/234"}],"wp:attachment":[{"href":"https:\/\/schubart-gymnasium.eu\/index.php\/wp-json\/wp\/v2\/media?parent=2085"}],"curies":[{"name":"wp","href":"https:\/\/api.w.org\/{rel}","templated":true}]}}