{"id":208,"date":"2020-02-12T14:06:51","date_gmt":"2020-02-12T13:06:51","guid":{"rendered":"http:\/\/10.22.21.125\/?page_id=208"},"modified":"2026-03-02T11:44:15","modified_gmt":"2026-03-02T10:44:15","slug":"sprachenwahl","status":"publish","type":"page","link":"https:\/\/schubart-gymnasium.eu\/index.php\/startseite\/schule\/sprachenwahl\/","title":{"rendered":"Sprachenwahl"},"content":{"rendered":"\n<div class=\"wp-block-columns is-layout-flex wp-container-core-columns-is-layout-9d6595d7 wp-block-columns-is-layout-flex\">\n<div class=\"wp-block-column is-layout-flow wp-block-column-is-layout-flow\" style=\"flex-basis:70%\">\n<h3 class=\"wp-block-heading\">Fremdsprachen an weiterf\u00fchrenden Schulen<\/h3>\n\n\n\n<p>Auf der <a href=\"https:\/\/km-bw.de\/,Lde\/startseite\/schule\/Fremdsprachen\" target=\"_blank\" rel=\"noreferrer noopener\">Homepage des Kultusministeriums (Schule \/ Gymnasium \/ Fremdsprachen)<\/a> finden Sie viele hilfreiche Informationen rund um das Thema Sprachenwahl.<\/p>\n\n\n\n<h3 class=\"wp-block-heading\">Am SGU k\u00f6nnen Sch\u00fcler*innen ab Klasse 6 folgende Sprachen als zweite Fremdsprache lernen:<\/h3>\n\n\n\n<ul class=\"wp-block-list\">\n<li><a href=\"https:\/\/schubart-gymnasium.eu\/index.php\/warum-franzoesisch-lernen\/\" data-type=\"page\" data-id=\"1387\">Franz\u00f6sisch (mehr Informationen)<\/a><\/li>\n\n\n\n<li><a href=\"https:\/\/schubart-gymnasium.eu\/index.php\/warum-latein-lernen\/\" data-type=\"page\" data-id=\"1389\">Latein (mehr Informationen)<\/a><\/li>\n<\/ul>\n\n\n\n<h3 class=\"wp-block-heading\">Ab Klasse 8 k\u00f6nnen die Sch\u00fcler*innen Italienisch als 3. Fremdsprache lernen.<\/h3>\n<\/div>\n\n\n\n<div class=\"wp-block-column is-layout-flow wp-block-column-is-layout-flow\" style=\"flex-basis:30%\">\n<h3 class=\"wp-block-heading\">Downloads<\/h3>\n\n\n\n<p><a href=\"https:\/\/schubart-gymnasium.eu\/wp-content\/uploads\/2022\/01\/Franzoesisch-2.-Fremdsprache-Homepage-2021.ppt\">Pr\u00e4sentation &#8222;Warum Franz\u00f6sisch lernen?&#8220;<\/a><\/p>\n\n\n\n<p><a href=\"https:\/\/schubart-gymnasium.eu\/wp-content\/uploads\/2022\/01\/Latein-Praesentation-2017.ppt\">Pr\u00e4sentation &#8222;Warum Latein lernen?&#8220;<\/a><\/p>\n<\/div>\n<\/div>\n","protected":false},"excerpt":{"rendered":"<p>Fremdsprachen an weiterf\u00fchrenden Schulen Auf der Homepage des Kultusministeriums (Schule \/ Gymnasium \/ Fremdsprachen) finden Sie viele hilfreiche Informationen rund um das Thema Sprachenwahl. Am SGU k\u00f6nnen Sch\u00fcler*innen ab Klasse 6 folgende Sprachen als zweite Fremdsprache lernen: Ab Klasse 8 k\u00f6nnen die Sch\u00fcler*innen Italienisch als 3. Fremdsprache lernen. Downloads Pr\u00e4sentation &#8222;Warum Franz\u00f6sisch lernen?&#8220; Pr\u00e4sentation &#8222;Warum [&hellip;]<\/p>\n","protected":false},"author":1,"featured_media":0,"parent":192,"menu_order":30,"comment_status":"closed","ping_status":"closed","template":"","meta":{"footnotes":""},"class_list":["post-208","page","type-page","status-publish","hentry"],"_links":{"self":[{"href":"https:\/\/schubart-gymnasium.eu\/index.php\/wp-json\/wp\/v2\/pages\/208","targetHints":{"allow":["GET"]}}],"collection":[{"href":"https:\/\/schubart-gymnasium.eu\/index.php\/wp-json\/wp\/v2\/pages"}],"about":[{"href":"https:\/\/schubart-gymnasium.eu\/index.php\/wp-json\/wp\/v2\/types\/page"}],"author":[{"embeddable":true,"href":"https:\/\/schubart-gymnasium.eu\/index.php\/wp-json\/wp\/v2\/users\/1"}],"replies":[{"embeddable":true,"href":"https:\/\/schubart-gymnasium.eu\/index.php\/wp-json\/wp\/v2\/comments?post=208"}],"version-history":[{"count":14,"href":"https:\/\/schubart-gymnasium.eu\/index.php\/wp-json\/wp\/v2\/pages\/208\/revisions"}],"predecessor-version":[{"id":4365,"href":"https:\/\/schubart-gymnasium.eu\/index.php\/wp-json\/wp\/v2\/pages\/208\/revisions\/4365"}],"up":[{"embeddable":true,"href":"https:\/\/schubart-gymnasium.eu\/index.php\/wp-json\/wp\/v2\/pages\/192"}],"wp:attachment":[{"href":"https:\/\/schubart-gymnasium.eu\/index.php\/wp-json\/wp\/v2\/media?parent=208"}],"curies":[{"name":"wp","href":"https:\/\/api.w.org\/{rel}","templated":true}]}}