{"id":1805,"date":"2021-09-25T09:58:06","date_gmt":"2021-09-25T07:58:06","guid":{"rendered":"https:\/\/info.sgu.ul.bw.schule.de\/?page_id=1805"},"modified":"2024-02-07T11:58:56","modified_gmt":"2024-02-07T10:58:56","slug":"verein-der-freunde","status":"publish","type":"page","link":"https:\/\/schubart-gymnasium.eu\/index.php\/startseite\/wir\/verein-der-freunde\/","title":{"rendered":"Verein der Freunde"},"content":{"rendered":"\n<div class=\"wp-block-columns is-layout-flex wp-container-core-columns-is-layout-9d6595d7 wp-block-columns-is-layout-flex\">\n<div class=\"wp-block-column is-layout-flow wp-block-column-is-layout-flow\" style=\"flex-basis:80%\">\n<h2 class=\"wp-block-heading\" id=\"block-8e6a7e9f-1be6-4644-9729-ebef34a26016\">Freunde f\u00fcr\u00b4s Leben.<\/h2>\n\n\n\n<p id=\"block-56141182-2009-4db2-ae2d-7cb45097aee8\">Der Verein der Freunde des Schubart-Gymnasiums Ulm e.V. leistet durch seine F\u00f6rderarbeit finanzielle Unterst\u00fctzung f\u00fcr das Gymnasium und seine Sch\u00fclerinnen und Sch\u00fcler.<br>Der gemeinn\u00fctzige Verein wurde 1969 aus der Elternschaft heraus gegr\u00fcndet. Er hat sich zum Ziel gesetzt, zu einer optimalen Ausstattung der Schule und einem angenehmen Lernumfeld beizutragen. Mitglieder des Vereins sind Personen, die sich der Schule verbunden f\u00fchlen: Eltern, Lehrer, Sch\u00fcler und viele Ehemalige. Zurzeit hat der Verein rund 400 Mitglieder, die mit ihrem Mitgliedsbeitrag die wesentliche Grundlage der finanziellen Mittel des Vereins stellen. Weitere Einnahmen erzielt der F\u00f6rderverein durch seine Aktivit\u00e4ten, wie z.B. Bewirtung bei den Schulkonzerten und Schulfesten, und durch Spenden regionaler Unternehmen.<br>In den vergangenen Jahren flossen Mittel des F\u00f6rdervereins in viele verschiedene Bereiche der Schule. Sie unterst\u00fctzten Aktivit\u00e4ten und Anschaffungen, die aus dem regul\u00e4ren Etat nicht finanziert werden konnten, und kamen damit einer breiten Sch\u00fclerschaft zugute.<\/p>\n\n\n\n<h3 class=\"wp-block-heading\" id=\"block-c45684a8-0bb3-4910-ab08-6c9cf81eb305\">Einige F\u00f6rderbeispiele<\/h3>\n\n\n\n<ul class=\"wp-block-list\" id=\"block-ad099673-a461-4b82-94cb-ce31520b0343\">\n<li>F\u00f6rderung kultureller Veranstaltungen wie Probentage, Theaterauff\u00fchrungen, Musicals, Konzerte, Eltern-Sch\u00fcler-Lehrer-Chor durch Anschaffung von Noten, Musikinstrumenten, Verst\u00e4rkeranlagen etc.<\/li>\n\n\n\n<li>Anschaffung von Sportger\u00e4ten f\u00fcr Unterricht und Sport-AGs, Weiterentwicklung der IT-Ausstattung durch Kauf von Laptops, Rechnern, Servern und LCD-Bildschirmen<\/li>\n\n\n\n<li>Unterst\u00fctzung der naturwissenschaftlichen F\u00e4cher, ohne die manche anschauliche Experimente nicht durchf\u00fchrbar w\u00e4ren<\/li>\n\n\n\n<li>Erweiterung der Sch\u00fclerb\u00fccherei und Anschaffung von Lexika und Lekt\u00fcren f\u00fcr den Deutsch-, Englisch-, Latein- und Franz\u00f6sischunterricht<\/li>\n\n\n\n<li>F\u00f6rderung von AGs und Projekten, wie z.B. Schulgottesdienste, Besinnungstage, Foto-, Schach-, Computer-AG, Debating-Team, \u201eSchule ohne Rassismus\u201c, \u201eSchule als Staat\u201c<\/li>\n\n\n\n<li>Ausstattung der Mensa und des Sch\u00fclercaf\u00e9s<\/li>\n\n\n\n<li>Unterst\u00fctzung bed\u00fcrftiger Sch\u00fclerinnen und Sch\u00fcler bei Schullandheim und Studienfahrten<\/li>\n<\/ul>\n\n\n\n<h3 class=\"wp-block-heading\" id=\"block-3cd40889-2951-48ff-a71d-598577d1b64a\">Wir freuen uns auf Sie!<\/h3>\n\n\n\n<p id=\"block-a1ed948b-0337-4584-b1d9-08845b6c5288\">Sind Sie an einer Mitarbeit interessiert? Wir freuen uns \u00fcber alle, die uns bei der Organisation der F\u00f6rderarbeit unterst\u00fctzen.<\/p>\n\n\n\n<h3 class=\"wp-block-heading\" id=\"block-c6dcb3a3-8f63-485b-9d54-4529a143c049\">Kontakt<\/h3>\n\n\n\n<p id=\"block-9755d8ac-d7f9-43f2-83e4-87650a42ea9b\">Verein der Freunde des Schubart-Gymnasiums Ulm\/Donau e.V.<br>Innere Wallstra\u00dfe 30<br>89077 Ulm<br>E-Mail: vdf-vorstand@schubart-gymnasium.eu<\/p>\n\n\n\n<h3 class=\"wp-block-heading\" id=\"block-49645cf5-9b24-4d04-b513-1c5ce995083c\">\u00c4mter und Personen<\/h3>\n\n\n\n<ul class=\"wp-block-list\" id=\"block-37b5a7fa-42a3-4266-b419-3d21ceff6210\">\n<li>Vorsitz: Britta Schwartze<\/li>\n\n\n\n<li>Stellv. Vorsitz: Leda Dimou<\/li>\n\n\n\n<li>Kassierer: Moritz von Heimendahl<\/li>\n\n\n\n<li>Kassenpr\u00fcfer: Sabrina Graser, Florian Bayer<\/li>\n\n\n\n<li>Schriftf\u00fchrerin: Mona Dittgen<\/li>\n\n\n\n<li>Beisitzer: Jochen Anger, Silvia Bytow-Steidle, Birgit Dreisbach, Thomas Kammer, Matthias Rausch <\/li>\n\n\n\n<li>Schulische Beisitzerin: Martina Lutz<\/li>\n<\/ul>\n\n\n\n<h3 class=\"wp-block-heading\" id=\"block-8db06043-0770-4c58-8de5-e3aeb93f207b\">Ansprechpartner im Kollegium<\/h3>\n\n\n\n<p id=\"block-2ffd8586-1e5a-430f-bd87-9a64e96b69dd\">Jochen Anger<\/p>\n<\/div>\n\n\n\n<div class=\"wp-block-column is-layout-flow wp-block-column-is-layout-flow\" style=\"flex-basis:20%\">\n<h2 class=\"wp-block-heading\" id=\"downloads\">Downloads<\/h2>\n\n\n\n<div class=\"wp-block-file\"><a id=\"wp-block-file--media-b2324772-16f5-4e9d-a3a9-8ae8929b1dea\" href=\"https:\/\/sgu.ulm.schule\/wp-content\/uploads\/2021\/09\/Foerderverein_SGU.pdf\" target=\"_blank\" rel=\"noreferrer noopener\">Infoflyer VdF des SGU<\/a><\/div>\n<\/div>\n<\/div>\n\n\n\n<h3 class=\"wp-block-heading\" id=\"mitglied-werden\">Mitglied werden&#8230;<\/h3>\n\n\n\n<p>Sie finden einen Mitgliedsantrag im Infoflyer des VdF rechts unter Downloads, oder Sie nutzen unseren neuen Onlineantrag: <a href=\"https:\/\/easyverein.com\/public\/VdF\/applicationform\/\">https:\/\/easyverein.com\/public\/VdF\/applicationform\/<\/a><\/p>\n","protected":false},"excerpt":{"rendered":"<p>Freunde f\u00fcr\u00b4s Leben. Der Verein der Freunde des Schubart-Gymnasiums Ulm e.V. leistet durch seine F\u00f6rderarbeit finanzielle Unterst\u00fctzung f\u00fcr das Gymnasium und seine Sch\u00fclerinnen und Sch\u00fcler.Der gemeinn\u00fctzige Verein wurde 1969 aus der Elternschaft heraus gegr\u00fcndet. Er hat sich zum Ziel gesetzt, zu einer optimalen Ausstattung der Schule und einem angenehmen Lernumfeld beizutragen. Mitglieder des Vereins sind [&hellip;]<\/p>\n","protected":false},"author":1,"featured_media":0,"parent":191,"menu_order":55,"comment_status":"closed","ping_status":"closed","template":"","meta":{"footnotes":""},"class_list":["post-1805","page","type-page","status-publish","hentry"],"_links":{"self":[{"href":"https:\/\/schubart-gymnasium.eu\/index.php\/wp-json\/wp\/v2\/pages\/1805","targetHints":{"allow":["GET"]}}],"collection":[{"href":"https:\/\/schubart-gymnasium.eu\/index.php\/wp-json\/wp\/v2\/pages"}],"about":[{"href":"https:\/\/schubart-gymnasium.eu\/index.php\/wp-json\/wp\/v2\/types\/page"}],"author":[{"embeddable":true,"href":"https:\/\/schubart-gymnasium.eu\/index.php\/wp-json\/wp\/v2\/users\/1"}],"replies":[{"embeddable":true,"href":"https:\/\/schubart-gymnasium.eu\/index.php\/wp-json\/wp\/v2\/comments?post=1805"}],"version-history":[{"count":5,"href":"https:\/\/schubart-gymnasium.eu\/index.php\/wp-json\/wp\/v2\/pages\/1805\/revisions"}],"predecessor-version":[{"id":3175,"href":"https:\/\/schubart-gymnasium.eu\/index.php\/wp-json\/wp\/v2\/pages\/1805\/revisions\/3175"}],"up":[{"embeddable":true,"href":"https:\/\/schubart-gymnasium.eu\/index.php\/wp-json\/wp\/v2\/pages\/191"}],"wp:attachment":[{"href":"https:\/\/schubart-gymnasium.eu\/index.php\/wp-json\/wp\/v2\/media?parent=1805"}],"curies":[{"name":"wp","href":"https:\/\/api.w.org\/{rel}","templated":true}]}}