{"id":1596,"date":"2021-08-30T14:06:34","date_gmt":"2021-08-30T12:06:34","guid":{"rendered":"https:\/\/info.sgu.ul.bw.schule.de\/?page_id=1596"},"modified":"2021-09-06T15:29:42","modified_gmt":"2021-09-06T13:29:42","slug":"religion","status":"publish","type":"page","link":"https:\/\/schubart-gymnasium.eu\/index.php\/startseite\/unterricht\/faecher\/religion\/","title":{"rendered":"Religion"},"content":{"rendered":"\n<div class=\"wp-block-columns is-layout-flex wp-container-core-columns-is-layout-9d6595d7 wp-block-columns-is-layout-flex\">\n<div class=\"wp-block-column is-layout-flow wp-block-column-is-layout-flow\" style=\"flex-basis:80%\"><style>#sp-ea-1595 .spcollapsing { height: 0; overflow: hidden; transition-property: height;transition-duration: 500ms;}#sp-ea-1595.sp-easy-accordion>.sp-ea-single {margin-bottom: 10px; border: 1px solid #e2e2e2; }#sp-ea-1595.sp-easy-accordion>.sp-ea-single>.ea-header a {color: #444;}#sp-ea-1595.sp-easy-accordion>.sp-ea-single>.sp-collapse>.ea-body {background: #fff; color: #444;}#sp-ea-1595.sp-easy-accordion>.sp-ea-single {background: #eee;}#sp-ea-1595.sp-easy-accordion>.sp-ea-single>.ea-header a .ea-expand-icon { float: left; color: #444;font-size: 16px;}<\/style><div id=\"sp_easy_accordion-1775468254\"><div id=\"sp-ea-1595\" class=\"sp-ea-one sp-easy-accordion\" data-ea-active=\"ea-click\" data-ea-mode=\"vertical\" data-preloader=\"\" data-scroll-active-item=\"\" data-offset-to-scroll=\"0\"><div class=\"ea-card ea-expand sp-ea-single\"><h3 class=\"ea-header\"><a class=\"collapsed\" id=\"ea-header-15950\" role=\"button\" data-sptoggle=\"spcollapse\" data-sptarget=\"#collapse15950\" aria-controls=\"collapse15950\" href=\"#\" aria-expanded=\"true\" tabindex=\"0\"><i aria-hidden=\"true\" role=\"presentation\" class=\"ea-expand-icon eap-icon-ea-expand-minus\"><\/i> Allgemeines<\/a><\/h3><div class=\"sp-collapse spcollapse collapsed show\" id=\"collapse15950\" data-parent=\"#sp-ea-1595\" role=\"region\" aria-labelledby=\"ea-header-15950\"> <div class=\"ea-body\"><p>Im Fach Religion legen wir Wert auf \u00d6ffnung und kritische Auseinandersetzung \/ Reflektion christlichen Glaubens ...<\/p><h3 class=\"greentext\">in der Spiegelung zu anderen Religionen<\/h3><ul><li>Dialog zwischen den Religionen<\/li><li>(gemeinsames) Ethos der Religionen, Wertediskussion<\/li><li>Missbrauch von Religionen (z.B. Religion und Gewalt; Religion und Antisemitismus; Islamismus)<\/li><li>Abgrenzung zu Sekten<\/li><\/ul><h3 class=\"greentext\">in der Spiegelung zu gesellschaftsrelevanten Fragestellungen wie<\/h3><ul><li>bioethische Fragestellungen<\/li><li>soziale Fragestellungen<\/li><li>Integration \/ Antisemitismus \/ Rechtsradikalismus \/ Radikalisierung, Rekrutierung Jugendlicher f\u00fcr den IS<\/li><li>Zivilcourage<\/li><\/ul><h3 class=\"greentext\">Vernetzung der Inhalte im Blick auf<\/h3><ul><li>Aspekt der Vernunft \/ intellektuelle Auseinandersetzung mit dem eigenen Glauben<\/li><li>Methode der Geisteswissenschaften<\/li><li>Ethik \/ Handeln \/ soziales Lernen und Engagement<\/li><li>Existentielle Aspekte von Glauben, Spiritualit\u00e4t<\/li><\/ul><\/div><\/div><\/div><div class=\"ea-card sp-ea-single\"><h3 class=\"ea-header\"><a class=\"collapsed\" id=\"ea-header-15951\" role=\"button\" data-sptoggle=\"spcollapse\" data-sptarget=\"#collapse15951\" aria-controls=\"collapse15951\" href=\"#\" aria-expanded=\"false\" tabindex=\"0\"><i aria-hidden=\"true\" role=\"presentation\" class=\"ea-expand-icon eap-icon-ea-expand-plus\"><\/i> Lehrwerke<\/a><\/h3><div class=\"sp-collapse spcollapse \" id=\"collapse15951\" data-parent=\"#sp-ea-1595\" role=\"region\" aria-labelledby=\"ea-header-15951\"> <div class=\"ea-body\"><ul><li>Katholische Religion: Leben gestalten 1-3 (Klett-Verlag)<\/li><li>Evangelische Religion:<br \/>Kl.5+6: Moment mal! 1<br \/>Kl.7+8: Kursbuch Religion 7\/8<br \/>Kl.9: Kursbuch Religion 9\/10<br \/>Kl.10: Das Kursbuch Religion 9\/10<br \/>JS: Oberstufe Religion<\/li><\/ul><\/div><\/div><\/div><div class=\"ea-card sp-ea-single\"><h3 class=\"ea-header\"><a class=\"collapsed\" id=\"ea-header-15952\" role=\"button\" data-sptoggle=\"spcollapse\" data-sptarget=\"#collapse15952\" aria-controls=\"collapse15952\" href=\"#\" aria-expanded=\"false\" tabindex=\"0\"><i aria-hidden=\"true\" role=\"presentation\" class=\"ea-expand-icon eap-icon-ea-expand-plus\"><\/i> Curriculum<\/a><\/h3><div class=\"sp-collapse spcollapse \" id=\"collapse15952\" data-parent=\"#sp-ea-1595\" role=\"region\" aria-labelledby=\"ea-header-15952\"> <div class=\"ea-body\"><p>Siehe Bildungsplan 2016 ...<\/p><ul><li>Katholische Religionslehre: <a href=\"http:\/\/www.bildungsplaene-bw.de\/,Lde\/LS\/BP2016BW\/ALLG\/GYM\/RRK\/LG\" target=\"_blank\" rel=\"noopener noreferrer\">Leitgedanken zum Kompetenzerwerb<\/a> \/ <a href=\"http:\/\/www.bildungsplaene-bw.de\/,Lde\/LS\/BP2016BW\/ALLG\/GYM\/RRK\" target=\"_blank\" rel=\"noopener noreferrer\">Inhaltsbezogene Kompetenzen<\/a><\/li><li>Evangelische Religionslehre: <a href=\"http:\/\/www.bildungsplaene-bw.de\/,Lde\/LS\/BP2016BW\/ALLG\/GYM\/REV\/LG\" target=\"_blank\" rel=\"noopener noreferrer\">Leitgedanken zum Kompetenzerwerb<\/a> \/ <a href=\"http:\/\/www.bildungsplaene-bw.de\/,Lde\/LS\/BP2016BW\/ALLG\/GYM\/REV\" target=\"_blank\" rel=\"noopener noreferrer\">Inhaltsbezogene Kompetenzen<\/a><\/li><\/ul><\/div><\/div><\/div><div class=\"ea-card sp-ea-single\"><h3 class=\"ea-header\"><a class=\"collapsed\" id=\"ea-header-15953\" role=\"button\" data-sptoggle=\"spcollapse\" data-sptarget=\"#collapse15953\" aria-controls=\"collapse15953\" href=\"#\" aria-expanded=\"false\" tabindex=\"0\"><i aria-hidden=\"true\" role=\"presentation\" class=\"ea-expand-icon eap-icon-ea-expand-plus\"><\/i> Au\u00dferunterrichtliche Aktivit\u00e4ten<\/a><\/h3><div class=\"sp-collapse spcollapse \" id=\"collapse15953\" data-parent=\"#sp-ea-1595\" role=\"region\" aria-labelledby=\"ea-header-15953\"> <div class=\"ea-body\"><ul><li>Projektarbeit: Schulgottesdienste<\/li><li>Soziales Lernen: Besinnungstage (Klassen10), Meditationsraum, Sozialpraktikum (JS1); Schulgottesdienste, Sozialverb\u00e4nde in Ulm und ihre Arbeit. Weltladen.<\/li><li>Lokale Bez\u00fcge: Evangelische, katholische Kirchengeb\u00e4ude, j\u00fcdische Spuren in Ulm, Synagoge, Hans- und Sophie-Scholl-Ausstellung, Hospiz in Ulm, Caritas in Ulm und andere Sozialverb\u00e4nde, Weltladen.<\/li><li>Interkulturelles Lernen: Moschee in Ulm, Synagoge in Augsburg, Synagoge in Ulm, katholischer wie j\u00fcdischer Friedhof an der Stuttgarter Stra\u00dfe, j\u00fcdische Spuren in Ulm.<\/li><\/ul><\/div><\/div><\/div><div class=\"ea-card sp-ea-single\"><h3 class=\"ea-header\"><a class=\"collapsed\" id=\"ea-header-15954\" role=\"button\" data-sptoggle=\"spcollapse\" data-sptarget=\"#collapse15954\" aria-controls=\"collapse15954\" href=\"#\" aria-expanded=\"false\" tabindex=\"0\"><i aria-hidden=\"true\" role=\"presentation\" class=\"ea-expand-icon eap-icon-ea-expand-plus\"><\/i> \u201eSeitenwechsel\u201c - Soziales Lernen als erfolgreiches Praktikum in der JS 1<\/a><\/h3><div class=\"sp-collapse spcollapse \" id=\"collapse15954\" data-parent=\"#sp-ea-1595\" role=\"region\" aria-labelledby=\"ea-header-15954\"> <div class=\"ea-body\"><p>Link zur Rubrik <a href=\"https:\/\/schubart-gymnasium.eu\/node\/627\">Angebote \/ Sozialpraktikum<\/a> Hier Link zu Sozialpraktikum aktualisieren.<\/p><\/div><\/div><\/div><div class=\"ea-card sp-ea-single\"><h3 class=\"ea-header\"><a class=\"collapsed\" id=\"ea-header-15955\" role=\"button\" data-sptoggle=\"spcollapse\" data-sptarget=\"#collapse15955\" aria-controls=\"collapse15955\" href=\"#\" aria-expanded=\"false\" tabindex=\"0\"><i aria-hidden=\"true\" role=\"presentation\" class=\"ea-expand-icon eap-icon-ea-expand-plus\"><\/i> Besinnungstage \/ Tage der Orientierung Klassen 10<\/a><\/h3><div class=\"sp-collapse spcollapse \" id=\"collapse15955\" data-parent=\"#sp-ea-1595\" role=\"region\" aria-labelledby=\"ea-header-15955\"> <div class=\"ea-body\"><p>F\u00fcr die Sch\u00fclerinnen und Sch\u00fcler der zehnten Klassen des Gymnasiums ist nach einer Verordnung des Kultusministeriums die M\u00f6glichkeit vorgesehen, an \u201eTagen der Orientierung\u201c teilzunehmen. Diese Tage sind eine Veranstaltung mit eigenen Methoden, die sich in erster Linie an der Jugendarbeit orientieren.<\/p><p>In meditativen \u00dcbungen (Meditationsraum des Jugendhauses), Gespr\u00e4chen (in Gruppen sowie im Plenum), kreativem Arbeiten und Gruppenspielen (Gruppenraum) geht es um die Besinnung auf mich selbst sowie um Aspekte des \u201eIch und mein Gegen\u00fcber\u201c, des \u201eWir\u201c, um die Klassengemeinschaft sowie um Konfliktl\u00f6sungen (nicht nur in Bezug auf die Klassengemeinschaft).<\/p><p>Die \u201eBesinnungstage\u201c haben an unserer Schule nicht nur eine inzwischen lange Tradition, sie erfreuen sich bei Sch\u00fclerinnen und Sch\u00fclern auch einer gro\u00dfen Beliebtheit. Sicher ist f\u00fcr sie jede Gelegenheit willkommen, dem Unterricht f\u00fcr zwei Tage zu entrinnen, aber es sind andere Gesichtspunkte von Gewicht, die bei Umfragen von den Schulklassen genannt werden.<\/p><p>Die Besinnungstage sind keine Variation eines Kompakt-Unterrichtes an einem anderen Ort, sie sind vielmehr eine Veranstaltung mit eigenen Methoden, die sich vor allem an der Jugendarbeit orientieren.<\/p><p>Seit \u00fcber zwanzig Jahren f\u00fchren wir Kollegen der Fachschaft Religion mit allen 10er Klassen sogenannte \u201eBesinnungstage\u201c oder \u201eTage der Orientierung\u201c durch.<\/p><p>Diese wurden durch Fortbildungen und dann durch all die \u201evielen Erfahrungen die Jahre hindurch\u201c st\u00e4ndig von uns weiter entwickelt, so dass wir inzwischen ein sehr austariertes Programm haben, das immer gut und nachhaltig bei den Sch\u00fclerinnen und Sch\u00fclern ankommt und auch seinen Eindruck in der Fremdevaluation vor kurzem hinterlassen hat.<\/p><p>Damit immer alle Sch\u00fcler\/innen einer Klasse mitgehen wollen und k\u00f6nnen, wird das Programm so gestaltet, dass die Kirchen- oder Religionszugeh\u00f6rigkeit eines Einzelnen nicht unmittelbar ber\u00fchrt sind.<\/p><\/div><\/div><\/div><\/div><\/div>\n<\/div>\n\n\n\n<div class=\"wp-block-column is-layout-flow wp-block-column-is-layout-flow\" style=\"flex-basis:20%\">\n<h3 class=\"wp-block-heading\">Downloads<\/h3>\n\n\n\n<div class=\"wp-block-file\"><a href=\"https:\/\/sgu.ulm.schule\/wp-content\/uploads\/2021\/09\/evangelischer-RU.pdf\" target=\"_blank\" rel=\"noreferrer noopener\">evangelischer Religionsunterricht am SGU<\/a><\/div>\n<\/div>\n<\/div>\n","protected":false},"excerpt":{"rendered":"<p>Downloads<\/p>\n","protected":false},"author":1,"featured_media":0,"parent":209,"menu_order":200,"comment_status":"closed","ping_status":"closed","template":"","meta":{"footnotes":""},"class_list":["post-1596","page","type-page","status-publish","hentry"],"_links":{"self":[{"href":"https:\/\/schubart-gymnasium.eu\/index.php\/wp-json\/wp\/v2\/pages\/1596","targetHints":{"allow":["GET"]}}],"collection":[{"href":"https:\/\/schubart-gymnasium.eu\/index.php\/wp-json\/wp\/v2\/pages"}],"about":[{"href":"https:\/\/schubart-gymnasium.eu\/index.php\/wp-json\/wp\/v2\/types\/page"}],"author":[{"embeddable":true,"href":"https:\/\/schubart-gymnasium.eu\/index.php\/wp-json\/wp\/v2\/users\/1"}],"replies":[{"embeddable":true,"href":"https:\/\/schubart-gymnasium.eu\/index.php\/wp-json\/wp\/v2\/comments?post=1596"}],"version-history":[{"count":3,"href":"https:\/\/schubart-gymnasium.eu\/index.php\/wp-json\/wp\/v2\/pages\/1596\/revisions"}],"predecessor-version":[{"id":1731,"href":"https:\/\/schubart-gymnasium.eu\/index.php\/wp-json\/wp\/v2\/pages\/1596\/revisions\/1731"}],"up":[{"embeddable":true,"href":"https:\/\/schubart-gymnasium.eu\/index.php\/wp-json\/wp\/v2\/pages\/209"}],"wp:attachment":[{"href":"https:\/\/schubart-gymnasium.eu\/index.php\/wp-json\/wp\/v2\/media?parent=1596"}],"curies":[{"name":"wp","href":"https:\/\/api.w.org\/{rel}","templated":true}]}}