{"id":1590,"date":"2021-08-30T14:01:00","date_gmt":"2021-08-30T12:01:00","guid":{"rendered":"https:\/\/info.sgu.ul.bw.schule.de\/?page_id=1590"},"modified":"2021-09-06T15:26:35","modified_gmt":"2021-09-06T13:26:35","slug":"nwt","status":"publish","type":"page","link":"https:\/\/schubart-gymnasium.eu\/index.php\/startseite\/unterricht\/faecher\/nwt\/","title":{"rendered":"NWT"},"content":{"rendered":"\n<div class=\"wp-block-columns is-layout-flex wp-container-core-columns-is-layout-9d6595d7 wp-block-columns-is-layout-flex\">\n<div class=\"wp-block-column is-layout-flow wp-block-column-is-layout-flow\" style=\"flex-basis:80%\"><style>#sp-ea-1589 .spcollapsing { height: 0; overflow: hidden; transition-property: height;transition-duration: 500ms;}#sp-ea-1589.sp-easy-accordion>.sp-ea-single {margin-bottom: 10px; border: 1px solid #e2e2e2; }#sp-ea-1589.sp-easy-accordion>.sp-ea-single>.ea-header a {color: #444;}#sp-ea-1589.sp-easy-accordion>.sp-ea-single>.sp-collapse>.ea-body {background: #fff; color: #444;}#sp-ea-1589.sp-easy-accordion>.sp-ea-single {background: #eee;}#sp-ea-1589.sp-easy-accordion>.sp-ea-single>.ea-header a .ea-expand-icon { float: left; color: #444;font-size: 16px;}<\/style><div id=\"sp_easy_accordion-1701941620\"><div id=\"sp-ea-1589\" class=\"sp-ea-one sp-easy-accordion\" data-ea-active=\"ea-click\" data-ea-mode=\"vertical\" data-preloader=\"\" data-scroll-active-item=\"\" data-offset-to-scroll=\"0\"><div class=\"ea-card ea-expand sp-ea-single\"><h3 class=\"ea-header\"><a class=\"collapsed\" id=\"ea-header-15890\" role=\"button\" data-sptoggle=\"spcollapse\" data-sptarget=\"#collapse15890\" aria-controls=\"collapse15890\" href=\"#\" aria-expanded=\"true\" tabindex=\"0\"><i aria-hidden=\"true\" role=\"presentation\" class=\"ea-expand-icon eap-icon-ea-expand-minus\"><\/i> Allgemeine Informationen<\/a><\/h3><div class=\"sp-collapse spcollapse collapsed show\" id=\"collapse15890\" data-parent=\"#sp-ea-1589\" role=\"region\" aria-labelledby=\"ea-header-15890\"> <div class=\"ea-body\"><p>NwT (Naturwissenschaft und Technik) und praktisches Tun \/ Arbeiten geh\u00f6ren untrennbar zusammen. In keinem anderen Hauptfach wird so viel und so unterschiedlich experimentiert. Der Unterricht ist in halbj\u00e4hrlichen Modulen aufgebaut. So bleibt gen\u00fcgend Zeit, um sich einem Thema gr\u00fcndlich widmen zu l\u00f6nnen und im Laufe der Jahre erhalten die Sch\u00fclerinnen und Sch\u00fcler Angebote aus vielf\u00e4ltigen Bereichen.<\/p><p>Das Fach wird in G9 NIT (Naturwissenschaft, Informatik und Technik) hei\u00dfen.<\/p><p>Im aktuellen Schuljahr 2025-26 bieten wir folgende Module an:<\/p><p>Klasse 8: Holzbearbeitung (Kranbau)<\/p><p>Arduino-Programmierung (Teil 1) und Fortbewegung<\/p><p>Klasse 9: Ardiuno-Programmierung (Teil 2) mit Technik-Projekt oder Astronomie<\/p><p>Medizintechnik<\/p><p>Klasse 10: Windkraftanlagen<\/p><p>Energie<\/p><\/div><\/div><\/div><div class=\"ea-card sp-ea-single\"><h3 class=\"ea-header\"><a class=\"collapsed\" id=\"ea-header-15891\" role=\"button\" data-sptoggle=\"spcollapse\" data-sptarget=\"#collapse15891\" aria-controls=\"collapse15891\" href=\"#\" aria-expanded=\"false\" tabindex=\"0\"><i aria-hidden=\"true\" role=\"presentation\" class=\"ea-expand-icon eap-icon-ea-expand-plus\"><\/i> weitere Informationen<\/a><\/h3><div class=\"sp-collapse spcollapse \" id=\"collapse15891\" data-parent=\"#sp-ea-1589\" role=\"region\" aria-labelledby=\"ea-header-15891\"> <div class=\"ea-body\"><p>CAD-Programmierung f\u00fcr Einsteiger: <a href=\"http:\/\/www.tinkercad.com\" target=\"_blank\" rel=\"noopener\">www.tinkercad.com<\/a><\/p><\/div><\/div><\/div><\/div><\/div>\n<\/div>\n\n\n\n<div class=\"wp-block-column is-layout-flow wp-block-column-is-layout-flow\" style=\"flex-basis:20%\">\n<h3 class=\"wp-block-heading\">Downloads<\/h3>\n\n\n\n<div class=\"wp-block-file\"><a href=\"https:\/\/sgu.ulm.schule\/wp-content\/uploads\/2021\/09\/Profilfach-NWT-Stand-09.02.21.pdf\" target=\"_blank\" rel=\"noreferrer noopener\">Informationen zur Profilwahl NWT in Klasse 7<\/a><\/div>\n<\/div>\n<\/div>\n","protected":false},"excerpt":{"rendered":"<p>Downloads<\/p>\n","protected":false},"author":1,"featured_media":0,"parent":209,"menu_order":180,"comment_status":"closed","ping_status":"closed","template":"","meta":{"footnotes":""},"class_list":["post-1590","page","type-page","status-publish","hentry"],"_links":{"self":[{"href":"https:\/\/schubart-gymnasium.eu\/index.php\/wp-json\/wp\/v2\/pages\/1590","targetHints":{"allow":["GET"]}}],"collection":[{"href":"https:\/\/schubart-gymnasium.eu\/index.php\/wp-json\/wp\/v2\/pages"}],"about":[{"href":"https:\/\/schubart-gymnasium.eu\/index.php\/wp-json\/wp\/v2\/types\/page"}],"author":[{"embeddable":true,"href":"https:\/\/schubart-gymnasium.eu\/index.php\/wp-json\/wp\/v2\/users\/1"}],"replies":[{"embeddable":true,"href":"https:\/\/schubart-gymnasium.eu\/index.php\/wp-json\/wp\/v2\/comments?post=1590"}],"version-history":[{"count":3,"href":"https:\/\/schubart-gymnasium.eu\/index.php\/wp-json\/wp\/v2\/pages\/1590\/revisions"}],"predecessor-version":[{"id":1728,"href":"https:\/\/schubart-gymnasium.eu\/index.php\/wp-json\/wp\/v2\/pages\/1590\/revisions\/1728"}],"up":[{"embeddable":true,"href":"https:\/\/schubart-gymnasium.eu\/index.php\/wp-json\/wp\/v2\/pages\/209"}],"wp:attachment":[{"href":"https:\/\/schubart-gymnasium.eu\/index.php\/wp-json\/wp\/v2\/media?parent=1590"}],"curies":[{"name":"wp","href":"https:\/\/api.w.org\/{rel}","templated":true}]}}