{"id":1587,"date":"2021-08-30T13:58:52","date_gmt":"2021-08-30T11:58:52","guid":{"rendered":"https:\/\/info.sgu.ul.bw.schule.de\/?page_id=1587"},"modified":"2022-02-13T09:26:58","modified_gmt":"2022-02-13T08:26:58","slug":"musik","status":"publish","type":"page","link":"https:\/\/schubart-gymnasium.eu\/index.php\/startseite\/unterricht\/faecher\/musik\/","title":{"rendered":"Musik"},"content":{"rendered":"\n<div class=\"wp-block-columns is-layout-flex wp-container-core-columns-is-layout-9d6595d7 wp-block-columns-is-layout-flex\">\n<div class=\"wp-block-column is-layout-flow wp-block-column-is-layout-flow\" style=\"flex-basis:80%\">\n<figure class=\"wp-block-embed is-type-video is-provider-vimeo wp-block-embed-vimeo wp-embed-aspect-16-9 wp-has-aspect-ratio\"><div class=\"wp-block-embed__wrapper\">\n<iframe loading=\"lazy\" title=\"Musik AGs\" src=\"https:\/\/player.vimeo.com\/video\/513914164?dnt=1&amp;app_id=122963\" width=\"640\" height=\"360\" frameborder=\"0\" allow=\"autoplay; fullscreen; picture-in-picture; clipboard-write\"><\/iframe>\n<\/div><\/figure>\n\n\n<style>#sp-ea-1585 .spcollapsing { height: 0; overflow: hidden; transition-property: height;transition-duration: 500ms;}#sp-ea-1585.sp-easy-accordion>.sp-ea-single {margin-bottom: 10px; border: 1px solid #e2e2e2; }#sp-ea-1585.sp-easy-accordion>.sp-ea-single>.ea-header a {color: #444;}#sp-ea-1585.sp-easy-accordion>.sp-ea-single>.sp-collapse>.ea-body {background: #fff; color: #444;}#sp-ea-1585.sp-easy-accordion>.sp-ea-single {background: #eee;}#sp-ea-1585.sp-easy-accordion>.sp-ea-single>.ea-header a .ea-expand-icon { float: left; color: #444;font-size: 16px;}<\/style><div id=\"sp_easy_accordion-1776215576\"><div id=\"sp-ea-1585\" class=\"sp-ea-one sp-easy-accordion\" data-ea-active=\"ea-click\" data-ea-mode=\"vertical\" data-preloader=\"\" data-scroll-active-item=\"\" data-offset-to-scroll=\"0\"><div class=\"ea-card ea-expand sp-ea-single\"><h3 class=\"ea-header\"><a class=\"collapsed\" id=\"ea-header-15850\" role=\"button\" data-sptoggle=\"spcollapse\" data-sptarget=\"#collapse15850\" aria-controls=\"collapse15850\" href=\"#\" aria-expanded=\"true\" tabindex=\"0\"><i aria-hidden=\"true\" role=\"presentation\" class=\"ea-expand-icon eap-icon-ea-expand-minus\"><\/i> Allgemeines<\/a><\/h3><div class=\"sp-collapse spcollapse collapsed show\" id=\"collapse15850\" data-parent=\"#sp-ea-1585\" role=\"region\" aria-labelledby=\"ea-header-15850\"> <div class=\"ea-body\"><p>Musikerziehung f\u00f6rdert die Schulleistung, die Pers\u00f6nlichkeitsentwicklung und die soziale Kompetenz der Sch\u00fclerinnen und Sch\u00fcler. Sie k\u00f6nnen sich besser konzentrieren, sind kreativer und entwickeln Teamf\u00e4higkeit. Der Musikunterricht am Schubart-Gymnasium Ulm setzt sich aus verschiedenen Komponenten zusammen. Klassenmusizieren, Singen und rhythmische Erziehung sind feste Bestandteile neben der Analyse musikalischer Werke.<\/p><\/div><\/div><\/div><div class=\"ea-card sp-ea-single\"><h3 class=\"ea-header\"><a class=\"collapsed\" id=\"ea-header-15851\" role=\"button\" data-sptoggle=\"spcollapse\" data-sptarget=\"#collapse15851\" aria-controls=\"collapse15851\" href=\"#\" aria-expanded=\"false\" tabindex=\"0\"><i aria-hidden=\"true\" role=\"presentation\" class=\"ea-expand-icon eap-icon-ea-expand-plus\"><\/i> Lehrwerke \/ Lehrmaterial<\/a><\/h3><div class=\"sp-collapse spcollapse \" id=\"collapse15851\" data-parent=\"#sp-ea-1585\" role=\"region\" aria-labelledby=\"ea-header-15851\"> <div class=\"ea-body\"><p>Die Sch\u00fcler erhalten kein Buch. Wir arbeiten mit dem Pr\u00e4senzbestand im Musiksaal (\u201eMusik um uns\u201c, \u201eO-Ton\u201c, \u201eCanto\u201c, \u201eDas Schulliederbuch\u201c, u.v.a.)<\/p><\/div><\/div><\/div><div class=\"ea-card sp-ea-single\"><h3 class=\"ea-header\"><a class=\"collapsed\" id=\"ea-header-15852\" role=\"button\" data-sptoggle=\"spcollapse\" data-sptarget=\"#collapse15852\" aria-controls=\"collapse15852\" href=\"#\" aria-expanded=\"false\" tabindex=\"0\"><i aria-hidden=\"true\" role=\"presentation\" class=\"ea-expand-icon eap-icon-ea-expand-plus\"><\/i> Curriculum<\/a><\/h3><div class=\"sp-collapse spcollapse \" id=\"collapse15852\" data-parent=\"#sp-ea-1585\" role=\"region\" aria-labelledby=\"ea-header-15852\"> <div class=\"ea-body\"><p><a href=\"http:\/\/www.bildungsplaene-bw.de\/,Lde\/LS\/BP2016BW\/ALLG\/GYM\/MUS\" target=\"_blank\" rel=\"noopener noreferrer\">Link zum Bildungsplan<\/a><\/p><p>Inhalte des Unterrichts sehr verk\u00fcrzt im \u00dcberblick:<\/p><h3 class=\"greentext\">Klasse 5<\/h3><ul><li>Musiktheoretische Inhalte: Notenlesen im Violinschl\u00fcssel, Notenwerte, Tonleitern Dur, Quintenzirkel<\/li><li>Musikgeschichte: Zwei bedeutende Komponisten, ihr Leben und ihre Werke (z.B. Vivaldi, Saint-Saens,...)<\/li><li>Weitere Inhalte: Rhythmus\u00fcbungen, Singen, Musizieren<\/li><\/ul><h3 class=\"greentext\">Klasse 6<\/h3><ul><li>Musiktheoretische Inhalte: Notenlesen Bassschl\u00fcssel, Intervalle bestimmen, Tonleitern Moll, Quintenzirkel<\/li><li>Musikgeschichte: Zwei bedeutende Komponisten (z.B. Bach, Haydn,...)<\/li><li>Weitere Inhalte: Geh\u00f6rbildungs\u00fcbungen, Singen, Musizieren<\/li><\/ul><h3 class=\"greentext\">Klasse 7<\/h3><ul><li>Musiktheoretische Inhalte: Dreikl\u00e4nge, Kadenz, wiederholen und vertiefen bisheriger Inhalte<\/li><li>Weitere Inhalte: Geh\u00f6rbildungs\u00fcbungen, Das Orchester, Romantik, Singen, Musizieren<\/li><\/ul><h3 class=\"greentext\">Klasse 8<\/h3><ul><li>Musiktheoretische Inhalte: Bluestonleiter, Bluesschema, wiederholen und vertiefen<\/li><li>Weitere Inhalte: Rock-Pop, Oper, Singen und Musizieren (Klassenband)<\/li><\/ul><h3 class=\"greentext\">Klasse 9<\/h3><ul><li>Kein Musikunterricht<\/li><\/ul><h3 class=\"greentext\">Klasse 10<\/h3><ul><li>Vorbereitung auf die Oberstufe mit Vertiefen des Epochen- und Werkverst\u00e4ndnisses<\/li><li>Singen, Musizieren<\/li><\/ul><h3 class=\"greentext\">Kursstufe 4-st\u00fcndig<\/h3><ul><li>Geschichte der abendl\u00e4ndischen Musik bis ins 21. Jahrhundert<\/li><li>3 vertiefenden \u201eSternchenthemen\u201c<\/li><li>Tonsatz und Geh\u00f6rbildung (Melodiediktat, Rhythmus, Intervalle, Akkorde, Stil-Werkkunde)<\/li><\/ul><h3 class=\"greentext\">Kursstufe 2-st\u00fcndig<\/h3><ul><li>Einblicke in ausgew\u00e4hlte Formen und Werke der Musikgeschichte, u.a. Sinfonie, Musical, Filmmusik<\/li><\/ul><h3 class=\"greentext\">Schulcurriculum<\/h3><p><a href=\"https:\/\/sgu.ulm.schule\/wp-content\/uploads\/2021\/08\/Schulcurriculm-Musik-5-10.pdf\">Schulcurriculm Musik 5-10<\/a>.<\/p><\/div><\/div><\/div><div class=\"ea-card sp-ea-single\"><h3 class=\"ea-header\"><a class=\"collapsed\" id=\"ea-header-15853\" role=\"button\" data-sptoggle=\"spcollapse\" data-sptarget=\"#collapse15853\" aria-controls=\"collapse15853\" href=\"#\" aria-expanded=\"false\" tabindex=\"0\"><i aria-hidden=\"true\" role=\"presentation\" class=\"ea-expand-icon eap-icon-ea-expand-plus\"><\/i> Au\u00dferunterrichtliche Aktivit\u00e4ten<\/a><\/h3><div class=\"sp-collapse spcollapse \" id=\"collapse15853\" data-parent=\"#sp-ea-1585\" role=\"region\" aria-labelledby=\"ea-header-15853\"> <div class=\"ea-body\"><p>Unterstufenchor Klasse 5-7<br \/>Leitung: Frau Jahn<br \/>Probe: Freitag, 6. Stunde<\/p><p>Nachwuchsorchester Klasse 5-7<br \/>Leitung: Herr Anger<br \/>Probe: Freitag, 12:05 bis 13:30 Uhr<\/p><p>Chor Klasse 8-JS2<br \/>Leitung: Frau Dinkelaker<br \/>Probe: Freitag, 13:15 bis 14:20 Uhr<\/p><p>Orchester Klasse 8-JS2<br \/>Leitung: Herr Anger<br \/>Probe: Freitag, 13:30 bis 15:00 Uhr<\/p><p>Big Band Klasse 8 bis JS2<br \/>Leitung: Herr Anger<br \/>Probe: Mittwoch, 13:45 bis 15:15 Uhr<\/p><p>Hier Link zu Musik AGs einf\u00fcgen<\/p><\/div><\/div><\/div><div class=\"ea-card sp-ea-single\"><h3 class=\"ea-header\"><a class=\"collapsed\" id=\"ea-header-15854\" role=\"button\" data-sptoggle=\"spcollapse\" data-sptarget=\"#collapse15854\" aria-controls=\"collapse15854\" href=\"#\" aria-expanded=\"false\" tabindex=\"0\"><i aria-hidden=\"true\" role=\"presentation\" class=\"ea-expand-icon eap-icon-ea-expand-plus\"><\/i> Sonstiges \/ Links<\/a><\/h3><div class=\"sp-collapse spcollapse \" id=\"collapse15854\" data-parent=\"#sp-ea-1585\" role=\"region\" aria-labelledby=\"ea-header-15854\"> <div class=\"ea-body\"><ul><li><a href=\"https:\/\/musikwissenschaften.de\/lernprogramme\/online-lernprogramme-flash-uebersicht\/\" target=\"_blank\" rel=\"noopener noreferrer\">Lernprogramme u.a. zu den Themen Geh\u00f6rbildung, Intervall\u00fcbungen, Notenblattdrucker<\/a><\/li><li><a href=\"https:\/\/www.eartraining-online.de\" target=\"_blank\" rel=\"noopener noreferrer\">Ausf\u00fchrliche \u00dcbungen zur Geh\u00f6rbildung <\/a>(Musikhochschule Mannheim, Anmeldung als Gast erforderlich)<\/li><\/ul><\/div><\/div><\/div><\/div><\/div>\n<\/div>\n\n\n\n<div class=\"wp-block-column is-layout-flow wp-block-column-is-layout-flow\" style=\"flex-basis:20%\">\n<h3 class=\"wp-block-heading\" id=\"links\">Links<\/h3>\n\n\n\n<p><a href=\"https:\/\/sgu.ulm.schule\/index.php\/2020\/02\/06\/3-schuelerpodium-des-sgu\/\">Sch\u00fclerpodium des SGU<\/a><\/p>\n\n\n\n<p><a href=\"https:\/\/sgu.ulm.schule\/index.php\/2018\/03\/25\/konzert-der-allstars-bigband\/\">Konzert der Allstarsbigband<\/a><\/p>\n\n\n\n<div class=\"wp-block-file\"><a id=\"wp-block-file--media-5cf8a43a-9ede-4a53-9fe0-aeda45221eb0\" href=\"https:\/\/sgu.ulm.schule\/wp-content\/uploads\/2021\/09\/2017_SGU-Weihnachtskonzert.mp4\">Weihnachtskonzert 2017<\/a><\/div>\n\n\n\n<p><a href=\"https:\/\/sgu.ulm.schule\/index.php\/2021\/09\/01\/bigband-live\/\">BigBand Live<\/a><\/p>\n<\/div>\n<\/div>\n","protected":false},"excerpt":{"rendered":"<p>Links Sch\u00fclerpodium des SGU Konzert der Allstarsbigband BigBand Live<\/p>\n","protected":false},"author":1,"featured_media":0,"parent":209,"menu_order":170,"comment_status":"closed","ping_status":"closed","template":"","meta":{"footnotes":""},"class_list":["post-1587","page","type-page","status-publish","hentry"],"_links":{"self":[{"href":"https:\/\/schubart-gymnasium.eu\/index.php\/wp-json\/wp\/v2\/pages\/1587","targetHints":{"allow":["GET"]}}],"collection":[{"href":"https:\/\/schubart-gymnasium.eu\/index.php\/wp-json\/wp\/v2\/pages"}],"about":[{"href":"https:\/\/schubart-gymnasium.eu\/index.php\/wp-json\/wp\/v2\/types\/page"}],"author":[{"embeddable":true,"href":"https:\/\/schubart-gymnasium.eu\/index.php\/wp-json\/wp\/v2\/users\/1"}],"replies":[{"embeddable":true,"href":"https:\/\/schubart-gymnasium.eu\/index.php\/wp-json\/wp\/v2\/comments?post=1587"}],"version-history":[{"count":4,"href":"https:\/\/schubart-gymnasium.eu\/index.php\/wp-json\/wp\/v2\/pages\/1587\/revisions"}],"predecessor-version":[{"id":2128,"href":"https:\/\/schubart-gymnasium.eu\/index.php\/wp-json\/wp\/v2\/pages\/1587\/revisions\/2128"}],"up":[{"embeddable":true,"href":"https:\/\/schubart-gymnasium.eu\/index.php\/wp-json\/wp\/v2\/pages\/209"}],"wp:attachment":[{"href":"https:\/\/schubart-gymnasium.eu\/index.php\/wp-json\/wp\/v2\/media?parent=1587"}],"curies":[{"name":"wp","href":"https:\/\/api.w.org\/{rel}","templated":true}]}}