{"id":1580,"date":"2021-08-30T13:46:13","date_gmt":"2021-08-30T11:46:13","guid":{"rendered":"https:\/\/info.sgu.ul.bw.schule.de\/?page_id=1580"},"modified":"2021-09-06T13:16:52","modified_gmt":"2021-09-06T11:16:52","slug":"kunst","status":"publish","type":"page","link":"https:\/\/schubart-gymnasium.eu\/index.php\/startseite\/unterricht\/faecher\/kunst\/","title":{"rendered":"Kunst"},"content":{"rendered":"<style>#sp-ea-1579 .spcollapsing { height: 0; overflow: hidden; transition-property: height;transition-duration: 500ms;}#sp-ea-1579.sp-easy-accordion>.sp-ea-single {margin-bottom: 10px; border: 1px solid #e2e2e2; }#sp-ea-1579.sp-easy-accordion>.sp-ea-single>.ea-header a {color: #444;}#sp-ea-1579.sp-easy-accordion>.sp-ea-single>.sp-collapse>.ea-body {background: #fff; color: #444;}#sp-ea-1579.sp-easy-accordion>.sp-ea-single {background: #eee;}#sp-ea-1579.sp-easy-accordion>.sp-ea-single>.ea-header a .ea-expand-icon { float: left; color: #444;font-size: 16px;}<\/style><div id=\"sp_easy_accordion-1776916174\"><div id=\"sp-ea-1579\" class=\"sp-ea-one sp-easy-accordion\" data-ea-active=\"ea-click\" data-ea-mode=\"vertical\" data-preloader=\"\" data-scroll-active-item=\"\" data-offset-to-scroll=\"0\"><div class=\"ea-card ea-expand sp-ea-single\"><h3 class=\"ea-header\"><a class=\"collapsed\" id=\"ea-header-15790\" role=\"button\" data-sptoggle=\"spcollapse\" data-sptarget=\"#collapse15790\" aria-controls=\"collapse15790\" href=\"#\" aria-expanded=\"true\" tabindex=\"0\"><i aria-hidden=\"true\" role=\"presentation\" class=\"ea-expand-icon eap-icon-ea-expand-minus\"><\/i> Ziele<\/a><\/h3><div class=\"sp-collapse spcollapse collapsed show\" id=\"collapse15790\" data-parent=\"#sp-ea-1579\" role=\"region\" aria-labelledby=\"ea-header-15790\"> <div class=\"ea-body\"><p>\u201eDas Fach Bildende Kunst f\u00f6rdert umfassend sch\u00f6pferische Kr\u00e4fte und \u00e4sthetische Sensibilit\u00e4t. Es vermittelt den Sch\u00fclerinnen und Sch\u00fclern anschlussf\u00e4higes Wissen,erm\u00f6glicht transferierbares, gestalterisches K\u00f6nnen sowie selbst-,sozial-und wertebewusste Haltungen gegen\u00fcber \u00e4sthetischen,gesellschaftlichen und ethischen Grundfragen...<\/p><p>Die Auseinandersetzung mit der sichtbaren und gestalteten Umwelt,mit historischen und zeitgen\u00f6ssischen Werken der Kunst und mit der Konstruktion von Wirklichkeit durch die Bildmedien ist ein zentrales Anliegen des Faches und Grundlage eines modernen Bildungsverst\u00e4ndnisses. In gleichem Ma\u00dfe zielt Kunstunterricht auf die F\u00f6rderung der Wahrnehmung,auf die Entfaltung der imaginativen und sch\u00f6pferischen Kr\u00e4fte sowie auf die Entwicklung der praktischen Gestaltungsf\u00e4higkeiten und Ausdrucksm\u00f6glichkeiten von Sch\u00fclerinnen und Sch\u00fclern....\u201c<\/p><p>(Auszug aus dem Bildungsplan 2016,S.5)<\/p><\/div><\/div><\/div><div class=\"ea-card sp-ea-single\"><h3 class=\"ea-header\"><a class=\"collapsed\" id=\"ea-header-15791\" role=\"button\" data-sptoggle=\"spcollapse\" data-sptarget=\"#collapse15791\" aria-controls=\"collapse15791\" href=\"#\" aria-expanded=\"false\" tabindex=\"0\"><i aria-hidden=\"true\" role=\"presentation\" class=\"ea-expand-icon eap-icon-ea-expand-plus\"><\/i> Methodencurriculum<\/a><\/h3><div class=\"sp-collapse spcollapse \" id=\"collapse15791\" data-parent=\"#sp-ea-1579\" role=\"region\" aria-labelledby=\"ea-header-15791\"> <div class=\"ea-body\"><p class=\"greentext\">Elementare Lern-und Arbeitstechniken<\/p><ul><li>Umsetzen von Arbeitsanleitungen zu k\u00fcnstlerisch gepr\u00e4gten Sch\u00fclerarbeiten<\/li><li>sachgem\u00e4\u00dfer Umgang mit Material und Werkzeug<\/li><li>Ein\u00fcben von Sekund\u00e4rtugend<\/li><\/ul><p class=\"greentext\">Angemessen kommunizieren k\u00f6nnen<\/p><ul><li>Fachbegriffe verwenden und sich sachlich und wertfrei zu Kunst \u00e4u\u00dfern<\/li><\/ul><p class=\"greentext\">Mit anderen zusammenarbeiten k\u00f6nnen<\/p><ul><li>Zusammenarbeit bei Bildbetrachtung und gemeinsamen Projekten<\/li><\/ul><p class=\"greentext\">M\u00fcndlich und schriftlich pr\u00e4sentieren k\u00f6nnen<\/p><ul><li>technische Verfahren erkl\u00e4ren k\u00f6nnen<\/li><li>inhaltlich und formal zu Kunstwerken Stellung nehmen<\/li><\/ul><\/div><\/div><\/div><div class=\"ea-card sp-ea-single\"><h3 class=\"ea-header\"><a class=\"collapsed\" id=\"ea-header-15792\" role=\"button\" data-sptoggle=\"spcollapse\" data-sptarget=\"#collapse15792\" aria-controls=\"collapse15792\" href=\"#\" aria-expanded=\"false\" tabindex=\"0\"><i aria-hidden=\"true\" role=\"presentation\" class=\"ea-expand-icon eap-icon-ea-expand-plus\"><\/i> Stoffverteilungsplan, Inhaltsbezogene Kompetenzen<\/a><\/h3><div class=\"sp-collapse spcollapse \" id=\"collapse15792\" data-parent=\"#sp-ea-1579\" role=\"region\" aria-labelledby=\"ea-header-15792\"> <div class=\"ea-body\"><h3 class=\"greentext\">Klasse 5\/6<\/h3><ul><li>Schwerpunkt Bild (Fl\u00e4che;Grafik;Medien): Bilder wahrnehmen,beschreiben, erschlie\u00dfen,in Beziehung zur eigenen Bildproduktion untersuchen<\/li><li>Schwerpunkt Raum (Plastik,Architektur): Erproben und untersuchen verschiedener plastischer Materialien,Verh\u00e4ltnis von K\u00f6rper und Raum verstehen<\/li><li>Schwerpunkt Zeit (Medien,Aktion): Medien in Vielfalt und Bedeutung wahrnehmen,Einsatz als Dokumentations-, Kommunikations -und Gestaltungsmittel in einfacher Form<\/li><\/ul><h3 class=\"greentext\">Klasse 7\/8:<\/h3><ul><li>Schwerpunkt Bild (Fl\u00e4che,Grafik,Medien): Bilder bewusst wahrnehmen,strukturiert beschreiben,Bilderfahrungen und Bildrezeptionen mit dem eigenen Gestalten und Handeln in Verbindung bringen<\/li><li>Schwerpunkt Raum (Plastik, Architektur): Mittel plastischer Gestaltung gezielt einsetzen, K\u00f6rper und Bewegung mit plastischen Mitteln darstellen<\/li><li>Schwerpunkt Zeit (Medien,Aktion): Gestalten einfacher Medien mit Hilfe von Bild-, Text- und Grafikprogrammen<\/li><\/ul><h3 class=\"greentext\">Klasse 9\/10:<\/h3><ul><li>Schwerpunkt Bild (Fl\u00e4che,Grafik, Medien): Bilder umfassend und differenziert wahrnehmen,untersuchen und interpretieren, reflektierende Wahrnehmung mit dem eigenen produktiven Schaffensprozess verkn\u00fcpfen, Erkenntnisse zu Bildern kommunizieren, diskutieren,pr\u00e4sentieren<\/li><li>Schwerpunkt Raum ( Plastik, Architektur): dreidimensionales Arbeiten mit verschiedenenMaterialien,Produktdesign<\/li><li>Schwerpunkt Zeit (Medien, Aktion): Visuelle Medienprodukte konzipieren, entwickeln und realisieren ( Z.Bsp:Werbung, Layout,Typografie )<\/li><\/ul><\/div><\/div><\/div><div class=\"ea-card sp-ea-single\"><h3 class=\"ea-header\"><a class=\"collapsed\" id=\"ea-header-15793\" role=\"button\" data-sptoggle=\"spcollapse\" data-sptarget=\"#collapse15793\" aria-controls=\"collapse15793\" href=\"#\" aria-expanded=\"false\" tabindex=\"0\"><i aria-hidden=\"true\" role=\"presentation\" class=\"ea-expand-icon eap-icon-ea-expand-plus\"><\/i> Schulcurriculum<\/a><\/h3><div class=\"sp-collapse spcollapse \" id=\"collapse15793\" data-parent=\"#sp-ea-1579\" role=\"region\" aria-labelledby=\"ea-header-15793\"> <div class=\"ea-body\"><h3 class=\"greentext\">Klasse 5\/6<\/h3><ul><li>Figuren \/ Objekte in Bewegung<\/li><li>Naturstudien, Projektarbeit, z.B. Zoo<\/li><li>Lokalbez\u00fcge: Kindermuseum, Kontiki (Workshop mit Museumsp\u00e4dagogen)<\/li><\/ul><h3 class=\"greentext\">Klasse 7\/8<\/h3><ul><li>Plakatgestaltung, Bild- und Textgestaltung<\/li><li>Lokalbez\u00fcge: Naturkundemuseum, Schulumgebung<\/li><\/ul><h3 class=\"greentext\">Klasse 9\/10<\/h3><ul><li>B\u00fchnenbild, architektonische Gestaltungsmittel, Port\u00e4tdarstellung<\/li><li>Lokalbez\u00fcge: architektonische Beispiele aus Ulm, Designb\u00fcro, Museen in Ulm, Neu-Ulm<\/li><\/ul><\/div><\/div><\/div><div class=\"ea-card sp-ea-single\"><h3 class=\"ea-header\"><a class=\"collapsed\" id=\"ea-header-15794\" role=\"button\" data-sptoggle=\"spcollapse\" data-sptarget=\"#collapse15794\" aria-controls=\"collapse15794\" href=\"#\" aria-expanded=\"false\" tabindex=\"0\"><i aria-hidden=\"true\" role=\"presentation\" class=\"ea-expand-icon eap-icon-ea-expand-plus\"><\/i> Au\u00dferunterrichtliche Aktivit\u00e4ten<\/a><\/h3><div class=\"sp-collapse spcollapse \" id=\"collapse15794\" data-parent=\"#sp-ea-1579\" role=\"region\" aria-labelledby=\"ea-header-15794\"> <div class=\"ea-body\"><ul><li>Teilnahme an Schulkunstausstellungen<\/li><li>Wettbewerben im Bereich Kunst<\/li><li>Zusammenarbeit mit dem Dichterviertel (Ausstellung von Sch\u00fclerarbeiten aus dem Kunstunterricht)<\/li><li>Kunstexkursionen mit der Oberstufe<\/li><li>Ausstellungsbesuche in Ulmer, Neu-Ulmer Museen, Teilnahme an Worshops in Zusammenarbeit mit Museumsp\u00e4dagogen<\/li><\/ul><\/div><\/div><\/div><\/div><\/div>\n\n\n\n<figure class=\"wp-block-gallery columns-3 is-cropped wp-block-gallery-1 is-layout-flex wp-block-gallery-is-layout-flex\"><ul class=\"blocks-gallery-grid\"><li class=\"blocks-gallery-item\"><figure><img loading=\"lazy\" decoding=\"async\" width=\"800\" height=\"600\" src=\"https:\/\/sgu.ulm.schule\/wp-content\/uploads\/2021\/09\/2018-kunst-1.jpg\" alt=\"\" data-id=\"1704\" data-full-url=\"https:\/\/sgu.ulm.schule\/wp-content\/uploads\/2021\/09\/2018-kunst-1.jpg\" data-link=\"https:\/\/sgu.ulm.schule\/index.php\/startseite\/unterricht\/faecher\/kunst\/2018-kunst-1\/\" class=\"wp-image-1704\" srcset=\"https:\/\/schubart-gymnasium.eu\/wp-content\/uploads\/2021\/09\/2018-kunst-1.jpg 800w, https:\/\/schubart-gymnasium.eu\/wp-content\/uploads\/2021\/09\/2018-kunst-1-300x225.jpg 300w, https:\/\/schubart-gymnasium.eu\/wp-content\/uploads\/2021\/09\/2018-kunst-1-768x576.jpg 768w\" sizes=\"auto, (max-width: 800px) 100vw, 800px\" \/><\/figure><\/li><li class=\"blocks-gallery-item\"><figure><img loading=\"lazy\" decoding=\"async\" width=\"800\" height=\"600\" src=\"https:\/\/sgu.ulm.schule\/wp-content\/uploads\/2021\/09\/2018-kunst-12.jpg\" alt=\"\" data-id=\"1710\" data-full-url=\"https:\/\/sgu.ulm.schule\/wp-content\/uploads\/2021\/09\/2018-kunst-12.jpg\" data-link=\"https:\/\/sgu.ulm.schule\/index.php\/startseite\/unterricht\/faecher\/kunst\/2018-kunst-12\/\" class=\"wp-image-1710\" srcset=\"https:\/\/schubart-gymnasium.eu\/wp-content\/uploads\/2021\/09\/2018-kunst-12.jpg 800w, https:\/\/schubart-gymnasium.eu\/wp-content\/uploads\/2021\/09\/2018-kunst-12-300x225.jpg 300w, https:\/\/schubart-gymnasium.eu\/wp-content\/uploads\/2021\/09\/2018-kunst-12-768x576.jpg 768w\" sizes=\"auto, (max-width: 800px) 100vw, 800px\" \/><\/figure><\/li><li class=\"blocks-gallery-item\"><figure><img loading=\"lazy\" decoding=\"async\" width=\"800\" height=\"600\" src=\"https:\/\/sgu.ulm.schule\/wp-content\/uploads\/2021\/09\/2018-kunst-2.jpg\" alt=\"\" data-id=\"1705\" data-full-url=\"https:\/\/sgu.ulm.schule\/wp-content\/uploads\/2021\/09\/2018-kunst-2.jpg\" data-link=\"https:\/\/sgu.ulm.schule\/index.php\/startseite\/unterricht\/faecher\/kunst\/2018-kunst-2\/\" class=\"wp-image-1705\" srcset=\"https:\/\/schubart-gymnasium.eu\/wp-content\/uploads\/2021\/09\/2018-kunst-2.jpg 800w, https:\/\/schubart-gymnasium.eu\/wp-content\/uploads\/2021\/09\/2018-kunst-2-300x225.jpg 300w, https:\/\/schubart-gymnasium.eu\/wp-content\/uploads\/2021\/09\/2018-kunst-2-768x576.jpg 768w\" sizes=\"auto, (max-width: 800px) 100vw, 800px\" \/><\/figure><\/li><li class=\"blocks-gallery-item\"><figure><img loading=\"lazy\" decoding=\"async\" width=\"800\" height=\"600\" src=\"https:\/\/sgu.ulm.schule\/wp-content\/uploads\/2021\/09\/2018-kunst-6.jpg\" alt=\"\" data-id=\"1706\" data-full-url=\"https:\/\/sgu.ulm.schule\/wp-content\/uploads\/2021\/09\/2018-kunst-6.jpg\" data-link=\"https:\/\/sgu.ulm.schule\/index.php\/startseite\/unterricht\/faecher\/kunst\/2018-kunst-6\/\" class=\"wp-image-1706\" srcset=\"https:\/\/schubart-gymnasium.eu\/wp-content\/uploads\/2021\/09\/2018-kunst-6.jpg 800w, https:\/\/schubart-gymnasium.eu\/wp-content\/uploads\/2021\/09\/2018-kunst-6-300x225.jpg 300w, https:\/\/schubart-gymnasium.eu\/wp-content\/uploads\/2021\/09\/2018-kunst-6-768x576.jpg 768w\" sizes=\"auto, (max-width: 800px) 100vw, 800px\" \/><\/figure><\/li><li class=\"blocks-gallery-item\"><figure><img loading=\"lazy\" decoding=\"async\" width=\"800\" height=\"600\" src=\"https:\/\/sgu.ulm.schule\/wp-content\/uploads\/2021\/09\/2018-kunst-9.jpg\" alt=\"\" data-id=\"1708\" data-full-url=\"https:\/\/sgu.ulm.schule\/wp-content\/uploads\/2021\/09\/2018-kunst-9.jpg\" data-link=\"https:\/\/sgu.ulm.schule\/index.php\/startseite\/unterricht\/faecher\/kunst\/2018-kunst-9\/\" class=\"wp-image-1708\" srcset=\"https:\/\/schubart-gymnasium.eu\/wp-content\/uploads\/2021\/09\/2018-kunst-9.jpg 800w, https:\/\/schubart-gymnasium.eu\/wp-content\/uploads\/2021\/09\/2018-kunst-9-300x225.jpg 300w, https:\/\/schubart-gymnasium.eu\/wp-content\/uploads\/2021\/09\/2018-kunst-9-768x576.jpg 768w\" sizes=\"auto, (max-width: 800px) 100vw, 800px\" \/><\/figure><\/li><li class=\"blocks-gallery-item\"><figure><img loading=\"lazy\" decoding=\"async\" width=\"600\" height=\"800\" src=\"https:\/\/sgu.ulm.schule\/wp-content\/uploads\/2021\/09\/2018-kunst-10.jpg\" alt=\"\" data-id=\"1709\" data-full-url=\"https:\/\/sgu.ulm.schule\/wp-content\/uploads\/2021\/09\/2018-kunst-10.jpg\" data-link=\"https:\/\/sgu.ulm.schule\/index.php\/startseite\/unterricht\/faecher\/kunst\/2018-kunst-10\/\" class=\"wp-image-1709\" srcset=\"https:\/\/schubart-gymnasium.eu\/wp-content\/uploads\/2021\/09\/2018-kunst-10.jpg 600w, https:\/\/schubart-gymnasium.eu\/wp-content\/uploads\/2021\/09\/2018-kunst-10-225x300.jpg 225w\" sizes=\"auto, (max-width: 600px) 100vw, 600px\" \/><\/figure><\/li><\/ul><\/figure>\n","protected":false},"excerpt":{"rendered":"","protected":false},"author":1,"featured_media":0,"parent":209,"menu_order":150,"comment_status":"closed","ping_status":"closed","template":"","meta":{"footnotes":""},"class_list":["post-1580","page","type-page","status-publish","hentry"],"_links":{"self":[{"href":"https:\/\/schubart-gymnasium.eu\/index.php\/wp-json\/wp\/v2\/pages\/1580","targetHints":{"allow":["GET"]}}],"collection":[{"href":"https:\/\/schubart-gymnasium.eu\/index.php\/wp-json\/wp\/v2\/pages"}],"about":[{"href":"https:\/\/schubart-gymnasium.eu\/index.php\/wp-json\/wp\/v2\/types\/page"}],"author":[{"embeddable":true,"href":"https:\/\/schubart-gymnasium.eu\/index.php\/wp-json\/wp\/v2\/users\/1"}],"replies":[{"embeddable":true,"href":"https:\/\/schubart-gymnasium.eu\/index.php\/wp-json\/wp\/v2\/comments?post=1580"}],"version-history":[{"count":2,"href":"https:\/\/schubart-gymnasium.eu\/index.php\/wp-json\/wp\/v2\/pages\/1580\/revisions"}],"predecessor-version":[{"id":1712,"href":"https:\/\/schubart-gymnasium.eu\/index.php\/wp-json\/wp\/v2\/pages\/1580\/revisions\/1712"}],"up":[{"embeddable":true,"href":"https:\/\/schubart-gymnasium.eu\/index.php\/wp-json\/wp\/v2\/pages\/209"}],"wp:attachment":[{"href":"https:\/\/schubart-gymnasium.eu\/index.php\/wp-json\/wp\/v2\/media?parent=1580"}],"curies":[{"name":"wp","href":"https:\/\/api.w.org\/{rel}","templated":true}]}}