{"id":1577,"date":"2021-08-30T13:43:13","date_gmt":"2021-08-30T11:43:13","guid":{"rendered":"https:\/\/info.sgu.ul.bw.schule.de\/?page_id=1577"},"modified":"2026-02-11T09:58:10","modified_gmt":"2026-02-11T08:58:10","slug":"italienisch","status":"publish","type":"page","link":"https:\/\/schubart-gymnasium.eu\/index.php\/startseite\/unterricht\/faecher\/italienisch\/","title":{"rendered":"Italienisch"},"content":{"rendered":"\n<p><strong>Ciao!<\/strong><\/p>\n\n\n\n<p>Ab Klasse 8 hast du am Schubart-Gymnasium die M\u00f6glichkeit, Italienisch alternativ zu NWT als 3. Fremdsprache zu w\u00e4hlen. Damit entscheidest du dich f\u00fcr eine lebendige, klangvolle Sprache und f\u00fcr einen spannenden Blick \u00fcber den Tellerrand.<\/p>\n\n\n\n<p>Italienisch zu lernen lohnt sich aus vielen Gr\u00fcnden: Italien ist einer der wichtigsten Nachbarn Deutschlands, ein beliebtes Reiseziel und ein bedeutender Partner in Wirtschaft, Kultur und Wissenschaft. Wer Italienisch spricht, kann sich im Urlaub, bei Austauschprogrammen oder sp\u00e4ter im Studium und Beruf sicherer und selbstst\u00e4ndiger bewegen.<\/p>\n\n\n\n<p>Im Unterricht geht es nicht nur um Grammatik und Wortschatz, sondern auch um Land, Leute, Alltag, Musik, Mode und Lebensart. Die Sprache gilt als besonders melodisch und ist f\u00fcr viele leicht zu lernen \u2013 Erfolgserlebnisse stellen sich schnell ein.<\/p>\n\n\n\n<p>Italienisch verbindet Sprache, Kultur und Lebensfreude \u2013 eine tolle Wahl f\u00fcr alle, die neugierig sind und Lust auf Neues haben.<\/p>\n\n\n\n<p>Oder wie die Italiener sagen: Imparare l\u2019italiano \u2013 una scelta perfetta!<\/p>\n\n\n\n<ul class=\"wp-block-list\">\n<li>Link zum <a href=\"https:\/\/www.bildungsplaene-bw.de\/,Lde\/LS\/BP2016BW\/ALLG\/GYM\/ITAL3\">Bildungsplan Italienisch<\/a><\/li>\n<\/ul>\n\n\n\n<div class=\"wp-block-columns is-layout-flex wp-container-core-columns-is-layout-9d6595d7 wp-block-columns-is-layout-flex\">\n<div class=\"wp-block-column is-layout-flow wp-block-column-is-layout-flow\" style=\"flex-basis:80%\"><style>#sp-ea-1575 .spcollapsing { height: 0; overflow: hidden; transition-property: height;transition-duration: 500ms;}#sp-ea-1575.sp-easy-accordion>.sp-ea-single {margin-bottom: 10px; border: 1px solid #e2e2e2; }#sp-ea-1575.sp-easy-accordion>.sp-ea-single>.ea-header a {color: #444;}#sp-ea-1575.sp-easy-accordion>.sp-ea-single>.sp-collapse>.ea-body {background: #fff; color: #444;}#sp-ea-1575.sp-easy-accordion>.sp-ea-single {background: #eee;}#sp-ea-1575.sp-easy-accordion>.sp-ea-single>.ea-header a .ea-expand-icon { float: left; color: #444;font-size: 16px;}<\/style><div id=\"sp_easy_accordion-1700140548\"><div id=\"sp-ea-1575\" class=\"sp-ea-one sp-easy-accordion\" data-ea-active=\"ea-click\" data-ea-mode=\"vertical\" data-preloader=\"\" data-scroll-active-item=\"\" data-offset-to-scroll=\"0\"><div class=\"ea-card ea-expand sp-ea-single\"><h3 class=\"ea-header\"><a class=\"collapsed\" id=\"ea-header-15750\" role=\"button\" data-sptoggle=\"spcollapse\" data-sptarget=\"#collapse15750\" aria-controls=\"collapse15750\" href=\"#\" aria-expanded=\"true\" tabindex=\"0\"><i aria-hidden=\"true\" role=\"presentation\" class=\"ea-expand-icon eap-icon-ea-expand-minus\"><\/i> Au\u00dferunterrichtliche Aktivit\u00e4ten<\/a><\/h3><div class=\"sp-collapse spcollapse collapsed show\" id=\"collapse15750\" data-parent=\"#sp-ea-1575\" role=\"region\" aria-labelledby=\"ea-header-15750\"> <div class=\"ea-body\"><ul><li>Theaterbesuche, Filmabende<\/li><li><strong>Sch\u00fcleraustausch mit Correggio in den Klassen 9 und 10:<\/strong><br \/>Das Schubart-Gymnasium hat eine italienische Partnerschule in Correggio in der Region Emilia-Romagna. Seit etwa 20 Jahren findet jedes Schuljahr mit dem <a href=\"https:\/\/www.liceocorso.edu.it\/\">Liceo R. Corso<\/a> ein Austausch statt.<\/li><li><\/li><\/ul><p><img loading=\"lazy\" decoding=\"async\" class=\"alignnone size-medium wp-image-4168\" src=\"https:\/\/schubart-gymnasium.eu\/wp-content\/uploads\/2025\/12\/PXL_20230924_1734213782-300x226.jpg\" alt=\"\" width=\"300\" height=\"226\" srcset=\"https:\/\/schubart-gymnasium.eu\/wp-content\/uploads\/2025\/12\/PXL_20230924_1734213782-300x226.jpg 300w, https:\/\/schubart-gymnasium.eu\/wp-content\/uploads\/2025\/12\/PXL_20230924_1734213782-1024x771.jpg 1024w, https:\/\/schubart-gymnasium.eu\/wp-content\/uploads\/2025\/12\/PXL_20230924_1734213782-768x578.jpg 768w, https:\/\/schubart-gymnasium.eu\/wp-content\/uploads\/2025\/12\/PXL_20230924_1734213782-1536x1157.jpg 1536w, https:\/\/schubart-gymnasium.eu\/wp-content\/uploads\/2025\/12\/PXL_20230924_1734213782-2048x1542.jpg 2048w\" sizes=\"auto, (max-width: 300px) 100vw, 300px\" \/> <img loading=\"lazy\" decoding=\"async\" class=\"alignnone size-medium wp-image-4169\" src=\"https:\/\/schubart-gymnasium.eu\/wp-content\/uploads\/2025\/12\/PXL_20230925_054021656-300x226.jpg\" alt=\"\" width=\"300\" height=\"226\" srcset=\"https:\/\/schubart-gymnasium.eu\/wp-content\/uploads\/2025\/12\/PXL_20230925_054021656-300x226.jpg 300w, https:\/\/schubart-gymnasium.eu\/wp-content\/uploads\/2025\/12\/PXL_20230925_054021656-1024x771.jpg 1024w, https:\/\/schubart-gymnasium.eu\/wp-content\/uploads\/2025\/12\/PXL_20230925_054021656-768x578.jpg 768w, https:\/\/schubart-gymnasium.eu\/wp-content\/uploads\/2025\/12\/PXL_20230925_054021656-1536x1157.jpg 1536w, https:\/\/schubart-gymnasium.eu\/wp-content\/uploads\/2025\/12\/PXL_20230925_054021656-2048x1542.jpg 2048w\" sizes=\"auto, (max-width: 300px) 100vw, 300px\" \/><\/p><\/div><\/div><\/div><div class=\"ea-card sp-ea-single\"><h3 class=\"ea-header\"><a class=\"collapsed\" id=\"ea-header-15751\" role=\"button\" data-sptoggle=\"spcollapse\" data-sptarget=\"#collapse15751\" aria-controls=\"collapse15751\" href=\"#\" aria-expanded=\"false\" tabindex=\"0\"><i aria-hidden=\"true\" role=\"presentation\" class=\"ea-expand-icon eap-icon-ea-expand-plus\"><\/i> Wettbewerbe<\/a><\/h3><div class=\"sp-collapse spcollapse \" id=\"collapse15751\" data-parent=\"#sp-ea-1575\" role=\"region\" aria-labelledby=\"ea-header-15751\"> <div class=\"ea-body\"><ul><li>Literaturwettbewerb <a href=\"https:\/\/heimann-stiftung.de\/tag\/literatur-duo\/\">\"Duo letterario\"<\/a> der Heimann Stiftung<\/li><li><a href=\"https:\/\/www.bundeswettbewerb-fremdsprachen.de\/\">Bundeswettbewerb Fremdsprachen<\/a><\/li><li><a href=\"https:\/\/iicstoccarda.esteri.it\/de\/chi-siamo\/la-sede\/presentazione-liic-di-stoccarda\/programmi-archivio\/racconto-dautrice-racconto-dautore\/\">\"Racconto d'autore\"<\/a> des italienischen Kulturinstituts Stuttgart<\/li><\/ul><\/div><\/div><\/div><div class=\"ea-card sp-ea-single\"><h3 class=\"ea-header\"><a class=\"collapsed\" id=\"ea-header-15752\" role=\"button\" data-sptoggle=\"spcollapse\" data-sptarget=\"#collapse15752\" aria-controls=\"collapse15752\" href=\"#\" aria-expanded=\"false\" tabindex=\"0\"><i aria-hidden=\"true\" role=\"presentation\" class=\"ea-expand-icon eap-icon-ea-expand-plus\"><\/i> Links<\/a><\/h3><div class=\"sp-collapse spcollapse \" id=\"collapse15752\" data-parent=\"#sp-ea-1575\" role=\"region\" aria-labelledby=\"ea-header-15752\"> <div class=\"ea-body\"><ul><li><a href=\"https:\/\/iicstoccarda.esteri.it\/de\/chi-siamo\/la-sede\/\">Italienisches Kulturinstitut Stuttgart<\/a><\/li><li>Deutsch-italienischer Jugendaustausch, <a href=\"https:\/\/buero-viavai.eu\/\">B\u00fcro Viavai<\/a><\/li><li>Landesbildungsserver Baden-W\u00fcrttemberg: <a href=\"https:\/\/www.schule-bw.de\/faecher-und-schularten\/sprachen-und-literatur\/italienisch\">Fachportal Italienisch<\/a><\/li><li>Italienisches Theater in Stuttgart: <a href=\"https:\/\/www.teatralia.de\/\">Teatralia<\/a><\/li><\/ul><\/div><\/div><\/div><\/div><\/div>\n<\/div>\n\n\n\n<div class=\"wp-block-column is-layout-flow wp-block-column-is-layout-flow\" style=\"flex-basis:20%\">\n<h3 class=\"wp-block-heading\">Downloads<\/h3>\n\n\n\n<div class=\"wp-block-file\"><a id=\"wp-block-file--media-ca1059fb-1671-4c65-88cf-84945fc2780e\" href=\"https:\/\/schubart-gymnasium.eu\/wp-content\/uploads\/2023\/03\/Informationen-zur-Profilwahl-Italienisch.pdf\">Informationen zur Profilwahl Italienisch in Klasse 7<\/a><\/div>\n<\/div>\n<\/div>\n","protected":false},"excerpt":{"rendered":"<p>Ciao! Ab Klasse 8 hast du am Schubart-Gymnasium die M\u00f6glichkeit, Italienisch alternativ zu NWT als 3. Fremdsprache zu w\u00e4hlen. Damit entscheidest du dich f\u00fcr eine lebendige, klangvolle Sprache und f\u00fcr einen spannenden Blick \u00fcber den Tellerrand. Italienisch zu lernen lohnt sich aus vielen Gr\u00fcnden: Italien ist einer der wichtigsten Nachbarn Deutschlands, ein beliebtes Reiseziel und [&hellip;]<\/p>\n","protected":false},"author":1,"featured_media":0,"parent":209,"menu_order":140,"comment_status":"closed","ping_status":"closed","template":"","meta":{"footnotes":""},"class_list":["post-1577","page","type-page","status-publish","hentry"],"_links":{"self":[{"href":"https:\/\/schubart-gymnasium.eu\/index.php\/wp-json\/wp\/v2\/pages\/1577","targetHints":{"allow":["GET"]}}],"collection":[{"href":"https:\/\/schubart-gymnasium.eu\/index.php\/wp-json\/wp\/v2\/pages"}],"about":[{"href":"https:\/\/schubart-gymnasium.eu\/index.php\/wp-json\/wp\/v2\/types\/page"}],"author":[{"embeddable":true,"href":"https:\/\/schubart-gymnasium.eu\/index.php\/wp-json\/wp\/v2\/users\/1"}],"replies":[{"embeddable":true,"href":"https:\/\/schubart-gymnasium.eu\/index.php\/wp-json\/wp\/v2\/comments?post=1577"}],"version-history":[{"count":3,"href":"https:\/\/schubart-gymnasium.eu\/index.php\/wp-json\/wp\/v2\/pages\/1577\/revisions"}],"predecessor-version":[{"id":4361,"href":"https:\/\/schubart-gymnasium.eu\/index.php\/wp-json\/wp\/v2\/pages\/1577\/revisions\/4361"}],"up":[{"embeddable":true,"href":"https:\/\/schubart-gymnasium.eu\/index.php\/wp-json\/wp\/v2\/pages\/209"}],"wp:attachment":[{"href":"https:\/\/schubart-gymnasium.eu\/index.php\/wp-json\/wp\/v2\/media?parent=1577"}],"curies":[{"name":"wp","href":"https:\/\/api.w.org\/{rel}","templated":true}]}}