{"id":1573,"date":"2021-08-30T13:38:30","date_gmt":"2021-08-30T11:38:30","guid":{"rendered":"https:\/\/info.sgu.ul.bw.schule.de\/?page_id=1573"},"modified":"2021-08-30T13:38:30","modified_gmt":"2021-08-30T11:38:30","slug":"informatik","status":"publish","type":"page","link":"https:\/\/schubart-gymnasium.eu\/index.php\/startseite\/unterricht\/faecher\/informatik\/","title":{"rendered":"Informatik"},"content":{"rendered":"<style>#sp-ea-1572 .spcollapsing { height: 0; overflow: hidden; transition-property: height;transition-duration: 500ms;}#sp-ea-1572.sp-easy-accordion>.sp-ea-single {margin-bottom: 10px; border: 1px solid #e2e2e2; }#sp-ea-1572.sp-easy-accordion>.sp-ea-single>.ea-header a {color: #444;}#sp-ea-1572.sp-easy-accordion>.sp-ea-single>.sp-collapse>.ea-body {background: #fff; color: #444;}#sp-ea-1572.sp-easy-accordion>.sp-ea-single {background: #eee;}#sp-ea-1572.sp-easy-accordion>.sp-ea-single>.ea-header a .ea-expand-icon { float: left; color: #444;font-size: 16px;}<\/style><div id=\"sp_easy_accordion-1734428288\"><div id=\"sp-ea-1572\" class=\"sp-ea-one sp-easy-accordion\" data-ea-active=\"ea-click\" data-ea-mode=\"vertical\" data-preloader=\"\" data-scroll-active-item=\"\" data-offset-to-scroll=\"0\"><div class=\"ea-card ea-expand sp-ea-single\"><h3 class=\"ea-header\"><a class=\"collapsed\" id=\"ea-header-15720\" role=\"button\" data-sptoggle=\"spcollapse\" data-sptarget=\"#collapse15720\" aria-controls=\"collapse15720\" href=\"#\" aria-expanded=\"true\" tabindex=\"0\"><i aria-hidden=\"true\" role=\"presentation\" class=\"ea-expand-icon eap-icon-ea-expand-minus\"><\/i> Allgemeines<\/a><\/h3><div class=\"sp-collapse spcollapse collapsed show\" id=\"collapse15720\" data-parent=\"#sp-ea-1572\" role=\"region\" aria-labelledby=\"ea-header-15720\"> <div class=\"ea-body\"><ul><li>1 Stunde Medienbildung in Klasse 5<\/li><li>1 Stunde Medienbildung in Klasse 6<\/li><li>1 Stunde Informatik ab Klasse 7 bis Klasse 11<\/li><li>Wahl-, Basis- und Leistungsfach Informatik im Angebot der Kursstufe<\/li><\/ul><\/div><\/div><\/div><div class=\"ea-card sp-ea-single\"><h3 class=\"ea-header\"><a class=\"collapsed\" id=\"ea-header-15721\" role=\"button\" data-sptoggle=\"spcollapse\" data-sptarget=\"#collapse15721\" aria-controls=\"collapse15721\" href=\"#\" aria-expanded=\"false\" tabindex=\"0\"><i aria-hidden=\"true\" role=\"presentation\" class=\"ea-expand-icon eap-icon-ea-expand-plus\"><\/i> Lehrwerke \/ Lehrmaterial<\/a><\/h3><div class=\"sp-collapse spcollapse \" id=\"collapse15721\" data-parent=\"#sp-ea-1572\" role=\"region\" aria-labelledby=\"ea-header-15721\"> <div class=\"ea-body\"><p>Vor allem verwenden wir eigenes und freies Material digital und als Kopien, in der Kursstufe verf\u00fcgen die Sch\u00fclerinnen und Sch\u00fcler \u00fcber das Lehrwerk \"Informatik f\u00fcr Schule und Ausbildung\" (Pearson) als Sekund\u00e4rliteratur.<\/p><\/div><\/div><\/div><div class=\"ea-card sp-ea-single\"><h3 class=\"ea-header\"><a class=\"collapsed\" id=\"ea-header-15722\" role=\"button\" data-sptoggle=\"spcollapse\" data-sptarget=\"#collapse15722\" aria-controls=\"collapse15722\" href=\"#\" aria-expanded=\"false\" tabindex=\"0\"><i aria-hidden=\"true\" role=\"presentation\" class=\"ea-expand-icon eap-icon-ea-expand-plus\"><\/i> Curriculum \/ Stoffverteilung<\/a><\/h3><div class=\"sp-collapse spcollapse \" id=\"collapse15722\" data-parent=\"#sp-ea-1572\" role=\"region\" aria-labelledby=\"ea-header-15722\"> <div class=\"ea-body\"><h3 class=\"greentext\">Klasse 5<\/h3><ul><li>EVA-Prinzip: Grundlegendes zum Computer mit: Tastatur und USB-Speichermedien<\/li><li>Verhalten im und Funktion des Schulnetzwerkes; Kommunikation und Datenaustausch<\/li><li>Passw\u00f6rter und Sicherheit; Datenschutz<\/li><li>Arbeit mit Programmen: Libre Office Writer und -Draw, erstes Pr\u00e4sentieren<\/li><\/ul><h3 class=\"greentext\">Klasse 7<\/h3><ul><li>Daten im Computer: Zahlsysteme, Informationscodierung, Datenspeicherung und -Ver\u00e4nderung<\/li><li>Algorithmen: Erste Schritte in der Programmierung mit Scratch<\/li><li>Netzwerke: Wie bewegen sich Daten im Internet<\/li><li>Informatik und Gesellschaft: Informationelle Selbstbestimmung, Kryptographie, Bildmanipulation<\/li><\/ul><h3 class=\"greentext\">Wahlfach Informatik<\/h3><p>Im Rahmen des Bildungsplanes werden (haupts\u00e4chlich) Themen aus den folgenden Bereichen behandelt:<\/p><ul><li>Programmieren in einer objektorientierten Sprache (C++, Java, Python)<\/li><li>Netzwerke: Datenfluss, Protokolle, OSI-Layer-Modell, Realisierung<\/li><li>Datenbanken: z.B. Dynamische Webseitenabfrage mit PHP<\/li><li>Kryptographie: Wie sicher ist sicher? Symmetrie und Asymmetrie beim Verschl\u00fcsseln (Diffie-Hellman, RSA)<\/li><li>Informatik und Gesellschaft: Was wei\u00df die NSA und Google, wie kann ich das verhindern und warum?<\/li><li>Technische Informatik: Wie arbeitet ein Prozessor (auch Assembler)<\/li><li>Theoretische Informatik: Automaten, Grammatiken<\/li><li>Algorithmen: Sortieren und Geschwindigkeit, Graphenalgorithmen<\/li><li>Funktionale Programmierung mit Haskell<\/li><li>Projektarbeit: Sch\u00fclerprojekte mit Arduino, RaspberryPi, Computerteilen<\/li><\/ul><p>Dar\u00fcber hinaus werden in anderen Klassenstufen und F\u00e4chern Themen wie Internetrecherche, Pr\u00e4sentationstechnik, Programmierung, Zehn-Finger-System, Video- und Audio-Schnitt behandelt.<\/p><p>Nach Kapazit\u00e4t und Interesse besteht die M\u00f6glichkeit einer Informatik-Arbeitsgemeinschaft in Klasse 10.<\/p><\/div><\/div><\/div><div class=\"ea-card sp-ea-single\"><h3 class=\"ea-header\"><a class=\"collapsed\" id=\"ea-header-15723\" role=\"button\" data-sptoggle=\"spcollapse\" data-sptarget=\"#collapse15723\" aria-controls=\"collapse15723\" href=\"#\" aria-expanded=\"false\" tabindex=\"0\"><i aria-hidden=\"true\" role=\"presentation\" class=\"ea-expand-icon eap-icon-ea-expand-plus\"><\/i> Au\u00dferunterrichtliche Aktivit\u00e4ten<\/a><\/h3><div class=\"sp-collapse spcollapse \" id=\"collapse15723\" data-parent=\"#sp-ea-1572\" role=\"region\" aria-labelledby=\"ea-header-15723\"> <div class=\"ea-body\"><p>Teilnahme an Wettbewerben wie dem Informatik-Biber wird unterst\u00fctzt, ebenso Sch\u00fclerprojekte.<\/p><\/div><\/div><\/div><div class=\"ea-card sp-ea-single\"><h3 class=\"ea-header\"><a class=\"collapsed\" id=\"ea-header-15724\" role=\"button\" data-sptoggle=\"spcollapse\" data-sptarget=\"#collapse15724\" aria-controls=\"collapse15724\" href=\"#\" aria-expanded=\"false\" tabindex=\"0\"><i aria-hidden=\"true\" role=\"presentation\" class=\"ea-expand-icon eap-icon-ea-expand-plus\"><\/i> Links<\/a><\/h3><div class=\"sp-collapse spcollapse \" id=\"collapse15724\" data-parent=\"#sp-ea-1572\" role=\"region\" aria-labelledby=\"ea-header-15724\"> <div class=\"ea-body\"><p><a href=\"http:\/\/www.mint-bildung-bw.de\/\">Seite des KM zur MINT-Strategie<\/a><\/p><\/div><\/div><\/div><\/div><\/div>\n","protected":false},"excerpt":{"rendered":"","protected":false},"author":1,"featured_media":0,"parent":209,"menu_order":130,"comment_status":"closed","ping_status":"closed","template":"","meta":{"footnotes":""},"class_list":["post-1573","page","type-page","status-publish","hentry"],"_links":{"self":[{"href":"https:\/\/schubart-gymnasium.eu\/index.php\/wp-json\/wp\/v2\/pages\/1573","targetHints":{"allow":["GET"]}}],"collection":[{"href":"https:\/\/schubart-gymnasium.eu\/index.php\/wp-json\/wp\/v2\/pages"}],"about":[{"href":"https:\/\/schubart-gymnasium.eu\/index.php\/wp-json\/wp\/v2\/types\/page"}],"author":[{"embeddable":true,"href":"https:\/\/schubart-gymnasium.eu\/index.php\/wp-json\/wp\/v2\/users\/1"}],"replies":[{"embeddable":true,"href":"https:\/\/schubart-gymnasium.eu\/index.php\/wp-json\/wp\/v2\/comments?post=1573"}],"version-history":[{"count":1,"href":"https:\/\/schubart-gymnasium.eu\/index.php\/wp-json\/wp\/v2\/pages\/1573\/revisions"}],"predecessor-version":[{"id":1574,"href":"https:\/\/schubart-gymnasium.eu\/index.php\/wp-json\/wp\/v2\/pages\/1573\/revisions\/1574"}],"up":[{"embeddable":true,"href":"https:\/\/schubart-gymnasium.eu\/index.php\/wp-json\/wp\/v2\/pages\/209"}],"wp:attachment":[{"href":"https:\/\/schubart-gymnasium.eu\/index.php\/wp-json\/wp\/v2\/media?parent=1573"}],"curies":[{"name":"wp","href":"https:\/\/api.w.org\/{rel}","templated":true}]}}