{"id":1567,"date":"2021-08-30T13:32:21","date_gmt":"2021-08-30T11:32:21","guid":{"rendered":"https:\/\/info.sgu.ul.bw.schule.de\/?page_id=1567"},"modified":"2021-08-30T13:32:22","modified_gmt":"2021-08-30T11:32:22","slug":"geografie","status":"publish","type":"page","link":"https:\/\/schubart-gymnasium.eu\/index.php\/startseite\/unterricht\/faecher\/geografie\/","title":{"rendered":"Geografie"},"content":{"rendered":"<style>#sp-ea-1565 .spcollapsing { height: 0; overflow: hidden; transition-property: height;transition-duration: 500ms;}#sp-ea-1565.sp-easy-accordion>.sp-ea-single {margin-bottom: 10px; border: 1px solid #e2e2e2; }#sp-ea-1565.sp-easy-accordion>.sp-ea-single>.ea-header a {color: #444;}#sp-ea-1565.sp-easy-accordion>.sp-ea-single>.sp-collapse>.ea-body {background: #fff; color: #444;}#sp-ea-1565.sp-easy-accordion>.sp-ea-single {background: #eee;}#sp-ea-1565.sp-easy-accordion>.sp-ea-single>.ea-header a .ea-expand-icon { float: left; color: #444;font-size: 16px;}<\/style><div id=\"sp_easy_accordion-1764760205\"><div id=\"sp-ea-1565\" class=\"sp-ea-one sp-easy-accordion\" data-ea-active=\"ea-click\" data-ea-mode=\"vertical\" data-preloader=\"\" data-scroll-active-item=\"\" data-offset-to-scroll=\"0\"><div class=\"ea-card ea-expand sp-ea-single\"><h3 class=\"ea-header\"><a class=\"collapsed\" id=\"ea-header-15650\" role=\"button\" data-sptoggle=\"spcollapse\" data-sptarget=\"#collapse15650\" aria-controls=\"collapse15650\" href=\"#\" aria-expanded=\"true\" tabindex=\"0\"><i aria-hidden=\"true\" role=\"presentation\" class=\"ea-expand-icon eap-icon-ea-expand-minus\"><\/i> Allgemeines<\/a><\/h3><div class=\"sp-collapse spcollapse collapsed show\" id=\"collapse15650\" data-parent=\"#sp-ea-1565\" role=\"region\" aria-labelledby=\"ea-header-15650\"> <div class=\"ea-body\"><p><strong><u>Folgendes wird unterrichtet (Stand 2025)<\/u><\/strong><\/p><ul><li>Klasse 5: Planet Erde, Atlasarbeit, Deutschland und Baden-W\u00fcrttemberg<\/li><li>Klasse 6: Europa, Wetter und Klima, Oberfl\u00e4chenformen<\/li><li>Klasse 7: Wetterph\u00e4nomene, Beleuchtungszonen (Tropen und Polarzone), Klimawandel, weltweite Entwicklungsunterschiede und Folgen<\/li><li>Klasse 8: hat am Schubart-Gymnasium keinen Geographieunterricht<\/li><li>Klasse 9: Plattentektonik (Bewegung der Platten und Folgen, z.B. Erdbeben und Vulkanismus), st\u00e4dtischer Raum, l\u00e4ndlicher Raum, Ressourcenverbrauch und Ressourcenschonung (z.B. S\u00fc\u00dfwasser)<\/li><li>Klasse 10: Weltmeere, Raumanalyse USA und China<\/li><li>Jahrgangsstufe: System Erde (z.B. Geosph\u00e4ren und ihre Wechselwirkung, Nachhaltigkeit), Klimawandel, Verst\u00e4dterung und globale Disparit\u00e4ten<\/li><\/ul><p>Die Geographische Fragestellung erfolgt auf Grundlage der Basiskonzepte und wird zunehmend komplexer.<\/p><figure id=\"attachment_4199\" aria-describedby=\"caption-attachment-4199\" style=\"width: 668px\" class=\"wp-caption alignnone\"><img loading=\"lazy\" decoding=\"async\" class=\"wp-image-4199 \" src=\"https:\/\/schubart-gymnasium.eu\/wp-content\/uploads\/2025\/12\/Geo-Diagramm-300x208.png\" alt=\"\" width=\"668\" height=\"464\" srcset=\"https:\/\/schubart-gymnasium.eu\/wp-content\/uploads\/2025\/12\/Geo-Diagramm-300x208.png 300w, https:\/\/schubart-gymnasium.eu\/wp-content\/uploads\/2025\/12\/Geo-Diagramm-1024x712.png 1024w, https:\/\/schubart-gymnasium.eu\/wp-content\/uploads\/2025\/12\/Geo-Diagramm-768x534.png 768w, https:\/\/schubart-gymnasium.eu\/wp-content\/uploads\/2025\/12\/Geo-Diagramm-1536x1067.png 1536w, https:\/\/schubart-gymnasium.eu\/wp-content\/uploads\/2025\/12\/Geo-Diagramm-2048x1423.png 2048w\" sizes=\"auto, (max-width: 668px) 100vw, 668px\" \/><figcaption id=\"caption-attachment-4199\" class=\"wp-caption-text\">erweitert nach Klett - terra Geographie Kursstufe BW 2021, S.7 Auf Grundlage von F\u00f6gele, J.: Entwicklung basiskonzeptionellen Verst\u00e4ndnisses in geographischen Lehrerfortbildungen: Rekonstruktive Typenbildung | Relationale Prozessanalyse | Responsive Evaluation. Geographiedidaktische Forschungen: Vol. 61. M\u00fcnster abgewandelt durch C. Hurst<\/figcaption><\/figure><p>Wir vermitteln Inhalte spielerisch und anschaulich:<\/p><p>&nbsp;<\/p><p>Gesteinskoffer<\/p><p><img loading=\"lazy\" decoding=\"async\" class=\"alignnone size-medium wp-image-4230\" src=\"https:\/\/schubart-gymnasium.eu\/wp-content\/uploads\/2025\/12\/Bild-Gesteinskoffer-1-300x225.jpg\" alt=\"\" width=\"300\" height=\"225\" srcset=\"https:\/\/schubart-gymnasium.eu\/wp-content\/uploads\/2025\/12\/Bild-Gesteinskoffer-1-300x225.jpg 300w, https:\/\/schubart-gymnasium.eu\/wp-content\/uploads\/2025\/12\/Bild-Gesteinskoffer-1-1024x768.jpg 1024w, https:\/\/schubart-gymnasium.eu\/wp-content\/uploads\/2025\/12\/Bild-Gesteinskoffer-1-768x576.jpg 768w, https:\/\/schubart-gymnasium.eu\/wp-content\/uploads\/2025\/12\/Bild-Gesteinskoffer-1-1536x1152.jpg 1536w, https:\/\/schubart-gymnasium.eu\/wp-content\/uploads\/2025\/12\/Bild-Gesteinskoffer-1-2048x1536.jpg 2048w\" sizes=\"auto, (max-width: 300px) 100vw, 300px\" \/> <img loading=\"lazy\" decoding=\"async\" class=\"alignnone size-medium wp-image-4231\" src=\"https:\/\/schubart-gymnasium.eu\/wp-content\/uploads\/2025\/12\/Bild-Gesteinskoffer-2-300x225.jpg\" alt=\"\" width=\"300\" height=\"225\" srcset=\"https:\/\/schubart-gymnasium.eu\/wp-content\/uploads\/2025\/12\/Bild-Gesteinskoffer-2-300x225.jpg 300w, https:\/\/schubart-gymnasium.eu\/wp-content\/uploads\/2025\/12\/Bild-Gesteinskoffer-2-1024x768.jpg 1024w, https:\/\/schubart-gymnasium.eu\/wp-content\/uploads\/2025\/12\/Bild-Gesteinskoffer-2-768x576.jpg 768w, https:\/\/schubart-gymnasium.eu\/wp-content\/uploads\/2025\/12\/Bild-Gesteinskoffer-2-1536x1152.jpg 1536w, https:\/\/schubart-gymnasium.eu\/wp-content\/uploads\/2025\/12\/Bild-Gesteinskoffer-2-2048x1536.jpg 2048w\" sizes=\"auto, (max-width: 300px) 100vw, 300px\" \/><\/p><p>Legomodell von Erde, Mond und Sonne, Reliefglobus<\/p><p><img loading=\"lazy\" decoding=\"async\" class=\"alignnone size-medium wp-image-4232\" src=\"https:\/\/schubart-gymnasium.eu\/wp-content\/uploads\/2025\/12\/Bild-Legomodell-2-300x225.jpg\" alt=\"\" width=\"300\" height=\"225\" srcset=\"https:\/\/schubart-gymnasium.eu\/wp-content\/uploads\/2025\/12\/Bild-Legomodell-2-300x225.jpg 300w, https:\/\/schubart-gymnasium.eu\/wp-content\/uploads\/2025\/12\/Bild-Legomodell-2-1024x768.jpg 1024w, https:\/\/schubart-gymnasium.eu\/wp-content\/uploads\/2025\/12\/Bild-Legomodell-2-768x576.jpg 768w, https:\/\/schubart-gymnasium.eu\/wp-content\/uploads\/2025\/12\/Bild-Legomodell-2-1536x1152.jpg 1536w, https:\/\/schubart-gymnasium.eu\/wp-content\/uploads\/2025\/12\/Bild-Legomodell-2-2048x1536.jpg 2048w\" sizes=\"auto, (max-width: 300px) 100vw, 300px\" \/> <img loading=\"lazy\" decoding=\"async\" class=\"alignnone size-medium wp-image-4233\" src=\"https:\/\/schubart-gymnasium.eu\/wp-content\/uploads\/2025\/12\/Bild-Reliefglobus-225x300.jpg\" alt=\"\" width=\"225\" height=\"300\" srcset=\"https:\/\/schubart-gymnasium.eu\/wp-content\/uploads\/2025\/12\/Bild-Reliefglobus-225x300.jpg 225w, https:\/\/schubart-gymnasium.eu\/wp-content\/uploads\/2025\/12\/Bild-Reliefglobus-768x1024.jpg 768w, https:\/\/schubart-gymnasium.eu\/wp-content\/uploads\/2025\/12\/Bild-Reliefglobus-1152x1536.jpg 1152w, https:\/\/schubart-gymnasium.eu\/wp-content\/uploads\/2025\/12\/Bild-Reliefglobus-1536x2048.jpg 1536w, https:\/\/schubart-gymnasium.eu\/wp-content\/uploads\/2025\/12\/Bild-Reliefglobus-scaled.jpg 1920w\" sizes=\"auto, (max-width: 225px) 100vw, 225px\" \/><\/p><\/div><\/div><\/div><div class=\"ea-card sp-ea-single\"><h3 class=\"ea-header\"><a class=\"collapsed\" id=\"ea-header-15651\" role=\"button\" data-sptoggle=\"spcollapse\" data-sptarget=\"#collapse15651\" aria-controls=\"collapse15651\" href=\"#\" aria-expanded=\"false\" tabindex=\"0\"><i aria-hidden=\"true\" role=\"presentation\" class=\"ea-expand-icon eap-icon-ea-expand-plus\"><\/i> Au\u00dferunterrichtliche M\u00f6glichkeiten<\/a><\/h3><div class=\"sp-collapse spcollapse \" id=\"collapse15651\" data-parent=\"#sp-ea-1565\" role=\"region\" aria-labelledby=\"ea-header-15651\"> <div class=\"ea-body\"><ul><li><a href=\"https:\/\/verlage.westermanngruppe.de\/diercke\/diercke-wissen-eckdaten\">Diercke Wissen<\/a>: Der Geographie Wettbewerb: Stufenwettbewerb aller 6. Klassen<\/li><li><a href=\"https:\/\/verlage.westermanngruppe.de\/diercke\/diercke-wissen-eckdaten\">Diercke Wissen<\/a>: Der Geographie Wettbewerb: Wettbewerb der Stufen 7. \u2013 10: Ermittlung des Schulsiegers, dieser nimmt am Landeswettbewerb teil<\/li><li>Erkundungen w\u00e4hrend des Unterrichts (z.B. Actionbound zu den Nachhaltigkeitszielen in Ulm)<\/li><li>Tagesexkursionen (z.B. Kartsformen auf der schw\u00e4bischen Alb)<\/li><li>Studienfahrt in Klasse 11 f\u00fcr den 5-st\u00fcndigen Geographie-Kurs mit physisch oder humangeographischen Schwerpunkten<\/li><\/ul><\/div><\/div><\/div><\/div><\/div>\n","protected":false},"excerpt":{"rendered":"","protected":false},"author":1,"featured_media":0,"parent":209,"menu_order":110,"comment_status":"closed","ping_status":"closed","template":"","meta":{"footnotes":""},"class_list":["post-1567","page","type-page","status-publish","hentry"],"_links":{"self":[{"href":"https:\/\/schubart-gymnasium.eu\/index.php\/wp-json\/wp\/v2\/pages\/1567","targetHints":{"allow":["GET"]}}],"collection":[{"href":"https:\/\/schubart-gymnasium.eu\/index.php\/wp-json\/wp\/v2\/pages"}],"about":[{"href":"https:\/\/schubart-gymnasium.eu\/index.php\/wp-json\/wp\/v2\/types\/page"}],"author":[{"embeddable":true,"href":"https:\/\/schubart-gymnasium.eu\/index.php\/wp-json\/wp\/v2\/users\/1"}],"replies":[{"embeddable":true,"href":"https:\/\/schubart-gymnasium.eu\/index.php\/wp-json\/wp\/v2\/comments?post=1567"}],"version-history":[{"count":1,"href":"https:\/\/schubart-gymnasium.eu\/index.php\/wp-json\/wp\/v2\/pages\/1567\/revisions"}],"predecessor-version":[{"id":1568,"href":"https:\/\/schubart-gymnasium.eu\/index.php\/wp-json\/wp\/v2\/pages\/1567\/revisions\/1568"}],"up":[{"embeddable":true,"href":"https:\/\/schubart-gymnasium.eu\/index.php\/wp-json\/wp\/v2\/pages\/209"}],"wp:attachment":[{"href":"https:\/\/schubart-gymnasium.eu\/index.php\/wp-json\/wp\/v2\/media?parent=1567"}],"curies":[{"name":"wp","href":"https:\/\/api.w.org\/{rel}","templated":true}]}}