{"id":1560,"date":"2021-08-30T13:23:21","date_gmt":"2021-08-30T11:23:21","guid":{"rendered":"https:\/\/info.sgu.ul.bw.schule.de\/?page_id=1560"},"modified":"2025-12-11T07:38:51","modified_gmt":"2025-12-11T06:38:51","slug":"franzoesisch","status":"publish","type":"page","link":"https:\/\/schubart-gymnasium.eu\/index.php\/startseite\/unterricht\/faecher\/franzoesisch\/","title":{"rendered":"Franz\u00f6sisch"},"content":{"rendered":"<style>#sp-ea-1559 .spcollapsing { height: 0; overflow: hidden; transition-property: height;transition-duration: 500ms;}#sp-ea-1559.sp-easy-accordion>.sp-ea-single {margin-bottom: 10px; border: 1px solid #e2e2e2; }#sp-ea-1559.sp-easy-accordion>.sp-ea-single>.ea-header a {color: #444;}#sp-ea-1559.sp-easy-accordion>.sp-ea-single>.sp-collapse>.ea-body {background: #fff; color: #444;}#sp-ea-1559.sp-easy-accordion>.sp-ea-single {background: #eee;}#sp-ea-1559.sp-easy-accordion>.sp-ea-single>.ea-header a .ea-expand-icon { float: left; color: #444;font-size: 16px;}<\/style><div id=\"sp_easy_accordion-1765435500\"><div id=\"sp-ea-1559\" class=\"sp-ea-one sp-easy-accordion\" data-ea-active=\"ea-click\" data-ea-mode=\"vertical\" data-preloader=\"\" data-scroll-active-item=\"\" data-offset-to-scroll=\"0\"><div class=\"ea-card ea-expand sp-ea-single\"><h3 class=\"ea-header\"><a class=\"collapsed\" id=\"ea-header-15590\" role=\"button\" data-sptoggle=\"spcollapse\" data-sptarget=\"#collapse15590\" aria-controls=\"collapse15590\" href=\"#\" aria-expanded=\"true\" tabindex=\"0\"><i aria-hidden=\"true\" role=\"presentation\" class=\"ea-expand-icon eap-icon-ea-expand-minus\"><\/i> Warum Franz\u00f6sisch lernen?<\/a><\/h3><div class=\"sp-collapse spcollapse collapsed show\" id=\"collapse15590\" data-parent=\"#sp-ea-1559\" role=\"region\" aria-labelledby=\"ea-header-15590\"> <div class=\"ea-body\"><p>Daf\u00fcr gibt es unz\u00e4hlige Gr\u00fcnde. Zum einen ist Franz\u00f6sisch die Amtssprache und teilweise auch Muttersprache von circa 180 Millionen Menschen in mehr als 30 L\u00e4ndern rund um den Globus, zum anderen ist es in Europa nach Deutsch und Englisch die meistgesprochene Sprache (in vier unserer Nachbarl\u00e4nder ist Franz\u00f6sisch Muttersprache: Frankreich, Belgien, Luxemburg, Schweiz). Zudem ist Franz\u00f6sisch neben Englisch die offizielle Arbeitssprache in internationalen Organisationen wie z.B. der UNO, der UNESCO und der NATO. Zwischen Frankreich und Deutschland besteht seit langem eine enge Zusammenarbeit in den Bereichen Wissenschaft (deutsche und franz\u00f6sische Universit\u00e4ten bieten ca. 135 integrierte Studieng\u00e4nge aller Studienrichtungen mit deutsch-franz\u00f6sischem Abschluss an), Technik (mit Airbus u.a.) und Politik. \u00dcber 1600 franz\u00f6sische Unternehmen sind in Deutschland t\u00e4tig, \u00fcber 1600 deutsche Unternehmen in Frankreich. Deswegen sind Bewerber mit Franz\u00f6sischkenntnissen sowohl auf dem deutschen als auch auf dem europ\u00e4ischen Arbeitsmarkt sehr gefragt.<\/p><p>Dar\u00fcber hinaus er\u00f6ffnet das Erlernen der franz\u00f6sischen Sprache den Zugang zu einer interessanten und traditionsreichen Kultur, man denke hierbei an die franz\u00f6sische Literatur und Malerei, an das franz\u00f6sische Kino und an franz\u00f6sische Musik oder an die franz\u00f6sische Mode und die ber\u00fchmte franz\u00f6sische Kochkunst. Frankreich ist ein tolles und vielf\u00e4ltiges Urlaubsziel: u.a. die Provence im S\u00fcden, die Atlantikk\u00fcste im Westen, die Bretagne und Normandie im Norden und im Osten das Elsass sind beliebte und sehenswerte Regionen. Von Ulm aus sind beispielsweise Stra\u00dfburg in nur etwas mehr als 2 Stunden und Paris in circa 5,5 Stunden mit dem Zug erreichbar. Somit lassen sich die erworbenen Sprachkenntnisse sofort erfolgreich anwenden. Dies ist zudem m\u00f6glich durch franz\u00f6sisches Fernsehen (Arte, TV5) und Radio, Brief-\/ Emailpartnerschaften, private Urlaube oder diverse Sch\u00fcleraustausche (am SGU mit Gujan-Mestras an der Atlantikk\u00fcste, oder 2 Wochen bis 6 Monate durch andere bekannte Institutionen).<\/p><h3 class=\"greentext\">Wie wird Franz\u00f6sisch am SGU vermittelt?<\/h3><p>Ziel des Unterrichts ist die Sprachkompetenz, das hei\u00dft die F\u00e4higkeit, sich auf Franz\u00f6sisch in verschiedensten Situationen verst\u00e4ndigen zu k\u00f6nnen. Diese wird mit abwechslungsreichen Unterrichtsformen (Arbeit mit Texten, Liedern, Gedichten, Comics, H\u00f6rtexten, Filmen) erworben, wobei stets die klassischen Fertigkeiten wie H\u00f6rverstehen, Sprechen, Leseverst\u00e4ndnis und Schreiben trainiert werden. Die Themen orientieren sich an der direkten Lebenswirklichkeit der Sch\u00fcler(innen) (z.B. Schule, Familie, Freunde, etc.) sowie landeskundlichen Informationen zu Frankreich und der Frankophonie (z.B. Quebec, Martinique\/Guadeloupe, Senegal).<\/p><\/div><\/div><\/div><div class=\"ea-card sp-ea-single\"><h3 class=\"ea-header\"><a class=\"collapsed\" id=\"ea-header-15591\" role=\"button\" data-sptoggle=\"spcollapse\" data-sptarget=\"#collapse15591\" aria-controls=\"collapse15591\" href=\"#\" aria-expanded=\"false\" tabindex=\"0\"><i aria-hidden=\"true\" role=\"presentation\" class=\"ea-expand-icon eap-icon-ea-expand-plus\"><\/i> Sch\u00fcleraustausch Klasse 8<\/a><\/h3><div class=\"sp-collapse spcollapse \" id=\"collapse15591\" data-parent=\"#sp-ea-1559\" role=\"region\" aria-labelledby=\"ea-header-15591\"> <div class=\"ea-body\"><p><img loading=\"lazy\" decoding=\"async\" class=\" wp-image-4186 aligncenter\" src=\"https:\/\/schubart-gymnasium.eu\/wp-content\/uploads\/2025\/12\/Collage-Austausch-fuer-Homepage1-300x212.jpg\" alt=\"\" width=\"659\" height=\"466\" srcset=\"https:\/\/schubart-gymnasium.eu\/wp-content\/uploads\/2025\/12\/Collage-Austausch-fuer-Homepage1-300x212.jpg 300w, https:\/\/schubart-gymnasium.eu\/wp-content\/uploads\/2025\/12\/Collage-Austausch-fuer-Homepage1-1024x724.jpg 1024w, https:\/\/schubart-gymnasium.eu\/wp-content\/uploads\/2025\/12\/Collage-Austausch-fuer-Homepage1-768x543.jpg 768w, https:\/\/schubart-gymnasium.eu\/wp-content\/uploads\/2025\/12\/Collage-Austausch-fuer-Homepage1-1536x1086.jpg 1536w, https:\/\/schubart-gymnasium.eu\/wp-content\/uploads\/2025\/12\/Collage-Austausch-fuer-Homepage1-2048x1448.jpg 2048w\" sizes=\"auto, (max-width: 659px) 100vw, 659px\" \/><\/p><p>Das Schubart-Gymnasium unterh\u00e4lt Beziehungen zu einem Coll\u00e8ge in Gujan-Mestras an der Bucht von Arcachon. Jedes Schuljahr findet mit dieser Partnerschule ein Austausch statt. Die franz\u00f6sisch lernenden Sch\u00fcler unserer Jahrgangsstufe 8 verbringen acht Tage in Gastfamilien in Gujan-Mestras. Im Gegenzug kommen die franz\u00f6sischen Sch\u00fcler und Sch\u00fclerinnen f\u00fcr eine Woche nach Ulm. Mehr Informationen finden Sie in der \u00dcbersicht \u00fcber alle <a href=\"https:\/\/www.schubart-gymnasium.eu\/sch%C3%BCleraustausch\">Sch\u00fcleraustausche an unserer Schule<\/a>.<\/p><\/div><\/div><\/div><div class=\"ea-card sp-ea-single\"><h3 class=\"ea-header\"><a class=\"collapsed\" id=\"ea-header-15592\" role=\"button\" data-sptoggle=\"spcollapse\" data-sptarget=\"#collapse15592\" aria-controls=\"collapse15592\" href=\"#\" aria-expanded=\"false\" tabindex=\"0\"><i aria-hidden=\"true\" role=\"presentation\" class=\"ea-expand-icon eap-icon-ea-expand-plus\"><\/i> Lesewettbewerb Klassen 6 &amp; 7<\/a><\/h3><div class=\"sp-collapse spcollapse \" id=\"collapse15592\" data-parent=\"#sp-ea-1559\" role=\"region\" aria-labelledby=\"ea-header-15592\"> <div class=\"ea-body\"><p>Jedes Schuljahr f\u00fchren wir einen Lesewettbewerb f\u00fcr die Klassen 6 und 7 in Franz\u00f6sisch durch. Aus jeder Franz\u00f6sischgruppe nehmen jeweils die 2 besten Sch\u00fcler\/innen am Finale teil.<\/p><\/div><\/div><\/div><div class=\"ea-card sp-ea-single\"><h3 class=\"ea-header\"><a class=\"collapsed\" id=\"ea-header-15593\" role=\"button\" data-sptoggle=\"spcollapse\" data-sptarget=\"#collapse15593\" aria-controls=\"collapse15593\" href=\"#\" aria-expanded=\"false\" tabindex=\"0\"><i aria-hidden=\"true\" role=\"presentation\" class=\"ea-expand-icon eap-icon-ea-expand-plus\"><\/i> DELF Sprachdiplom in Klasse 10<\/a><\/h3><div class=\"sp-collapse spcollapse \" id=\"collapse15593\" data-parent=\"#sp-ea-1559\" role=\"region\" aria-labelledby=\"ea-header-15593\"> <div class=\"ea-body\"><p>DELF: Seit 2010 bietet das Schubart-Gymnasium seinen Sch\u00fclern an, ein international anerkanntes Sprachzertifikat der franz\u00f6sischen Sprache zu erwerben, das sogenannte DELF. Seit dem Schuljahr 2017\/ 18 haben wir nun sogar die M\u00f6glichkeit, diese Pr\u00fcfung direkt in den Franz\u00f6sischunterricht der Klasse 10 einzubinden. Weitere Informationen auf den Seiten des <a href=\"https:\/\/www.baden-wuerttemberg.de\/de\/service\/presse\/pressemitteilung\/pid\/franzoesisches-sprachdiplom-als-leistungsnachweis-an-gymnasien\/\" target=\"_blank\" rel=\"noopener noreferrer\">Regierungspr\u00e4sidiums<\/a> und auf den Seiten des <a href=\"http:\/\/www.ciep.fr\/de\/delf-fur-schuler-diplome-detudes-langue-francaise-0\" target=\"_blank\" rel=\"noopener noreferrer\">Minist\u00e8re de L'Education Nationale<\/a>.<\/p><\/div><\/div><\/div><div class=\"ea-card sp-ea-single\"><h3 class=\"ea-header\"><a class=\"collapsed\" id=\"ea-header-15594\" role=\"button\" data-sptoggle=\"spcollapse\" data-sptarget=\"#collapse15594\" aria-controls=\"collapse15594\" href=\"#\" aria-expanded=\"false\" tabindex=\"0\"><i aria-hidden=\"true\" role=\"presentation\" class=\"ea-expand-icon eap-icon-ea-expand-plus\"><\/i> Informationen zur Sprachenwahl<\/a><\/h3><div class=\"sp-collapse spcollapse \" id=\"collapse15594\" data-parent=\"#sp-ea-1559\" role=\"region\" aria-labelledby=\"ea-header-15594\"> <div class=\"ea-body\"><ul><li>Die Informationen zur Sprachenwahl in Klasse 5 befinden sich unter <a href=\"https:\/\/schubart-gymnasium.eu\/index.php\/startseite\/schule\/sprachenwahl\/\">Schule \/ Sprachenwahl<\/a>.<\/li><\/ul><\/div><\/div><\/div><\/div><\/div>\n\n\n\n<p><\/p>\n","protected":false},"excerpt":{"rendered":"","protected":false},"author":1,"featured_media":0,"parent":209,"menu_order":90,"comment_status":"closed","ping_status":"closed","template":"","meta":{"footnotes":""},"class_list":["post-1560","page","type-page","status-publish","hentry"],"_links":{"self":[{"href":"https:\/\/schubart-gymnasium.eu\/index.php\/wp-json\/wp\/v2\/pages\/1560","targetHints":{"allow":["GET"]}}],"collection":[{"href":"https:\/\/schubart-gymnasium.eu\/index.php\/wp-json\/wp\/v2\/pages"}],"about":[{"href":"https:\/\/schubart-gymnasium.eu\/index.php\/wp-json\/wp\/v2\/types\/page"}],"author":[{"embeddable":true,"href":"https:\/\/schubart-gymnasium.eu\/index.php\/wp-json\/wp\/v2\/users\/1"}],"replies":[{"embeddable":true,"href":"https:\/\/schubart-gymnasium.eu\/index.php\/wp-json\/wp\/v2\/comments?post=1560"}],"version-history":[{"count":4,"href":"https:\/\/schubart-gymnasium.eu\/index.php\/wp-json\/wp\/v2\/pages\/1560\/revisions"}],"predecessor-version":[{"id":4185,"href":"https:\/\/schubart-gymnasium.eu\/index.php\/wp-json\/wp\/v2\/pages\/1560\/revisions\/4185"}],"up":[{"embeddable":true,"href":"https:\/\/schubart-gymnasium.eu\/index.php\/wp-json\/wp\/v2\/pages\/209"}],"wp:attachment":[{"href":"https:\/\/schubart-gymnasium.eu\/index.php\/wp-json\/wp\/v2\/media?parent=1560"}],"curies":[{"name":"wp","href":"https:\/\/api.w.org\/{rel}","templated":true}]}}