{"id":1553,"date":"2021-08-30T13:12:19","date_gmt":"2021-08-30T11:12:19","guid":{"rendered":"https:\/\/info.sgu.ul.bw.schule.de\/?page_id=1553"},"modified":"2025-12-17T11:52:23","modified_gmt":"2025-12-17T10:52:23","slug":"englisch","status":"publish","type":"page","link":"https:\/\/schubart-gymnasium.eu\/index.php\/startseite\/unterricht\/faecher\/englisch\/","title":{"rendered":"Englisch"},"content":{"rendered":"<style id=\"wp_carousel_dynamic_css4209\">.sp-wp-carousel-free-id-4209.wpcf-fancybox-wrapper .fancybox-bg{background: #0b0b0b;opacity: 0.8;}.sp-wp-carousel-free-id-4209.wpcf-fancybox-wrapper .fancybox-navigation .fancybox-button .wpcp-fancybox-nav-arrow i {color: #ccc;}.sp-wp-carousel-free-id-4209.wpcf-fancybox-wrapper .fancybox-navigation .fancybox-button .wpcp-fancybox-nav-arrow i:hover {color: #fff;}.sp-wp-carousel-free-id-4209.wpcf-fancybox-wrapper .fancybox-navigation .fancybox-button {background: #1e1e1e;}.sp-wp-carousel-free-id-4209.wpcf-fancybox-wrapper .fancybox-navigation .fancybox-button:hover {background: #1e1e1e;}#sp-wp-carousel-free-id-4209 .wpcp-swiper-dots {margin: 40px 0px 0px 0px;}.wpcp-wrapper-4209 .swiper-wrapper .swiper-slide-kenburn, .wpcp-wrapper-4209 .swiper-wrapper, .wpcp-wrapper-4209 .wpcpro-row{align-items: center;}#sp-wp-carousel-free-id-4209 .wpcp-single-item {box-shadow: 0px 0px 0px 0px #dddddd;transition: all .3s;margin: 0px;}#sp-wp-carousel-free-id-4209.swiper-flip .wpcp-single-item{margin: 0!important;}#sp-wp-carousel-free-id-4209 .wpcp-single-item:hover {box-shadow: 0px 0px 0px 0px #dddddd;}#sp-wp-carousel-free-id-4209.sp-wpcp-4209 .wpcp-single-item {border: 1px solid #dddddd;}#sp-wp-carousel-free-id-4209.nav-vertical-center {padding: 0;margin:0;}#sp-wp-carousel-free-id-4209 .wpcpro-row>[class*=\"wpcpro-col-\"] { padding: 0 10px; padding-bottom: 20px;} #sp-wp-carousel-free-id-4209 .swiper-slide .single-item-fade:not(:last-child) { margin-right: 20px;}@media (min-width: 480px) { .wpcpro-row .wpcpro-col-sm-1 { flex: 0 0 100%; max-width: 100%; } .wpcpro-row .wpcpro-col-sm-2 { flex: 0 0 50%; max-width: 50%; } .wpcpro-row .wpcpro-col-sm-2-5 { flex: 0 0 75%; max-width: 75%; } .wpcpro-row .wpcpro-col-sm-3 { flex: 0 0 33.333%; max-width: 33.333%; } .wpcpro-row .wpcpro-col-sm-4 { flex: 0 0 25%; max-width: 25%; } .wpcpro-row .wpcpro-col-sm-5 { flex: 0 0 20%; max-width: 20%; } .wpcpro-row .wpcpro-col-sm-6 { flex: 0 0 16.66666666666667%; max-width: 16.66666666666667%; } .wpcpro-row .wpcpro-col-sm-7 { flex: 0 0 14.28571428%; max-width: 14.28571428%; } .wpcpro-row .wpcpro-col-sm-8 { flex: 0 0 12.5%; max-width: 12.5%; } } @media (max-width: 480px) { .wpcpro-row .wpcpro-col-xs-1 { flex: 0 0 100%; max-width: 100%; } .wpcpro-row .wpcpro-col-xs-2 { flex: 0 0 50%; max-width: 50%; } .wpcpro-row .wpcpro-col-xs-3 { flex: 0 0 33.222%; max-width: 33.222%; } .wpcpro-row .wpcpro-col-xs-4 { flex: 0 0 25%; max-width: 25%; } .wpcpro-row .wpcpro-col-xs-5 { flex: 0 0 20%; max-width: 20%; } .wpcpro-row .wpcpro-col-xs-6 { flex: 0 0 16.6667%; max-width: 16.6667%; } .wpcpro-row .wpcpro-col-xs-7 { flex: 0 0 14.28571428%; max-width: 14.28571428%; } .wpcpro-row .wpcpro-col-xs-8 { flex: 0 0 12.5%; max-width: 12.5%; } } @media (min-width: 736px) { .wpcpro-row .wpcpro-col-md-1 { flex: 0 0 100%; max-width: 100%; } .wpcpro-row .wpcpro-col-md-2 { flex: 0 0 50%; max-width: 50%; } .wpcpro-row .wpcpro-col-md-2-5 { flex: 0 0 75%; max-width: 75%; } .wpcpro-row .wpcpro-col-md-3 { flex: 0 0 33.333%; max-width: 33.333%; } .wpcpro-row .wpcpro-col-md-4 { flex: 0 0 25%; max-width: 25%; } .wpcpro-row .wpcpro-col-md-5 { flex: 0 0 20%; max-width: 20%; } .wpcpro-row .wpcpro-col-md-6 { flex: 0 0 16.66666666666667%; max-width: 16.66666666666667%; } .wpcpro-row .wpcpro-col-md-7 { flex: 0 0 14.28571428%; max-width: 14.28571428%; } .wpcpro-row .wpcpro-col-md-8 { flex: 0 0 12.5%; max-width: 12.5%; } } @media (min-width: 980px) { .wpcpro-row .wpcpro-col-lg-1 { flex: 0 0 100%; max-width: 100%; } .wpcpro-row .wpcpro-col-lg-2 { flex: 0 0 50%; max-width: 50%; } .wpcpro-row .wpcpro-col-lg-3 { flex: 0 0 33.222%; max-width: 33.222%; } .wpcpro-row .wpcpro-col-lg-4 { flex: 0 0 25%; max-width: 25%; } .wpcpro-row .wpcpro-col-lg-5 { flex: 0 0 20%; max-width: 20%; } .wpcpro-row .wpcpro-col-lg-6 { flex: 0 0 16.6667%; max-width: 16.6667%; } .wpcpro-row .wpcpro-col-lg-7 { flex: 0 0 14.28571428%; max-width: 14.28571428%; } .wpcpro-row .wpcpro-col-lg-8 { flex: 0 0 12.5%; max-width: 12.5%; } } @media (min-width: 1200px) { .wpcpro-row .wpcpro-col-xl-1 { flex: 0 0 100%; max-width: 100%; } .wpcpro-row .wpcpro-col-xl-2 { flex: 0 0 50%; max-width: 50%; } .wpcpro-row .wpcpro-col-xl-3 { flex: 0 0 33.22222222%; max-width: 33.22222222%; } .wpcpro-row .wpcpro-col-xl-4 { flex: 0 0 25%; max-width: 25%; } .wpcpro-row .wpcpro-col-xl-5 { flex: 0 0 20%; max-width: 20%; } .wpcpro-row .wpcpro-col-xl-6 { flex: 0 0 16.66667%; max-width: 16.66667%; } .wpcpro-row .wpcpro-col-xl-7 { flex: 0 0 14.28571428%; max-width: 14.28571428%; } .wpcpro-row .wpcpro-col-xl-8 { flex: 0 0 12.5%; max-width: 12.5%; } }<\/style><div class=\"wpcp-carousel-wrapper wpcp-wrapper-4209\">\n\t<div id=\"wpcp-preloader-4209\" class=\"wpcp-carousel-preloader\"><img decoding=\"async\" src=\"https:\/\/schubart-gymnasium.eu\/wp-content\/plugins\/wp-carousel-free\/public\/css\/spinner.svg\" alt=\"Preloader Image\" \/><\/div>\t<div class=\"wpcp-carousel-content-wrapper\">\n\t<div id=\"sp-wp-carousel-free-id-4209\" class=\"wpcp-carousel-section sp-wpcp-4209  nav-vertical-center wpcp-image-carousel wpcp-preloader wpcp-standard\" data-swiper='{ &quot;pagination_type&quot;: &quot;dots&quot;,&quot;accessibility&quot;:true, &quot;spaceBetween&quot;:20, &quot;arrows&quot;:false, &quot;freeMode&quot;: false, &quot;autoplay&quot;:true, &quot;effect&quot;: &quot;&quot;, &quot;centerMode&quot;: false, &quot;autoplaySpeed&quot;:3000, &quot;dots&quot;:false, &quot;infinite&quot;:true, &quot;speed&quot;:600, &quot;pauseOnHover&quot;:true,\n\t\t\t&quot;slidesToShow&quot;:{&quot;lg_desktop&quot;:5, &quot;desktop&quot;: 4, &quot;laptop&quot;: 3, &quot;tablet&quot;: 2, &quot;mobile&quot;: 1}, &quot;responsive&quot;:{&quot;desktop&quot;:1200, &quot;laptop&quot;: 980, &quot;tablet&quot;: 736, &quot;mobile&quot;: 480}, &quot;rtl&quot;:false, &quot;lazyLoad&quot;: &quot;false&quot;, &quot;swipe&quot;: false, &quot;draggable&quot;: true, &quot;swipeToSlide&quot;:false }' dir=\"ltr\">\n\t\t<div class=\"swiper-wrapper\">\n\t\t<div class=\"swiper-slide\">\n\t<div class=\"wpcp-single-item\">\n\t\t\t<a class=\"wcp-light-box\" data-buttons='[\"close\"]' data-wpc_url='https:\/\/schubart-gymnasium.eu\/wp-content\/uploads\/2025\/12\/100_3993-768x577.jpg' href=\"https:\/\/schubart-gymnasium.eu\/wp-content\/uploads\/2025\/12\/100_3993-scaled.jpg\" data-fancybox=\"wpcp_view\">\n\t\t<figure>\n\t\t\t<img loading=\"lazy\" decoding=\"async\" class=\"skip-lazy\" src=\"https:\/\/schubart-gymnasium.eu\/wp-content\/uploads\/2025\/12\/100_3993-768x577.jpg\" alt=\"100_3993\" width=\"640\" height=\"481\">\t\t<\/figure>\n\t<\/a>\n\t\t<\/div>\n<\/div>\n\t<div class=\"swiper-slide\">\n\t<div class=\"wpcp-single-item\">\n\t\t\t<a class=\"wcp-light-box\" data-buttons='[\"close\"]' data-wpc_url='https:\/\/schubart-gymnasium.eu\/wp-content\/uploads\/2025\/12\/P1040285-768x1023.jpg' href=\"https:\/\/schubart-gymnasium.eu\/wp-content\/uploads\/2025\/12\/P1040285-scaled.jpg\" data-fancybox=\"wpcp_view\">\n\t\t<figure>\n\t\t\t<img loading=\"lazy\" decoding=\"async\" class=\"skip-lazy\" src=\"https:\/\/schubart-gymnasium.eu\/wp-content\/uploads\/2025\/12\/P1040285-768x1023.jpg\" alt=\"P1040285\" width=\"640\" height=\"853\">\t\t<\/figure>\n\t<\/a>\n\t\t<\/div>\n<\/div>\n\t<div class=\"swiper-slide\">\n\t<div class=\"wpcp-single-item\">\n\t\t\t<a class=\"wcp-light-box\" data-buttons='[\"close\"]' data-wpc_url='https:\/\/schubart-gymnasium.eu\/wp-content\/uploads\/2025\/12\/P1000540-768x577.jpg' href=\"https:\/\/schubart-gymnasium.eu\/wp-content\/uploads\/2025\/12\/P1000540-scaled.jpg\" data-fancybox=\"wpcp_view\">\n\t\t<figure>\n\t\t\t<img loading=\"lazy\" decoding=\"async\" class=\"skip-lazy\" src=\"https:\/\/schubart-gymnasium.eu\/wp-content\/uploads\/2025\/12\/P1000540-768x577.jpg\" alt=\"P1000540\" width=\"640\" height=\"481\">\t\t<\/figure>\n\t<\/a>\n\t\t<\/div>\n<\/div>\n\t<div class=\"swiper-slide\">\n\t<div class=\"wpcp-single-item\">\n\t\t\t<a class=\"wcp-light-box\" data-buttons='[\"close\"]' data-wpc_url='https:\/\/schubart-gymnasium.eu\/wp-content\/uploads\/2025\/12\/P1040288-768x1023.jpg' href=\"https:\/\/schubart-gymnasium.eu\/wp-content\/uploads\/2025\/12\/P1040288-scaled.jpg\" data-fancybox=\"wpcp_view\">\n\t\t<figure>\n\t\t\t<img loading=\"lazy\" decoding=\"async\" class=\"skip-lazy\" src=\"https:\/\/schubart-gymnasium.eu\/wp-content\/uploads\/2025\/12\/P1040288-768x1023.jpg\" alt=\"P1040288\" width=\"640\" height=\"853\">\t\t<\/figure>\n\t<\/a>\n\t\t<\/div>\n<\/div>\n\t<div class=\"swiper-slide\">\n\t<div class=\"wpcp-single-item\">\n\t\t\t<a class=\"wcp-light-box\" data-buttons='[\"close\"]' data-wpc_url='https:\/\/schubart-gymnasium.eu\/wp-content\/uploads\/2025\/12\/Paradise-bus-depot-c-768x1022.jpg' href=\"https:\/\/schubart-gymnasium.eu\/wp-content\/uploads\/2025\/12\/Paradise-bus-depot-c-scaled.jpg\" data-fancybox=\"wpcp_view\">\n\t\t<figure>\n\t\t\t<img loading=\"lazy\" decoding=\"async\" class=\"skip-lazy\" src=\"https:\/\/schubart-gymnasium.eu\/wp-content\/uploads\/2025\/12\/Paradise-bus-depot-c-768x1022.jpg\" alt=\"Paradise bus depot c\" width=\"640\" height=\"852\">\t\t<\/figure>\n\t<\/a>\n\t\t<\/div>\n<\/div>\n\t<div class=\"swiper-slide\">\n\t<div class=\"wpcp-single-item\">\n\t\t\t<a class=\"wcp-light-box\" data-buttons='[\"close\"]' data-wpc_url='https:\/\/schubart-gymnasium.eu\/wp-content\/uploads\/2025\/12\/P1040279-768x577.jpg' href=\"https:\/\/schubart-gymnasium.eu\/wp-content\/uploads\/2025\/12\/P1040279-scaled.jpg\" data-fancybox=\"wpcp_view\">\n\t\t<figure>\n\t\t\t<img loading=\"lazy\" decoding=\"async\" class=\"skip-lazy\" src=\"https:\/\/schubart-gymnasium.eu\/wp-content\/uploads\/2025\/12\/P1040279-768x577.jpg\" alt=\"P1040279\" width=\"640\" height=\"481\">\t\t<\/figure>\n\t<\/a>\n\t\t<\/div>\n<\/div>\n\t<div class=\"swiper-slide\">\n\t<div class=\"wpcp-single-item\">\n\t\t\t<a class=\"wcp-light-box\" data-buttons='[\"close\"]' data-wpc_url='https:\/\/schubart-gymnasium.eu\/wp-content\/uploads\/2025\/12\/P1040283-768x577.jpg' href=\"https:\/\/schubart-gymnasium.eu\/wp-content\/uploads\/2025\/12\/P1040283-scaled.jpg\" data-fancybox=\"wpcp_view\">\n\t\t<figure>\n\t\t\t<img loading=\"lazy\" decoding=\"async\" class=\"skip-lazy\" src=\"https:\/\/schubart-gymnasium.eu\/wp-content\/uploads\/2025\/12\/P1040283-768x577.jpg\" alt=\"P1040283\" width=\"640\" height=\"481\">\t\t<\/figure>\n\t<\/a>\n\t\t<\/div>\n<\/div>\n\t<div class=\"swiper-slide\">\n\t<div class=\"wpcp-single-item\">\n\t\t\t<a class=\"wcp-light-box\" data-buttons='[\"close\"]' data-wpc_url='https:\/\/schubart-gymnasium.eu\/wp-content\/uploads\/2025\/12\/P1040300-768x1023.jpg' href=\"https:\/\/schubart-gymnasium.eu\/wp-content\/uploads\/2025\/12\/P1040300-scaled.jpg\" data-fancybox=\"wpcp_view\">\n\t\t<figure>\n\t\t\t<img loading=\"lazy\" decoding=\"async\" class=\"skip-lazy\" src=\"https:\/\/schubart-gymnasium.eu\/wp-content\/uploads\/2025\/12\/P1040300-768x1023.jpg\" alt=\"P1040300\" width=\"640\" height=\"853\">\t\t<\/figure>\n\t<\/a>\n\t\t<\/div>\n<\/div>\n\t<div class=\"swiper-slide\">\n\t<div class=\"wpcp-single-item\">\n\t\t\t<a class=\"wcp-light-box\" data-buttons='[\"close\"]' data-wpc_url='https:\/\/schubart-gymnasium.eu\/wp-content\/uploads\/2025\/12\/100_1593-768x1024.jpg' href=\"https:\/\/schubart-gymnasium.eu\/wp-content\/uploads\/2025\/12\/100_1593.jpg\" data-fancybox=\"wpcp_view\">\n\t\t<figure>\n\t\t\t<img loading=\"lazy\" decoding=\"async\" class=\"skip-lazy\" src=\"https:\/\/schubart-gymnasium.eu\/wp-content\/uploads\/2025\/12\/100_1593-768x1024.jpg\" alt=\"100_1593\" width=\"640\" height=\"853\">\t\t<\/figure>\n\t<\/a>\n\t\t<\/div>\n<\/div>\n\t<div class=\"swiper-slide\">\n\t<div class=\"wpcp-single-item\">\n\t\t\t<a class=\"wcp-light-box\" data-buttons='[\"close\"]' data-wpc_url='https:\/\/schubart-gymnasium.eu\/wp-content\/uploads\/2025\/12\/P1040320-768x1023.jpg' href=\"https:\/\/schubart-gymnasium.eu\/wp-content\/uploads\/2025\/12\/P1040320-scaled.jpg\" data-fancybox=\"wpcp_view\">\n\t\t<figure>\n\t\t\t<img loading=\"lazy\" decoding=\"async\" class=\"skip-lazy\" src=\"https:\/\/schubart-gymnasium.eu\/wp-content\/uploads\/2025\/12\/P1040320-768x1023.jpg\" alt=\"P1040320\" width=\"640\" height=\"853\">\t\t<\/figure>\n\t<\/a>\n\t\t<\/div>\n<\/div>\n\t\t\t<\/div>\n\t\t\t\t<!-- If we need navigation buttons -->\n\t\t\t<\/div>\n\t<\/div>\n<\/div>\n\n\n\n\n<div style=\"height:20px\" aria-hidden=\"true\" class=\"wp-block-spacer\"><\/div>\n\n\n<style>#sp-ea-1552 .spcollapsing { height: 0; overflow: hidden; transition-property: height;transition-duration: 500ms;}#sp-ea-1552.sp-easy-accordion>.sp-ea-single {margin-bottom: 10px; border: 1px solid #e2e2e2; }#sp-ea-1552.sp-easy-accordion>.sp-ea-single>.ea-header a {color: #444;}#sp-ea-1552.sp-easy-accordion>.sp-ea-single>.sp-collapse>.ea-body {background: #fff; color: #444;}#sp-ea-1552.sp-easy-accordion>.sp-ea-single {background: #eee;}#sp-ea-1552.sp-easy-accordion>.sp-ea-single>.ea-header a .ea-expand-icon { float: left; color: #444;font-size: 16px;}<\/style><div id=\"sp_easy_accordion-1765968171\"><div id=\"sp-ea-1552\" class=\"sp-ea-one sp-easy-accordion\" data-ea-active=\"ea-click\" data-ea-mode=\"vertical\" data-preloader=\"\" data-scroll-active-item=\"\" data-offset-to-scroll=\"0\"><div class=\"ea-card ea-expand sp-ea-single\"><h3 class=\"ea-header\"><a class=\"collapsed\" id=\"ea-header-15520\" role=\"button\" data-sptoggle=\"spcollapse\" data-sptarget=\"#collapse15520\" aria-controls=\"collapse15520\" href=\"#\" aria-expanded=\"true\" tabindex=\"0\"><i aria-hidden=\"true\" role=\"presentation\" class=\"ea-expand-icon eap-icon-ea-expand-minus\"><\/i> Allgemeines<\/a><\/h3><div class=\"sp-collapse spcollapse collapsed show\" id=\"collapse15520\" data-parent=\"#sp-ea-1552\" role=\"region\" aria-labelledby=\"ea-header-15520\"> <div class=\"ea-body\"><p>Warum an der Schule Englisch gelernt werden soll, muss heute nicht mehr besonders betont werden. Hier einige Fakten:<\/p><p>Die Zahl der Menschen, die mindestens zwei Sprachen sprechen, hat sich durch die Globalisierung deutlich erh\u00f6ht. Parallel zur Sprache f\u00fcr den Alltag wird immer h\u00e4ufiger Englisch als Weltsprache f\u00fcr Handel, Politik, Kultur und Fernverkehr genutzt. In 57 Staaten ist Englisch Amts- und\/oder Landessprache und in mindestens 25 weiteren Staaten Bildungs-, Gesch\u00e4fts- und\/oder Verkehrssprache. Englisch ist von rund 940 Millionen Menschen Erst- oder Zweitsprache. Hinzu kommen die Personen, die Englisch als Fremdsprache sprechen.<\/p><p>Ohne Grundkenntnisse der englischen Sprache\u00a0 ist\u00a0 heute ein Zugang zur Welt oftmals nicht mehr m\u00f6glich. Der Trend zur Globalisierung wird die Bedeutung des Englischen als \u201cLingua franca\u201d noch erh\u00f6hen.<\/p><p>F\u00fcr alle Klassenstufen gilt: Im Mittelpunkt steht die St\u00e4rkung der Kernkompetenzen der Sch\u00fclerinnen und Sch\u00fcler: H\u00f6rverst\u00e4ndnis, Leseverst\u00e4ndnis, Textproduktion, m\u00fcndliche Ausdrucksf\u00e4higkeit\/Pr\u00e4sentationsf\u00e4higkeit, Mediation<\/p><\/div><\/div><\/div><div class=\"ea-card sp-ea-single\"><h3 class=\"ea-header\"><a class=\"collapsed\" id=\"ea-header-15521\" role=\"button\" data-sptoggle=\"spcollapse\" data-sptarget=\"#collapse15521\" aria-controls=\"collapse15521\" href=\"#\" aria-expanded=\"false\" tabindex=\"0\"><i aria-hidden=\"true\" role=\"presentation\" class=\"ea-expand-icon eap-icon-ea-expand-plus\"><\/i> Lehrwerke (Schuljahr 2020\/21)<\/a><\/h3><div class=\"sp-collapse spcollapse \" id=\"collapse15521\" data-parent=\"#sp-ea-1552\" role=\"region\" aria-labelledby=\"ea-header-15521\"> <div class=\"ea-body\"><ul><li>Klasse 5 \u2013 9 :\u00a0 Green Line (BW) 1 - 5<\/li><li>Klasse 10:\u00a0\u00a0\u00a0\u00a0\u00a0\u00a0 Green Line Transition<\/li><li>JS 1 \/ 2:\u00a0\u00a0\u00a0\u00a0\u00a0\u00a0\u00a0\u00a0\u00a0 Green Line Oberstufe (BW)\/ Context 21 (BW) \/ Pathway Advanced (BW)<\/li><\/ul><\/div><\/div><\/div><div class=\"ea-card sp-ea-single\"><h3 class=\"ea-header\"><a class=\"collapsed\" id=\"ea-header-15522\" role=\"button\" data-sptoggle=\"spcollapse\" data-sptarget=\"#collapse15522\" aria-controls=\"collapse15522\" href=\"#\" aria-expanded=\"false\" tabindex=\"0\"><i aria-hidden=\"true\" role=\"presentation\" class=\"ea-expand-icon eap-icon-ea-expand-plus\"><\/i> Curriculum \/ Stoffverteilung<\/a><\/h3><div class=\"sp-collapse spcollapse \" id=\"collapse15522\" data-parent=\"#sp-ea-1552\" role=\"region\" aria-labelledby=\"ea-header-15522\"> <div class=\"ea-body\"><h3 class=\"greentext\">Klassen 5 \u2013 10<\/h3><p>Der Unterricht orientiert sich am neuen Bildungsplan von 2016. Hilfreiche Informationen\u00a0 zum Fach Englisch und zur Konzeption eines kompetenzorientierten Unterrrichts bietet der Landesbildungsserver: <a href=\"http:\/\/www.schule-bw.de\/faecher-und-schularten\/sprachen-und-literatur\/englisch\" target=\"_blank\" rel=\"noopener noreferrer\">www.schule-bw.de\/faecher-und-schularten\/sprachen-und-literatur\/englisch<\/a><\/p><p>Im Vordergrund steht die St\u00e4rkung der Sprachkompetenz und der kommunikativen interkulturellen Kompetenz der Sch\u00fclerinnen und Sch\u00fcler.<\/p><h3 class=\"greentext\">Kursstufe<\/h3><ul><li><strong>Landeskunde:<\/strong> Schwerpunkt USA und Gro\u00dfbritannien. Ziel ist die St\u00e4rkung der interkulturellen Kompetenz der Sch\u00fclerinnen und Sch\u00fcler<ul><li><strong>\u00a0USA:<\/strong>\u00a0 American Drean, dealing with diversity\/immigration, global role of the USA, political life, 9\/11 and its consequences etc.<\/li><li><strong>\u00a0Great Britain:<\/strong>\u00a0 the monarchy, multiculturalism in GB, the British Empire, GB and Europe, British regions, politics in GB etc.<\/li><li><strong>\u00a0<\/strong>Ein weiteres englischsprachiges Land, z. B. India, Canada, Australia<\/li><li>\u00a0Living and working\u00a0 in a globalized world<\/li><\/ul><\/li><li><strong>Literatur:<\/strong> Lesen und Verstehen narrativer Texte (short stories, poems, novels, plays)<\/li><li><strong>St\u00e4rkung des H\u00f6r \u2013 H\u00f6r\/Sehverstehens:<\/strong> 1 Klausur in der Kursstufe ist Pflicht. Ab dem Abitur 2021 ist das H\u00f6rverstehen Teil der schriftlichen Abiturpr\u00fcfung.<\/li><li><strong>Leseverstehen:<\/strong> authentische englischsprachige Texte verstehen\/analysieren. Aufgabenformate im schriftlichen Abitur: geschlossen\/halbgeschlossen z.B. multiple choice Aufgaben, true \u2013 false Aufgaben, S\u00e4tze vervollst\u00e4ndigen etc.<\/li><li><strong>Mediation:<\/strong> Sprachmittlung eines deutschen Textes ins Englische.<\/li><li><strong>Textproduktion:<\/strong> St\u00e4rkung der schriftlichen Ausdrucksf\u00e4higkeit z.B.: analysing charts, pictures, cartoons, writing a comment\/an argumentative text, structuring a text, writing a summary etc.<\/li><li><strong>St\u00e4rkung der m\u00fcndlichen Ausdrucksf\u00e4higkeit: <\/strong>Vorbereitung der Sch\u00fclerinnen und Sch\u00fcler auf die Kommunikationspr\u00fcfung im Abitur.<\/li><li><strong>Grammatik:<\/strong>\u00a0 Bei Bedarf k\u00f6nnen\u00a0 zentrale Strukturen, z. B. im Anschluss an Klausuren (How to avoid mistakes), wiederholt und ge\u00fcbt werden<\/li><li><strong>Neues Schwerpunktthema<\/strong> ab Abitur 2019: <strong>\u201cExploring Identity and Belonging\u201d<\/strong>. Dabei m\u00fcssen der Film \u201cGran Torino\u201d (Regie: Clint Eastwood) und der Roman <strong>\u201c Crooked Letter, Crooked Letter\u201d<\/strong> von von Tom Franklin behandelt werden.<\/li><\/ul><h4 class=\"wichtig\">Abiturpr\u00fcfung: Besteht aus 2 Teilen: schriftlich (2\/3) und Kommunikationspr\u00fcfung (1\/3)<\/h4><ul><li><strong>Kommunikationspr\u00fcfung:<\/strong> Besteht auch aus 2 Teilen:<br \/>1. Teil: monologisches Sprechen<br \/>2. Teil: dialogisches Sprechen<\/p><p>Die Sch\u00fclerinnen und Sch\u00fcler haben die Wahl zwischen einer <strong>Einzel<\/strong> \u2013 und einer <strong>Tandempr\u00fcfung<\/strong>.<\/p><p>Einzelpr\u00fcfung: 1. Monolog ca. 5 Minuten\u00a0 2.\u00a0 Dialog mit dem Lehrer\u00a0 ca. 10 Minuten<br \/>Tandempr\u00fcfung:\u00a0 1. Monolog jeweils 5 Minuten\u00a0\u00a0 2.\u00a0 Dialog mit dem Tandempartner ca.\u00a0 10 Minuten<\/li><\/ul><\/div><\/div><\/div><div class=\"ea-card sp-ea-single\"><h3 class=\"ea-header\"><a class=\"collapsed\" id=\"ea-header-15523\" role=\"button\" data-sptoggle=\"spcollapse\" data-sptarget=\"#collapse15523\" aria-controls=\"collapse15523\" href=\"#\" aria-expanded=\"false\" tabindex=\"0\"><i aria-hidden=\"true\" role=\"presentation\" class=\"ea-expand-icon eap-icon-ea-expand-plus\"><\/i> Au\u00dferunterrichtliche Aktivit\u00e4ten<\/a><\/h3><div class=\"sp-collapse spcollapse \" id=\"collapse15523\" data-parent=\"#sp-ea-1552\" role=\"region\" aria-labelledby=\"ea-header-15523\"> <div class=\"ea-body\"><ul><li>Sch\u00fclerinnen und Sch\u00fcler der Klassen 5 und 6 k\u00f6nnen am europaweiten Sprachwettbewerb <strong>\u201cThe Big Challenge\u201d<\/strong> teilnehmen.<\/li><li>SuS ab Klasse 7 k\u00f6nnen sich den\u00a0 beiden <strong>Debating<\/strong>-Teams (Juniors\/Seniors) anschlie\u00dfen und sich mit Debating-Teams aus ganz Deutschland messen!<\/li><li>Als Einzelperson oder als Team ist die Teilnahme am <strong>Bundeswettbewerb Fremdsprachen<\/strong> m\u00f6glich (ab Klasse 6). Hierbei wird in der Regel ein H\u00f6r-\/Videobeitrag erstellt, unterst\u00fctzt durch eine schriftliche Dokumentation.<p>Weitere Informationen unter: <a href=\"https:\/\/www.schubart-gymnasium.eu\/www.bundeswettbewerb-fremdsprachen.de\">www.bundeswettbewerb-fremdsprachen.de<\/a><\/li><li>F\u00fcr die Kursstufe werden h\u00e4ufig extra f\u00fcr das literarische Schwerpunktthema ausgearbeitete Theaterst\u00fccke angeboten (American Drama Group Europe).<\/li><\/ul><\/div><\/div><\/div><div class=\"ea-card sp-ea-single\"><h3 class=\"ea-header\"><a class=\"collapsed\" id=\"ea-header-15524\" role=\"button\" data-sptoggle=\"spcollapse\" data-sptarget=\"#collapse15524\" aria-controls=\"collapse15524\" href=\"#\" aria-expanded=\"false\" tabindex=\"0\"><i aria-hidden=\"true\" role=\"presentation\" class=\"ea-expand-icon eap-icon-ea-expand-plus\"><\/i> Sonstiges \/ Links<\/a><\/h3><div class=\"sp-collapse spcollapse \" id=\"collapse15524\" data-parent=\"#sp-ea-1552\" role=\"region\" aria-labelledby=\"ea-header-15524\"> <div class=\"ea-body\"><ul><li><a href=\"http:\/\/www.jochenlueders.de\/\" target=\"_blank\" rel=\"noopener noreferrer\">Jochens Englischhomepage<\/a><p>N\u00fctzliche Materialien und Tipps finden sich bei dem Englischlehrer Jochen L\u00fcders, z.B. Vocab-Sheets zu verschiedenen Themen, Wortschatz und Materialien zu Word Processing, E-Mail und Internet, Verschiedene Materialien, Tipps und Links.<\/li><li><a href=\"https:\/\/www.schubart-gymnasium.eu\/www.bundeswettbewerb-fremdsprachen.de\">www.bundeswettbewerb-fremdsprachen.de<\/a><\/li><li><a href=\"https:\/\/www.schubart-gymnasium.eu\/www.schule-bw.de\/faecher-und-schularten\/sprachen-und-literatur\/englisch\">www.schule-bw.de\/faecher-und-schularten\/sprachen-und-literatur\/englisch<\/a><\/li><li><a href=\"https:\/\/www.schubart-gymnasium.eu\/www.britishcouncil.org\">www.britishcouncil.org<\/a><\/li><\/ul><h3 class=\"greentext\">Englischsprachige Zeitungen<\/h3><ul><li><a href=\"http:\/\/www.nytimes.com\" target=\"_blank\" rel=\"noopener noreferrer\">http:\/\/www.nytimes.com<\/a><\/li><li><a href=\"http:\/\/www.theguardian.com\" target=\"_blank\" rel=\"noopener noreferrer\">http:\/\/www.theguardian.com<\/a><\/li><li><a href=\"http:\/\/www.huffingtonpost.com\" target=\"_blank\" rel=\"noopener noreferrer\">http:\/\/www.huffingtonpost.com<\/a><\/li><li><a href=\"http:\/\/www.independent.co.uk\" target=\"_blank\" rel=\"noopener noreferrer\">http:\/\/www.independent.co.uk<\/a><\/li><\/ul><h3 class=\"greentext\">Sprachzeitschriften f\u00fcr Sch\u00fcler<\/h3><ul><li>Read On: Eignet sich ideal f\u00fcr Sch\u00fclerinnen und Sch\u00fcler der Klassen 7, 8, 9 und 10. Die Sprachzeitung Read On bietet jeden Monat eine Auswahl viel diskutierter Themen aus englischsprachigen L\u00e4ndern.<\/li><li>World and Press: Eignet sich vor allem f\u00fcr Sch\u00fclerinnen und Sch\u00fcler der Jahrgangsstufe. Erscheint zweimal im Monat und bietet eine Auswahl unterschiedlicher Artikel f\u00fchrender englischsprachiger Zeitungen.<\/li><\/ul><h3 class=\"greentext\">GFS<\/h3><ul><li>Gewichtung und Bewertung: siehe unter: Unterricht \u2192 F\u00e4cher \u2192 Englisch<\/li><li>Klasse 7\/8:\u00a0\u00a0 Handout ( 1 Seite),\u00a0 mediengest\u00fctzte Pr\u00e4sentation auf Englisch, Sprechzeit ca 8 \u2013 10 Minuten<\/li><li>Klasse 9\/10:\u00a0\u00a0 Handout ( 1 \u2013\u00a0 2 Seiten), mediengest\u00fctzte Pr\u00e4sentation auf Englisch, Sprechzeit ca. 10 Minuten<\/li><li>JS 1 \/ 2:\u00a0\u00a0 Handout ( 1 - 2 Seiten ), mediengest\u00fctzte Pr\u00e4sentation auf Englisch, Sprechzeit ca. 15 Minuten<p>Alternativ:\u00a0 Hausarbeit (ca. 8 \u2013 10 Seiten ) mit Kolloquium<\/li><\/ul><\/div><\/div><\/div><\/div><\/div>\n","protected":false},"excerpt":{"rendered":"","protected":false},"author":1,"featured_media":0,"parent":209,"menu_order":70,"comment_status":"closed","ping_status":"closed","template":"","meta":{"footnotes":""},"class_list":["post-1553","page","type-page","status-publish","hentry"],"_links":{"self":[{"href":"https:\/\/schubart-gymnasium.eu\/index.php\/wp-json\/wp\/v2\/pages\/1553","targetHints":{"allow":["GET"]}}],"collection":[{"href":"https:\/\/schubart-gymnasium.eu\/index.php\/wp-json\/wp\/v2\/pages"}],"about":[{"href":"https:\/\/schubart-gymnasium.eu\/index.php\/wp-json\/wp\/v2\/types\/page"}],"author":[{"embeddable":true,"href":"https:\/\/schubart-gymnasium.eu\/index.php\/wp-json\/wp\/v2\/users\/1"}],"replies":[{"embeddable":true,"href":"https:\/\/schubart-gymnasium.eu\/index.php\/wp-json\/wp\/v2\/comments?post=1553"}],"version-history":[{"count":2,"href":"https:\/\/schubart-gymnasium.eu\/index.php\/wp-json\/wp\/v2\/pages\/1553\/revisions"}],"predecessor-version":[{"id":4220,"href":"https:\/\/schubart-gymnasium.eu\/index.php\/wp-json\/wp\/v2\/pages\/1553\/revisions\/4220"}],"up":[{"embeddable":true,"href":"https:\/\/schubart-gymnasium.eu\/index.php\/wp-json\/wp\/v2\/pages\/209"}],"wp:attachment":[{"href":"https:\/\/schubart-gymnasium.eu\/index.php\/wp-json\/wp\/v2\/media?parent=1553"}],"curies":[{"name":"wp","href":"https:\/\/api.w.org\/{rel}","templated":true}]}}