{"id":1539,"date":"2021-08-30T12:54:48","date_gmt":"2021-08-30T10:54:48","guid":{"rendered":"https:\/\/info.sgu.ul.bw.schule.de\/?page_id=1539"},"modified":"2025-12-19T08:19:21","modified_gmt":"2025-12-19T07:19:21","slug":"physik","status":"publish","type":"page","link":"https:\/\/schubart-gymnasium.eu\/index.php\/startseite\/unterricht\/faecher\/physik\/","title":{"rendered":"Physik"},"content":{"rendered":"\n<p><strong>Was zeichnet unseren Physik-Unterricht aus?<\/strong><\/p>\n\n\n\n<p>Unser Ziel ist ein lebendiger Physik-Unterricht, der den Jugendlichen eine fundierte Kenntnis \u00fcber Zusammenh\u00e4nge in der Natur geben soll ohne die F\u00e4higkeit zum Staunen \u00fcber einzelne Ph\u00e4nomene zu verlieren. Dies wird \u00fcber den Einsatz viele Sch\u00fcler-Experimente erreicht. Abgerundet wird unser Unterricht durch ein breites Angebot an naturwissenschaftlichen Arbeitsgemeinschaften, die interessierten Sch\u00fcler\/Innen die M\u00f6glichkeit bieten, hier vertieft einzusteigen.<\/p>\n\n\n\n<p><strong>Was lernt man in Physik?<\/strong><\/p>\n\n\n\n<p>Im Fach Physik wollen wir den Sch\u00fclern die Arbeitsweise von Naturwissenschaftlern n\u00e4herbringen. Hierbei staunen wir \u00fcber ein Ph\u00e4nomen, das wir beobachtet haben (z.B. einen Regenbogen am Himmel), und \u00fcberlegen, wie dieses zustande kommen kann. Um uns der Antwort zu n\u00e4hern, stellen wir Vermutungen auf und erforschen diese an kleinen, von jedem Sch\u00fcler erlebbaren Experimenten. Wir formulieren unsere Erkenntnisse in der Sprache der Physik \u2013 in mathematischen Zusammenh\u00e4ngen und Formeln. Anschlie\u00dfend legen wir den Fokus darauf, wie man diese Erkenntnisse in technischen Anwendungen nutzbar machen kann. Ziel ist es, umfassend zu verstehen, wie die Welt um uns herum funktioniert.<\/p>\n\n\n\n<p>Im Physikunterricht erkl\u00e4ren wir auf diesem Wege die grundlegenden Gesetze der Natur &#8211;&nbsp; wie Materie, Elektrizit\u00e4t, Energie, Bewegung und Kr\u00e4fte funktionieren &#8211; von fallenden \u00c4pfeln bis hin zum Licht.<\/p>\n\n\n\n<p><strong>Hilfreiche Links<\/strong><\/p>\n\n\n\n<ul class=\"wp-block-list\">\n<li>F\u00fcr Sch\u00fclerInnen: <a href=\"https:\/\/www.leifiphysik.de\/\">https:\/\/www.leifiphysik.de\/<\/a><br>gro\u00dfe, unkommerzielle Lernplattform f\u00fcr Physik mit Grundwissensseiten, Versuchen, Animationen und vielen Aufgaben zum \u00dcben<br><br><\/li>\n\n\n\n<li>F\u00fcr Eltern: <a href=\"https:\/\/www.bildungsplaene-bw.de\/,Lde\/BP2016BW_ALLG_GYM_PH.V2\">https:\/\/www.bildungsplaene-bw.de\/,Lde\/BP2016BW_ALLG_GYM_PH.V2<\/a><br>aktueller Bildungsplan in Physik<\/li>\n<\/ul>\n","protected":false},"excerpt":{"rendered":"<p>Was zeichnet unseren Physik-Unterricht aus? Unser Ziel ist ein lebendiger Physik-Unterricht, der den Jugendlichen eine fundierte Kenntnis \u00fcber Zusammenh\u00e4nge in der Natur geben soll ohne die F\u00e4higkeit zum Staunen \u00fcber einzelne Ph\u00e4nomene zu verlieren. Dies wird \u00fcber den Einsatz viele Sch\u00fcler-Experimente erreicht. Abgerundet wird unser Unterricht durch ein breites Angebot an naturwissenschaftlichen Arbeitsgemeinschaften, die interessierten [&hellip;]<\/p>\n","protected":false},"author":1,"featured_media":0,"parent":209,"menu_order":30,"comment_status":"closed","ping_status":"closed","template":"","meta":{"footnotes":""},"class_list":["post-1539","page","type-page","status-publish","hentry"],"_links":{"self":[{"href":"https:\/\/schubart-gymnasium.eu\/index.php\/wp-json\/wp\/v2\/pages\/1539","targetHints":{"allow":["GET"]}}],"collection":[{"href":"https:\/\/schubart-gymnasium.eu\/index.php\/wp-json\/wp\/v2\/pages"}],"about":[{"href":"https:\/\/schubart-gymnasium.eu\/index.php\/wp-json\/wp\/v2\/types\/page"}],"author":[{"embeddable":true,"href":"https:\/\/schubart-gymnasium.eu\/index.php\/wp-json\/wp\/v2\/users\/1"}],"replies":[{"embeddable":true,"href":"https:\/\/schubart-gymnasium.eu\/index.php\/wp-json\/wp\/v2\/comments?post=1539"}],"version-history":[{"count":2,"href":"https:\/\/schubart-gymnasium.eu\/index.php\/wp-json\/wp\/v2\/pages\/1539\/revisions"}],"predecessor-version":[{"id":4234,"href":"https:\/\/schubart-gymnasium.eu\/index.php\/wp-json\/wp\/v2\/pages\/1539\/revisions\/4234"}],"up":[{"embeddable":true,"href":"https:\/\/schubart-gymnasium.eu\/index.php\/wp-json\/wp\/v2\/pages\/209"}],"wp:attachment":[{"href":"https:\/\/schubart-gymnasium.eu\/index.php\/wp-json\/wp\/v2\/media?parent=1539"}],"curies":[{"name":"wp","href":"https:\/\/api.w.org\/{rel}","templated":true}]}}