{"id":1535,"date":"2021-08-30T12:44:45","date_gmt":"2021-08-30T10:44:45","guid":{"rendered":"https:\/\/info.sgu.ul.bw.schule.de\/?page_id=1535"},"modified":"2026-01-15T10:04:31","modified_gmt":"2026-01-15T09:04:31","slug":"deutsch","status":"publish","type":"page","link":"https:\/\/schubart-gymnasium.eu\/index.php\/startseite\/unterricht\/faecher\/deutsch\/","title":{"rendered":"Deutsch"},"content":{"rendered":"\n<div class=\"wp-block-columns is-layout-flex wp-container-core-columns-is-layout-9d6595d7 wp-block-columns-is-layout-flex\">\n<div class=\"wp-block-column is-layout-flow wp-block-column-is-layout-flow\" style=\"flex-basis:80%\"><style>#sp-ea-1526 .spcollapsing { height: 0; overflow: hidden; transition-property: height;transition-duration: 500ms;}#sp-ea-1526.sp-easy-accordion>.sp-ea-single {margin-bottom: 10px; border: 1px solid #e2e2e2; }#sp-ea-1526.sp-easy-accordion>.sp-ea-single>.ea-header a {color: #444;}#sp-ea-1526.sp-easy-accordion>.sp-ea-single>.sp-collapse>.ea-body {background: #fff; color: #444;}#sp-ea-1526.sp-easy-accordion>.sp-ea-single {background: #eee;}#sp-ea-1526.sp-easy-accordion>.sp-ea-single>.ea-header a .ea-expand-icon { float: left; color: #444;font-size: 16px;}<\/style><div id=\"sp_easy_accordion-1762853012\"><div id=\"sp-ea-1526\" class=\"sp-ea-one sp-easy-accordion\" data-ea-active=\"ea-click\" data-ea-mode=\"vertical\" data-preloader=\"\" data-scroll-active-item=\"\" data-offset-to-scroll=\"0\"><div class=\"ea-card ea-expand sp-ea-single\"><h3 class=\"ea-header\"><a class=\"collapsed\" id=\"ea-header-15260\" role=\"button\" data-sptoggle=\"spcollapse\" data-sptarget=\"#collapse15260\" aria-controls=\"collapse15260\" href=\"#\" aria-expanded=\"true\" tabindex=\"0\"><i aria-hidden=\"true\" role=\"presentation\" class=\"ea-expand-icon eap-icon-ea-expand-minus\"><\/i> Allgemeines<\/a><\/h3><div class=\"sp-collapse spcollapse collapsed show\" id=\"collapse15260\" data-parent=\"#sp-ea-1526\" role=\"region\" aria-labelledby=\"ea-header-15260\"> <div class=\"ea-body\"><p>Die Fachschaft Deutsch am Schubart-Gymnasium hat sich gem\u00e4\u00df den Bildungspl\u00e4nen des Landes Baden-W\u00fcrttemberg zum Ziel gesetzt, die Sch\u00fclerinnen und Sch\u00fcler zu bef\u00e4higen, sich schriftlich und m\u00fcndlich adressaten- und situationsgerecht auszudr\u00fccken sowie m\u00fcndliche und schriftliche \u00c4u\u00dferungen anderer verstehen zu k\u00f6nnen. Im Fach Deutsch befassen wir uns entsprechend mit Sprache, deutscher und internationaler Literatur sowie Sachtexten und Medienprodukten.<\/p><p>Bei jungen Menschen die Freude am Lesen und Schreiben zu wecken und zu f\u00f6rdern, ist uns ganz besonders wichtig. Denn wir sind davon \u00fcberzeugt, dass Lesen die Welt erschlie\u00dft und ein Fundament f\u00fcr das eigenst\u00e4ndige lebenslange Lernen darstellt.<\/p><p>In den Jahrg\u00e4ngen 5 bis 9 werden Grundfertigkeiten im Fach Deutsch erarbeitet und einge\u00fcbt. Ab Klasse 10 bis zum Abitur geht es verst\u00e4rkt um die selbstst\u00e4ndige Erschlie\u00dfung literarischer und nicht literarischer Texte sowie um eine kritische Auseinandersetzung mit ihnen.<\/p><p>Wichtig ist uns die Vermittlung von Lernstrategien und geeigneten Methoden, die bei der eigenst\u00e4ndigen Erschlie\u00dfung von Texten, beim Schreiben, beim Verhalten im Gespr\u00e4ch und f\u00fcr die Verbesserung der Rechtschreibung und Zeichensetzung hilfreich sind.<\/p><p>Wir setzen verschiedene Formen der Diagnose ein, um den individuellen Lernstand zu ermitteln. Individuelle F\u00f6rderkonzepte werden auf dieser Grundlage entwickelt.<\/p><\/div><\/div><\/div><div class=\"ea-card sp-ea-single\"><h3 class=\"ea-header\"><a class=\"collapsed\" id=\"ea-header-15261\" role=\"button\" data-sptoggle=\"spcollapse\" data-sptarget=\"#collapse15261\" aria-controls=\"collapse15261\" href=\"#\" aria-expanded=\"false\" tabindex=\"0\"><i aria-hidden=\"true\" role=\"presentation\" class=\"ea-expand-icon eap-icon-ea-expand-plus\"><\/i> Mit welchem Lehrwerk arbeiten wir?<\/a><\/h3><div class=\"sp-collapse spcollapse \" id=\"collapse15261\" data-parent=\"#sp-ea-1526\" role=\"region\" aria-labelledby=\"ea-header-15261\"> <div class=\"ea-body\"><ul><li>Cornelsen, Deutschbuch<\/li><li>Cornelsen, Texte, Themen und Strukturen<\/li><\/ul><\/div><\/div><\/div><div class=\"ea-card sp-ea-single\"><h3 class=\"ea-header\"><a class=\"collapsed\" id=\"ea-header-15262\" role=\"button\" data-sptoggle=\"spcollapse\" data-sptarget=\"#collapse15262\" aria-controls=\"collapse15262\" href=\"#\" aria-expanded=\"false\" tabindex=\"0\"><i aria-hidden=\"true\" role=\"presentation\" class=\"ea-expand-icon eap-icon-ea-expand-plus\"><\/i> Welche Inhalte werden vermittelt?<\/a><\/h3><div class=\"sp-collapse spcollapse \" id=\"collapse15262\" data-parent=\"#sp-ea-1526\" role=\"region\" aria-labelledby=\"ea-header-15262\"> <div class=\"ea-body\"><p><a href=\"http:\/\/www.bildungsplaene-bw.de\/,Lde\/Startseite\/BP2016BW_ALLG\/BP2016BW_ALLG_GYM_D\" target=\"_blank\" rel=\"noopener noreferrer\">Link zum neuen Bildungsplan 2016.<\/a><\/p><\/div><\/div><\/div><div class=\"ea-card sp-ea-single\"><h3 class=\"ea-header\"><a class=\"collapsed\" id=\"ea-header-15263\" role=\"button\" data-sptoggle=\"spcollapse\" data-sptarget=\"#collapse15263\" aria-controls=\"collapse15263\" href=\"#\" aria-expanded=\"false\" tabindex=\"0\"><i aria-hidden=\"true\" role=\"presentation\" class=\"ea-expand-icon eap-icon-ea-expand-plus\"><\/i> GFS in Deutsch<\/a><\/h3><div class=\"sp-collapse spcollapse \" id=\"collapse15263\" data-parent=\"#sp-ea-1526\" role=\"region\" aria-labelledby=\"ea-header-15263\"> <div class=\"ea-body\"><ol><li>Schriftliche Hausarbeit in der Oberstufe<ol><li>Kurzinformationen: <a href=\"https:\/\/sgu.ulm.schule\/wp-content\/uploads\/2021\/08\/Kurzinfo-SchrAusarb_0.doc\">Kurzinformation zur schriftlichen Ausarbeitung<\/a><\/li><li>Musterausarbeitung: <a href=\"https:\/\/sgu.ulm.schule\/wp-content\/uploads\/2021\/08\/Musterausarbeitung_0.doc\">Musterausarbeitung<\/a><\/li><li>Musterformatvorlagen: <a href=\"https:\/\/sgu.ulm.schule\/wp-content\/uploads\/2021\/08\/Musterformatvorlagen_0.doc\">Musterformatvorlagen<\/a><\/li><li>Textverarbeitung mit Word: <a href=\"https:\/\/sgu.ulm.schule\/wp-content\/uploads\/2021\/08\/SchrAusarb-mit-Word_0.doc\">Textverarbeitung mit Word<\/a><\/li><\/ol><\/li><\/ol><\/div><\/div><\/div><div class=\"ea-card sp-ea-single\"><h3 class=\"ea-header\"><a class=\"collapsed\" id=\"ea-header-15264\" role=\"button\" data-sptoggle=\"spcollapse\" data-sptarget=\"#collapse15264\" aria-controls=\"collapse15264\" href=\"#\" aria-expanded=\"false\" tabindex=\"0\"><i aria-hidden=\"true\" role=\"presentation\" class=\"ea-expand-icon eap-icon-ea-expand-plus\"><\/i> Wettbewerbe<\/a><\/h3><div class=\"sp-collapse spcollapse \" id=\"collapse15264\" data-parent=\"#sp-ea-1526\" role=\"region\" aria-labelledby=\"ea-header-15264\"> <div class=\"ea-body\"><ul><li>Unsere 6. Klassen nehmen am Vorlesewettbewerb des Deutschen Buchhandels teil.<\/li><li>Dar\u00fcber hinaus bieten wir die Teilnahme an weiteren Wettbewerben an, wie z.B. an dem Landeswettbewerb Deutsche Sprache und Literatur Baden-W\u00fcrttemberg.<\/li><\/ul><\/div><\/div><\/div><div class=\"ea-card sp-ea-single\"><h3 class=\"ea-header\"><a class=\"collapsed\" id=\"ea-header-15265\" role=\"button\" data-sptoggle=\"spcollapse\" data-sptarget=\"#collapse15265\" aria-controls=\"collapse15265\" href=\"#\" aria-expanded=\"false\" tabindex=\"0\"><i aria-hidden=\"true\" role=\"presentation\" class=\"ea-expand-icon eap-icon-ea-expand-plus\"><\/i> Leseherbst<\/a><\/h3><div class=\"sp-collapse spcollapse \" id=\"collapse15265\" data-parent=\"#sp-ea-1526\" role=\"region\" aria-labelledby=\"ea-header-15265\"> <div class=\"ea-body\"><p>Seit 20 Jahren findet am SGU in den Monaten Oktober und November der Leseherbst statt. Hierbei kommt jede Klassenstufe in den Genuss einer Autorenlesung. Jedes Jahr gelingt es aufs Neue, dem Alter und den Interessen der jeweiligen Jahrgangsstufe entsprechend Autoren und Autorinnen an unsere Schule einzuladen, die den Kindern und Jugendlichen \u201elive\u201c aus ihren aktuellen B\u00fcchern vorlesen und mit ihnen ins Gespr\u00e4ch kommen.<\/p><p>\u00dcbrigens k\u00f6nnen alle beim Leseherbst vorgestellten B\u00fccher in unserer Sch\u00fclerb\u00fccherei ausgeliehen werden.<\/p><\/div><\/div><\/div><div class=\"ea-card sp-ea-single\"><h3 class=\"ea-header\"><a class=\"collapsed\" id=\"ea-header-15266\" role=\"button\" data-sptoggle=\"spcollapse\" data-sptarget=\"#collapse15266\" aria-controls=\"collapse15266\" href=\"#\" aria-expanded=\"false\" tabindex=\"0\"><i aria-hidden=\"true\" role=\"presentation\" class=\"ea-expand-icon eap-icon-ea-expand-plus\"><\/i> Welche au\u00dferunterrichtlichen Aktivit\u00e4ten gibt es?<\/a><\/h3><div class=\"sp-collapse spcollapse \" id=\"collapse15266\" data-parent=\"#sp-ea-1526\" role=\"region\" aria-labelledby=\"ea-header-15266\"> <div class=\"ea-body\"><p>Um die Sch\u00fclerinnen und Sch\u00fcler an das kulturelle Leben heranzuf\u00fchren und insbesondere den Literaturunterricht lebendiger zu gestalten, besuchen wir mit ihnen Theatervorstellungen, Filme, Poetry Slam-Veranstaltungen u.a. Die Auswahl richtet sich nach dem Interesse der Lerngruppe und dem zum Unterricht passenden Angebot. Dar\u00fcber hinaus nehmen Klassen des Schubart-Gymnasiums am Zeitungsprojekt \u201eWir lesen\u201c teil.<\/p><\/div><\/div><\/div><div class=\"ea-card sp-ea-single\"><h3 class=\"ea-header\"><a class=\"collapsed\" id=\"ea-header-15267\" role=\"button\" data-sptoggle=\"spcollapse\" data-sptarget=\"#collapse15267\" aria-controls=\"collapse15267\" href=\"#\" aria-expanded=\"false\" tabindex=\"0\"><i aria-hidden=\"true\" role=\"presentation\" class=\"ea-expand-icon eap-icon-ea-expand-plus\"><\/i> Sch\u00fclerb\u00fccherei<\/a><\/h3><div class=\"sp-collapse spcollapse \" id=\"collapse15267\" data-parent=\"#sp-ea-1526\" role=\"region\" aria-labelledby=\"ea-header-15267\"> <div class=\"ea-body\"><p>Jeden Dienstag und jeden Donnerstag, immer in den gro\u00dfen Pausen, k\u00f6nnen die Sch\u00fcler und Sch\u00fclerinnen in unserer <a href=\"https:\/\/schubart-gymnasium.eu\/index.php\/startseite\/angebote\/schuelerbuecherei\/\">Sch\u00fclerb\u00fccherei<\/a> Jugend- und Sachb\u00fccher ausleihen und zum Lesen mit nach Hause nehmen. Frau Marti betreut die B\u00fccherei und erledigt die Ausleihe. Die Sch\u00fcler und Sch\u00fclerinnen ben\u00f6tigen lediglich ihren Sch\u00fclerausweis, um B\u00fccher aus der B\u00fccherei auszuleihen.Um die Sch\u00fclerinnen und Sch\u00fcler an das kulturelle Leben heranzuf\u00fchren und insbesondere den Literaturunterricht lebendiger zu gestalten, besuchen wir mit ihnen Theatervorstellungen, Filme, Poetry Slam-Veranstaltungen u.a. Die Auswahl richtet sich nach dem Interesse der Lerngruppe und dem zum Unterricht passenden Angebot. Dar\u00fcber hinaus nehmen Klassen des Schubart-Gymnasiums am Zeitungsprojekt \u201eWir lesen\u201c teil.<\/p><\/div><\/div><\/div><div class=\"ea-card sp-ea-single\"><h3 class=\"ea-header\"><a class=\"collapsed\" id=\"ea-header-15268\" role=\"button\" data-sptoggle=\"spcollapse\" data-sptarget=\"#collapse15268\" aria-controls=\"collapse15268\" href=\"#\" aria-expanded=\"false\" tabindex=\"0\"><i aria-hidden=\"true\" role=\"presentation\" class=\"ea-expand-icon eap-icon-ea-expand-plus\"><\/i> Sch\u00fclerzeitung<\/a><\/h3><div class=\"sp-collapse spcollapse \" id=\"collapse15268\" data-parent=\"#sp-ea-1526\" role=\"region\" aria-labelledby=\"ea-header-15268\"> <div class=\"ea-body\"><p>Worauf kommt es bei der Recherche an? Wie f\u00fchrt man ein gutes Interview? Wie schreibt man einen verst\u00e4ndlichen Artikel? Und was ist mit dem Layout? Wer k\u00fcmmert sich um die Finanzen? Wer um die Druckerei? Vom ersten Ideensammeln bis zum tats\u00e4chlichen Erscheinen einer Ausgabe der Sch\u00fclerzeitung ist es oft ein langer, aber spannender Weg.<\/p><p>Die AG Sch\u00fclerzeitung steht Sch\u00fclern und Sch\u00fclerinnen aller Klassenstufen offen und wird von Herrn Goerschel geleitet.<\/p><\/div><\/div><\/div><\/div><\/div>\n<\/div>\n\n\n\n<div class=\"wp-block-column is-layout-flow wp-block-column-is-layout-flow\" style=\"flex-basis:20%\">\n<h3 class=\"wp-block-heading\">Links<\/h3>\n\n\n\n<p><a href=\"https:\/\/sgu.ulm.schule\/index.php\/2019\/02\/06\/lebendige-diskussion-ueber-das-erinnern-an-den-holocaust\/\">Lebendige Diskussion \u00fcber das Erinnern an den Holocaust<\/a><\/p>\n<\/div>\n<\/div>\n","protected":false},"excerpt":{"rendered":"<p>Links Lebendige Diskussion \u00fcber das Erinnern an den Holocaust<\/p>\n","protected":false},"author":1,"featured_media":0,"parent":209,"menu_order":20,"comment_status":"closed","ping_status":"closed","template":"","meta":{"footnotes":""},"class_list":["post-1535","page","type-page","status-publish","hentry"],"_links":{"self":[{"href":"https:\/\/schubart-gymnasium.eu\/index.php\/wp-json\/wp\/v2\/pages\/1535","targetHints":{"allow":["GET"]}}],"collection":[{"href":"https:\/\/schubart-gymnasium.eu\/index.php\/wp-json\/wp\/v2\/pages"}],"about":[{"href":"https:\/\/schubart-gymnasium.eu\/index.php\/wp-json\/wp\/v2\/types\/page"}],"author":[{"embeddable":true,"href":"https:\/\/schubart-gymnasium.eu\/index.php\/wp-json\/wp\/v2\/users\/1"}],"replies":[{"embeddable":true,"href":"https:\/\/schubart-gymnasium.eu\/index.php\/wp-json\/wp\/v2\/comments?post=1535"}],"version-history":[{"count":3,"href":"https:\/\/schubart-gymnasium.eu\/index.php\/wp-json\/wp\/v2\/pages\/1535\/revisions"}],"predecessor-version":[{"id":4268,"href":"https:\/\/schubart-gymnasium.eu\/index.php\/wp-json\/wp\/v2\/pages\/1535\/revisions\/4268"}],"up":[{"embeddable":true,"href":"https:\/\/schubart-gymnasium.eu\/index.php\/wp-json\/wp\/v2\/pages\/209"}],"wp:attachment":[{"href":"https:\/\/schubart-gymnasium.eu\/index.php\/wp-json\/wp\/v2\/media?parent=1535"}],"curies":[{"name":"wp","href":"https:\/\/api.w.org\/{rel}","templated":true}]}}