{"id":1521,"date":"2021-08-30T12:32:49","date_gmt":"2021-08-30T10:32:49","guid":{"rendered":"https:\/\/info.sgu.ul.bw.schule.de\/?page_id=1521"},"modified":"2026-01-15T10:01:57","modified_gmt":"2026-01-15T09:01:57","slug":"mathematik","status":"publish","type":"page","link":"https:\/\/schubart-gymnasium.eu\/index.php\/startseite\/unterricht\/faecher\/mathematik\/","title":{"rendered":"Mathematik"},"content":{"rendered":"\n<figure class=\"wp-block-image size-full\"><img loading=\"lazy\" decoding=\"async\" width=\"607\" height=\"404\" src=\"https:\/\/schubart-gymnasium.eu\/wp-content\/uploads\/2026\/01\/Mathe-Logo.png\" alt=\"\" class=\"wp-image-4266\" srcset=\"https:\/\/schubart-gymnasium.eu\/wp-content\/uploads\/2026\/01\/Mathe-Logo.png 607w, https:\/\/schubart-gymnasium.eu\/wp-content\/uploads\/2026\/01\/Mathe-Logo-300x200.png 300w\" sizes=\"auto, (max-width: 607px) 100vw, 607px\" \/><\/figure>\n\n\n<style>#sp-ea-1520 .spcollapsing { height: 0; overflow: hidden; transition-property: height;transition-duration: 500ms;}#sp-ea-1520.sp-easy-accordion>.sp-ea-single {margin-bottom: 10px; border: 1px solid #e2e2e2; }#sp-ea-1520.sp-easy-accordion>.sp-ea-single>.ea-header a {color: #444;}#sp-ea-1520.sp-easy-accordion>.sp-ea-single>.sp-collapse>.ea-body {background: #fff; color: #444;}#sp-ea-1520.sp-easy-accordion>.sp-ea-single {background: #eee;}#sp-ea-1520.sp-easy-accordion>.sp-ea-single>.ea-header a .ea-expand-icon { float: left; color: #444;font-size: 16px;}<\/style><div id=\"sp_easy_accordion-1736841131\"><div id=\"sp-ea-1520\" class=\"sp-ea-one sp-easy-accordion\" data-ea-active=\"ea-click\" data-ea-mode=\"vertical\" data-preloader=\"\" data-scroll-active-item=\"\" data-offset-to-scroll=\"0\"><div class=\"ea-card ea-expand sp-ea-single\"><h3 class=\"ea-header\"><a class=\"collapsed\" id=\"ea-header-15200\" role=\"button\" data-sptoggle=\"spcollapse\" data-sptarget=\"#collapse15200\" aria-controls=\"collapse15200\" href=\"#\" aria-expanded=\"true\" tabindex=\"0\"><i aria-hidden=\"true\" role=\"presentation\" class=\"ea-expand-icon eap-icon-ea-expand-minus\"><\/i> Warum Mathematik am Schubart-Gymnasium besonders Spa\u00df macht<\/a><\/h3><div class=\"sp-collapse spcollapse collapsed show\" id=\"collapse15200\" data-parent=\"#sp-ea-1520\" role=\"region\" aria-labelledby=\"ea-header-15200\"> <div class=\"ea-body\"><p>Bei uns geht es in Mathematik nicht nur darum, Formeln zu lernen \u2013 wir wollen vor allem dein logisches Denken st\u00e4rken, dir zeigen, wie man Probleme kreativ l\u00f6st, und wie spannend Mathe im echten Leben sein kann.<br \/>Unsere Fachschaft unterst\u00fctzt dich dabei mit modernen Methoden, vielen anschaulichen Beispielen und abwechslungsreichen Aufgaben.<\/p><p><strong>\u2192 Link zum <\/strong><a href=\"https:\/\/www.bildungsplaene-bw.de\/,Lde\/BP2016BW_ALLG_GYM_M.V2\"><strong>Bildungsplan Mathematik<\/strong><\/a><\/p><\/div><\/div><\/div><div class=\"ea-card sp-ea-single\"><h3 class=\"ea-header\"><a class=\"collapsed\" id=\"ea-header-15201\" role=\"button\" data-sptoggle=\"spcollapse\" data-sptarget=\"#collapse15201\" aria-controls=\"collapse15201\" href=\"#\" aria-expanded=\"false\" tabindex=\"0\"><i aria-hidden=\"true\" role=\"presentation\" class=\"ea-expand-icon eap-icon-ea-expand-plus\"><\/i> Abwechslung im Unterricht \u2013 Mathe zum Anfassen<\/a><\/h3><div class=\"sp-collapse spcollapse \" id=\"collapse15201\" data-parent=\"#sp-ea-1520\" role=\"region\" aria-labelledby=\"ea-header-15201\"> <div class=\"ea-body\"><p>Damit der Spa\u00df nicht zu kurz kommt, setzen wir im Unterricht viele Materialien ein, die das Lernen leichter machen:<\/p><ul><li>Mathe-Dominos und Memorys zum \u00dcben von Br\u00fcchen oder Klammerregeln<\/li><li>Holzw\u00fcrfel, um Rauminhalte besser zu verstehen<\/li><li>W\u00fcrfel- und Kartensets f\u00fcr spannende Experimente zur Wahrscheinlichkeitsrechnung<\/li><\/ul><p>\u2026 und vieles mehr!<\/p><\/div><\/div><\/div><div class=\"ea-card sp-ea-single\"><h3 class=\"ea-header\"><a class=\"collapsed\" id=\"ea-header-15202\" role=\"button\" data-sptoggle=\"spcollapse\" data-sptarget=\"#collapse15202\" aria-controls=\"collapse15202\" href=\"#\" aria-expanded=\"false\" tabindex=\"0\"><i aria-hidden=\"true\" role=\"presentation\" class=\"ea-expand-icon eap-icon-ea-expand-plus\"><\/i> Wir arbeiten auch nicht nur mit dem Schulbuch, sondern auch \u2026<\/a><\/h3><div class=\"sp-collapse spcollapse \" id=\"collapse15202\" data-parent=\"#sp-ea-1520\" role=\"region\" aria-labelledby=\"ea-header-15202\"> <div class=\"ea-body\"><p>\u2026 mit <a href=\"http:\/\/www.mathebattle.de\"><strong>MatheBattle<\/strong><\/a><strong> . <\/strong>Auf dieser Plattform kannst du ohne Anmeldung Aufgaben zum aktuellen Unterricht \u00fcben oder bereits behandelte Themen wiederholen \u2013 perfekt zur Vorbereitung auf Tests!<\/p><p>\u2026 mit <a href=\"http:\/\/www.geogebra.org\"><strong>Geogebra<\/strong><\/a><strong>. <\/strong>Mit GeoGebra machen wir Mathe sichtbar: Ob Analysis, Geometrie oder Stochastik, durch Grafiken, Modelle und Animationen wird alles besser verst\u00e4ndlich.<\/p><\/div><\/div><\/div><div class=\"ea-card sp-ea-single\"><h3 class=\"ea-header\"><a class=\"collapsed\" id=\"ea-header-15203\" role=\"button\" data-sptoggle=\"spcollapse\" data-sptarget=\"#collapse15203\" aria-controls=\"collapse15203\" href=\"#\" aria-expanded=\"false\" tabindex=\"0\"><i aria-hidden=\"true\" role=\"presentation\" class=\"ea-expand-icon eap-icon-ea-expand-plus\"><\/i> Wettbewerbe \u2013 Zeig, was in dir steckt!<\/a><\/h3><div class=\"sp-collapse spcollapse \" id=\"collapse15203\" data-parent=\"#sp-ea-1520\" role=\"region\" aria-labelledby=\"ea-header-15203\"> <div class=\"ea-body\"><p>Unsere 5er und 6er nehmen jedes Jahr am <a href=\"https:\/\/www.mathe-kaenguru.de\/\">K\u00e4nguru-Wettbewerb<\/a> teil.<br \/>\u00c4ltere Sch\u00fclerinnen und Sch\u00fcler k\u00f6nnen auf Wunsch ebenfalls teilnehmen.<br \/>Wer noch mehr Mathe-Luft schnuppern m\u00f6chte, wird von uns ermutigt, beim <a href=\"https:\/\/www.landeswettbewerb-mathematik.de\/\"><strong>Landes-<\/strong><\/a> oder <a href=\"https:\/\/www.mathe-wettbewerbe.de\/bundeswettbewerb-mathematik\"><strong>Bundeswettbewerb<\/strong><\/a><strong> Mathematik<\/strong> mitzumachen \u2013 und nat\u00fcrlich begleiten wir euch dabei.<\/p><\/div><\/div><\/div><\/div><\/div>\n\n\n\n<p><\/p>\n","protected":false},"excerpt":{"rendered":"","protected":false},"author":1,"featured_media":0,"parent":209,"menu_order":10,"comment_status":"closed","ping_status":"closed","template":"","meta":{"footnotes":""},"class_list":["post-1521","page","type-page","status-publish","hentry"],"_links":{"self":[{"href":"https:\/\/schubart-gymnasium.eu\/index.php\/wp-json\/wp\/v2\/pages\/1521","targetHints":{"allow":["GET"]}}],"collection":[{"href":"https:\/\/schubart-gymnasium.eu\/index.php\/wp-json\/wp\/v2\/pages"}],"about":[{"href":"https:\/\/schubart-gymnasium.eu\/index.php\/wp-json\/wp\/v2\/types\/page"}],"author":[{"embeddable":true,"href":"https:\/\/schubart-gymnasium.eu\/index.php\/wp-json\/wp\/v2\/users\/1"}],"replies":[{"embeddable":true,"href":"https:\/\/schubart-gymnasium.eu\/index.php\/wp-json\/wp\/v2\/comments?post=1521"}],"version-history":[{"count":3,"href":"https:\/\/schubart-gymnasium.eu\/index.php\/wp-json\/wp\/v2\/pages\/1521\/revisions"}],"predecessor-version":[{"id":4267,"href":"https:\/\/schubart-gymnasium.eu\/index.php\/wp-json\/wp\/v2\/pages\/1521\/revisions\/4267"}],"up":[{"embeddable":true,"href":"https:\/\/schubart-gymnasium.eu\/index.php\/wp-json\/wp\/v2\/pages\/209"}],"wp:attachment":[{"href":"https:\/\/schubart-gymnasium.eu\/index.php\/wp-json\/wp\/v2\/media?parent=1521"}],"curies":[{"name":"wp","href":"https:\/\/api.w.org\/{rel}","templated":true}]}}