{"id":1428,"date":"2021-08-28T13:26:38","date_gmt":"2021-08-28T11:26:38","guid":{"rendered":"https:\/\/info.sgu.ul.bw.schule.de\/?page_id=1428"},"modified":"2021-08-30T11:26:56","modified_gmt":"2021-08-30T09:26:56","slug":"oberstufenberatung","status":"publish","type":"page","link":"https:\/\/schubart-gymnasium.eu\/index.php\/startseite\/angebote\/oberstufenberatung\/","title":{"rendered":"Oberstufenberatung"},"content":{"rendered":"\n<p>Die Oberstufenberater*innen stehen allen Sch\u00fcler*innen und auch Eltern bei Fragen rund um das Kurssystem und das Abitur zur Verf\u00fcgung. Sie begleiten und beraten die Sch\u00fcler*innen ab der Kurswahl in Klasse 10 bis zum Abitur.<\/p>\n\n\n\n<p>Am Schubart-Gymnasium ist Herr Exner als Oberstufenberater f\u00fcr die unterschiedliche Jahrg\u00e4nge zust\u00e4ndig:<\/p>\n\n\n\n<h3 class=\"wp-block-heading\">Aufgaben der Oberstufenberatung<\/h3>\n\n\n\n<ul class=\"wp-block-list\"><li>Information der Sch\u00fcler*innen&nbsp;ab Klasse 10 zum Kurssystem, zur Fachhochschulreife und zum Abitur<\/li><li>Beratung zu Formalit\u00e4ten bei l\u00e4ngeren, insbesondere ganzj\u00e4hrigen Auslandsaufenthalten in Klasse 10<\/li><li>Information der Eltern zum Kurssystem, zur Fachhochschulreife und zum Abitur<\/li><li>Durchf\u00fchrung der Kurswahlen in Klasse 10<\/li><li>Begleitung und Beratung sowie Verwaltung der Sch\u00fcler*innen&nbsp;der Oberstufe in Leistungsfragen, Kursbelegungen und Pr\u00fcfungsangelegenheiten<\/li><li>Ansprechpartner f\u00fcr Sch\u00fcler*innen, die die Schule zur Kursstufe wechseln m\u00f6chten (Abg\u00e4nge und Zug\u00e4nge) &#8211; die endg\u00fcltige Aufnahme erfolgt \u00fcber die Schulleitung<\/li><li>Unterst\u00fctzung der Schulleitung in der Organisation der Kursstufe und des Abiturs<\/li><li>Zeugnisangelegenheiten in Jahrgangsstufe 1 und 2, soweit sie nicht einzelne Fachnoten betreffen<\/li><\/ul>\n\n\n\n<p>Ablauf der Oberstufe<\/p>\n\n\n\n<h3 class=\"wp-block-heading\">Klasse 10<\/h3>\n\n\n\n<ul class=\"wp-block-list\"><li>Oberstufeninformation (Elternabend\/Beratung)&nbsp;&nbsp;<\/li><li>Kurswahl<\/li><li>Kurszuteilung und Stundenplan<\/li><\/ul>\n\n\n\n<h3 class=\"wp-block-heading\">Klasse 11<\/h3>\n\n\n\n<ul class=\"wp-block-list\"><li>Beginn der Kursstufe<\/li><li>Festlegung der GFS f\u00fcr Klasse 11 und 12<\/li><li>Zeugnisse 11.1 und 11.2<\/li><\/ul>\n\n\n\n<h3 class=\"wp-block-heading\">Klasse 12<\/h3>\n\n\n\n<ul class=\"wp-block-list\"><li>Festlegung des vierten schriftlichen Pr\u00fcfungsfachs<\/li><li>Studienfahrten<\/li><li>Zeugnis 12.1<\/li><li>Festlegung m\u00fcndliches Pr\u00fcfungsfach<\/li><li>Abiturpr\u00fcfungen<\/li><li>\u00dcbergabe Abiturzeugnis<\/li><\/ul>\n\n\n\n<h3 class=\"wp-block-heading\">Informationsmaterial zur Kursstufe<\/h3>\n\n\n\n<ul class=\"wp-block-list\"><li><a href=\"http:\/\/www.km-bw.de\/,Lde\/Startseite\/Schule\/Abitur+und+Oberstufe\" target=\"_blank\" rel=\"noreferrer noopener\">Leitfaden zum Abitur<\/a><\/li><li>weitere Dokumente im Downloadbereich &#8222;Oberstufenberatung&#8220; oder hier am rechten Rand.<\/li><\/ul>\n\n\n\n<h3 class=\"wp-block-heading\">Kurswahl<\/h3>\n\n\n\n<ul class=\"wp-block-list\"><li><a href=\"https:\/\/db.tt\/BaoLop7Ls9\" target=\"_blank\" rel=\"noreferrer noopener\">Downloadm\u00f6glichkeit der Datei sch\u00fcler.exe<\/a><\/li><li><a href=\"https:\/\/www.cmh-soft.de\/sprosa.htm\" target=\"_blank\" rel=\"noreferrer noopener\">Hilfe zur Nutzung des Programms<\/a><\/li><\/ul>\n","protected":false},"excerpt":{"rendered":"<p>Die Oberstufenberater*innen stehen allen Sch\u00fcler*innen und auch Eltern bei Fragen rund um das Kurssystem und das Abitur zur Verf\u00fcgung. Sie begleiten und beraten die Sch\u00fcler*innen ab der Kurswahl in Klasse 10 bis zum Abitur. Am Schubart-Gymnasium ist Herr Exner als Oberstufenberater f\u00fcr die unterschiedliche Jahrg\u00e4nge zust\u00e4ndig: Aufgaben der Oberstufenberatung Information der Sch\u00fcler*innen&nbsp;ab Klasse 10 zum [&hellip;]<\/p>\n","protected":false},"author":1,"featured_media":0,"parent":234,"menu_order":60,"comment_status":"closed","ping_status":"closed","template":"","meta":{"footnotes":""},"class_list":["post-1428","page","type-page","status-publish","hentry"],"_links":{"self":[{"href":"https:\/\/schubart-gymnasium.eu\/index.php\/wp-json\/wp\/v2\/pages\/1428","targetHints":{"allow":["GET"]}}],"collection":[{"href":"https:\/\/schubart-gymnasium.eu\/index.php\/wp-json\/wp\/v2\/pages"}],"about":[{"href":"https:\/\/schubart-gymnasium.eu\/index.php\/wp-json\/wp\/v2\/types\/page"}],"author":[{"embeddable":true,"href":"https:\/\/schubart-gymnasium.eu\/index.php\/wp-json\/wp\/v2\/users\/1"}],"replies":[{"embeddable":true,"href":"https:\/\/schubart-gymnasium.eu\/index.php\/wp-json\/wp\/v2\/comments?post=1428"}],"version-history":[{"count":2,"href":"https:\/\/schubart-gymnasium.eu\/index.php\/wp-json\/wp\/v2\/pages\/1428\/revisions"}],"predecessor-version":[{"id":1430,"href":"https:\/\/schubart-gymnasium.eu\/index.php\/wp-json\/wp\/v2\/pages\/1428\/revisions\/1430"}],"up":[{"embeddable":true,"href":"https:\/\/schubart-gymnasium.eu\/index.php\/wp-json\/wp\/v2\/pages\/234"}],"wp:attachment":[{"href":"https:\/\/schubart-gymnasium.eu\/index.php\/wp-json\/wp\/v2\/media?parent=1428"}],"curies":[{"name":"wp","href":"https:\/\/api.w.org\/{rel}","templated":true}]}}