{"id":1400,"date":"2021-08-28T12:28:05","date_gmt":"2021-08-28T10:28:05","guid":{"rendered":"https:\/\/info.sgu.ul.bw.schule.de\/?page_id=1400"},"modified":"2021-08-28T12:52:57","modified_gmt":"2021-08-28T10:52:57","slug":"faq-italienisch-als-dritte-fremdsprache","status":"publish","type":"page","link":"https:\/\/schubart-gymnasium.eu\/index.php\/faq-italienisch-als-dritte-fremdsprache\/","title":{"rendered":"FAQ Italienisch als dritte Fremdsprache"},"content":{"rendered":"\n<style>#sp-ea-1405 .spcollapsing { height: 0; overflow: hidden; transition-property: height;transition-duration: 500ms;}#sp-ea-1405.sp-easy-accordion>.sp-ea-single {margin-bottom: 10px; border: 1px solid #e2e2e2; }#sp-ea-1405.sp-easy-accordion>.sp-ea-single>.ea-header a {color: #444;}#sp-ea-1405.sp-easy-accordion>.sp-ea-single>.sp-collapse>.ea-body {background: #fff; color: #444;}#sp-ea-1405.sp-easy-accordion>.sp-ea-single {background: #eee;}#sp-ea-1405.sp-easy-accordion>.sp-ea-single>.ea-header a .ea-expand-icon { float: left; color: #444;font-size: 16px;}<\/style><div id=\"sp_easy_accordion-1779039251\"><div id=\"sp-ea-1405\" class=\"sp-ea-one sp-easy-accordion\" data-ea-active=\"ea-click\" data-ea-mode=\"vertical\" data-preloader=\"\" data-scroll-active-item=\"\" data-offset-to-scroll=\"0\"><div class=\"ea-card sp-ea-single\"><h3 class=\"ea-header\"><a class=\"collapsed\" id=\"ea-header-14050\" role=\"button\" data-sptoggle=\"spcollapse\" data-sptarget=\"#collapse14050\" aria-controls=\"collapse14050\" href=\"#\" aria-expanded=\"false\" tabindex=\"0\"><i aria-hidden=\"true\" role=\"presentation\" class=\"ea-expand-icon eap-icon-ea-expand-plus\"><\/i> Ab wann kann ich am Schubart-Gymnasium Italienisch lernen?<\/a><\/h3><div class=\"sp-collapse spcollapse spcollapse\" id=\"collapse14050\" data-parent=\"#sp-ea-1405\" role=\"region\" aria-labelledby=\"ea-header-14050\"> <div class=\"ea-body\"><p>Du kannst bei uns ab der 8. Klasse Italienisch als 3. Fremdsprache alternativ zu NWT w\u00e4hlen.<\/p><\/div><\/div><\/div><div class=\"ea-card sp-ea-single\"><h3 class=\"ea-header\"><a class=\"collapsed\" id=\"ea-header-14051\" role=\"button\" data-sptoggle=\"spcollapse\" data-sptarget=\"#collapse14051\" aria-controls=\"collapse14051\" href=\"#\" aria-expanded=\"false\" tabindex=\"0\"><i aria-hidden=\"true\" role=\"presentation\" class=\"ea-expand-icon eap-icon-ea-expand-plus\"><\/i> Wie viele Wochenstunden habe ich in Italienisch?<\/a><\/h3><div class=\"sp-collapse spcollapse spcollapse\" id=\"collapse14051\" data-parent=\"#sp-ea-1405\" role=\"region\" aria-labelledby=\"ea-header-14051\"> <div class=\"ea-body\"><p>In Italienisch hast du von Klasse 8-10 vier Wochenstunden Unterricht.<\/p><\/div><\/div><\/div><div class=\"ea-card sp-ea-single\"><h3 class=\"ea-header\"><a class=\"collapsed\" id=\"ea-header-14052\" role=\"button\" data-sptoggle=\"spcollapse\" data-sptarget=\"#collapse14052\" aria-controls=\"collapse14052\" href=\"#\" aria-expanded=\"false\" tabindex=\"0\"><i aria-hidden=\"true\" role=\"presentation\" class=\"ea-expand-icon eap-icon-ea-expand-plus\"><\/i> Wie gut kann ich nach Klasse 10 Italienisch sprechen?<\/a><\/h3><div class=\"sp-collapse spcollapse spcollapse\" id=\"collapse14052\" data-parent=\"#sp-ea-1405\" role=\"region\" aria-labelledby=\"ea-header-14052\"> <div class=\"ea-body\"><p>Mit der Note \u201eausreichend\u201c im Zeugnis der Klasse 10 hast du das Niveau B1 des GeR (Gemeinsamer europ\u00e4ischer Referenzrahmen f\u00fcr Sprachen) erreicht.<\/p><\/div><\/div><\/div><div class=\"ea-card sp-ea-single\"><h3 class=\"ea-header\"><a class=\"collapsed\" id=\"ea-header-14053\" role=\"button\" data-sptoggle=\"spcollapse\" data-sptarget=\"#collapse14053\" aria-controls=\"collapse14053\" href=\"#\" aria-expanded=\"false\" tabindex=\"0\"><i aria-hidden=\"true\" role=\"presentation\" class=\"ea-expand-icon eap-icon-ea-expand-plus\"><\/i> Kann ich Italienisch in der Kursstufe weiterf\u00fchren?<\/a><\/h3><div class=\"sp-collapse spcollapse spcollapse\" id=\"collapse14053\" data-parent=\"#sp-ea-1405\" role=\"region\" aria-labelledby=\"ea-header-14053\"> <div class=\"ea-body\"><p>Ja. Du kannst Italienisch in der Kursstufe als 3-st\u00fcndiges Basisfach oder als 5-st\u00fcndiges Leistungsfach w\u00e4hlen und auch eine schriftliche Abiturpr\u00fcfung schreiben.<\/p><p>Mit jeweils f\u00fcnf Notenpunkten in den beiden Kurshalbjahren der Jahrgangsstufe 2 hast du in beiden Kursen das Niveau B2 des GeR (Gemeinsamer europ\u00e4ischer Referenzrahmen f\u00fcr Sprachen) erreicht.<\/p><\/div><\/div><\/div><div class=\"ea-card sp-ea-single\"><h3 class=\"ea-header\"><a class=\"collapsed\" id=\"ea-header-14054\" role=\"button\" data-sptoggle=\"spcollapse\" data-sptarget=\"#collapse14054\" aria-controls=\"collapse14054\" href=\"#\" aria-expanded=\"false\" tabindex=\"0\"><i aria-hidden=\"true\" role=\"presentation\" class=\"ea-expand-icon eap-icon-ea-expand-plus\"><\/i> Warum sollte ich gerade Italienisch lernen?<\/a><\/h3><div class=\"sp-collapse spcollapse spcollapse\" id=\"collapse14054\" data-parent=\"#sp-ea-1405\" role=\"region\" aria-labelledby=\"ea-header-14054\"> <div class=\"ea-body\"><p>Italien ist nicht nur nach wie vor eines der beliebtesten Reise- und Urlaubsl\u00e4nder f\u00fcr viele Deutsche. Es bereichert durch seine Kultur, seinen Stil und Design seit jeher unseren Alltag. \u00dcber eine halbe Million Italiener leben seit Generationen in Deutschland.<\/p><p>Doch damit nicht genug: Italien ist einer der wichtigsten Handelspartner Baden-W\u00fcrttembergs, viertgr\u00f6\u00dfte Volkswirtschaft der EU und achtgr\u00f6\u00dfte weltweit. Die Wahrscheinlichkeit, dass du in deiner beruflichen Zukunft Italienisch ben\u00f6tigen wirst, ist also weit h\u00f6her als dies z.B. f\u00fcr das Spanische der Fall ist.<\/p><\/div><\/div><\/div><div class=\"ea-card sp-ea-single\"><h3 class=\"ea-header\"><a class=\"collapsed\" id=\"ea-header-14055\" role=\"button\" data-sptoggle=\"spcollapse\" data-sptarget=\"#collapse14055\" aria-controls=\"collapse14055\" href=\"#\" aria-expanded=\"false\" tabindex=\"0\"><i aria-hidden=\"true\" role=\"presentation\" class=\"ea-expand-icon eap-icon-ea-expand-plus\"><\/i> Gibt es einen Sch\u00fcleraustausch?<\/a><\/h3><div class=\"sp-collapse spcollapse spcollapse\" id=\"collapse14055\" data-parent=\"#sp-ea-1405\" role=\"region\" aria-labelledby=\"ea-header-14055\"> <div class=\"ea-body\"><p>Ja. Das Schubart-Gymnasium hat eine Partnerschule in Correggio in der Region Emilia-Romagna. Seit \u00fcber 15 Jahren findet jedes Schuljahr mit dem Liceo R. Corso ein Austausch statt. Die italienischen Sch\u00fclerInnen besuchen unsere 9. Kl\u00e4ssler i.d.R. im Fr\u00fchjahr, im Herbst Anfang Klasse 10 fahren unsere Sch\u00fclerInnen dann nach Coreggio.<\/p><\/div><\/div><\/div><div class=\"ea-card sp-ea-single\"><h3 class=\"ea-header\"><a class=\"collapsed\" id=\"ea-header-14056\" role=\"button\" data-sptoggle=\"spcollapse\" data-sptarget=\"#collapse14056\" aria-controls=\"collapse14056\" href=\"#\" aria-expanded=\"false\" tabindex=\"0\"><i aria-hidden=\"true\" role=\"presentation\" class=\"ea-expand-icon eap-icon-ea-expand-plus\"><\/i> Wie lerne ich Italienisch am Schubart-Gymnasium?<\/a><\/h3><div class=\"sp-collapse spcollapse spcollapse\" id=\"collapse14056\" data-parent=\"#sp-ea-1405\" role=\"region\" aria-labelledby=\"ea-header-14056\"> <div class=\"ea-body\"><p>In den Klassen 8-10 steht der Spracherwerb im Vordergrund. Du baust deine kommunikative Kompetenz in verschiedenen realistischen Situationen aus (z.B. im Urlaub, Studium oder Beruf). Zun\u00e4chst handelt es sich vor allem um Alltagssituation (z.B. sich vorstellen, in einer italienischen Bar, beim Einkaufen\u2026), mit steigendem Sprachniveau werden die Situationen zunehmend komplexer. Dabei werden folgende Kernkompetenzen trainiert: H\u00f6r-\/H\u00f6rsehverstehen, Leseverstehen, Sprechen, Schreiben, Sprachmittlung.<\/p><p>Au\u00dferdem werden auch inhaltsbezogene Kompetenzen erweitert. Im Italienischunterricht lernst du Italien und die Italiener besser kennen, besser zu verstehen und erf\u00e4hrst mehr \u00fcber das Land, die Kultur und die Geschichte Italiens.<\/p><p>(Weitere Informationen zur Stoffverteilung in den einzelnen Klassenstufen findest du auch unter folgendem Link: <a href=\"https:\/\/schubart-gymnasium.eu\/italienisch\" target=\"_blank\" rel=\"noopener\">https:\/\/schubart-gymnasium.eu\/italienisch<\/a>)<\/p><\/div><\/div><\/div><div class=\"ea-card sp-ea-single\"><h3 class=\"ea-header\"><a class=\"collapsed\" id=\"ea-header-14057\" role=\"button\" data-sptoggle=\"spcollapse\" data-sptarget=\"#collapse14057\" aria-controls=\"collapse14057\" href=\"#\" aria-expanded=\"false\" tabindex=\"0\"><i aria-hidden=\"true\" role=\"presentation\" class=\"ea-expand-icon eap-icon-ea-expand-plus\"><\/i> Gibt es im Fach Italienisch ein Lehrbuch?<\/a><\/h3><div class=\"sp-collapse spcollapse spcollapse\" id=\"collapse14057\" data-parent=\"#sp-ea-1405\" role=\"region\" aria-labelledby=\"ea-header-14057\"> <div class=\"ea-body\"><p>Ja, in den Klassen 8-10 arbeiten wir am Schubart-Gymnasium mit den Lehrwerken \u201eEcco 1-3\u201c (Cornelsen Verlag) , in den Jahrgangsstufen 1 und 2 mit \u201eIncontri\u201c (Buchner Verlag).<\/p><\/div><\/div><\/div><div class=\"ea-card sp-ea-single\"><h3 class=\"ea-header\"><a class=\"collapsed\" id=\"ea-header-14058\" role=\"button\" data-sptoggle=\"spcollapse\" data-sptarget=\"#collapse14058\" aria-controls=\"collapse14058\" href=\"#\" aria-expanded=\"false\" tabindex=\"0\"><i aria-hidden=\"true\" role=\"presentation\" class=\"ea-expand-icon eap-icon-ea-expand-plus\"><\/i> Ist es schwierig Italienisch zu lernen?<\/a><\/h3><div class=\"sp-collapse spcollapse spcollapse\" id=\"collapse14058\" data-parent=\"#sp-ea-1405\" role=\"region\" aria-labelledby=\"ea-header-14058\"> <div class=\"ea-body\"><p>Da Italienisch am Schubart-Gymnasium als 3. Fremdsprache unterrichtet wird, hast du beim Erlernen der Sprache schon Vorkenntnisse aus den anderen Fremdsprachen und Vieles wird dir leichter fallen. Durch die Verwandtschaft des Italienischen zum Franz\u00f6sischen und Latein kannst du sowohl Grammatik als auch Wortschatz leichter und schneller lernen. Allerdings ist aufgrund dessen die Progression im Fach Italienisch auch schneller. Regelm\u00e4\u00dfiges Vokabel- und Grammatiklernen ist also auch hier unverzichtbar. Die Rechtschreibung und Aussprache des Italienischen bereitet anfangs sicherlich weniger Schwierigkeiten als z.B. das Franz\u00f6sische, in einem sp\u00e4teren Lernstadium gleichen sich die Schwierigkeiten aber wohl an.<\/p><p>Grunds\u00e4tzlich lernt man eine Fremdsprache wohl leichter w\u00e4hrend der Schulzeit als sp\u00e4ter. Nutze also die Gelegenheit und lerne mit uns Italienisch am Schubart! \ud83d\ude09<\/p><\/div><\/div><\/div><div class=\"ea-card sp-ea-single\"><h3 class=\"ea-header\"><a class=\"collapsed\" id=\"ea-header-14059\" role=\"button\" data-sptoggle=\"spcollapse\" data-sptarget=\"#collapse14059\" aria-controls=\"collapse14059\" href=\"#\" aria-expanded=\"false\" tabindex=\"0\"><i aria-hidden=\"true\" role=\"presentation\" class=\"ea-expand-icon eap-icon-ea-expand-plus\"><\/i> F\u00e4llt es mir sp\u00e4ter leichter weitere romanische Sprachen zu lernen, wenn ich schon Italienisch kann?<\/a><\/h3><div class=\"sp-collapse spcollapse spcollapse\" id=\"collapse14059\" data-parent=\"#sp-ea-1405\" role=\"region\" aria-labelledby=\"ea-header-14059\"> <div class=\"ea-body\"><p>Auf jeden Fall. Aufgrund der Verwandtschaft aller romanischen Sprachen erleichtern gute Kenntnisse des Italienischen den Erwerb weiterer romanischer Sprachen. Wenn du Italienisch kannst, kannst du z.B. auch viele spanische \u00c4u\u00dferungen verstehen!<\/p><\/div><\/div><\/div><div class=\"ea-card sp-ea-single\"><h3 class=\"ea-header\"><a class=\"collapsed\" id=\"ea-header-140510\" role=\"button\" data-sptoggle=\"spcollapse\" data-sptarget=\"#collapse140510\" aria-controls=\"collapse140510\" href=\"#\" aria-expanded=\"false\" tabindex=\"0\"><i aria-hidden=\"true\" role=\"presentation\" class=\"ea-expand-icon eap-icon-ea-expand-plus\"><\/i> F\u00fcr welche Studieng\u00e4nge kann ich Italienisch sp\u00e4ter gebrauchen?<\/a><\/h3><div class=\"sp-collapse spcollapse spcollapse\" id=\"collapse140510\" data-parent=\"#sp-ea-1405\" role=\"region\" aria-labelledby=\"ea-header-140510\"> <div class=\"ea-body\"><p>Du kannst Italienisch z.B. in Kombination mit VWL\/ BWL, Jura oder Kunst und Medien studieren. Au\u00dferdem kannst du Italienisch nat\u00fcrlich auch auf Lehramt in Kombination mit 1-2 weiteren F\u00e4chern studieren.<\/p><\/div><\/div><\/div><div class=\"ea-card sp-ea-single\"><h3 class=\"ea-header\"><a class=\"collapsed\" id=\"ea-header-140511\" role=\"button\" data-sptoggle=\"spcollapse\" data-sptarget=\"#collapse140511\" aria-controls=\"collapse140511\" href=\"#\" aria-expanded=\"false\" tabindex=\"0\"><i aria-hidden=\"true\" role=\"presentation\" class=\"ea-expand-icon eap-icon-ea-expand-plus\"><\/i> Du kannst auch selbst testen, ob Italienisch f\u00fcr dich das Richtige ist, indem du \u00fcberpr\u00fcfst, ob folgende Aussagen auf dich zutreffen \u2013 am Beste, wenn du sie mit \u201eS\u00ec! Certo!\u201c beantworten kannst! \ud83d\ude09<\/a><\/h3><div class=\"sp-collapse spcollapse spcollapse\" id=\"collapse140511\" data-parent=\"#sp-ea-1405\" role=\"region\" aria-labelledby=\"ea-header-140511\"> <div class=\"ea-body\"><ul><li>\u201eIch habe gro\u00dfes Interesse an Fremdsprachen!\u201c<\/li><li>\u201eMeine Einsatzbereitschaft ist hoch.\u201c<\/li><li>\u201eMeine Noten in den anderen Fremdsprachen sind mindestens befriedigend.\u201c<\/li><li>\u201eIch bin an Italien und seiner Kultur interessiert.\u201c<\/li><li>\u201eEs liegt mir, eine Sprache aktiv zu verwenden.\u201c<\/li><\/ul><\/div><\/div><\/div><div class=\"ea-card sp-ea-single\"><h3 class=\"ea-header\"><a class=\"collapsed\" id=\"ea-header-140512\" role=\"button\" data-sptoggle=\"spcollapse\" data-sptarget=\"#collapse140512\" aria-controls=\"collapse140512\" href=\"#\" aria-expanded=\"false\" tabindex=\"0\"><i aria-hidden=\"true\" role=\"presentation\" class=\"ea-expand-icon eap-icon-ea-expand-plus\"><\/i> Ich habe noch weitere Fragen.<\/a><\/h3><div class=\"sp-collapse spcollapse spcollapse\" id=\"collapse140512\" data-parent=\"#sp-ea-1405\" role=\"region\" aria-labelledby=\"ea-header-140512\"> <div class=\"ea-body\"><p>F\u00fcr weitere Fragen kannst du dich an die Fachschaft Italienisch wenden (<a href=\"mailto:ruehle@schubart-gymnasium.eu\" data-extlink=\"\">ruehle@schubart-gymnasium.eu<span class=\"mailto\"><span class=\"element-invisible\">(link sends e-mail)<\/span><\/span><\/a>).<\/p><p><strong>A presto!<\/strong><\/p><\/div><\/div><\/div><\/div><\/div>\n","protected":false},"excerpt":{"rendered":"","protected":false},"author":1,"featured_media":0,"parent":0,"menu_order":0,"comment_status":"closed","ping_status":"closed","template":"","meta":{"footnotes":""},"class_list":["post-1400","page","type-page","status-publish","hentry"],"_links":{"self":[{"href":"https:\/\/schubart-gymnasium.eu\/index.php\/wp-json\/wp\/v2\/pages\/1400","targetHints":{"allow":["GET"]}}],"collection":[{"href":"https:\/\/schubart-gymnasium.eu\/index.php\/wp-json\/wp\/v2\/pages"}],"about":[{"href":"https:\/\/schubart-gymnasium.eu\/index.php\/wp-json\/wp\/v2\/types\/page"}],"author":[{"embeddable":true,"href":"https:\/\/schubart-gymnasium.eu\/index.php\/wp-json\/wp\/v2\/users\/1"}],"replies":[{"embeddable":true,"href":"https:\/\/schubart-gymnasium.eu\/index.php\/wp-json\/wp\/v2\/comments?post=1400"}],"version-history":[{"count":4,"href":"https:\/\/schubart-gymnasium.eu\/index.php\/wp-json\/wp\/v2\/pages\/1400\/revisions"}],"predecessor-version":[{"id":1414,"href":"https:\/\/schubart-gymnasium.eu\/index.php\/wp-json\/wp\/v2\/pages\/1400\/revisions\/1414"}],"wp:attachment":[{"href":"https:\/\/schubart-gymnasium.eu\/index.php\/wp-json\/wp\/v2\/media?parent=1400"}],"curies":[{"name":"wp","href":"https:\/\/api.w.org\/{rel}","templated":true}]}}