{"id":1387,"date":"2021-08-28T12:14:41","date_gmt":"2021-08-28T10:14:41","guid":{"rendered":"https:\/\/info.sgu.ul.bw.schule.de\/?page_id=1387"},"modified":"2022-02-06T15:34:22","modified_gmt":"2022-02-06T14:34:22","slug":"warum-franzoesisch-lernen","status":"publish","type":"page","link":"https:\/\/schubart-gymnasium.eu\/index.php\/warum-franzoesisch-lernen\/","title":{"rendered":"Warum Franz\u00f6sisch lernen?"},"content":{"rendered":"\n<p>Daf\u00fcr gibt es unz\u00e4hlige Gr\u00fcnde. Zum einen ist Franz\u00f6sisch die Amtssprache und teilweise auch Muttersprache von circa 180 Millionen Menschen in mehr als 30 L\u00e4ndern rund um den Globus, zum anderen ist es in Europa nach Deutsch und Englisch die meistgesprochene Sprache (in vier unserer Nachbarl\u00e4nder ist Franz\u00f6sisch Muttersprache: Frankreich, Belgien, Luxemburg, Schweiz). Zudem ist Franz\u00f6sisch neben Englisch die offizielle Arbeitssprache in internationalen Organisationen wie z.B. der UNO, der UNESCO und der NATO. Zwischen Frankreich und Deutschland besteht seit langem eine enge Zusammenarbeit in den Bereichen Wissenschaft (deutsche und franz\u00f6sische Universit\u00e4ten bieten ca. 135 integrierte Studieng\u00e4nge aller Studienrichtungen mit deutsch-franz\u00f6sischem Abschluss an), Technik (mit Airbus u.a.) und Politik. \u00dcber 1600 franz\u00f6sische Unternehmen sind in Deutschland t\u00e4tig, \u00fcber 1600 deutsche Unternehmen in Frankreich. Deswegen sind Bewerber mit Franz\u00f6sischkenntnissen sowohl auf dem deutschen als auch auf dem europ\u00e4ischen Arbeitsmarkt sehr gefragt.<\/p>\n\n\n\n<p>Dar\u00fcber hinaus er\u00f6ffnet das Erlernen der franz\u00f6sischen Sprache den Zugang zu einer interessanten und traditionsreichen Kultur, man denke hierbei an die franz\u00f6sische Literatur und Malerei, an das franz\u00f6sische Kino und an franz\u00f6sische Musik oder an die franz\u00f6sische Mode und die ber\u00fchmte franz\u00f6sische Kochkunst. Frankreich ist ein tolles und vielf\u00e4ltiges Urlaubsziel: u.a. die Provence im S\u00fcden, die Atlantikk\u00fcste im Westen, die Bretagne und Normandie im Norden und im Osten das Elsass sind beliebte und sehenswerte Regionen. Von Ulm aus sind beispielsweise Stra\u00dfburg in nur etwas mehr als 2 Stunden und Paris in circa 5,5 Stunden mit dem Zug erreichbar. Somit lassen sich die erworbenen Sprachkenntnisse sofort erfolgreich anwenden. Dies ist zudem m\u00f6glich durch franz\u00f6sisches Fernsehen (Arte, TV5) und Radio, Brief-\/ Emailpartnerschaften, private Urlaube oder diverse Sch\u00fcleraustausche (am SGU mit Gujan-Mestras an der Atlantikk\u00fcste, oder 2 Wochen bis 6 Monate durch andere bekannte Institutionen).<\/p>\n\n\n\n<h2 class=\"wp-block-heading\" id=\"wie-wird-franzosisch-am-sgu-vermittelt\">Wie wird Franz\u00f6sisch am SGU vermittelt?<\/h2>\n\n\n\n<p>Ziel des Unterrichts ist die Sprachkompetenz, das hei\u00dft die F\u00e4higkeit, sich auf Franz\u00f6sisch in verschiedensten Situationen verst\u00e4ndigen zu k\u00f6nnen. Diese wird mit abwechslungsreichen Unterrichtsformen (Arbeit mit Texten, Liedern, Gedichten, Comics, H\u00f6rtexten, Filmen) erworben, wobei stets die klassischen Fertigkeiten wie H\u00f6rverstehen, Sprechen, Leseverst\u00e4ndnis und Schreiben trainiert werden. Die Themen orientieren sich an der direkten Lebenswirklichkeit der Sch\u00fcler(innen) (z.B. Schule, Familie, Freunde, etc.) sowie landeskundlichen Informationen zu Frankreich und der Frankophonie (z.B. Quebec, Martinique\/Guadeloupe, Senegal).<\/p>\n\n\n\n<h2 class=\"wp-block-heading\" id=\"fur-welche-schulerinnen-und-schuler-ist-franzosisch-geeignet\">F\u00fcr welche Sch\u00fclerinnen und Sch\u00fcler ist Franz\u00f6sisch geeignet?<\/h2>\n\n\n\n<p>Franz\u00f6sisch ist eine lebendige Sprache, das hei\u00dft, sie lebt von der aktiven Anwendung, und zwar sowohl im Unterricht, als auch im Alltag. Das bedeutet, Sch\u00fclerinnen und Sch\u00fcler sollten gerne Franz\u00f6sisch sprechen und schreiben und sich auch von der f\u00fcr sie zu Beginn ungewohnten Aussprache und Rechtschreibung nicht abschrecken lassen.<br><br>Die Sch\u00fclerinnen und Sch\u00fcler sollten Lust haben, viele neue W\u00f6rter und grammatische Formen zu lernen, was sicherlich ein hohes Ma\u00df an Flei\u00df und kontinuierlichem Arbeiten erfordert.<br><br>Zuletzt z\u00e4hlt nat\u00fcrlich das Interesse, das wundersch\u00f6ne Land Frankreich in all seinen Facetten kennen zu lernen und mit seinen Bewohnern in Kontakt treten zu k\u00f6nnen.<br><br>Die M\u00fche lohnt sich!<\/p>\n\n\n\n<p><a href=\"https:\/\/km-bw.de\/site\/pbs-bw-km-root\/get\/documents_E1034607285\/KULTUS.Dachmandant\/KULTUS\/KM-Homepage\/Artikelseiten%20KP-KM\/Publikationen\/Franz%C3%B6sisch%20-%20Wege%20in%20die%20Zukunft%202015.pdf\">Weitere Informationen finden Sie in der Brosch\u00fcre des Kultusministeriums.<\/a><\/p>\n","protected":false},"excerpt":{"rendered":"<p>Daf\u00fcr gibt es unz\u00e4hlige Gr\u00fcnde. Zum einen ist Franz\u00f6sisch die Amtssprache und teilweise auch Muttersprache von circa 180 Millionen Menschen in mehr als 30 L\u00e4ndern rund um den Globus, zum anderen ist es in Europa nach Deutsch und Englisch die meistgesprochene Sprache (in vier unserer Nachbarl\u00e4nder ist Franz\u00f6sisch Muttersprache: Frankreich, Belgien, Luxemburg, Schweiz). Zudem ist [&hellip;]<\/p>\n","protected":false},"author":1,"featured_media":0,"parent":0,"menu_order":0,"comment_status":"closed","ping_status":"closed","template":"","meta":{"footnotes":""},"class_list":["post-1387","page","type-page","status-publish","hentry"],"_links":{"self":[{"href":"https:\/\/schubart-gymnasium.eu\/index.php\/wp-json\/wp\/v2\/pages\/1387","targetHints":{"allow":["GET"]}}],"collection":[{"href":"https:\/\/schubart-gymnasium.eu\/index.php\/wp-json\/wp\/v2\/pages"}],"about":[{"href":"https:\/\/schubart-gymnasium.eu\/index.php\/wp-json\/wp\/v2\/types\/page"}],"author":[{"embeddable":true,"href":"https:\/\/schubart-gymnasium.eu\/index.php\/wp-json\/wp\/v2\/users\/1"}],"replies":[{"embeddable":true,"href":"https:\/\/schubart-gymnasium.eu\/index.php\/wp-json\/wp\/v2\/comments?post=1387"}],"version-history":[{"count":2,"href":"https:\/\/schubart-gymnasium.eu\/index.php\/wp-json\/wp\/v2\/pages\/1387\/revisions"}],"predecessor-version":[{"id":2084,"href":"https:\/\/schubart-gymnasium.eu\/index.php\/wp-json\/wp\/v2\/pages\/1387\/revisions\/2084"}],"wp:attachment":[{"href":"https:\/\/schubart-gymnasium.eu\/index.php\/wp-json\/wp\/v2\/media?parent=1387"}],"curies":[{"name":"wp","href":"https:\/\/api.w.org\/{rel}","templated":true}]}}