{"id":1275,"date":"2021-08-24T11:16:01","date_gmt":"2021-08-24T09:16:01","guid":{"rendered":"https:\/\/info.sgu.ul.bw.schule.de\/?page_id=1275"},"modified":"2023-01-31T11:52:52","modified_gmt":"2023-01-31T10:52:52","slug":"beratung","status":"publish","type":"page","link":"https:\/\/schubart-gymnasium.eu\/index.php\/startseite\/schule\/beratung\/","title":{"rendered":"Beratung"},"content":{"rendered":"\n<div class=\"wp-block-columns is-layout-flex wp-container-core-columns-is-layout-9d6595d7 wp-block-columns-is-layout-flex\">\n<div class=\"wp-block-column is-layout-flow wp-block-column-is-layout-flow\">\n<h2 class=\"wp-block-heading\">Beratung an der Schule<\/h2>\n\n\n\n<p>Beratungslehrerin: Frau Dinkelaker<\/p>\n\n\n\n<p><strong>Beratungszeiten<\/strong><\/p>\n\n\n\n<ul class=\"wp-block-list\">\n<li>donnerstags, 3. und 4. Stunde und nach Vereinbarung<\/li>\n\n\n\n<li>f\u00fcr die Sch\u00fclerinnen und Sch\u00fcler auch w\u00e4hrend der Unterrichtszeit<\/li>\n\n\n\n<li>im Beratungszimmer, Bau 1, EG (gegen\u00fcber der Musikr\u00e4ume).<\/li>\n<\/ul>\n\n\n\n<p><strong>Kontaktaufnahme<\/strong><\/p>\n\n\n\n<p>Anruf im Sekretariat, Anfrage \u00fcber den Klassenlehrer oder direkt per E-Mail unter <a rel=\"noreferrer noopener\" href=\"mailto:beratungslehrer@schubart-gymnasium.eu\" target=\"_blank\">beratungslehrer@schubart-gymnasium.eu<\/a><\/p>\n\n\n\n<p><strong>Wobei kann die Beratungslehrerin helfen?<\/strong><\/p>\n\n\n\n<ol class=\"wp-block-list\">\n<li>Schullaufbahnberatung (mit diversen Testm\u00f6glichkeiten kann eine Schullaufbahnberatung oder Berufsorientierung gegeben werden)<\/li>\n\n\n\n<li>Umgang mit Lern- und Leistungsschwierigkeiten<\/li>\n\n\n\n<li>Individuelle Probleme (z.B. Konzentrationsschwierigkeiten, \u00c4ngste, Verhaltensauff\u00e4lligkeiten, usw.)<\/li>\n\n\n\n<li>Konfliktsituationen und Mobbing (unter den Sch\u00fclern, zwischen Sch\u00fclern\/Eltern und Lehrern\/Schulleitung)<\/li>\n<\/ol>\n<\/div>\n\n\n\n<div class=\"wp-block-column is-layout-flow wp-block-column-is-layout-flow\">\n<h2 class=\"wp-block-heading\">Beratungen an der Schulpsychologischen Beratungsstelle<\/h2>\n\n\n\n<p>umfassen, je nach Bedarf,<\/p>\n\n\n\n<ul class=\"wp-block-list\">\n<li>Einzelgespr\u00e4che (Eltern, Sch\u00fclerinnen und Sch\u00fcler, Lehrer etc.)<\/li>\n\n\n\n<li>Familiengespr\u00e4che<\/li>\n\n\n\n<li>sorgf\u00e4ltige psychologische Testdiagnostik<\/li>\n\n\n\n<li>Runden Tisch (Gespr\u00e4che mit allen an einem Problem Beteiligten)<\/li>\n\n\n\n<li>Planung und Durchf\u00fchrung von Ma\u00dfnahmen, gegebenenfalls unter Einbeziehung von Kooperationspartnern<\/li>\n\n\n\n<li>Weitervermittlung<\/li>\n<\/ul>\n\n\n\n<p><strong>Adresse<\/strong><\/p>\n\n\n\n<p>Schulpsychologische Beratungsstelle<br>Griesbadgasse 30<br>89073 Ulm<br>Tel.: 0731\/270115-10<br>E-Mail an: <a href=\"mailto:poststelle.spbs-ul@zsl-rs-tue.kv.bwl.de\" target=\"_blank\" rel=\"noreferrer noopener\">poststelle.spbs-ul@zsl-rs-tue.kv.bwl.de<\/a><\/p>\n<\/div>\n<\/div>\n\n\n\n<div class=\"wp-block-columns is-layout-flex wp-container-core-columns-is-layout-9d6595d7 wp-block-columns-is-layout-flex\">\n<div class=\"wp-block-column is-layout-flow wp-block-column-is-layout-flow\">\n<h2 class=\"wp-block-heading\">Beratung zur Schulform &#8211; Gymnasium<\/h2>\n\n\n\n<p> <img loading=\"lazy\" decoding=\"async\" width=\"150\" height=\"113\" class=\"wp-image-1162\" style=\"width: 150px;\" src=\"https:\/\/sgu.ulm.schule\/wp-content\/uploads\/2021\/08\/logo-chance-neu.jpg\" alt=\"\"><\/p>\n\n\n\n<p>Informationen zum Gymnasium in Baden-W\u00fcrttemberg finden Sie auf <a rel=\"noreferrer noopener\" href=\"http:\/\/www.chance-gymnasium.de\/index2.php\" target=\"_blank\">chance-<\/a><a href=\"http:\/\/www.chance-gymnasium.de\" target=\"_blank\" rel=\"noreferrer noopener\">gymnasium<\/a><a rel=\"noreferrer noopener\" href=\"http:\/\/www.chance-gymnasium.de\/index2.php\" target=\"_blank\">.de<\/a><\/p>\n<\/div>\n\n\n\n<div class=\"wp-block-column is-layout-flow wp-block-column-is-layout-flow\">\n<h2 class=\"wp-block-heading\">Beratung zu Kopfl\u00e4usen<\/h2>\n\n\n\n<p>&#8222;Bei jedem Menschen k\u00f6nnen sich Kopfl\u00e4use niederlassen &#8211; trotz bester K\u00f6rperpflege und t\u00e4glicher Haarw\u00e4sche.&#8220; &#8230; so die Information in einer Brosch\u00fcre der <a rel=\"noreferrer noopener\" href=\"http:\/\/www.bzga.de\/\" target=\"_blank\">BZgA<\/a>. Die Brosch\u00fcre im Ganzen erhalten Sie im Sekretariat oder zum <a href=\"https:\/\/www.bzga.de\/infomaterialien\/kinder-und-jugendgesundheit\/kopflaeuse-was-tun\/\">Download<\/a>.<\/p>\n\n\n\n<p>Personen die von Kopfl\u00e4usen befallen sind d\u00fcrfen nicht in die Schule und sollten rasch mit einem Arzneimittel behandelt werden. Setzen Sie sich dazu unbedingt mit ihrem Hausarzt in Verbindung.<\/p>\n<\/div>\n<\/div>\n","protected":false},"excerpt":{"rendered":"<p>Beratung an der Schule Beratungslehrerin: Frau Dinkelaker Beratungszeiten Kontaktaufnahme Anruf im Sekretariat, Anfrage \u00fcber den Klassenlehrer oder direkt per E-Mail unter beratungslehrer@schubart-gymnasium.eu Wobei kann die Beratungslehrerin helfen? Beratungen an der Schulpsychologischen Beratungsstelle umfassen, je nach Bedarf, Adresse Schulpsychologische BeratungsstelleGriesbadgasse 3089073 UlmTel.: 0731\/270115-10E-Mail an: poststelle.spbs-ul@zsl-rs-tue.kv.bwl.de Beratung zur Schulform &#8211; Gymnasium Informationen zum Gymnasium in Baden-W\u00fcrttemberg finden [&hellip;]<\/p>\n","protected":false},"author":1,"featured_media":0,"parent":192,"menu_order":100,"comment_status":"closed","ping_status":"closed","template":"","meta":{"footnotes":""},"class_list":["post-1275","page","type-page","status-publish","hentry"],"_links":{"self":[{"href":"https:\/\/schubart-gymnasium.eu\/index.php\/wp-json\/wp\/v2\/pages\/1275","targetHints":{"allow":["GET"]}}],"collection":[{"href":"https:\/\/schubart-gymnasium.eu\/index.php\/wp-json\/wp\/v2\/pages"}],"about":[{"href":"https:\/\/schubart-gymnasium.eu\/index.php\/wp-json\/wp\/v2\/types\/page"}],"author":[{"embeddable":true,"href":"https:\/\/schubart-gymnasium.eu\/index.php\/wp-json\/wp\/v2\/users\/1"}],"replies":[{"embeddable":true,"href":"https:\/\/schubart-gymnasium.eu\/index.php\/wp-json\/wp\/v2\/comments?post=1275"}],"version-history":[{"count":4,"href":"https:\/\/schubart-gymnasium.eu\/index.php\/wp-json\/wp\/v2\/pages\/1275\/revisions"}],"predecessor-version":[{"id":2538,"href":"https:\/\/schubart-gymnasium.eu\/index.php\/wp-json\/wp\/v2\/pages\/1275\/revisions\/2538"}],"up":[{"embeddable":true,"href":"https:\/\/schubart-gymnasium.eu\/index.php\/wp-json\/wp\/v2\/pages\/192"}],"wp:attachment":[{"href":"https:\/\/schubart-gymnasium.eu\/index.php\/wp-json\/wp\/v2\/media?parent=1275"}],"curies":[{"name":"wp","href":"https:\/\/api.w.org\/{rel}","templated":true}]}}