{"id":1258,"date":"2021-08-24T11:16:01","date_gmt":"2021-08-24T09:16:01","guid":{"rendered":"https:\/\/info.sgu.ul.bw.schule.de\/?page_id=1258"},"modified":"2025-11-27T08:10:24","modified_gmt":"2025-11-27T07:10:24","slug":"lage","status":"publish","type":"page","link":"https:\/\/schubart-gymnasium.eu\/index.php\/startseite\/schule\/lage\/","title":{"rendered":"Lage und Schulgel\u00e4nde"},"content":{"rendered":"\n<iframe src=\"https:\/\/www.google.com\/maps\/embed?pb=!1m14!1m8!1m3!1d10595.986699815732!2d9.978408!3d48.399007!3m2!1i1024!2i768!4f13.1!3m3!1m2!1s0x0%3A0xd6fe679f9949d56!2sSchubart-Gymnasium!5e0!3m2!1sde!2sde!4v1629793124989!5m2!1sde!2sde\" style=\"border:0;\" allowfullscreen=\"\" loading=\"lazy\" width=\"600\" height=\"450\"><\/iframe>\n\n\n\n<h2 class=\"wp-block-heading\">Umgestaltung des Schulgel\u00e4ndes im Zuge der Landesgartenschau 2030 <\/h2>\n\n\n\n<p>Die folgenden Visualisierung (bereitgestellt durch die LGS) visualisieren des Umgestaltungsprozess des Schulgel\u00e4ndes und der angrenzenden Fl\u00e4chen. <\/p>\n\n\n\n<p>Die Visualisierungen werden fortlaufend erg\u00e4nzt. <\/p>\n\n\n<div class=\"h5p-iframe-wrapper\"><iframe id=\"h5p-iframe-17\" class=\"h5p-iframe\" data-content-id=\"17\" style=\"height:1px\" src=\"about:blank\" frameBorder=\"0\" scrolling=\"no\" title=\"&quot;Blaubalkon&quot; - Pausenbereich &quot;Blauhof&quot; mit Blickrichtung nach S\u00fcden\"><\/iframe><\/div>\n\n\n<div class=\"h5p-iframe-wrapper\"><iframe id=\"h5p-iframe-16\" class=\"h5p-iframe\" data-content-id=\"16\" style=\"height:1px\" src=\"about:blank\" frameBorder=\"0\" scrolling=\"no\" title=\"Urbane Aue mit Blickrichtung nach Norden\"><\/iframe><\/div>\n\n\n\n<h2 class=\"wp-block-heading\">Parkm\u00f6glichkeiten<\/h2>\n\n\n\n<p>Die Schule besitzt einen Parkplatz, der w\u00e4hrend den Schulstunden f\u00fcr Lehrer und Lehrerinnen reserviert ist. Besucher unserer Schule m\u00fcssen mit ihrem Auto au\u00dferhalb der Schulanlage parken, da wir nicht mit Pl\u00e4tzen f\u00fcr alle Schulbeteiligte ausgestattet sind.<\/p>\n\n\n\n<h4 class=\"wp-block-heading\"><strong>Parken zu besonderen Anl\u00e4ssen<\/strong><\/h4>\n\n\n\n<p>An <strong>Elternabenden<\/strong>, dem <strong>Informationsabend f\u00fcr die Eltern der neuen Klassen 5<\/strong> und \u00e4hnlichen Veranstaltungen wird in der Regel der Schulhof zum Parken ge\u00f6ffnet.<\/p>\n\n\n\n<h2 class=\"wp-block-heading\">Fu\u00df- und Radwegeplan<\/h2>\n\n\n\n<p>Bitte beachten Sie, dass es im Zuge der Umbauma\u00dfnahmen B10\/ Landesgartenschau zu \u00c4nderungen in der Verkehrsf\u00fchrung kommen wird. Beachten Sie bitte f\u00fcr aktuelle Informationen die App &#8222;Ulm baut um&#8220; oder die Homepage <a href=\"https:\/\/ulmbautum.app\/feed\">ulm baut um<\/a>. <\/p>\n\n\n\n<p>Es werden jeweils Umleitungen f\u00fcr den Fahrrad- und Fu\u00dfg\u00e4ngerverkehr rechtzeitig \u00fcber diese Plattformen angek\u00fcndigt und ausgeschildert. Nach Fertigstellung der Umgestaltung wird ein angepasster Rad- und Fu\u00dfwegeplan hier ver\u00f6ffentlicht.  <\/p>\n\n\n\n<div class=\"wp-block-file\"><a href=\"https:\/\/sgu.ulm.schule\/wp-content\/uploads\/2021\/08\/Schubart_Gymn_Schul_Radwegeplan.pdf\" target=\"_blank\" rel=\"noreferrer noopener\">Fu\u00df- und Radwegeplan<\/a><\/div>\n\n\n\n<p><\/p>\n","protected":false},"excerpt":{"rendered":"<p>Umgestaltung des Schulgel\u00e4ndes im Zuge der Landesgartenschau 2030 Die folgenden Visualisierung (bereitgestellt durch die LGS) visualisieren des Umgestaltungsprozess des Schulgel\u00e4ndes und der angrenzenden Fl\u00e4chen. Die Visualisierungen werden fortlaufend erg\u00e4nzt. Parkm\u00f6glichkeiten Die Schule besitzt einen Parkplatz, der w\u00e4hrend den Schulstunden f\u00fcr Lehrer und Lehrerinnen reserviert ist. Besucher unserer Schule m\u00fcssen mit ihrem Auto au\u00dferhalb der Schulanlage [&hellip;]<\/p>\n","protected":false},"author":1,"featured_media":0,"parent":192,"menu_order":10,"comment_status":"closed","ping_status":"closed","template":"","meta":{"footnotes":""},"class_list":["post-1258","page","type-page","status-publish","hentry"],"_links":{"self":[{"href":"https:\/\/schubart-gymnasium.eu\/index.php\/wp-json\/wp\/v2\/pages\/1258","targetHints":{"allow":["GET"]}}],"collection":[{"href":"https:\/\/schubart-gymnasium.eu\/index.php\/wp-json\/wp\/v2\/pages"}],"about":[{"href":"https:\/\/schubart-gymnasium.eu\/index.php\/wp-json\/wp\/v2\/types\/page"}],"author":[{"embeddable":true,"href":"https:\/\/schubart-gymnasium.eu\/index.php\/wp-json\/wp\/v2\/users\/1"}],"replies":[{"embeddable":true,"href":"https:\/\/schubart-gymnasium.eu\/index.php\/wp-json\/wp\/v2\/comments?post=1258"}],"version-history":[{"count":12,"href":"https:\/\/schubart-gymnasium.eu\/index.php\/wp-json\/wp\/v2\/pages\/1258\/revisions"}],"predecessor-version":[{"id":4132,"href":"https:\/\/schubart-gymnasium.eu\/index.php\/wp-json\/wp\/v2\/pages\/1258\/revisions\/4132"}],"up":[{"embeddable":true,"href":"https:\/\/schubart-gymnasium.eu\/index.php\/wp-json\/wp\/v2\/pages\/192"}],"wp:attachment":[{"href":"https:\/\/schubart-gymnasium.eu\/index.php\/wp-json\/wp\/v2\/media?parent=1258"}],"curies":[{"name":"wp","href":"https:\/\/api.w.org\/{rel}","templated":true}]}}